{"id":1078,"date":"2024-11-05T11:09:42","date_gmt":"2024-11-05T03:09:42","guid":{"rendered":"https:\/\/www.cy-package.com\/?post_type=product&#038;p=1078"},"modified":"2026-01-20T10:27:09","modified_gmt":"2026-01-20T02:27:09","slug":"plastiktuten-mit-flachem-boden-fur-lebensmittelverpackungen-2","status":"publish","type":"product","link":"https:\/\/www.cy-package.com\/de\/produkt\/plastiktuten-mit-flachem-boden-fur-lebensmittelverpackungen-2\/","title":{"rendered":"Kundenspezifische flexible Verpackungen bedruckte Rei\u00dfverschluss-Standbeutel"},"content":{"rendered":"<p><span style=\"color: #0e37b3; font-size: 24px;\"><strong style=\"font-family: var(--global-body-font-family);\">Produkt-Paramenter<\/strong><\/span><\/p>\n<div>\n<div class=\"nei-table\">\n<div>\n<table style=\"border-collapse: collapse; width: 100%;\">\n<tbody>\n<tr>\n<td style=\"width: 19.8374%;\">Material:<\/td>\n<td style=\"width: 80.1626%;\">PET+VMPET+PE, BOPP+Kraftpapier+VMPET+PE, etc<\/td>\n<\/tr>\n<tr>\n<td style=\"width: 19.8374%;\">Tintenart:<\/td>\n<td style=\"width: 80.1626%;\">Umweltfreundliche Sojatinte in Lebensmittelqualit\u00e4t<\/td>\n<\/tr>\n<tr>\n<td style=\"width: 19.8374%;\">Anwendung:<\/td>\n<td style=\"width: 80.1626%;\">Lebensmittel \/ Kaffee \/ Tiernahrung \/ Tee \/ Snacks \/ N\u00fcsse \/ Molkenprotein \/ Samen, etc.<\/td>\n<\/tr>\n<tr>\n<td style=\"width: 19.8374%;\">Stil-Optionen:<\/td>\n<td style=\"width: 80.1626%;\">Flacher Boden, Stand UP, Seitenfalte, Rei\u00dfverschluss oben, mit\/ohne Fenster, Euro-Loch, etc.<\/td>\n<\/tr>\n<tr>\n<td style=\"width: 19.8374%;\">Qualit\u00e4tskontrolle:<\/td>\n<td style=\"width: 80.1626%;\">Hochmoderne Ausr\u00fcstung und ein erfahrenes QC-Team kontrollieren Material, Halbfertig- und Fertigprodukte streng in jedem Schritt vor dem Versand.<\/td>\n<\/tr>\n<\/tbody>\n<\/table>\n<\/div>\n<\/div>\n<\/div>\n<p>&nbsp;<\/p>\n<p><img fetchpriority=\"high\" decoding=\"async\" class=\"size-medium wp-image-1100 aligncenter\" src=\"https:\/\/www.cy-package.com\/wp-content\/uploads\/2024\/11\/5-300x300.jpg\" alt=\"Standbeutel\" width=\"300\" height=\"300\" srcset=\"https:\/\/www.cy-package.com\/wp-content\/uploads\/2024\/11\/5-300x300.jpg 300w, https:\/\/www.cy-package.com\/wp-content\/uploads\/2024\/11\/5-1024x1024.jpg 1024w, https:\/\/www.cy-package.com\/wp-content\/uploads\/2024\/11\/5-150x150.jpg 150w, https:\/\/www.cy-package.com\/wp-content\/uploads\/2024\/11\/5-768x768.jpg 768w, https:\/\/www.cy-package.com\/wp-content\/uploads\/2024\/11\/5-12x12.jpg 12w, https:\/\/www.cy-package.com\/wp-content\/uploads\/2024\/11\/5-600x600.jpg 600w, https:\/\/www.cy-package.com\/wp-content\/uploads\/2024\/11\/5-800x800.jpg 800w, https:\/\/www.cy-package.com\/wp-content\/uploads\/2024\/11\/5-100x100.jpg 100w, https:\/\/www.cy-package.com\/wp-content\/uploads\/2024\/11\/5.jpg 1500w\" sizes=\"(max-width: 300px) 100vw, 300px\" \/><\/p>\n<div>\n<h2><span style=\"font-size: 24px; color: #0e37b3;\"><strong>Warum CY PACK<\/strong><\/span><\/h2>\n<p>CY PACK ist ein vertrauensw\u00fcrdiger Hersteller, der Ihnen helfen kann, flexible Verpackungen mit bedruckten Rei\u00dfverschluss-Standbeuteln zu gestalten:<\/p>\n<p>\u2606 Hochwertige Materialien: CY PACK verwendet hochwertige umweltfreundliche Materialien, um sicherzustellen, dass die Produkte sicher und langlebig sind.<\/p>\n<p>\u2606 Professionelle Anpassung: Bieten Sie personalisierte Designdienstleistungen an, um Ihre individuellen Bed\u00fcrfnisse zu erf\u00fcllen.<\/p>\n<p>\u2606 Fortschrittliche Technologie: CY PACK Verwenden Sie moderne Drucktechnologie, um helle Farben und klare Muster zu gew\u00e4hrleisten.<\/p>\n<p>\u2606 Ausgezeichneter Service: CY PACK professionelles Team bietet Rundum-Unterst\u00fctzung, um Ihre zufriedenstellende Erfahrung zu gew\u00e4hrleisten.<\/p>\n<p>\u2606 Quellenhersteller: Reduzieren Sie Ihre Betriebskosten an der Quelle<\/p>\n<p>\u2606 Qualit\u00e4tskontrolle: Qualit\u00e4tsprobleme, Ausgleich oder Wiederholung.<\/p>\n<p>&nbsp;<\/p>\n<p style=\"text-align: center;\">\n<\/div>","protected":false},"excerpt":{"rendered":"<p class=\"wui-p-v-4\"><span class=\"wui-text-color-accents wui-text-weight-bold\">Marke:<\/span> <span class=\"wui-text-color-primary\">CY-PACK<\/span><\/p>\n<p class=\"wui-p-v-4\"><span class=\"wui-text-color-accents wui-text-weight-bold\">Herkunft des Produkts:<\/span> <span class=\"wui-text-color-primary\">China<\/span><\/p>\n<p class=\"wui-p-v-4\"><span class=\"wui-text-color-accents wui-text-weight-bold\">Lieferfrist:<\/span> <span class=\"wui-text-color-primary\">20 Tage Vorlaufzeit<\/span><\/p>\n<p class=\"wui-p-v-4\"><span class=\"wui-text-color-accents wui-text-weight-bold\">Lieferkapazit\u00e4t:<\/span> <span class=\"wui-text-color-primary\">1200 Tonnen\/Monat<\/span><\/p>\n<p>Standbodenbeutel sind eine Art von selbsttragenden Verpackungsbeuteln, auch Doypack genannt, die in der Regel aus Kunststoff oder Verbundmaterialien bestehen. Das Design erm\u00f6glicht es den Beuteln, ohne externe Unterst\u00fctzung aufrecht zu stehen, was f\u00fcr die Pr\u00e4sentation und Lagerung praktisch ist. Flexible Standbeutelverpackungen sind im Einzelhandel und in der Lebensmittelindustrie weit verbreitet, da sie praktisch sind und sich gut pr\u00e4sentieren lassen. Zu den Merkmalen von Standbodenbeuteln mit Rei\u00dfverschluss geh\u00f6ren:<br \/>\n1. leicht zu \u00f6ffnen und zu schlie\u00dfen<br \/>\n2. gute Abdichtung<br \/>\n3. visuelle Attraktivit\u00e4t<br \/>\n4. leicht und einfach zu tragen<\/p>","protected":false},"featured_media":1079,"comment_status":"open","ping_status":"closed","template":"","meta":{"_seopress_robots_primary_cat":"none","_seopress_titles_title":"Custom flexible packaging printed zipper stand up pouches","_seopress_titles_desc":"CY PACK is a manufacture in China, accept custom flexible packaging such as printed  stand up pouches, flat bottom pouches, coffee bags,roll stock ect..","_seopress_robots_index":"","_monsterinsights_skip_tracking":false,"_monsterinsights_sitenote_active":false,"_monsterinsights_sitenote_note":"","_monsterinsights_sitenote_category":0,"_kad_post_transparent":"default","_kad_post_title":"","_kad_post_layout":"default","_kad_post_sidebar_id":"","_kad_post_content_style":"default","_kad_post_vertical_padding":"default","_kad_post_feature":"","_kad_post_feature_position":"","_kad_post_header":false,"_kad_post_footer":false},"product_brand":[],"product_cat":[39],"product_tag":[],"class_list":{"0":"post-1078","1":"product","2":"type-product","3":"status-publish","4":"has-post-thumbnail","6":"product_cat-stand-up-pouches","8":"first","9":"instock","10":"shipping-taxable","11":"product-type-simple","12":"entry","13":"content-bg","14":"loop-entry"},"_links":{"self":[{"href":"https:\/\/www.cy-package.com\/de\/wp-json\/wp\/v2\/product\/1078","targetHints":{"allow":["GET"]}}],"collection":[{"href":"https:\/\/www.cy-package.com\/de\/wp-json\/wp\/v2\/product"}],"about":[{"href":"https:\/\/www.cy-package.com\/de\/wp-json\/wp\/v2\/types\/product"}],"replies":[{"embeddable":true,"href":"https:\/\/www.cy-package.com\/de\/wp-json\/wp\/v2\/comments?post=1078"}],"version-history":[{"count":5,"href":"https:\/\/www.cy-package.com\/de\/wp-json\/wp\/v2\/product\/1078\/revisions"}],"predecessor-version":[{"id":2354,"href":"https:\/\/www.cy-package.com\/de\/wp-json\/wp\/v2\/product\/1078\/revisions\/2354"}],"wp:featuredmedia":[{"embeddable":true,"href":"https:\/\/www.cy-package.com\/de\/wp-json\/wp\/v2\/media\/1079"}],"wp:attachment":[{"href":"https:\/\/www.cy-package.com\/de\/wp-json\/wp\/v2\/media?parent=1078"}],"wp:term":[{"taxonomy":"product_brand","embeddable":true,"href":"https:\/\/www.cy-package.com\/de\/wp-json\/wp\/v2\/product_brand?post=1078"},{"taxonomy":"product_cat","embeddable":true,"href":"https:\/\/www.cy-package.com\/de\/wp-json\/wp\/v2\/product_cat?post=1078"},{"taxonomy":"product_tag","embeddable":true,"href":"https:\/\/www.cy-package.com\/de\/wp-json\/wp\/v2\/product_tag?post=1078"}],"curies":[{"name":"wp","href":"https:\/\/api.w.org\/{rel}","templated":true}]}}