{"id":1205,"date":"2024-12-02T14:08:53","date_gmt":"2024-12-02T06:08:53","guid":{"rendered":"https:\/\/www.cy-package.com\/?post_type=product&#038;p=1205"},"modified":"2026-01-20T10:16:59","modified_gmt":"2026-01-20T02:16:59","slug":"plastiktuten-mit-flachem-boden-fur-lebensmittelverpackungen-3","status":"publish","type":"product","link":"https:\/\/www.cy-package.com\/de\/produkt\/plastiktuten-mit-flachem-boden-fur-lebensmittelverpackungen-3\/","title":{"rendered":"Wiederverschlie\u00dfbare Zipper-Lebensmittelbeutel Flachboden-Verpackungsbeutel"},"content":{"rendered":"<div data-elementor-type=\"product-post\" data-elementor-id=\"1205\" class=\"elementor elementor-1205\" data-elementor-post-type=\"product\">\n\t\t\t\t\t\t<section class=\"elementor-section elementor-top-section elementor-element elementor-element-675ea937 elementor-section-boxed elementor-section-height-default elementor-section-height-default\" data-id=\"675ea937\" data-element_type=\"section\">\n\t\t\t\t\t\t<div class=\"elementor-container elementor-column-gap-default\">\n\t\t\t\t\t<div class=\"elementor-column elementor-col-100 elementor-top-column elementor-element elementor-element-31ed66d8\" data-id=\"31ed66d8\" data-element_type=\"column\">\n\t\t\t<div class=\"elementor-widget-wrap elementor-element-populated\">\n\t\t\t\t\t\t<div class=\"elementor-element elementor-element-1fe0dad7 elementor-widget elementor-widget-text-editor\" data-id=\"1fe0dad7\" data-element_type=\"widget\" data-widget_type=\"text-editor.default\">\n\t\t\t\t<div class=\"elementor-widget-container\">\n\t\t\t\t\t\t\t\t\t<hr \/><p><span style=\"color: #2b6cb0; font-size: 20px;\"><strong style=\"font-family: var(--global-body-font-family);\">Produkt-Paramenter<\/strong><\/span><\/p><div><div class=\"nei-table\"><div><table style=\"border-collapse: collapse; width: 100%;\"><tbody><tr><td style=\"width: 19.8374%;\">Material:<\/td><td style=\"width: 80.1626%;\">PET+VMPET+PE, BOPP+Kraftpapier+VMPET+PE, etc<\/td><\/tr><tr><td style=\"width: 19.8374%;\">Tintenart:<\/td><td style=\"width: 80.1626%;\">Umweltfreundliche Sojatinte in Lebensmittelqualit\u00e4t<\/td><\/tr><tr><td style=\"width: 19.8374%;\">Anwendung:<\/td><td style=\"width: 80.1626%;\">Lebensmittel \/ Kaffee \/ Tiernahrung \/ Tee \/ Snacks \/ N\u00fcsse \/ Molkenprotein \/ Samen, etc.<\/td><\/tr><tr><td style=\"width: 19.8374%;\">Stil-Optionen:<\/td><td style=\"width: 80.1626%;\">Flacher Boden, Stand UP, Seitenfalte, Rei\u00dfverschluss oben, mit\/ohne Fenster, Euro-Loch, etc.<\/td><\/tr><tr><td style=\"width: 19.8374%;\">Qualit\u00e4tskontrolle:<\/td><td style=\"width: 80.1626%;\">Hochmoderne Ausr\u00fcstung und ein erfahrenes QC-Team kontrollieren Material, Halbfertig- und Fertigprodukte streng in jedem Schritt vor dem Versand.<\/td><\/tr><\/tbody><\/table><\/div><\/div><\/div><p><img fetchpriority=\"high\" decoding=\"async\" class=\"size-medium wp-image-1208 alignleft\" src=\"https:\/\/www.cy-package.com\/wp-content\/uploads\/2024\/12\/8-300x300.jpg\" alt=\" Verpackungsbeutel mit flachem Boden\" width=\"300\" height=\"300\" srcset=\"https:\/\/www.cy-package.com\/wp-content\/uploads\/2024\/12\/8-300x300.jpg 300w, https:\/\/www.cy-package.com\/wp-content\/uploads\/2024\/12\/8-150x150.jpg 150w, https:\/\/www.cy-package.com\/wp-content\/uploads\/2024\/12\/8-768x768.jpg 768w, https:\/\/www.cy-package.com\/wp-content\/uploads\/2024\/12\/8-12x12.jpg 12w, https:\/\/www.cy-package.com\/wp-content\/uploads\/2024\/12\/8-600x600.jpg 600w, https:\/\/www.cy-package.com\/wp-content\/uploads\/2024\/12\/8-100x100.jpg 100w, https:\/\/www.cy-package.com\/wp-content\/uploads\/2024\/12\/8.jpg 800w\" sizes=\"(max-width: 300px) 100vw, 300px\" \/><\/p><div><p>Beutel mit flachem Boden haben eine bessere Auslageleistung und eine bessere Standleistung als Standbeutel. Beutel mit flachem Boden werden in der flexiblen Verpackungsindustrie immer beliebter. Aufgrund ihrer einfachen und benutzerfreundlichen Eigenschaften sind Beutel mit flachem Boden zu einem beliebten Beuteltyp f\u00fcr die Verpackung von Tiernahrung geworden.<\/p><p>Schieberegler-Rei\u00dfverschl\u00fcsse werden h\u00e4ufig bei sehr gro\u00dfen Beuteln f\u00fcr Tiernahrung verwendet, z. B. bei 20 kg schweren Beuteln f\u00fcr Hundefutter. Es ist nicht schwer zu finden, dass Schieberegler Rei\u00dfverschl\u00fcsse sind mehr auf diese Tiernahrungsbeutel, die mehr als 20 kg sind, und die Beutel sind in der Regel vier Vierfach-Dichtung diejenigen als gut angewendet.<\/p><p>\u00a0<\/p><p>\u00a0<\/p><h2><span style=\"font-size: 20px; color: #2a86bf;\"><strong>\u00a0<\/strong><\/span><\/h2><h2><span style=\"font-size: 20px; color: #2a86bf;\"><strong>\u00a0<\/strong><\/span><\/h2><h2><span style=\"font-size: 20px; color: #2a86bf;\"><strong>\u00a0<\/strong><\/span><\/h2><h2><span style=\"font-size: 20px; color: #2b6cb0;\"><strong>Warum CY PACK<\/strong><\/span><\/h2><hr \/><p>CY PACK ist ein vertrauensw\u00fcrdiger Hersteller, der Ihnen helfen kann, flexible Verpackungen mit bedruckten Rei\u00dfverschluss-Standbeuteln zu gestalten:<\/p><p>\u2606 Hochwertige Materialien: CY PACK verwendet hochwertige umweltfreundliche Materialien, um sicherzustellen, dass die Produkte sicher und langlebig sind.<\/p><p>\u2606 Professionelle Anpassung: Bieten Sie personalisierte Designdienstleistungen an, um Ihre individuellen Bed\u00fcrfnisse zu erf\u00fcllen.<\/p><p>\u2606 Fortschrittliche Technologie: CY PACK Verwenden Sie moderne Drucktechnologie, um helle Farben und klare Muster zu gew\u00e4hrleisten.<\/p><p>\u2606 Ausgezeichneter Service: CY PACK professionelles Team bietet Rundum-Unterst\u00fctzung, um Ihre zufriedenstellende Erfahrung zu gew\u00e4hrleisten.<\/p><p>\u2606 Quellenhersteller: Reduzieren Sie Ihre Betriebskosten an der Quelle<\/p><p>\u2606 Qualit\u00e4tskontrolle: Qualit\u00e4tsprobleme, Ausgleich oder Wiederholung.<\/p><p>\u00a0<\/p><p style=\"text-align: center;\">\u00a0<\/p><\/div>\t\t\t\t\t\t\t\t<\/div>\n\t\t\t\t<\/div>\n\t\t\t\t\t<\/div>\n\t\t<\/div>\n\t\t\t\t\t<\/div>\n\t\t<\/section>\n\t\t\t\t<\/div>","protected":false},"excerpt":{"rendered":"<p class=\"wui-p-v-4\"><span class=\"wui-text-color-accents wui-text-weight-bold\">Marke:<\/span> <span class=\"wui-text-color-primary\">CY-PACK<\/span><\/p>\n<p class=\"wui-p-v-4\"><span class=\"wui-text-color-accents wui-text-weight-bold\">Herkunft des Produkts:<\/span> <span class=\"wui-text-color-primary\">China<\/span><\/p>\n<p class=\"wui-p-v-4\"><span class=\"wui-text-color-accents wui-text-weight-bold\">Lieferfrist:<\/span> 3<span class=\"wui-text-color-primary\">0 Tage Vorlaufzeit<\/span><\/p>\n<p>1. die Verpackungsbeutel mit flachem Boden sind die weltweit beliebtesten Verpackungsl\u00f6sungen f\u00fcr Tierfutter.<\/p>\n<p>2. flacher Boden Lebensmittelverpackung Tasche wegen seiner guten Stereo-Gef\u00fchl, zeigen Klasse aussieht, High-End-Atmosph\u00e4re, beliebt bei den Verbrauchern.<\/p>\n<p>3. wiederverschlie\u00dfbare Rei\u00dfverschlusstaschen mit flachem Boden k\u00f6nnen es den Verbrauchern leicht machen, sie zu \u00f6ffnen und wiederholt zu verwenden und das Produkt frisch zu halten.<\/p>","protected":false},"featured_media":1208,"comment_status":"open","ping_status":"closed","template":"","meta":{"_seopress_robots_primary_cat":"none","_seopress_titles_title":"Resealable Zipper Food Bags Flat Bottom Packaging Bags","_seopress_titles_desc":"CY PACK is a manufacture in China, accept custom flexible packaging such as printed flat bottom pouches bags, coffee bags,  stand up pouches,roll stock ect..","_seopress_robots_index":"","_monsterinsights_skip_tracking":false,"_monsterinsights_sitenote_active":false,"_monsterinsights_sitenote_note":"","_monsterinsights_sitenote_category":0,"_kad_post_transparent":"default","_kad_post_title":"","_kad_post_layout":"default","_kad_post_sidebar_id":"","_kad_post_content_style":"default","_kad_post_vertical_padding":"default","_kad_post_feature":"","_kad_post_feature_position":"","_kad_post_header":false,"_kad_post_footer":false},"product_brand":[],"product_cat":[41],"product_tag":[42],"class_list":{"0":"post-1205","1":"product","2":"type-product","3":"status-publish","4":"has-post-thumbnail","6":"product_cat-flat-bottom-pouches","7":"product_tag-flat-bottom-bags","9":"first","10":"instock","11":"shipping-taxable","12":"product-type-simple","13":"entry","14":"content-bg","15":"loop-entry"},"_links":{"self":[{"href":"https:\/\/www.cy-package.com\/de\/wp-json\/wp\/v2\/product\/1205","targetHints":{"allow":["GET"]}}],"collection":[{"href":"https:\/\/www.cy-package.com\/de\/wp-json\/wp\/v2\/product"}],"about":[{"href":"https:\/\/www.cy-package.com\/de\/wp-json\/wp\/v2\/types\/product"}],"replies":[{"embeddable":true,"href":"https:\/\/www.cy-package.com\/de\/wp-json\/wp\/v2\/comments?post=1205"}],"version-history":[{"count":13,"href":"https:\/\/www.cy-package.com\/de\/wp-json\/wp\/v2\/product\/1205\/revisions"}],"predecessor-version":[{"id":1226,"href":"https:\/\/www.cy-package.com\/de\/wp-json\/wp\/v2\/product\/1205\/revisions\/1226"}],"wp:featuredmedia":[{"embeddable":true,"href":"https:\/\/www.cy-package.com\/de\/wp-json\/wp\/v2\/media\/1208"}],"wp:attachment":[{"href":"https:\/\/www.cy-package.com\/de\/wp-json\/wp\/v2\/media?parent=1205"}],"wp:term":[{"taxonomy":"product_brand","embeddable":true,"href":"https:\/\/www.cy-package.com\/de\/wp-json\/wp\/v2\/product_brand?post=1205"},{"taxonomy":"product_cat","embeddable":true,"href":"https:\/\/www.cy-package.com\/de\/wp-json\/wp\/v2\/product_cat?post=1205"},{"taxonomy":"product_tag","embeddable":true,"href":"https:\/\/www.cy-package.com\/de\/wp-json\/wp\/v2\/product_tag?post=1205"}],"curies":[{"name":"wp","href":"https:\/\/api.w.org\/{rel}","templated":true}]}}