{"id":1312,"date":"2024-12-18T14:41:02","date_gmt":"2024-12-18T06:41:02","guid":{"rendered":"https:\/\/www.cy-package.com\/?post_type=product&#038;p=1312"},"modified":"2025-01-21T15:42:49","modified_gmt":"2025-01-21T07:42:49","slug":"plastiktuten-mit-flachem-boden-fur-lebensmittelverpackungen-4","status":"publish","type":"product","link":"https:\/\/www.cy-package.com\/de\/produkt\/plastiktuten-mit-flachem-boden-fur-lebensmittelverpackungen-4\/","title":{"rendered":"Biologisch abbaubare Verpackungsbeutel f\u00fcr Lebensmittel Bedruckte nachhaltige Verpackungsprodukte"},"content":{"rendered":"<div data-elementor-type=\"product-post\" data-elementor-id=\"1312\" class=\"elementor elementor-1312\" data-elementor-post-type=\"product\">\n\t\t\t\t\t\t<section class=\"elementor-section elementor-top-section elementor-element elementor-element-1d48491a elementor-section-boxed elementor-section-height-default elementor-section-height-default\" data-id=\"1d48491a\" data-element_type=\"section\">\n\t\t\t\t\t\t<div class=\"elementor-container elementor-column-gap-default\">\n\t\t\t\t\t<div class=\"elementor-column elementor-col-100 elementor-top-column elementor-element elementor-element-62bc43d4\" data-id=\"62bc43d4\" data-element_type=\"column\">\n\t\t\t<div class=\"elementor-widget-wrap elementor-element-populated\">\n\t\t\t\t\t\t<div class=\"elementor-element elementor-element-4fdf0738 elementor-widget elementor-widget-text-editor\" data-id=\"4fdf0738\" data-element_type=\"widget\" data-widget_type=\"text-editor.default\">\n\t\t\t\t<div class=\"elementor-widget-container\">\n\t\t\t\t\t\t\t\t\t<p><span style=\"color: #2b6cb3; font-size: 28px;\"><strong style=\"font-family: var(--global-body-font-family);\">Produkt-Paramenter<\/strong><\/span><\/p><div><div class=\"nei-table\"><div><table style=\"border-collapse: collapse; width: 100%;\"><tbody><tr><td style=\"width: 19.8374%;\">Material:<\/td><td style=\"width: 80.1626%;\">Kraftpapier\/PLA\/PBAT, etc.<\/td><\/tr><tr><td style=\"width: 19.8374%;\">Tintenart:<\/td><td style=\"width: 80.1626%;\">Umweltfreundliche Sojatinte in Lebensmittelqualit\u00e4t<\/td><\/tr><tr><td style=\"width: 19.8374%;\">Anwendung:<\/td><td style=\"width: 80.1626%;\">Lebensmittel \/ Kaffee \/ Tiernahrung \/ Tee \/ Snacks \/ N\u00fcsse \/ Molkenprotein \/ S\u00fc\u00dfigkeiten \/ Samen, etc.<\/td><\/tr><tr><td style=\"width: 19.8374%;\">Stil-Optionen:<\/td><td style=\"width: 80.1626%;\">Flacher Boden, Stand UP, Seitenfalte, Rei\u00dfverschluss oben, mit\/ohne Fenster, Euro-Loch, etc.<\/td><\/tr><tr><td style=\"width: 19.8374%;\">Qualit\u00e4tskontrolle:<\/td><td style=\"width: 80.1626%;\">Hochmoderne Ausr\u00fcstung und ein erfahrenes QC-Team kontrollieren Material, Halbfertig- und Fertigprodukte streng in jedem Schritt vor dem Versand.<\/td><\/tr><\/tbody><\/table><\/div><\/div><\/div><p><img fetchpriority=\"high\" decoding=\"async\" class=\"aligncenter wp-image-1313\" src=\"https:\/\/www.cy-package.com\/wp-content\/uploads\/2024\/12\/4.jpg\" alt=\"\" width=\"334\" height=\"334\" srcset=\"https:\/\/www.cy-package.com\/wp-content\/uploads\/2024\/12\/4.jpg 800w, https:\/\/www.cy-package.com\/wp-content\/uploads\/2024\/12\/4-300x300.jpg 300w, https:\/\/www.cy-package.com\/wp-content\/uploads\/2024\/12\/4-150x150.jpg 150w, https:\/\/www.cy-package.com\/wp-content\/uploads\/2024\/12\/4-768x768.jpg 768w, https:\/\/www.cy-package.com\/wp-content\/uploads\/2024\/12\/4-12x12.jpg 12w, https:\/\/www.cy-package.com\/wp-content\/uploads\/2024\/12\/4-600x600.jpg 600w, https:\/\/www.cy-package.com\/wp-content\/uploads\/2024\/12\/4-100x100.jpg 100w\" sizes=\"(max-width: 334px) 100vw, 334px\" \/><\/p><p>Biologisch abbaubare Lebensmittelverpackungen werden aus Materialien wie wiederverwertbaren PET- oder HDPE-Kunststoffen, Pappe und Papier hergestellt, die zu neuen Produkten weiterverarbeitet werden k\u00f6nnen. Unsere nachhaltigen Verpackungsprodukte sind so konzipiert, dass sie sich auf nat\u00fcrliche Weise zersetzen, Abfall reduzieren und den CO2-Fu\u00dfabdruck minimieren. Diese Beutel erf\u00fcllen nicht nur Ihren Verpackungsbedarf, sondern entsprechen auch Ihrem Engagement f\u00fcr Nachhaltigkeit. Sie sind perfekt f\u00fcr Restaurants, Caf\u00e9s und Lebensmittelh\u00e4ndler, die ihre umweltfreundlichen Praktiken verbessern m\u00f6chten.Unsere hochwertigen Drucke sorgen daf\u00fcr, dass Ihre Produkte hervorstechen und gleichzeitig das Engagement Ihrer Marke f\u00fcr Nachhaltigkeit f\u00f6rdern. Unsere Beutel werden aus erneuerbaren Ressourcen hergestellt, um sicherzustellen, dass Ihre Verpackungsentscheidungen zu einem ges\u00fcnderen Planeten beitragen. Nach dem Gebrauch k\u00f6nnen diese Beutel kompostiert werden und verwandeln Abfall in wertvolle N\u00e4hrstoffe f\u00fcr den Boden.<\/p><div><p style=\"text-align: center;\">\u00a0<\/p><\/div>\t\t\t\t\t\t\t\t<\/div>\n\t\t\t\t<\/div>\n\t\t\t\t<div class=\"elementor-element elementor-element-bb9e08b elementor-widget elementor-widget-heading\" data-id=\"bb9e08b\" data-element_type=\"widget\" data-widget_type=\"heading.default\">\n\t\t\t\t<div class=\"elementor-widget-container\">\n\t\t\t\t\t<h2 class=\"elementor-heading-title elementor-size-default\"><br>Warum CY PACK<\/h2>\t\t\t\t<\/div>\n\t\t\t\t<\/div>\n\t\t\t\t<div class=\"elementor-element elementor-element-e828104 elementor-widget-divider--view-line elementor-widget elementor-widget-divider\" data-id=\"e828104\" data-element_type=\"widget\" data-widget_type=\"divider.default\">\n\t\t\t\t<div class=\"elementor-widget-container\">\n\t\t\t\t\t\t\t<div class=\"elementor-divider\">\n\t\t\t<span class=\"elementor-divider-separator\">\n\t\t\t\t\t\t<\/span>\n\t\t<\/div>\n\t\t\t\t\t\t<\/div>\n\t\t\t\t<\/div>\n\t\t\t\t<div class=\"elementor-element elementor-element-8052312 elementor-widget elementor-widget-text-editor\" data-id=\"8052312\" data-element_type=\"widget\" data-widget_type=\"text-editor.default\">\n\t\t\t\t<div class=\"elementor-widget-container\">\n\t\t\t\t\t\t\t\t\t<p>CY PACK ist ein vertrauensw\u00fcrdiger Hersteller, der Ihnen dabei helfen kann, flexible Verpackungen mit bedruckten Rei\u00dfverschluss-Standbeuteln zu gestalten:<\/p><p>\u2606 Hochwertige Materialien: CY PACK verwendet hochwertige umweltfreundliche Materialien, um sicherzustellen, dass die Produkte sicher und langlebig sind.<\/p><p>\u2606 Professionelle Anpassung: Bieten Sie personalisierte Designdienstleistungen an, um Ihre individuellen Bed\u00fcrfnisse zu erf\u00fcllen.<\/p><p>\u2606 Fortschrittliche Technologie: CY PACK Verwenden Sie moderne Drucktechnologie, um helle Farben und klare Muster zu gew\u00e4hrleisten.<\/p><p>\u2606 Ausgezeichneter Service: CY PACK professionelles Team bietet Rundum-Unterst\u00fctzung, um Ihre zufriedenstellende Erfahrung zu gew\u00e4hrleisten.<\/p><p>\u2606 Quellenhersteller: Reduzieren Sie Ihre Betriebskosten an der Quelle<\/p><p>\u2606 Qualit\u00e4tskontrolle: Qualit\u00e4tsprobleme, Ausgleich oder Wiederholung.<\/p>\t\t\t\t\t\t\t\t<\/div>\n\t\t\t\t<\/div>\n\t\t\t\t\t<\/div>\n\t\t<\/div>\n\t\t\t\t\t<\/div>\n\t\t<\/section>\n\t\t\t\t<\/div>","protected":false},"excerpt":{"rendered":"<p class=\"wui-p-v-4\"><span class=\"wui-text-color-accents wui-text-weight-bold\">Marke:<\/span> <span class=\"wui-text-color-primary\">CY-PACK<\/span><\/p>\n<p class=\"wui-p-v-4\"><span class=\"wui-text-color-accents wui-text-weight-bold\">Herkunft des Produkts:<\/span> <span class=\"wui-text-color-primary\">China<\/span><\/p>\n<p class=\"wui-p-v-4\"><span class=\"wui-text-color-accents wui-text-weight-bold\">Lieferfrist:<\/span> <span class=\"wui-text-color-primary\">20 Tage Vorlaufzeit<\/span><\/p>\n<p class=\"wui-p-v-4\"><span class=\"wui-text-color-accents wui-text-weight-bold\">Lieferkapazit\u00e4t:<\/span> <span class=\"wui-text-color-primary\">1200 Tonnen\/Monat<\/span><\/p>\n<p>Unsere nachhaltigen Verpackungsprodukte sind Teil des allgemeinen Trends zu nachhaltigen Verpackungsl\u00f6sungen. Sie werden aus erneuerbaren Ressourcen hergestellt und bieten eine Alternative zu herk\u00f6mmlichen Kunststoffverpackungen. Diese Nachhaltigkeit verbessert nicht nur den Ruf der Marke, sondern steht auch im Einklang mit den weltweiten Bem\u00fchungen zur Reduzierung der Kunststoffverschmutzung.<\/p>","protected":false},"featured_media":1315,"comment_status":"open","ping_status":"closed","template":"","meta":{"_seopress_robots_primary_cat":"none","_seopress_titles_title":"biodegradable food packaging bags printed sustainable packaging products","_seopress_titles_desc":"CY PACK is a manufacture in China, specialize in the production of biodegradable packaging bags and provide stand-up bags and flat-bottom bags, suitable for food, daily chemicals and other industries.","_seopress_robots_index":"","_monsterinsights_skip_tracking":false,"_monsterinsights_sitenote_active":false,"_monsterinsights_sitenote_note":"","_monsterinsights_sitenote_category":0,"_kad_post_transparent":"default","_kad_post_title":"","_kad_post_layout":"default","_kad_post_sidebar_id":"","_kad_post_content_style":"default","_kad_post_vertical_padding":"default","_kad_post_feature":"","_kad_post_feature_position":"","_kad_post_header":false,"_kad_post_footer":false},"product_brand":[],"product_cat":[43],"product_tag":[44],"class_list":{"0":"post-1312","1":"product","2":"type-product","3":"status-publish","4":"has-post-thumbnail","6":"product_cat-biodegradable-packaging-bags","7":"product_tag-100-biodegradable-bags","9":"first","10":"instock","11":"shipping-taxable","12":"product-type-simple","13":"entry","14":"content-bg","15":"loop-entry"},"_links":{"self":[{"href":"https:\/\/www.cy-package.com\/de\/wp-json\/wp\/v2\/product\/1312","targetHints":{"allow":["GET"]}}],"collection":[{"href":"https:\/\/www.cy-package.com\/de\/wp-json\/wp\/v2\/product"}],"about":[{"href":"https:\/\/www.cy-package.com\/de\/wp-json\/wp\/v2\/types\/product"}],"replies":[{"embeddable":true,"href":"https:\/\/www.cy-package.com\/de\/wp-json\/wp\/v2\/comments?post=1312"}],"version-history":[{"count":30,"href":"https:\/\/www.cy-package.com\/de\/wp-json\/wp\/v2\/product\/1312\/revisions"}],"predecessor-version":[{"id":1618,"href":"https:\/\/www.cy-package.com\/de\/wp-json\/wp\/v2\/product\/1312\/revisions\/1618"}],"wp:featuredmedia":[{"embeddable":true,"href":"https:\/\/www.cy-package.com\/de\/wp-json\/wp\/v2\/media\/1315"}],"wp:attachment":[{"href":"https:\/\/www.cy-package.com\/de\/wp-json\/wp\/v2\/media?parent=1312"}],"wp:term":[{"taxonomy":"product_brand","embeddable":true,"href":"https:\/\/www.cy-package.com\/de\/wp-json\/wp\/v2\/product_brand?post=1312"},{"taxonomy":"product_cat","embeddable":true,"href":"https:\/\/www.cy-package.com\/de\/wp-json\/wp\/v2\/product_cat?post=1312"},{"taxonomy":"product_tag","embeddable":true,"href":"https:\/\/www.cy-package.com\/de\/wp-json\/wp\/v2\/product_tag?post=1312"}],"curies":[{"name":"wp","href":"https:\/\/api.w.org\/{rel}","templated":true}]}}