{"id":1358,"date":"2024-12-19T15:39:46","date_gmt":"2024-12-19T07:39:46","guid":{"rendered":"https:\/\/www.cy-package.com\/?post_type=product&#038;p=1358"},"modified":"2024-12-19T17:20:20","modified_gmt":"2024-12-19T09:20:20","slug":"plastiktuten-mit-flachem-boden-fur-lebensmittelverpackungen-5","status":"publish","type":"product","link":"https:\/\/www.cy-package.com\/de\/produkt\/plastiktuten-mit-flachem-boden-fur-lebensmittelverpackungen-5\/","title":{"rendered":"K\u00f6rperpflegeverpackungen Gesichtsmaske Gesundheit und Wellness Pflegepaket"},"content":{"rendered":"<p><strong style=\"font-family: var(--global-body-font-family);\">Produkt-Paramenter<\/strong><\/p>\n<table style=\"border-collapse: collapse; width: 100%;\">\n<tbody>\n<tr>\n<td style=\"width: 19.8374%;\">Material:<\/td>\n<td style=\"width: 80.1626%;\">Kraftpapier\/PET\/BOPP\/CPP, etc.<\/td>\n<\/tr>\n<tr>\n<td style=\"width: 19.8374%;\">Tintenart:<\/td>\n<td style=\"width: 80.1626%;\">Umweltfreundliche Sojatinte in Lebensmittelqualit\u00e4t<\/td>\n<\/tr>\n<tr>\n<td style=\"width: 19.8374%;\">Anwendung:<\/td>\n<td style=\"width: 80.1626%;\">Lebensmittel \/ Gesundheit &amp; Wellness \/ Kaffee \/ Tiernahrung \/ Tee \/ Snacks \/ N\u00fcsse \/ Molkenprotein \/ S\u00fc\u00dfigkeiten \/ Samen, etc.<\/td>\n<\/tr>\n<tr>\n<td style=\"width: 19.8374%;\">Stil-Optionen:<\/td>\n<td style=\"width: 80.1626%;\">Flach, Stand UP, Seitenfalte, Rei\u00dfverschluss oben, mit\/ohne Fenster, Euro-Loch, etc.<\/td>\n<\/tr>\n<tr>\n<td style=\"width: 19.8374%;\">Qualit\u00e4tskontrolle:<\/td>\n<td style=\"width: 80.1626%;\">Hochmoderne Ausr\u00fcstung und ein erfahrenes QC-Team kontrollieren Material, Halbfertig- und Fertigprodukte streng in jedem Schritt vor dem Versand.<\/td>\n<\/tr>\n<\/tbody>\n<\/table>\n<p><img fetchpriority=\"high\" decoding=\"async\" class=\"aligncenter wp-image-1359\" src=\"https:\/\/www.cy-package.com\/wp-content\/uploads\/2024\/12\/1-1.jpg\" alt=\"Gesundheits- und Wellness-Paket\" width=\"372\" height=\"372\" srcset=\"https:\/\/www.cy-package.com\/wp-content\/uploads\/2024\/12\/1-1.jpg 800w, https:\/\/www.cy-package.com\/wp-content\/uploads\/2024\/12\/1-1-300x300.jpg 300w, https:\/\/www.cy-package.com\/wp-content\/uploads\/2024\/12\/1-1-150x150.jpg 150w, https:\/\/www.cy-package.com\/wp-content\/uploads\/2024\/12\/1-1-768x768.jpg 768w, https:\/\/www.cy-package.com\/wp-content\/uploads\/2024\/12\/1-1-12x12.jpg 12w, https:\/\/www.cy-package.com\/wp-content\/uploads\/2024\/12\/1-1-600x600.jpg 600w, https:\/\/www.cy-package.com\/wp-content\/uploads\/2024\/12\/1-1-100x100.jpg 100w\" sizes=\"(max-width: 372px) 100vw, 372px\" \/><\/p>\n<p>Unsere ma\u00dfgefertigten Verpackungsbeutel f\u00fcr K\u00f6rperpflegeprodukte sind mit einer Vielzahl von Barrierefolien ausgestattet, die das Produkt vor Licht, Sauerstoff, Feuchtigkeit und anderen Umwelteinfl\u00fcssen sch\u00fctzen, die die Qualit\u00e4t des Produkts beeintr\u00e4chtigen k\u00f6nnen. Sie sind eine effiziente und kosteng\u00fcnstige M\u00f6glichkeit, Produkte zu verpacken.<\/p>\n<p>Unsere Gesichtsmaske Pflege-Paket aus hochwertigem BPA-freiem Material, um das Produkt frisch und sicher zu halten.es ist leicht und einfach zu tragen, perfekt f\u00fcr unterwegs.akzeptieren, um benutzerdefinierte Gr\u00f6\u00dfe, Design und Tasche type.Welcome, uns zu kontaktieren.<\/p>","protected":false},"excerpt":{"rendered":"<p class=\"wui-p-v-4\"><span class=\"wui-text-color-accents wui-text-weight-bold\">Marke:<\/span> <span class=\"wui-text-color-primary\">CY-PACK<\/span><\/p>\n<p class=\"wui-p-v-4\"><span class=\"wui-text-color-accents wui-text-weight-bold\">Herkunft des Produkts:<\/span> <span class=\"wui-text-color-primary\">China<\/span><\/p>\n<p class=\"wui-p-v-4\"><span class=\"wui-text-color-accents wui-text-weight-bold\">Lieferfrist:<\/span> <span class=\"wui-text-color-primary\">20 Tage Vorlaufzeit<\/span><\/p>\n<p class=\"wui-p-v-4\"><span class=\"wui-text-color-accents wui-text-weight-bold\">Lieferkapazit\u00e4t:<\/span> <span class=\"wui-text-color-primary\">1200 Tonnen\/Monat<\/span><\/p>\n<p>Wir bieten eine breite Palette von Anpassungsm\u00f6glichkeiten, um sicherzustellen, dass die Verpackung f\u00fcr K\u00f6rperpflegeprodukte perfekt auf Ihre Markenidentit\u00e4t abgestimmt ist. Sie haben die Wahl zwischen verschiedenen Stilen f\u00fcr Gesundheits- und Wellness-Pflegetaschen, Drucktechniken, individuellen Merkmalen zur Pr\u00e4sentation Ihres Logos, Markenfarben und einzigartigen Grafiken. Dar\u00fcber hinaus k\u00f6nnen Sie zwischen verschiedenen Veredelungen w\u00e4hlen, wie z. B. matt oder gl\u00e4nzend, um die visuelle Attraktivit\u00e4t der Verpackung zu erh\u00f6hen.<\/p>","protected":false},"featured_media":1361,"comment_status":"open","ping_status":"closed","template":"","meta":{"_seopress_robots_primary_cat":"none","_seopress_titles_title":"personal care packaging face mask health and wellness care package","_seopress_titles_desc":"CY PACK is a manufacture in China, specialize in the production of health and wellness care packaging and provide stand-up bags and flat-bottom bags, suitable for food, daily chemicals and other industries.","_seopress_robots_index":"","_monsterinsights_skip_tracking":false,"_monsterinsights_sitenote_active":false,"_monsterinsights_sitenote_note":"","_monsterinsights_sitenote_category":0,"_kad_post_transparent":"default","_kad_post_title":"","_kad_post_layout":"default","_kad_post_sidebar_id":"","_kad_post_content_style":"default","_kad_post_vertical_padding":"default","_kad_post_feature":"","_kad_post_feature_position":"","_kad_post_header":false,"_kad_post_footer":false},"product_brand":[],"product_cat":[45],"product_tag":[],"class_list":{"0":"post-1358","1":"product","2":"type-product","3":"status-publish","4":"has-post-thumbnail","6":"product_cat-health-wellness-packaging","8":"first","9":"instock","10":"shipping-taxable","11":"product-type-simple","12":"entry","13":"content-bg","14":"loop-entry"},"_links":{"self":[{"href":"https:\/\/www.cy-package.com\/de\/wp-json\/wp\/v2\/product\/1358","targetHints":{"allow":["GET"]}}],"collection":[{"href":"https:\/\/www.cy-package.com\/de\/wp-json\/wp\/v2\/product"}],"about":[{"href":"https:\/\/www.cy-package.com\/de\/wp-json\/wp\/v2\/types\/product"}],"replies":[{"embeddable":true,"href":"https:\/\/www.cy-package.com\/de\/wp-json\/wp\/v2\/comments?post=1358"}],"version-history":[{"count":3,"href":"https:\/\/www.cy-package.com\/de\/wp-json\/wp\/v2\/product\/1358\/revisions"}],"predecessor-version":[{"id":1364,"href":"https:\/\/www.cy-package.com\/de\/wp-json\/wp\/v2\/product\/1358\/revisions\/1364"}],"wp:featuredmedia":[{"embeddable":true,"href":"https:\/\/www.cy-package.com\/de\/wp-json\/wp\/v2\/media\/1361"}],"wp:attachment":[{"href":"https:\/\/www.cy-package.com\/de\/wp-json\/wp\/v2\/media?parent=1358"}],"wp:term":[{"taxonomy":"product_brand","embeddable":true,"href":"https:\/\/www.cy-package.com\/de\/wp-json\/wp\/v2\/product_brand?post=1358"},{"taxonomy":"product_cat","embeddable":true,"href":"https:\/\/www.cy-package.com\/de\/wp-json\/wp\/v2\/product_cat?post=1358"},{"taxonomy":"product_tag","embeddable":true,"href":"https:\/\/www.cy-package.com\/de\/wp-json\/wp\/v2\/product_tag?post=1358"}],"curies":[{"name":"wp","href":"https:\/\/api.w.org\/{rel}","templated":true}]}}