{"id":1392,"date":"2024-12-20T17:41:35","date_gmt":"2024-12-20T09:41:35","guid":{"rendered":"https:\/\/www.cy-package.com\/?post_type=product&#038;p=1392"},"modified":"2024-12-23T14:27:32","modified_gmt":"2024-12-23T06:27:32","slug":"plastiktuten-mit-flachem-boden-fur-lebensmittelverpackungen-8","status":"publish","type":"product","link":"https:\/\/www.cy-package.com\/de\/produkt\/plastiktuten-mit-flachem-boden-fur-lebensmittelverpackungen-8\/","title":{"rendered":"S\u00fc\u00dfwarenverpackungen Lebensmittelgerechte Materialien Standbodenbeutel"},"content":{"rendered":"<p><span style=\"color: #0e37b3; font-size: 20px;\"><strong style=\"font-family: var(--global-body-font-family);\">Produkt-Paramenter<\/strong><\/span><\/p>\n<div>\n<div class=\"nei-table\">\n<div>\n<table style=\"border-collapse: collapse; width: 100%; height: 177px;\">\n<tbody>\n<tr style=\"height: 30px;\">\n<td style=\"width: 19.8374%; height: 30px;\">Material:<\/td>\n<td style=\"width: 80.1626%; height: 30px;\">PET+VMPET+PE, BOPP+Kraftpapier+VMPET+PE, etc<\/td>\n<\/tr>\n<tr style=\"height: 30px;\">\n<td style=\"width: 19.8374%; height: 30px;\">Tintenart:<\/td>\n<td style=\"width: 80.1626%; height: 30px;\">Umweltfreundliche Sojatinte in Lebensmittelqualit\u00e4t<\/td>\n<\/tr>\n<tr style=\"height: 30px;\">\n<td style=\"width: 19.8374%; height: 30px;\">Anwendung:<\/td>\n<td style=\"width: 80.1626%; height: 30px;\">S\u00fc\u00dfwaren\/Lebensmittel\/Kaffee\/Tiernahrung\/Tee\/Snacks\/N\u00fcsse\/Molkenprotein\/Saatgut, etc.<\/td>\n<\/tr>\n<tr style=\"height: 30px;\">\n<td style=\"width: 19.8374%; height: 30px;\">Stil-Optionen:<\/td>\n<td style=\"width: 80.1626%; height: 30px;\">Flacher Boden, Stand UP, Seitenfalte, Rei\u00dfverschluss oben, mit\/ohne Fenster, Euro-Loch, etc.<\/td>\n<\/tr>\n<tr style=\"height: 57px;\">\n<td style=\"width: 19.8374%; height: 57px;\">Qualit\u00e4tskontrolle:<\/td>\n<td style=\"width: 80.1626%; height: 57px;\">Hochmoderne Ausr\u00fcstung und ein erfahrenes QC-Team kontrollieren Material, Halbfertig- und Fertigprodukte streng in jedem Schritt vor dem Versand.<\/td>\n<\/tr>\n<\/tbody>\n<\/table>\n<\/div>\n<\/div>\n<\/div>\n<p>&nbsp;<\/p>\n<figure id=\"attachment_1394\" aria-describedby=\"caption-attachment-1394\" style=\"width: 343px\" class=\"wp-caption aligncenter\"><img fetchpriority=\"high\" decoding=\"async\" class=\"wp-image-1394\" src=\"https:\/\/www.cy-package.com\/wp-content\/uploads\/2024\/12\/7.jpg\" alt=\"S\u00fc\u00dfwarenverpackung\" width=\"343\" height=\"343\" srcset=\"https:\/\/www.cy-package.com\/wp-content\/uploads\/2024\/12\/7.jpg 800w, https:\/\/www.cy-package.com\/wp-content\/uploads\/2024\/12\/7-300x300.jpg 300w, https:\/\/www.cy-package.com\/wp-content\/uploads\/2024\/12\/7-150x150.jpg 150w, https:\/\/www.cy-package.com\/wp-content\/uploads\/2024\/12\/7-768x768.jpg 768w, https:\/\/www.cy-package.com\/wp-content\/uploads\/2024\/12\/7-12x12.jpg 12w, https:\/\/www.cy-package.com\/wp-content\/uploads\/2024\/12\/7-600x600.jpg 600w, https:\/\/www.cy-package.com\/wp-content\/uploads\/2024\/12\/7-100x100.jpg 100w\" sizes=\"(max-width: 343px) 100vw, 343px\" \/><figcaption id=\"caption-attachment-1394\" class=\"wp-caption-text\">S\u00fc\u00dfwarenverpackung<\/figcaption><\/figure>\n<p>Wir bieten eine gro\u00dfe Auswahl an Beuteln und Taschen f\u00fcr S\u00fc\u00dfwaren, wie z.B. Standbodenbeutel, Flachbeutel, Ausgie\u00dferbeutel und wiederverschlie\u00dfbare Beutel.Jede Verpackungsart hat ihre eigenen Vorteile.Zum Beispiel haben Standbodenbeutel eine hohe Wirkung im Regal und lassen sich leicht ausstellen.Dieser extrem erwartete Standbodenbeutel f\u00fcr S\u00fc\u00dfwaren bietet eine unglaubliche Regalstabilit\u00e4t aufgrund seines substanziellen, ebenen Bodens.Da der Boden sicher ist, sind Standbodenbeutel die perfekte Verpackungsl\u00f6sung f\u00fcr viele S\u00fc\u00dfwaren wie Bonbons und Schokoladenprodukte.<\/p>\n<div>\n<p style=\"text-align: center;\">\n<\/div>","protected":false},"excerpt":{"rendered":"<p class=\"wui-p-v-4\"><span class=\"wui-text-color-accents wui-text-weight-bold\">Marke:<\/span> <span class=\"wui-text-color-primary\">CY-PACK<\/span><\/p>\n<p class=\"wui-p-v-4\"><span class=\"wui-text-color-accents wui-text-weight-bold\">Herkunft des Produkts:<\/span> <span class=\"wui-text-color-primary\">China<\/span><\/p>\n<p class=\"wui-p-v-4\"><span class=\"wui-text-color-accents wui-text-weight-bold\">Lieferfrist:<\/span> <span class=\"wui-text-color-primary\">20 Tage Vorlaufzeit<\/span><\/p>\n<p class=\"wui-p-v-4\"><span class=\"wui-text-color-accents wui-text-weight-bold\">Lieferkapazit\u00e4t:<\/span> <span class=\"wui-text-color-primary\">1200 Tonnen\/Monat<\/span><\/p>\n<p>Unsere Standbeutel sind eine gute M\u00f6glichkeit, trockene Lebensmittel wie S\u00fc\u00dfwaren, Leckereien, Kekse, Tee und vieles mehr zu verpacken. Sie sind in kundenspezifischen Designs erh\u00e4ltlich und verf\u00fcgen \u00fcber eine Bodenfalte f\u00fcr einfaches Bef\u00fcllen, einen Rei\u00dfverschluss zum Verschlie\u00dfen und eine praktische Aufrei\u00dfkerbe f\u00fcr einfachen Zugriff.Weitere Optionen f\u00fcr Verpackungsmaterialien f\u00fcr S\u00fc\u00dfwaren.<\/p>","protected":false},"featured_media":1395,"comment_status":"open","ping_status":"closed","template":"","meta":{"_seopress_robots_primary_cat":"none","_seopress_titles_title":"Confectionery Packaging Food Grade Materials Stand Up Pouches","_seopress_titles_desc":"CY PACK is a manufacture in China, accept custom confectionery flexible packaging such as printed  stand up pouches, flat bottom pouches, coffee bags,roll stock ect.-Foshan CY Packaging Co.,Ltd","_seopress_robots_index":"","_monsterinsights_skip_tracking":false,"_monsterinsights_sitenote_active":false,"_monsterinsights_sitenote_note":"","_monsterinsights_sitenote_category":0,"_kad_post_transparent":"default","_kad_post_title":"","_kad_post_layout":"default","_kad_post_sidebar_id":"","_kad_post_content_style":"default","_kad_post_vertical_padding":"default","_kad_post_feature":"","_kad_post_feature_position":"","_kad_post_header":false,"_kad_post_footer":false},"product_brand":[],"product_cat":[46,39],"product_tag":[51],"class_list":{"0":"post-1392","1":"product","2":"type-product","3":"status-publish","4":"has-post-thumbnail","6":"product_cat-confectionery-packaging-bags","7":"product_cat-stand-up-pouches","8":"product_tag-confectionery-packaging","10":"first","11":"instock","12":"shipping-taxable","13":"product-type-simple","14":"entry","15":"content-bg","16":"loop-entry"},"_links":{"self":[{"href":"https:\/\/www.cy-package.com\/de\/wp-json\/wp\/v2\/product\/1392","targetHints":{"allow":["GET"]}}],"collection":[{"href":"https:\/\/www.cy-package.com\/de\/wp-json\/wp\/v2\/product"}],"about":[{"href":"https:\/\/www.cy-package.com\/de\/wp-json\/wp\/v2\/types\/product"}],"replies":[{"embeddable":true,"href":"https:\/\/www.cy-package.com\/de\/wp-json\/wp\/v2\/comments?post=1392"}],"version-history":[{"count":1,"href":"https:\/\/www.cy-package.com\/de\/wp-json\/wp\/v2\/product\/1392\/revisions"}],"predecessor-version":[{"id":1396,"href":"https:\/\/www.cy-package.com\/de\/wp-json\/wp\/v2\/product\/1392\/revisions\/1396"}],"wp:featuredmedia":[{"embeddable":true,"href":"https:\/\/www.cy-package.com\/de\/wp-json\/wp\/v2\/media\/1395"}],"wp:attachment":[{"href":"https:\/\/www.cy-package.com\/de\/wp-json\/wp\/v2\/media?parent=1392"}],"wp:term":[{"taxonomy":"product_brand","embeddable":true,"href":"https:\/\/www.cy-package.com\/de\/wp-json\/wp\/v2\/product_brand?post=1392"},{"taxonomy":"product_cat","embeddable":true,"href":"https:\/\/www.cy-package.com\/de\/wp-json\/wp\/v2\/product_cat?post=1392"},{"taxonomy":"product_tag","embeddable":true,"href":"https:\/\/www.cy-package.com\/de\/wp-json\/wp\/v2\/product_tag?post=1392"}],"curies":[{"name":"wp","href":"https:\/\/api.w.org\/{rel}","templated":true}]}}