{"id":1402,"date":"2025-02-19T15:37:54","date_gmt":"2025-02-19T07:37:54","guid":{"rendered":"https:\/\/www.cy-package.com\/?post_type=product&#038;p=1402"},"modified":"2025-12-30T16:41:11","modified_gmt":"2025-12-30T08:41:11","slug":"standbeutel-fur-kaffeeverpackung-2","status":"publish","type":"product","link":"https:\/\/www.cy-package.com\/de\/produkt\/standbeutel-fur-kaffeeverpackung-2\/","title":{"rendered":"Gro\u00dfhandel Kaffeebohnen Verpackungst\u00fcten mit Ventil"},"content":{"rendered":"<p>&nbsp;<\/p>\n<p>&nbsp;<\/p>\n<p>&nbsp;<\/p>\n<p style=\"text-align: center;\"><span style=\"font-size: 24px;\"><strong>Das Einweg-Entgasungsventil<\/strong><\/span><\/p>\n<p><img decoding=\"async\" style=\"width: 1517px; height: 195px;\" title=\"Hersteller Custom Stand Up Kaffee Verpackung Beutel Beutel\" src=\"https:\/\/www.cy-package.com\/2833\/2833-202205062241273192.jpg\" alt=\"Hersteller Custom Stand Up Kaffee Verpackung Beutel Beutel\" width=\"1517\" border=\"0\" \/><\/p>\n<p>Einweg-Entgasungsventile sind so konzipiert, dass sie den Druck aus einer luftdichten Verpackung ablassen, w\u00e4hrend die Au\u00dfenatmosph\u00e4re (d. h. Luft mit 20,9% O2) nicht in die Verpackung eindringen kann. Ein Einweg-Entgasungsventil ist n\u00fctzlich zum Verpacken von Produkten, die empfindlich auf Sauerstoff und Feuchtigkeit reagieren und auch Gas oder eingeschlossene Luft freisetzen. Das Einweg-Entgasungsventil kann an einer flexiblen Verpackung angebracht werden, um den in der Verpackung aufgebauten Druck abzulassen und gleichzeitig den Inhalt vor den sch\u00e4dlichen Auswirkungen von Sauerstoff und Feuchtigkeit zu sch\u00fctzen.<\/p>\n<p>Wenn der Druck in einer versiegelten Verpackung den Ventil\u00f6ffnungsdruck \u00fcbersteigt, \u00f6ffnet sich kurzzeitig eine Gummischeibe im Ventil, um das Gas entweichen zu lassen.<br \/>\naus der Verpackung. Wenn Gas freigesetzt wird und der Druck innerhalb der Verpackung unter den Ventilschlie\u00dfdruck f\u00e4llt, schlie\u00dft sich das Ventil.<\/p>\n<div class=\"nei-table\">\n<table border=\"0\" cellspacing=\"8\" cellpadding=\"8\" align=\"center\">\n<tbody>\n<tr class=\"firstRow\">\n<td width=\"557\" height=\"186\"><img decoding=\"async\" style=\"width: 527px; height: 167px;\" title=\"Hersteller Custom Stand Up Kaffee Verpackung Beutel Beutel\" src=\"https:\/\/www.cy-package.com\/2833\/2833-202205062241564865.jpg\" alt=\"Hersteller Custom Stand Up Kaffee Verpackung Beutel Beutel\" width=\"527\" border=\"0\" \/><\/td>\n<td width=\"495.6666666666667\" height=\"187\"><img decoding=\"async\" style=\"width: 654px; height: 167px;\" title=\"Hersteller Custom Stand Up Kaffee Verpackung Beutel Beutel\" src=\"https:\/\/www.cy-package.com\/2833\/2833-202205062242058597.jpg\" alt=\"Hersteller Custom Stand Up Kaffee Verpackung Beutel Beutel\" width=\"654\" border=\"0\" \/><\/td>\n<\/tr>\n<tr>\n<td style=\"text-align: center;\" width=\"538.6666666666666\" height=\"46\">\u00d6ffnungs-\/Freigabemodus<\/td>\n<td style=\"text-align: center;\" width=\"495.6666666666667\" height=\"46\">Luftdicht geschlossene Position<\/td>\n<\/tr>\n<tr>\n<td width=\"107.99999999999994\" height=\"67\">\n<p style=\"text-align: center;\">Wenn der Druck im Inneren einer versiegelten Verpackung \u00fcber den Ventil\u00f6ffnungsdruck ansteigt, wird die Abdichtung zwischen der Gummischeibe und dem Ventilk\u00f6rper kurzzeitig unterbrochen und Druck kann aus der Verpackung entweichen.<\/p>\n<\/td>\n<td width=\"495.6666666666667\" height=\"67\">\n<p style=\"text-align: center;\">Da der CO2-Druck, der aus den frisch ger\u00f6steten Kaffeebohnen freigesetzt wird, gering ist, ist das Ventil luftdicht verschlossen.<\/p>\n<\/td>\n<\/tr>\n<\/tbody>\n<\/table>\n<\/div>\n<div>\n<p><span style=\"font-size: 18px;\"><strong>\u00a0<\/strong><\/span><\/p>\n<p><span style=\"font-size: 18px;\"><strong>Produkt-Paramenter<\/strong><\/span><\/p>\n<\/div>\n<div>\n<div class=\"nei-table\" style=\"text-align: left;\">\n<p>&nbsp;<\/p>\n<div class=\"nei-table\">\n<table style=\"width: 100%; height: 392px;\">\n<tbody>\n<tr class=\"firstRow\" style=\"height: 31px;\">\n<td style=\"border-color: #dddddd; height: 31px; width: 14.8256%;\" colspan=\"1\" rowspan=\"1\" width=\"162\" height=\"20\">\n<div style=\"text-align: left;\">Materialqualit\u00e4t:<\/div>\n<\/td>\n<td style=\"border-color: #dddddd; height: 31px; width: 84.6899%;\" colspan=\"1\" rowspan=\"1\" width=\"1062\" height=\"20\">\n<div style=\"text-align: left;\">Lebensmittelgeeignetes Material<\/div>\n<\/td>\n<\/tr>\n<tr style=\"height: 31px;\">\n<td style=\"border-color: #dddddd; height: 31px; width: 14.8256%;\" colspan=\"1\" rowspan=\"1\" width=\"162\" height=\"20\">\n<div style=\"text-align: left;\">Material:<\/div>\n<\/td>\n<td style=\"border-color: #dddddd; height: 31px; width: 84.6899%;\" colspan=\"1\" rowspan=\"1\" width=\"1062\" height=\"20\">\n<div style=\"text-align: left;\">PET\/VMPET\/PE\/BOPP\/Kraftpapier\/AL\/BOPP\/CPP\/PLA\/PBAT, etc<\/div>\n<\/td>\n<\/tr>\n<tr style=\"height: 117px;\">\n<td style=\"border-color: #dddddd; height: 117px; width: 14.8256%;\" colspan=\"1\" rowspan=\"1\" width=\"162\" height=\"20\">\n<div style=\"text-align: left;\">Merkmal :<\/div>\n<\/td>\n<td style=\"border-color: #dddddd; height: 117px; width: 84.6899%;\" colspan=\"1\" rowspan=\"1\" width=\"1062\" height=\"20\">\n<div style=\"text-align: left;\">\n<p>1). sicheres lebensmittelechtes Material und perfekter Druck<\/p>\n<p>2). gro\u00dfartig, um Auslaufen zu verhindern, ausgezeichneter Feuchtigkeitsschutz<\/p>\n<div data-spm-anchor-id=\"a2700.pc-decorate.0.i62.50563333vYoKlh\">3). starke Abdichtung Boden &amp; Durable Ziplock<\/div>\n<\/div>\n<\/td>\n<\/tr>\n<tr style=\"height: 31px;\">\n<td style=\"border-color: #dddddd; height: 31px; width: 14.8256%;\" colspan=\"1\" rowspan=\"1\" width=\"162\" height=\"20\">\n<div style=\"text-align: left;\">Gr\u00f6\u00dfe&amp;Dicke:<\/div>\n<\/td>\n<td style=\"border-color: #dddddd; height: 31px; width: 84.6899%;\" colspan=\"1\" rowspan=\"1\" width=\"1062\" height=\"20\">\n<div style=\"text-align: left;\">Individuelle Kaffeeverpackungen nach Ihren Anforderungen<\/div>\n<\/td>\n<\/tr>\n<tr style=\"height: 31px;\">\n<td style=\"border-color: #dddddd; height: 31px; width: 14.8256%;\" colspan=\"1\" rowspan=\"1\" width=\"162\" height=\"20\">\n<div style=\"text-align: left;\">Tintenart:<\/div>\n<\/td>\n<td style=\"border-color: #dddddd; height: 31px; width: 84.6899%;\" colspan=\"1\" rowspan=\"1\" width=\"1062\" height=\"20\">\n<div style=\"text-align: left;\">Umweltfreundliche Sojatinte in Lebensmittelqualit\u00e4t<\/div>\n<\/td>\n<\/tr>\n<tr style=\"height: 31px;\">\n<td style=\"border-color: #dddddd; height: 31px; width: 14.8256%;\" colspan=\"1\" rowspan=\"1\" width=\"162\" height=\"20\">\n<div style=\"text-align: left;\">Kapazit\u00e4t:<\/div>\n<\/td>\n<td style=\"border-color: #dddddd; height: 31px; width: 84.6899%;\" colspan=\"1\" rowspan=\"1\" width=\"1062\" height=\"20\">\n<div style=\"text-align: left;\">100g, 200g, 250g, 500g, 1000g\/1kg, 2kg, 5kg,8oz-100oz, kundenspezifisch<\/div>\n<\/td>\n<\/tr>\n<tr style=\"height: 31px;\">\n<td style=\"border-color: #dddddd; height: 31px; width: 14.8256%;\" colspan=\"1\" rowspan=\"1\" width=\"162\" height=\"20\">\n<div style=\"text-align: left;\">Anwendung:<\/div>\n<\/td>\n<td style=\"border-color: #dddddd; height: 31px; width: 84.6899%;\" colspan=\"1\" rowspan=\"1\" width=\"1062\" height=\"20\">\n<div style=\"text-align: left;\">\u00a0Kaffee \/ Tee \/ Samen, etc.<\/div>\n<\/td>\n<\/tr>\n<tr style=\"height: 31px;\">\n<td style=\"border-color: #dddddd; height: 31px; width: 14.8256%;\" colspan=\"1\" rowspan=\"1\" width=\"162\" height=\"20\">\n<div style=\"text-align: left;\">Stil-Optionen:<\/div>\n<\/td>\n<td style=\"border-color: #dddddd; height: 31px; width: 84.6899%;\" colspan=\"1\" rowspan=\"1\" width=\"1062\" height=\"20\">\n<div style=\"text-align: left;\">Beutel mit flachem Boden, Standbeutel, Beutel mit Seitenfalten, Beutel mit Rei\u00dfverschluss oben, mit\/ohne Fenster, Euroloch usw.<\/div>\n<\/td>\n<\/tr>\n<tr style=\"height: 58px;\">\n<td style=\"border-color: #dddddd; height: 58px; width: 14.8256%;\" colspan=\"1\" rowspan=\"1\" width=\"162\" height=\"20\">\n<div style=\"text-align: left;\">Qualit\u00e4tskontrolle:<\/div>\n<\/td>\n<td style=\"border-color: #dddddd; height: 58px; width: 84.6899%;\" colspan=\"1\" rowspan=\"1\" width=\"1041.6666666666667\" height=\"20\">\n<div style=\"text-align: left;\" data-spm-anchor-id=\"a2700.details.0.i14.1410417dX9YP5T\">Hochmoderne Ausr\u00fcstung und ein erfahrenes QC-Team kontrollieren Material, Halbfertig- und Fertigprodukte streng in jedem Schritt vor dem Versand.<\/div>\n<\/td>\n<\/tr>\n<\/tbody>\n<\/table>\n<\/div>\n<\/div>\n<p style=\"text-align: center;\">\n<\/div>","protected":false},"excerpt":{"rendered":"<p class=\"wui-p-v-4\"><span class=\"wui-text-color-accents wui-text-weight-bold\">Marke:<\/span> <span class=\"wui-text-color-primary\">CY-PACK<\/span><\/p>\n<p class=\"wui-p-v-4\"><span class=\"wui-text-color-accents wui-text-weight-bold\">Herkunft des Produkts:<\/span> <span class=\"wui-text-color-primary\">China<\/span><\/p>\n<p class=\"wui-p-v-4\"><span class=\"wui-text-color-accents wui-text-weight-bold\">Lieferfrist:<\/span> <span class=\"wui-text-color-primary\">20 Tage Vorlaufzeit<\/span><\/p>\n<p class=\"wui-p-v-4\"><span class=\"wui-text-color-accents wui-text-weight-bold\">Lieferkapazit\u00e4t:<\/span> <span class=\"wui-text-color-primary\">1200 Tonnen\/Monat<\/span><\/p>\n<p class=\"wui-p-v-4\">Oberfl\u00e4chenbehandlung:Tiefdruck\/Digitaldruck<br \/>\nVerwendung:Kaffeebohnen<br \/>\nBenutzerdefinierte Bestellung:Akzeptieren<br \/>\nGesch\u00e4ftsart: Unternehmen f\u00fcr ma\u00dfgeschneiderte Lebensmittelverpackungen<br \/>\nStehende Verpackungsbeutel f\u00fcr Kaffee sind aus haltbaren Materialien hergestellt, die Kaffeebohnen w\u00e4hrend des Versands und der Handhabung vor Sch\u00e4den sch\u00fctzen k\u00f6nnen.<br \/>\nEs gibt Entgasungsventile in Kaffees\u00e4cken, um die Qualit\u00e4t der Kaffeebohne zu gew\u00e4hrleisten.<\/p>","protected":false},"featured_media":1403,"comment_status":"open","ping_status":"closed","template":"","meta":{"_seopress_robots_primary_cat":"none","_seopress_titles_title":"Wholesale Coffee Beans Packaging Bags with Valve","_seopress_titles_desc":"Wholesale Coffee Beans Packaging Bags with Valve-manufacture and factory. We  CY PACK accept custom coffee bags.","_seopress_robots_index":"","_monsterinsights_skip_tracking":false,"_monsterinsights_sitenote_active":false,"_monsterinsights_sitenote_note":"","_monsterinsights_sitenote_category":0,"_kad_post_transparent":"default","_kad_post_title":"","_kad_post_layout":"default","_kad_post_sidebar_id":"","_kad_post_content_style":"default","_kad_post_vertical_padding":"default","_kad_post_feature":"","_kad_post_feature_position":"","_kad_post_header":false,"_kad_post_footer":false},"product_brand":[],"product_cat":[40],"product_tag":[],"class_list":{"0":"post-1402","1":"product","2":"type-product","3":"status-publish","4":"has-post-thumbnail","6":"product_cat-coffee-bags","8":"first","9":"instock","10":"shipping-taxable","11":"product-type-simple","12":"entry","13":"content-bg","14":"loop-entry"},"_links":{"self":[{"href":"https:\/\/www.cy-package.com\/de\/wp-json\/wp\/v2\/product\/1402","targetHints":{"allow":["GET"]}}],"collection":[{"href":"https:\/\/www.cy-package.com\/de\/wp-json\/wp\/v2\/product"}],"about":[{"href":"https:\/\/www.cy-package.com\/de\/wp-json\/wp\/v2\/types\/product"}],"replies":[{"embeddable":true,"href":"https:\/\/www.cy-package.com\/de\/wp-json\/wp\/v2\/comments?post=1402"}],"version-history":[{"count":1,"href":"https:\/\/www.cy-package.com\/de\/wp-json\/wp\/v2\/product\/1402\/revisions"}],"predecessor-version":[{"id":1406,"href":"https:\/\/www.cy-package.com\/de\/wp-json\/wp\/v2\/product\/1402\/revisions\/1406"}],"wp:featuredmedia":[{"embeddable":true,"href":"https:\/\/www.cy-package.com\/de\/wp-json\/wp\/v2\/media\/1403"}],"wp:attachment":[{"href":"https:\/\/www.cy-package.com\/de\/wp-json\/wp\/v2\/media?parent=1402"}],"wp:term":[{"taxonomy":"product_brand","embeddable":true,"href":"https:\/\/www.cy-package.com\/de\/wp-json\/wp\/v2\/product_brand?post=1402"},{"taxonomy":"product_cat","embeddable":true,"href":"https:\/\/www.cy-package.com\/de\/wp-json\/wp\/v2\/product_cat?post=1402"},{"taxonomy":"product_tag","embeddable":true,"href":"https:\/\/www.cy-package.com\/de\/wp-json\/wp\/v2\/product_tag?post=1402"}],"curies":[{"name":"wp","href":"https:\/\/api.w.org\/{rel}","templated":true}]}}