{"id":1407,"date":"2025-05-26T18:55:00","date_gmt":"2025-05-26T10:55:00","guid":{"rendered":"https:\/\/www.cy-package.com\/?post_type=product&#038;p=1407"},"modified":"2025-12-30T16:34:41","modified_gmt":"2025-12-30T08:34:41","slug":"plastiktuten-mit-flachem-boden-fur-lebensmittelverpackungen-9","status":"publish","type":"product","link":"https:\/\/www.cy-package.com\/de\/produkt\/plastiktuten-mit-flachem-boden-fur-lebensmittelverpackungen-9\/","title":{"rendered":"Kundenspezifische biologisch abbaubare Verpackungen Nachhaltige flexible Verpackungsbeutel Unternehmen"},"content":{"rendered":"<div data-elementor-type=\"product-post\" data-elementor-id=\"1407\" class=\"elementor elementor-1407\" data-elementor-post-type=\"product\">\n\t\t\t\t\t\t<section class=\"elementor-section elementor-top-section elementor-element elementor-element-1d48491a elementor-section-boxed elementor-section-height-default elementor-section-height-default\" data-id=\"1d48491a\" data-element_type=\"section\">\n\t\t\t\t\t\t<div class=\"elementor-container elementor-column-gap-default\">\n\t\t\t\t\t<div class=\"elementor-column elementor-col-100 elementor-top-column elementor-element elementor-element-62bc43d4\" data-id=\"62bc43d4\" data-element_type=\"column\">\n\t\t\t<div class=\"elementor-widget-wrap elementor-element-populated\">\n\t\t\t\t\t\t<div class=\"elementor-element elementor-element-4fdf0738 elementor-widget elementor-widget-text-editor\" data-id=\"4fdf0738\" data-element_type=\"widget\" data-widget_type=\"text-editor.default\">\n\t\t\t\t<div class=\"elementor-widget-container\">\n\t\t\t\t\t\t\t\t\t<p><span style=\"color: #2b6cb3; font-size: 28px;\"><strong style=\"font-family: var(--global-body-font-family);\">Produkt-Paramenter<\/strong><\/span><\/p><div><div class=\"nei-table\"><div><table style=\"border-collapse: collapse; width: 100%;\"><tbody><tr><td style=\"width: 19.8374%;\">Material:<\/td><td style=\"width: 80.1626%;\">Kraftpapier\/PLA\/PBAT, etc.<\/td><\/tr><tr><td style=\"width: 19.8374%;\">Tintenart:<\/td><td style=\"width: 80.1626%;\">Umweltfreundliche Sojatinte in Lebensmittelqualit\u00e4t<\/td><\/tr><tr><td style=\"width: 19.8374%;\">Anwendung:<\/td><td style=\"width: 80.1626%;\">Lebensmittel \/ Kaffee \/ Tiernahrung \/ Tee \/ Snacks \/ N\u00fcsse \/ Molkenprotein \/ S\u00fc\u00dfigkeiten \/ Samen, etc.<\/td><\/tr><tr><td style=\"width: 19.8374%;\">Stil-Optionen:<\/td><td style=\"width: 80.1626%;\">Flacher Boden, Stand UP, Seitenfalte, Rei\u00dfverschluss oben, mit\/ohne Fenster, Euro-Loch, etc.<\/td><\/tr><tr><td style=\"width: 19.8374%;\">Qualit\u00e4tskontrolle:<\/td><td style=\"width: 80.1626%;\">Hochmoderne Ausr\u00fcstung und ein erfahrenes QC-Team kontrollieren Material, Halbfertig- und Fertigprodukte streng in jedem Schritt vor dem Versand.<\/td><\/tr><\/tbody><\/table><\/div><\/div><\/div><div><p style=\"text-align: center;\">\u00a0<\/p><\/div>\t\t\t\t\t\t\t\t<\/div>\n\t\t\t\t<\/div>\n\t\t\t\t<div class=\"elementor-element elementor-element-a605938 elementor-widget elementor-widget-image\" data-id=\"a605938\" data-element_type=\"widget\" data-widget_type=\"image.default\">\n\t\t\t\t<div class=\"elementor-widget-container\">\n\t\t\t\t\t\t\t\t\t\t\t\t\t\t\t<img fetchpriority=\"high\" decoding=\"async\" width=\"475\" height=\"474\" src=\"https:\/\/www.cy-package.com\/wp-content\/uploads\/2024\/12\/9-2.jpg\" class=\"attachment-large size-large wp-image-1408\" alt=\"Unternehmen f\u00fcr biologisch abbaubare Verpackungen\" srcset=\"https:\/\/www.cy-package.com\/wp-content\/uploads\/2024\/12\/9-2.jpg 475w, https:\/\/www.cy-package.com\/wp-content\/uploads\/2024\/12\/9-2-300x300.jpg 300w, https:\/\/www.cy-package.com\/wp-content\/uploads\/2024\/12\/9-2-150x150.jpg 150w, https:\/\/www.cy-package.com\/wp-content\/uploads\/2024\/12\/9-2-12x12.jpg 12w, https:\/\/www.cy-package.com\/wp-content\/uploads\/2024\/12\/9-2-100x100.jpg 100w\" sizes=\"(max-width: 475px) 100vw, 475px\" \/>\t\t\t\t\t\t\t\t\t\t\t\t\t\t\t<\/div>\n\t\t\t\t<\/div>\n\t\t\t\t<div class=\"elementor-element elementor-element-ffdeb05 elementor-widget elementor-widget-text-editor\" data-id=\"ffdeb05\" data-element_type=\"widget\" data-widget_type=\"text-editor.default\">\n\t\t\t\t<div class=\"elementor-widget-container\">\n\t\t\t\t\t\t\t\t\t<p>\u00a0 \u00a0 \u00a0 \u00a0 \u00a0Als eines der weltweit f\u00fchrenden Unternehmen f\u00fcr biologisch abbaubare Verpackungen setzen wir uns f\u00fcr ma\u00dfgeschneiderte, nachhaltige Verpackungen ein.Woran erkennen Sie am besten, dass Sie eine wirklich biologisch abbaubare Verpackung erhalten? Achten Sie auf zertifizierte Verpackungen mit der Aufschrift \"kompostierbar\". Verpackungen, die als kompostierbar zertifiziert sind, bauen sich in einer kommerziellen oder privaten Kompostierungsumgebung sicher ab.<\/p><p>\u00a0 \u00a0 \u00a0 \u00a0 \u00a0Die Zertifizierung garantiert, dass sich die Verpackung unter bestimmten Bedingungen und innerhalb eines festgelegten Zeitrahmens zwangsl\u00e4ufig und sicher zersetzt. Sie k\u00f6nnen sicher sein, dass sich Ihre T\u00fcte oder Box innerhalb von 6 Monaten bis zu einem Jahr in einem Haus- oder Industriekompost vollst\u00e4ndig zersetzt und einen n\u00e4hrstoffreichen Boden hinterl\u00e4sst.\u00a0\u00a0<\/p>\t\t\t\t\t\t\t\t<\/div>\n\t\t\t\t<\/div>\n\t\t\t\t<div class=\"elementor-element elementor-element-bb9e08b elementor-widget elementor-widget-heading\" data-id=\"bb9e08b\" data-element_type=\"widget\" data-widget_type=\"heading.default\">\n\t\t\t\t<div class=\"elementor-widget-container\">\n\t\t\t\t\t<h2 class=\"elementor-heading-title elementor-size-default\"><br>Warum CY PACK<\/h2>\t\t\t\t<\/div>\n\t\t\t\t<\/div>\n\t\t\t\t<div class=\"elementor-element elementor-element-e828104 elementor-widget-divider--view-line elementor-widget elementor-widget-divider\" data-id=\"e828104\" data-element_type=\"widget\" data-widget_type=\"divider.default\">\n\t\t\t\t<div class=\"elementor-widget-container\">\n\t\t\t\t\t\t\t<div class=\"elementor-divider\">\n\t\t\t<span class=\"elementor-divider-separator\">\n\t\t\t\t\t\t<\/span>\n\t\t<\/div>\n\t\t\t\t\t\t<\/div>\n\t\t\t\t<\/div>\n\t\t\t\t<div class=\"elementor-element elementor-element-8052312 elementor-widget elementor-widget-text-editor\" data-id=\"8052312\" data-element_type=\"widget\" data-widget_type=\"text-editor.default\">\n\t\t\t\t<div class=\"elementor-widget-container\">\n\t\t\t\t\t\t\t\t\t<p>CY PACK ist ein vertrauensw\u00fcrdiger Hersteller, der Ihnen helfen kann, flexible Verpackungen mit bedrucktem Rei\u00dfverschluss und Standbeuteln zu gestalten:<\/p><p>\u2606 Hochwertige Materialien: CY PACK verwendet hochwertige umweltfreundliche Materialien, um sicherzustellen, dass die Produkte sicher und langlebig sind.<\/p><p>\u2606 Professionelle Anpassung: Bieten Sie personalisierte Designdienstleistungen an, um Ihre individuellen Bed\u00fcrfnisse zu erf\u00fcllen.<\/p><p>\u2606 Fortschrittliche Technologie: CY PACK Verwenden Sie moderne Drucktechnologie, um helle Farben und klare Muster zu gew\u00e4hrleisten.<\/p><p>\u2606 Ausgezeichneter Service: CY PACK professionelles Team bietet Rundum-Unterst\u00fctzung, um Ihre zufriedenstellende Erfahrung zu gew\u00e4hrleisten.<\/p><p>\u2606 Quellenhersteller: Reduzieren Sie Ihre Betriebskosten an der Quelle<\/p><p>\u2606 Qualit\u00e4tskontrolle: Qualit\u00e4tsprobleme, Ausgleich oder Wiederholung.<\/p>\t\t\t\t\t\t\t\t<\/div>\n\t\t\t\t<\/div>\n\t\t\t\t\t<\/div>\n\t\t<\/div>\n\t\t\t\t\t<\/div>\n\t\t<\/section>\n\t\t\t\t<\/div>","protected":false},"excerpt":{"rendered":"<p class=\"wui-p-v-4\"><span class=\"wui-text-color-accents wui-text-weight-bold\">Marke:<\/span> <span class=\"wui-text-color-primary\">CY-PACK<\/span><\/p>\n<p class=\"wui-p-v-4\"><span class=\"wui-text-color-accents wui-text-weight-bold\">Herkunft des Produkts:<\/span> <span class=\"wui-text-color-primary\">China<\/span><\/p>\n<p class=\"wui-p-v-4\"><span class=\"wui-text-color-accents wui-text-weight-bold\">Lieferfrist:<\/span> <span class=\"wui-text-color-primary\">20 Tage Vorlaufzeit<\/span><\/p>\n<p class=\"wui-p-v-4\"><span class=\"wui-text-color-accents wui-text-weight-bold\">Lieferkapazit\u00e4t:<\/span> <span class=\"wui-text-color-primary\">1200 Tonnen\/Monat<\/span><\/p>\n<p>CY produziert haupts\u00e4chlich flexible Beutel wie Flachbodenbeutel, Standbeutel, Verpackungsrollenfolien usw. Inzwischen sind wir eines der Unternehmen f\u00fcr biologisch abbaubare Verpackungen, wir akzeptieren kundenspezifische nachhaltige Verpackungsbeutel.<br \/>\nBiologisch abbaubare Lebensmittelverpackungen f\u00f6rdern die Kreislaufwirtschaft, indem sie Verpackungsabf\u00e4lle als Kompost nutzen, der dem Boden N\u00e4hrstoffe zuf\u00fchrt und zur F\u00f6rderung der Lebensmittelproduktion und der Landwirtschaft beitr\u00e4gt.<\/p>","protected":false},"featured_media":1417,"comment_status":"open","ping_status":"closed","template":"","meta":{"_seopress_robots_primary_cat":"none","_seopress_titles_title":"Custom Biodegradable Sustainable Packaging Pouches Companies","_seopress_titles_desc":"CY PACK is a manufacture in China, specialize in the production of biodegradable packaging bags with small MOQ.","_seopress_robots_index":"","_monsterinsights_skip_tracking":false,"_monsterinsights_sitenote_active":false,"_monsterinsights_sitenote_note":"","_monsterinsights_sitenote_category":0,"_kad_post_transparent":"default","_kad_post_title":"","_kad_post_layout":"default","_kad_post_sidebar_id":"","_kad_post_content_style":"default","_kad_post_vertical_padding":"default","_kad_post_feature":"","_kad_post_feature_position":"","_kad_post_header":false,"_kad_post_footer":false},"product_brand":[],"product_cat":[43],"product_tag":[44],"class_list":{"0":"post-1407","1":"product","2":"type-product","3":"status-publish","4":"has-post-thumbnail","6":"product_cat-biodegradable-packaging-bags","7":"product_tag-100-biodegradable-bags","9":"first","10":"instock","11":"shipping-taxable","12":"product-type-simple","13":"entry","14":"content-bg","15":"loop-entry"},"_links":{"self":[{"href":"https:\/\/www.cy-package.com\/de\/wp-json\/wp\/v2\/product\/1407","targetHints":{"allow":["GET"]}}],"collection":[{"href":"https:\/\/www.cy-package.com\/de\/wp-json\/wp\/v2\/product"}],"about":[{"href":"https:\/\/www.cy-package.com\/de\/wp-json\/wp\/v2\/types\/product"}],"replies":[{"embeddable":true,"href":"https:\/\/www.cy-package.com\/de\/wp-json\/wp\/v2\/comments?post=1407"}],"version-history":[{"count":30,"href":"https:\/\/www.cy-package.com\/de\/wp-json\/wp\/v2\/product\/1407\/revisions"}],"predecessor-version":[{"id":1692,"href":"https:\/\/www.cy-package.com\/de\/wp-json\/wp\/v2\/product\/1407\/revisions\/1692"}],"wp:featuredmedia":[{"embeddable":true,"href":"https:\/\/www.cy-package.com\/de\/wp-json\/wp\/v2\/media\/1417"}],"wp:attachment":[{"href":"https:\/\/www.cy-package.com\/de\/wp-json\/wp\/v2\/media?parent=1407"}],"wp:term":[{"taxonomy":"product_brand","embeddable":true,"href":"https:\/\/www.cy-package.com\/de\/wp-json\/wp\/v2\/product_brand?post=1407"},{"taxonomy":"product_cat","embeddable":true,"href":"https:\/\/www.cy-package.com\/de\/wp-json\/wp\/v2\/product_cat?post=1407"},{"taxonomy":"product_tag","embeddable":true,"href":"https:\/\/www.cy-package.com\/de\/wp-json\/wp\/v2\/product_tag?post=1407"}],"curies":[{"name":"wp","href":"https:\/\/api.w.org\/{rel}","templated":true}]}}