{"id":1434,"date":"2025-04-10T17:46:00","date_gmt":"2025-04-10T09:46:00","guid":{"rendered":"https:\/\/www.cy-package.com\/?post_type=product&#038;p=1434"},"modified":"2026-01-16T11:27:57","modified_gmt":"2026-01-16T03:27:57","slug":"wiederverwertbare-standbodenbeutel-mit-reisverschluss-fur-lebensmittel-3","status":"publish","type":"product","link":"https:\/\/www.cy-package.com\/de\/produkt\/wiederverwertbare-standbodenbeutel-mit-reisverschluss-fur-lebensmittel-3\/","title":{"rendered":"Wiederverwertbare Lebensmittelverpackungen aus Kunststoff PE+PE-Recycling-Beutel"},"content":{"rendered":"<p><span style=\"color: #2b6cb0;\"><strong style=\"font-size: 18px; font-family: var(--global-body-font-family);\">Produkt-Paramenter<\/strong><\/span><\/p>\n<div>\n<div class=\"nei-table\">\n<table style=\"width: 100%; height: 478px;\" width=\"1000\">\n<tbody>\n<tr class=\"firstRow\" style=\"height: 31px;\">\n<td style=\"width: 19.9732%; height: 31px;\" colspan=\"1\" rowspan=\"1\" width=\"162\" height=\"20\">\n<div style=\"text-align: left;\">Materialqualit\u00e4t:<\/div>\n<\/td>\n<td style=\"width: 79.0885%; height: 31px;\" colspan=\"1\" rowspan=\"1\" width=\"837\" height=\"20\">\n<div>Lebensmittelgeeignetes Material<\/div>\n<\/td>\n<\/tr>\n<tr style=\"height: 31px;\">\n<td style=\"width: 19.9732%; height: 31px;\" colspan=\"1\" rowspan=\"1\" width=\"162\" height=\"20\">\n<div>Material:<\/div>\n<\/td>\n<td style=\"width: 79.0885%; height: 31px;\" colspan=\"1\" rowspan=\"1\" width=\"837\" height=\"20\">\n<div>PE\/Kraftpapier ect.<\/div>\n<\/td>\n<\/tr>\n<tr style=\"height: 176px;\">\n<td style=\"width: 19.9732%; height: 176px;\" colspan=\"1\" rowspan=\"1\" width=\"162\" height=\"20\">\n<div>Merkmal :<\/div>\n<\/td>\n<td style=\"width: 79.0885%; height: 176px;\" colspan=\"1\" rowspan=\"1\" width=\"837\" height=\"20\">1). sicheres lebensmittelechtes Material und perfekter Druck<\/p>\n<p>2). gro\u00dfartig, um Auslaufen zu verhindern, ausgezeichneter Feuchtigkeitsschutz<\/p>\n<p>3) Traditionelle matte, matte Softtouch-, gl\u00e4nzende und metallisierte Oberfl\u00e4chen, Hei\u00dfpr\u00e4gung<\/td>\n<\/tr>\n<tr style=\"height: 31px;\">\n<td style=\"width: 19.9732%; height: 31px;\" colspan=\"1\" rowspan=\"1\" width=\"162\" height=\"20\">\n<div>Gr\u00f6\u00dfe&amp;Dicke:<\/div>\n<\/td>\n<td style=\"width: 79.0885%; height: 31px;\" colspan=\"1\" rowspan=\"1\" width=\"837\" height=\"20\">\n<div>Individuell nach Ihren Anforderungen<\/div>\n<\/td>\n<\/tr>\n<tr style=\"height: 31px;\">\n<td style=\"width: 19.9732%; height: 31px;\" colspan=\"1\" rowspan=\"1\" width=\"162\" height=\"20\">\n<div>Tintenart:<\/div>\n<\/td>\n<td style=\"width: 79.0885%; height: 31px;\" colspan=\"1\" rowspan=\"1\" width=\"837\" height=\"20\">\n<div>Umweltfreundliche Sojatinte in Lebensmittelqualit\u00e4t<\/div>\n<\/td>\n<\/tr>\n<tr style=\"height: 31px;\">\n<td style=\"width: 19.9732%; height: 31px;\" colspan=\"1\" rowspan=\"1\" width=\"162\" height=\"20\">\n<div>Kapazit\u00e4t:<\/div>\n<\/td>\n<td style=\"width: 79.0885%; height: 31px;\" colspan=\"1\" rowspan=\"1\" width=\"837\" height=\"20\">\n<div>200kg, 500kg, 1kg, 2kg, kundenspezifisch<\/div>\n<\/td>\n<\/tr>\n<tr style=\"height: 31px;\">\n<td style=\"width: 19.9732%; height: 31px;\" colspan=\"1\" rowspan=\"1\" width=\"162\" height=\"20\">\n<div>Anwendung:<\/div>\n<\/td>\n<td style=\"width: 79.0885%; height: 31px;\" colspan=\"1\" rowspan=\"1\" width=\"837\" height=\"20\">\n<div>Lebensmittel \/ Tiernahrung \/ Molkenprotein \/ Reis, Milchprodukte usw.<\/div>\n<\/td>\n<\/tr>\n<tr style=\"height: 58px;\">\n<td style=\"width: 19.9732%; height: 58px;\" colspan=\"1\" rowspan=\"1\" width=\"162\" height=\"20\">\n<div>Stil-Optionen:<\/div>\n<\/td>\n<td style=\"width: 79.0885%; height: 58px;\" colspan=\"1\" rowspan=\"1\" width=\"837\" height=\"20\">\n<div>Flacher Boden, Stand UP, Seitenfalte, Rei\u00dfverschluss oben, mit\/ohne Fenster, Euro-Loch, etc.<\/div>\n<\/td>\n<\/tr>\n<tr style=\"height: 58px;\">\n<td style=\"width: 19.9732%; height: 58px;\" colspan=\"1\" rowspan=\"1\" width=\"162\" height=\"20\">\n<div>Qualit\u00e4tskontrolle:<\/div>\n<\/td>\n<td style=\"width: 79.0885%; height: 58px;\" colspan=\"1\" rowspan=\"1\" width=\"837\" height=\"20\">\n<div data-spm-anchor-id=\"a2700.details.0.i14.1410417dX9YP5T\">Hochmoderne Ausr\u00fcstung und ein erfahrenes QC-Team kontrollieren Material, Halbfertig- und Fertigprodukte streng in jedem Schritt vor dem Versand.<\/div>\n<\/td>\n<\/tr>\n<\/tbody>\n<\/table>\n<\/div>\n<figure id=\"attachment_1435\" aria-describedby=\"caption-attachment-1435\" style=\"width: 1500px\" class=\"wp-caption aligncenter\"><img fetchpriority=\"high\" decoding=\"async\" class=\"size-full wp-image-1435\" src=\"https:\/\/www.cy-package.com\/wp-content\/uploads\/2024\/12\/5.jpg\" alt=\"recycelbarer Blockbodenbeutel\" width=\"1500\" height=\"1500\" srcset=\"https:\/\/www.cy-package.com\/wp-content\/uploads\/2024\/12\/5.jpg 1500w, https:\/\/www.cy-package.com\/wp-content\/uploads\/2024\/12\/5-300x300.jpg 300w, https:\/\/www.cy-package.com\/wp-content\/uploads\/2024\/12\/5-1024x1024.jpg 1024w, https:\/\/www.cy-package.com\/wp-content\/uploads\/2024\/12\/5-150x150.jpg 150w, https:\/\/www.cy-package.com\/wp-content\/uploads\/2024\/12\/5-768x768.jpg 768w, https:\/\/www.cy-package.com\/wp-content\/uploads\/2024\/12\/5-12x12.jpg 12w, https:\/\/www.cy-package.com\/wp-content\/uploads\/2024\/12\/5-600x600.jpg 600w, https:\/\/www.cy-package.com\/wp-content\/uploads\/2024\/12\/5-800x800.jpg 800w, https:\/\/www.cy-package.com\/wp-content\/uploads\/2024\/12\/5-100x100.jpg 100w\" sizes=\"(max-width: 1500px) 100vw, 1500px\" \/><figcaption id=\"caption-attachment-1435\" class=\"wp-caption-text\">recycelbarer Blockbodenbeutel<\/figcaption><\/figure>\n<p>Die recycelbaren Lebensmittelverpackungen werden aus 100% recyceltem Material hergestellt. Unsere PE+PE-Recycling-Taschen werden immer beliebter bei Lebensmittelverpackungen. Egal, ob Sie Kaffee, M\u00fcsli oder Tiernahrung verkaufen, Sie k\u00f6nnen Ihr Produkt einfach in sch\u00f6nen Designtaschen pr\u00e4sentieren, die sowohl den Geldbeutel als auch die Umwelt schonen.<\/p>\n<p>Da recycelte Kunststoffbeutel nicht vollst\u00e4ndig luftdicht sind, eignen sie sich gut f\u00fcr die kurzfristige Lagerung von Produkten. Wir empfehlen, die Beutel vor direkter Sonneneinstrahlung zu sch\u00fctzen und an k\u00fchleren, trockeneren Orten zu lagern, um die Produkte frisch zu halten, da der Beutel in Gegenwart von W\u00e4rme, Licht und Feuchtigkeit schneller zerf\u00e4llt.<\/p>\n<p>&nbsp;<\/p>\n<p style=\"text-align: center;\">\n<\/div>","protected":false},"excerpt":{"rendered":"<p class=\"wui-p-v-4\"><span class=\"wui-text-color-accents wui-text-weight-bold\">Marke:<\/span> <span class=\"wui-text-color-primary\">CY-PACK<\/span><\/p>\n<p class=\"wui-p-v-4\"><span class=\"wui-text-color-accents wui-text-weight-bold\">Herkunft des Produkts:<\/span> <span class=\"wui-text-color-primary\">China<\/span><\/p>\n<p class=\"wui-p-v-4\"><span class=\"wui-text-color-accents wui-text-weight-bold\">Lieferfrist:<\/span> <span class=\"wui-text-color-primary\">25 Tage Vorlaufzeit<\/span><\/p>\n<p class=\"wui-p-v-4\"><span class=\"wui-text-color-accents wui-text-weight-bold\">Lieferkapazit\u00e4t:<\/span> <span class=\"wui-text-color-primary\">1200 Tonnen\/Monat<\/span><\/p>\n<p class=\"wui-p-v-4\">1) Recycelbarkeit: Recycelte Plastikt\u00fcten k\u00f6nnen verarbeitet und wiederverwendet werden, wodurch die Gesamtmenge an Kunststoffabf\u00e4llen in Deponien und Ozeanen verringert wird.<br \/>\n2. weniger Energieverbrauch: Das Recycling von Plastikt\u00fcten erfordert in der Regel weniger Energie als die Herstellung neuer T\u00fcten aus Rohstoffen, was zu geringeren Kohlenstoffemissionen bei der Herstellung f\u00fchrt.<\/p>","protected":false},"featured_media":1441,"comment_status":"open","ping_status":"closed","template":"","meta":{"_seopress_robots_primary_cat":"none","_seopress_titles_title":"Recyclable Food Packaging Plastic PE+PE Recycling Bags","_seopress_titles_desc":"Recyclable food packaging bags source factory. Already got GRS certification.","_seopress_robots_index":"","_monsterinsights_skip_tracking":false,"_monsterinsights_sitenote_active":false,"_monsterinsights_sitenote_note":"","_monsterinsights_sitenote_category":0,"_kad_post_transparent":"default","_kad_post_title":"","_kad_post_layout":"default","_kad_post_sidebar_id":"","_kad_post_content_style":"default","_kad_post_vertical_padding":"default","_kad_post_feature":"","_kad_post_feature_position":"","_kad_post_header":false,"_kad_post_footer":false},"product_brand":[],"product_cat":[27],"product_tag":[],"class_list":{"0":"post-1434","1":"product","2":"type-product","3":"status-publish","4":"has-post-thumbnail","6":"product_cat-recyclable-packaging-bags","8":"first","9":"instock","10":"shipping-taxable","11":"product-type-simple","12":"entry","13":"content-bg","14":"loop-entry"},"_links":{"self":[{"href":"https:\/\/www.cy-package.com\/de\/wp-json\/wp\/v2\/product\/1434","targetHints":{"allow":["GET"]}}],"collection":[{"href":"https:\/\/www.cy-package.com\/de\/wp-json\/wp\/v2\/product"}],"about":[{"href":"https:\/\/www.cy-package.com\/de\/wp-json\/wp\/v2\/types\/product"}],"replies":[{"embeddable":true,"href":"https:\/\/www.cy-package.com\/de\/wp-json\/wp\/v2\/comments?post=1434"}],"version-history":[{"count":1,"href":"https:\/\/www.cy-package.com\/de\/wp-json\/wp\/v2\/product\/1434\/revisions"}],"predecessor-version":[{"id":1438,"href":"https:\/\/www.cy-package.com\/de\/wp-json\/wp\/v2\/product\/1434\/revisions\/1438"}],"wp:featuredmedia":[{"embeddable":true,"href":"https:\/\/www.cy-package.com\/de\/wp-json\/wp\/v2\/media\/1441"}],"wp:attachment":[{"href":"https:\/\/www.cy-package.com\/de\/wp-json\/wp\/v2\/media?parent=1434"}],"wp:term":[{"taxonomy":"product_brand","embeddable":true,"href":"https:\/\/www.cy-package.com\/de\/wp-json\/wp\/v2\/product_brand?post=1434"},{"taxonomy":"product_cat","embeddable":true,"href":"https:\/\/www.cy-package.com\/de\/wp-json\/wp\/v2\/product_cat?post=1434"},{"taxonomy":"product_tag","embeddable":true,"href":"https:\/\/www.cy-package.com\/de\/wp-json\/wp\/v2\/product_tag?post=1434"}],"curies":[{"name":"wp","href":"https:\/\/api.w.org\/{rel}","templated":true}]}}