{"id":1443,"date":"2025-02-18T14:16:39","date_gmt":"2025-02-18T06:16:39","guid":{"rendered":"https:\/\/www.cy-package.com\/?post_type=product&#038;p=1443"},"modified":"2025-12-30T16:38:25","modified_gmt":"2025-12-30T08:38:25","slug":"plastiktuten-mit-flachem-boden-fur-lebensmittelverpackungen-10","status":"publish","type":"product","link":"https:\/\/www.cy-package.com\/de\/produkt\/plastiktuten-mit-flachem-boden-fur-lebensmittelverpackungen-10\/","title":{"rendered":"Stand Up Bags f\u00fcr Kekse Gro\u00dfhandel Flexible Standing Pouches mit Hanging Hole"},"content":{"rendered":"<p><strong style=\"font-family: var(--global-body-font-family);\">Produkt-Paramenter<\/strong><\/p>\n<table style=\"border-collapse: collapse; width: 100%; height: 177px;\">\n<tbody>\n<tr style=\"height: 30px;\">\n<td style=\"width: 19.8374%; height: 30px;\">Material:<\/td>\n<td style=\"width: 80.1626%; height: 30px;\">PET\/AL\/PE, PET\/EVOH\/PE, MOPP\/AL\/PE usw.<\/td>\n<\/tr>\n<tr style=\"height: 30px;\">\n<td style=\"width: 19.8374%; height: 30px;\">Tintenart:<\/td>\n<td style=\"width: 80.1626%; height: 30px;\">Umweltfreundliche Sojatinte in Lebensmittelqualit\u00e4t<\/td>\n<\/tr>\n<tr style=\"height: 30px;\">\n<td style=\"width: 19.8374%; height: 30px;\">Anwendung:<\/td>\n<td style=\"width: 80.1626%; height: 30px;\">Kekse &amp; Backwaren \/ Gesundheit &amp; Wellness \/ Kaffee \/ Tiernahrung \/ Tee \/ Snacks \/ N\u00fcsse \/ Molkenprotein \/ S\u00fc\u00dfigkeiten \/ Samen, etc.<\/td>\n<\/tr>\n<tr style=\"height: 30px;\">\n<td style=\"width: 19.8374%; height: 30px;\">Stil-Optionen:<\/td>\n<td style=\"width: 80.1626%; height: 30px;\">Flach, Stand UP, Seitenfalte, Rei\u00dfverschluss oben, mit\/ohne Fenster, Euro-Loch, etc.<\/td>\n<\/tr>\n<tr style=\"height: 57px;\">\n<td style=\"width: 19.8374%; height: 57px;\">Qualit\u00e4tskontrolle:<\/td>\n<td style=\"width: 80.1626%; height: 57px;\">Hochmoderne Ausr\u00fcstung und ein erfahrenes QC-Team kontrollieren Material, Halbfertig- und Fertigprodukte streng in jedem Schritt vor dem Versand.<\/td>\n<\/tr>\n<\/tbody>\n<\/table>\n<p><img fetchpriority=\"high\" decoding=\"async\" class=\"aligncenter wp-image-1390\" src=\"https:\/\/www.cy-package.com\/wp-content\/uploads\/2024\/12\/cookies-doypack.png\" alt=\"Kekse Doypack\" width=\"520\" height=\"338\" srcset=\"https:\/\/www.cy-package.com\/wp-content\/uploads\/2024\/12\/cookies-doypack.png 5436w, https:\/\/www.cy-package.com\/wp-content\/uploads\/2024\/12\/cookies-doypack-300x195.png 300w, https:\/\/www.cy-package.com\/wp-content\/uploads\/2024\/12\/cookies-doypack-1024x665.png 1024w, https:\/\/www.cy-package.com\/wp-content\/uploads\/2024\/12\/cookies-doypack-768x499.png 768w, https:\/\/www.cy-package.com\/wp-content\/uploads\/2024\/12\/cookies-doypack-1536x998.png 1536w, https:\/\/www.cy-package.com\/wp-content\/uploads\/2024\/12\/cookies-doypack-2048x1331.png 2048w, https:\/\/www.cy-package.com\/wp-content\/uploads\/2024\/12\/cookies-doypack-18x12.png 18w, https:\/\/www.cy-package.com\/wp-content\/uploads\/2024\/12\/cookies-doypack-800x520.png 800w\" sizes=\"(max-width: 520px) 100vw, 520px\" \/><\/p>\n<p>Sie werden in der Regel aus Materialien wie PE oder PP hergestellt, die eine Barriere gegen Feuchtigkeit und Sauerstoff bilden und dazu beitragen, dass Kekse frisch bleiben.<\/p>\n<p>Viele Stehbeutel f\u00fcr Kekse sind mit einem wiederverschlie\u00dfbaren Rei\u00dfverschluss ausgestattet, der es den Verbrauchern erleichtert, die Verpackung zu \u00f6ffnen und zu schlie\u00dfen und gleichzeitig die Frische zu erhalten. Standbeutel mit Aufh\u00e4ngeloch stehen aufrecht und fallen im Regal auf. Einige Designs verf\u00fcgen \u00fcber ein transparentes Fenster, durch das die Kunden die Kekse im Inneren sehen k\u00f6nnen, was die visuelle Attraktivit\u00e4t erh\u00f6ht. Diese Beutel k\u00f6nnen mit lebendigen Motiven, Markenzeichen und N\u00e4hrwertangaben bedruckt werden, was sie im Regal attraktiv macht.<\/p>","protected":false},"excerpt":{"rendered":"<p class=\"wui-p-v-4\"><span class=\"wui-text-color-accents wui-text-weight-bold\">Marke:<\/span> <span class=\"wui-text-color-primary\">CY-PACK<\/span><\/p>\n<p class=\"wui-p-v-4\"><span class=\"wui-text-color-accents wui-text-weight-bold\">Herkunft des Produkts:<\/span> <span class=\"wui-text-color-primary\">China<\/span><\/p>\n<p class=\"wui-p-v-4\"><span class=\"wui-text-color-accents wui-text-weight-bold\">Lieferfrist:<\/span> <span class=\"wui-text-color-primary\">20 Tage Vorlaufzeit<\/span><\/p>\n<p class=\"wui-p-v-4\"><span class=\"wui-text-color-accents wui-text-weight-bold\">Lieferkapazit\u00e4t:<\/span> <span class=\"wui-text-color-primary\">1200 Tonnen\/Monat<\/span><\/p>\n<p>Zertifizierte flexible Gro\u00dfhandelss\u00e4cke eignen sich f\u00fcr Lebensmittel- und Non-Food-Verpackungen und sind auch in recycelbaren Materialien erh\u00e4ltlich.<br \/>\nVollst\u00e4ndig in China hergestellte und bedruckte Verpackung Gro\u00dfer bedruckbarer Bereich, einschlie\u00dflich der Bodenfalte des Beutels, f\u00fcr maximale Attraktivit\u00e4t Aluminiumfolie im Inneren von Standbodenbeuteln f\u00fcr Kekse sorgt f\u00fcr eine l\u00e4ngere Haltbarkeit.<\/p>","protected":false},"featured_media":1445,"comment_status":"open","ping_status":"closed","template":"","meta":{"_seopress_robots_primary_cat":"none","_seopress_titles_title":"Stand Up Bags for Biscuit Standing Pouches with Hanging Hole","_seopress_titles_desc":"CY PACK is a flexible packaging manufacture in China. Packaging pouch bags suitable for food, daily chemicals and other industries.","_seopress_robots_index":"","_monsterinsights_skip_tracking":false,"_monsterinsights_sitenote_active":false,"_monsterinsights_sitenote_note":"","_monsterinsights_sitenote_category":0,"_kad_post_transparent":"default","_kad_post_title":"","_kad_post_layout":"default","_kad_post_sidebar_id":"","_kad_post_content_style":"default","_kad_post_vertical_padding":"default","_kad_post_feature":"","_kad_post_feature_position":"","_kad_post_header":false,"_kad_post_footer":false},"product_brand":[],"product_cat":[49],"product_tag":[],"class_list":{"0":"post-1443","1":"product","2":"type-product","3":"status-publish","4":"has-post-thumbnail","6":"product_cat-cookies-bakery-product-packaging","8":"first","9":"instock","10":"shipping-taxable","11":"product-type-simple","12":"entry","13":"content-bg","14":"loop-entry"},"_links":{"self":[{"href":"https:\/\/www.cy-package.com\/de\/wp-json\/wp\/v2\/product\/1443","targetHints":{"allow":["GET"]}}],"collection":[{"href":"https:\/\/www.cy-package.com\/de\/wp-json\/wp\/v2\/product"}],"about":[{"href":"https:\/\/www.cy-package.com\/de\/wp-json\/wp\/v2\/types\/product"}],"replies":[{"embeddable":true,"href":"https:\/\/www.cy-package.com\/de\/wp-json\/wp\/v2\/comments?post=1443"}],"version-history":[{"count":1,"href":"https:\/\/www.cy-package.com\/de\/wp-json\/wp\/v2\/product\/1443\/revisions"}],"predecessor-version":[{"id":1446,"href":"https:\/\/www.cy-package.com\/de\/wp-json\/wp\/v2\/product\/1443\/revisions\/1446"}],"wp:featuredmedia":[{"embeddable":true,"href":"https:\/\/www.cy-package.com\/de\/wp-json\/wp\/v2\/media\/1445"}],"wp:attachment":[{"href":"https:\/\/www.cy-package.com\/de\/wp-json\/wp\/v2\/media?parent=1443"}],"wp:term":[{"taxonomy":"product_brand","embeddable":true,"href":"https:\/\/www.cy-package.com\/de\/wp-json\/wp\/v2\/product_brand?post=1443"},{"taxonomy":"product_cat","embeddable":true,"href":"https:\/\/www.cy-package.com\/de\/wp-json\/wp\/v2\/product_cat?post=1443"},{"taxonomy":"product_tag","embeddable":true,"href":"https:\/\/www.cy-package.com\/de\/wp-json\/wp\/v2\/product_tag?post=1443"}],"curies":[{"name":"wp","href":"https:\/\/api.w.org\/{rel}","templated":true}]}}