{"id":1456,"date":"2025-02-13T16:53:43","date_gmt":"2025-02-13T08:53:43","guid":{"rendered":"https:\/\/www.cy-package.com\/?post_type=product&#038;p=1456"},"modified":"2025-12-30T16:38:05","modified_gmt":"2025-12-30T08:38:05","slug":"wiederverwertbare-standbodenbeutel-mit-reisverschluss-fur-lebensmittel-4","status":"publish","type":"product","link":"https:\/\/www.cy-package.com\/de\/produkt\/wiederverwertbare-standbodenbeutel-mit-reisverschluss-fur-lebensmittel-4\/","title":{"rendered":"Wiederverwertbare Verpackungen Schwerlast-Kunststoffs\u00e4cke mit flachem Boden und Seitenfaltenbeutel"},"content":{"rendered":"<p><span style=\"color: #2b6cb0;\"><strong style=\"font-size: 18px; font-family: var(--global-body-font-family);\">Produkt-Paramenter<\/strong><\/span><\/p>\n<div>\n<div class=\"nei-table\">\n<table style=\"width: 100%;\" width=\"1000\">\n<tbody>\n<tr class=\"firstRow\">\n<td style=\"width: 19.9732%;\" colspan=\"1\" rowspan=\"1\" width=\"162\" height=\"20\">\n<div style=\"text-align: left;\">Materialqualit\u00e4t:<\/div>\n<\/td>\n<td style=\"width: 79.0885%;\" colspan=\"1\" rowspan=\"1\" width=\"837\" height=\"20\">\n<div>Lebensmittelgeeignetes Material<\/div>\n<\/td>\n<\/tr>\n<tr>\n<td style=\"width: 19.9732%;\" colspan=\"1\" rowspan=\"1\" width=\"162\" height=\"20\">\n<div>Material:<\/div>\n<\/td>\n<td style=\"width: 79.0885%;\" colspan=\"1\" rowspan=\"1\" width=\"837\" height=\"20\">\n<div>PE\/Kraftpapier ect.<\/div>\n<\/td>\n<\/tr>\n<tr>\n<td style=\"width: 19.9732%;\" colspan=\"1\" rowspan=\"1\" width=\"162\" height=\"20\">\n<div>Merkmal :<\/div>\n<\/td>\n<td style=\"width: 79.0885%;\" colspan=\"1\" rowspan=\"1\" width=\"837\" height=\"20\">1). sicheres lebensmittelechtes Material und perfekter Druck<\/p>\n<p>2). gro\u00dfartig, um Auslaufen zu verhindern, ausgezeichneter Feuchtigkeitsschutz<\/p>\n<p>3) Traditionelle matte, matte Softtouch-, gl\u00e4nzende und metallisierte Oberfl\u00e4chen, Hei\u00dfpr\u00e4gung<\/td>\n<\/tr>\n<tr>\n<td style=\"width: 19.9732%;\" colspan=\"1\" rowspan=\"1\" width=\"162\" height=\"20\">\n<div>Gr\u00f6\u00dfe&amp;Dicke:<\/div>\n<\/td>\n<td style=\"width: 79.0885%;\" colspan=\"1\" rowspan=\"1\" width=\"837\" height=\"20\">\n<div>Individuell nach Ihren Anforderungen<\/div>\n<\/td>\n<\/tr>\n<tr>\n<td style=\"width: 19.9732%;\" colspan=\"1\" rowspan=\"1\" width=\"162\" height=\"20\">\n<div>Tintenart:<\/div>\n<\/td>\n<td style=\"width: 79.0885%;\" colspan=\"1\" rowspan=\"1\" width=\"837\" height=\"20\">\n<div>Umweltfreundliche Sojatinte in Lebensmittelqualit\u00e4t<\/div>\n<\/td>\n<\/tr>\n<tr>\n<td style=\"width: 19.9732%;\" colspan=\"1\" rowspan=\"1\" width=\"162\" height=\"20\">\n<div>Kapazit\u00e4t:<\/div>\n<\/td>\n<td style=\"width: 79.0885%;\" colspan=\"1\" rowspan=\"1\" width=\"837\" height=\"20\">\n<div>1kg, 2kg, 5kg, 10kg, kundenspezifisch<\/div>\n<\/td>\n<\/tr>\n<tr>\n<td style=\"width: 19.9732%;\" colspan=\"1\" rowspan=\"1\" width=\"162\" height=\"20\">\n<div>Anwendung:<\/div>\n<\/td>\n<td style=\"width: 79.0885%;\" colspan=\"1\" rowspan=\"1\" width=\"837\" height=\"20\">\n<div>Lebensmittel \/ Tiernahrung \/ Molkenprotein \/ Reis, Milchprodukte usw.<\/div>\n<\/td>\n<\/tr>\n<tr>\n<td style=\"width: 19.9732%;\" colspan=\"1\" rowspan=\"1\" width=\"162\" height=\"20\">\n<div>Stil-Optionen:<\/div>\n<\/td>\n<td style=\"width: 79.0885%;\" colspan=\"1\" rowspan=\"1\" width=\"837\" height=\"20\">\n<div>Flacher Boden, Stand UP, Seitenfalte, Rei\u00dfverschluss oben, mit\/ohne Fenster, Euro-Loch, etc.<\/div>\n<\/td>\n<\/tr>\n<tr>\n<td style=\"width: 19.9732%;\" colspan=\"1\" rowspan=\"1\" width=\"162\" height=\"20\">\n<div>Qualit\u00e4tskontrolle:<\/div>\n<\/td>\n<td style=\"width: 79.0885%;\" colspan=\"1\" rowspan=\"1\" width=\"837\" height=\"20\">\n<div data-spm-anchor-id=\"a2700.details.0.i14.1410417dX9YP5T\">Hochmoderne Ausr\u00fcstung und ein erfahrenes QC-Team kontrollieren Material, Halbfertig- und Fertigprodukte streng in jedem Schritt vor dem Versand.<\/div>\n<\/td>\n<\/tr>\n<\/tbody>\n<\/table>\n<\/div>\n<p><img fetchpriority=\"high\" decoding=\"async\" class=\"aligncenter size-full wp-image-1432\" src=\"https:\/\/www.cy-package.com\/wp-content\/uploads\/2024\/12\/9-4.jpg\" alt=\"\" width=\"1500\" height=\"1500\" srcset=\"https:\/\/www.cy-package.com\/wp-content\/uploads\/2024\/12\/9-4.jpg 1500w, https:\/\/www.cy-package.com\/wp-content\/uploads\/2024\/12\/9-4-300x300.jpg 300w, https:\/\/www.cy-package.com\/wp-content\/uploads\/2024\/12\/9-4-1024x1024.jpg 1024w, https:\/\/www.cy-package.com\/wp-content\/uploads\/2024\/12\/9-4-150x150.jpg 150w, https:\/\/www.cy-package.com\/wp-content\/uploads\/2024\/12\/9-4-768x768.jpg 768w, https:\/\/www.cy-package.com\/wp-content\/uploads\/2024\/12\/9-4-12x12.jpg 12w, https:\/\/www.cy-package.com\/wp-content\/uploads\/2024\/12\/9-4-600x600.jpg 600w, https:\/\/www.cy-package.com\/wp-content\/uploads\/2024\/12\/9-4-800x800.jpg 800w, https:\/\/www.cy-package.com\/wp-content\/uploads\/2024\/12\/9-4-100x100.jpg 100w\" sizes=\"(max-width: 1500px) 100vw, 1500px\" \/><\/p>\n<p>1) Haltbarkeit: Diese Beutel werden in der Regel aus dickerem Polyethylen oder \u00e4hnlichen Materialien hergestellt und eignen sich daher ideal f\u00fcr schwere oder sperrige Gegenst\u00e4nde, aber auch f\u00fcr wiederverwertbare Plastikt\u00fcten f\u00fcr Verpackungen, die dem Verschlei\u00df bei der Handhabung und beim Transport standhalten.<\/p>\n<p>2. mit Aufh\u00e4ngeloch: Das Aufh\u00e4ngeloch erm\u00f6glicht eine einfache Pr\u00e4sentation an Haken oder W\u00e4scheklammern und eignet sich somit perfekt f\u00fcr den Einzelhandel.<\/p>\n<p>3. vielseitig einsetzbar: Die strapazierf\u00e4higen Taschen k\u00f6nnen f\u00fcr eine Vielzahl von Gegenst\u00e4nden verwendet werden, z. B. Kleidung, Werkzeuge, K\u00fcchenartikel und Eisenwaren. Sie eignen sich auch hervorragend f\u00fcr die Organisation von Gegenst\u00e4nden in Lagern oder Abstellr\u00e4umen.<\/p>\n<p>&nbsp;<\/p>\n<p>&nbsp;<\/p>\n<p style=\"text-align: center;\">\n<\/div>","protected":false},"excerpt":{"rendered":"<p class=\"wui-p-v-4\"><span class=\"wui-text-color-accents wui-text-weight-bold\">Marke:<\/span> <span class=\"wui-text-color-primary\">CY-PACK<\/span><\/p>\n<p class=\"wui-p-v-4\"><span class=\"wui-text-color-accents wui-text-weight-bold\">Herkunft des Produkts:<\/span> <span class=\"wui-text-color-primary\">China<\/span><\/p>\n<p class=\"wui-p-v-4\"><span class=\"wui-text-color-accents wui-text-weight-bold\">Lieferfrist:<\/span> <span class=\"wui-text-color-primary\">25 Tage Vorlaufzeit<\/span><\/p>\n<p class=\"wui-p-v-4\"><span class=\"wui-text-color-accents wui-text-weight-bold\">Lieferkapazit\u00e4t:<\/span> <span class=\"wui-text-color-primary\">1200 Tonnen\/Monat<\/span><\/p>\n<p class=\"wui-p-v-4\">Umweltfreundliche Verpackungsmaterialien verringern in hohem Ma\u00dfe die Verschmutzung durch Plastik und tragen zum weltweiten Umweltschutz bei.<br \/>\nRecycelbare Hochleistungs-Plastikbeutel mit Aufh\u00e4ngel\u00f6chern sind eine praktische Verpackungsl\u00f6sung f\u00fcr verschiedene Anwendungen, insbesondere im Einzelhandel und in der Lagerhaltung.<\/p>","protected":false},"featured_media":1458,"comment_status":"open","ping_status":"closed","template":"","meta":{"_seopress_robots_primary_cat":"none","_seopress_titles_title":"Recyclable Packaging Heavy Duty Clear Plastic Bags","_seopress_titles_desc":"Recyclable plastic bags for packaging bags supplier in China. Hot sale to Australi, US, Europe.","_seopress_robots_index":"","_monsterinsights_skip_tracking":false,"_monsterinsights_sitenote_active":false,"_monsterinsights_sitenote_note":"","_monsterinsights_sitenote_category":0,"_kad_post_transparent":"default","_kad_post_title":"","_kad_post_layout":"default","_kad_post_sidebar_id":"","_kad_post_content_style":"default","_kad_post_vertical_padding":"default","_kad_post_feature":"","_kad_post_feature_position":"","_kad_post_header":false,"_kad_post_footer":false},"product_brand":[],"product_cat":[27],"product_tag":[],"class_list":{"0":"post-1456","1":"product","2":"type-product","3":"status-publish","4":"has-post-thumbnail","6":"product_cat-recyclable-packaging-bags","8":"first","9":"instock","10":"shipping-taxable","11":"product-type-simple","12":"entry","13":"content-bg","14":"loop-entry"},"_links":{"self":[{"href":"https:\/\/www.cy-package.com\/de\/wp-json\/wp\/v2\/product\/1456","targetHints":{"allow":["GET"]}}],"collection":[{"href":"https:\/\/www.cy-package.com\/de\/wp-json\/wp\/v2\/product"}],"about":[{"href":"https:\/\/www.cy-package.com\/de\/wp-json\/wp\/v2\/types\/product"}],"replies":[{"embeddable":true,"href":"https:\/\/www.cy-package.com\/de\/wp-json\/wp\/v2\/comments?post=1456"}],"version-history":[{"count":2,"href":"https:\/\/www.cy-package.com\/de\/wp-json\/wp\/v2\/product\/1456\/revisions"}],"predecessor-version":[{"id":2352,"href":"https:\/\/www.cy-package.com\/de\/wp-json\/wp\/v2\/product\/1456\/revisions\/2352"}],"wp:featuredmedia":[{"embeddable":true,"href":"https:\/\/www.cy-package.com\/de\/wp-json\/wp\/v2\/media\/1458"}],"wp:attachment":[{"href":"https:\/\/www.cy-package.com\/de\/wp-json\/wp\/v2\/media?parent=1456"}],"wp:term":[{"taxonomy":"product_brand","embeddable":true,"href":"https:\/\/www.cy-package.com\/de\/wp-json\/wp\/v2\/product_brand?post=1456"},{"taxonomy":"product_cat","embeddable":true,"href":"https:\/\/www.cy-package.com\/de\/wp-json\/wp\/v2\/product_cat?post=1456"},{"taxonomy":"product_tag","embeddable":true,"href":"https:\/\/www.cy-package.com\/de\/wp-json\/wp\/v2\/product_tag?post=1456"}],"curies":[{"name":"wp","href":"https:\/\/api.w.org\/{rel}","templated":true}]}}