{"id":1563,"date":"2025-03-31T11:29:16","date_gmt":"2025-03-31T03:29:16","guid":{"rendered":"https:\/\/www.cy-package.com\/?post_type=product&#038;p=1563"},"modified":"2025-12-30T16:31:36","modified_gmt":"2025-12-30T08:31:36","slug":"plastiktuten-mit-flachem-boden-fur-lebensmittelverpackungen-14","status":"publish","type":"product","link":"https:\/\/www.cy-package.com\/de\/produkt\/plastiktuten-mit-flachem-boden-fur-lebensmittelverpackungen-14\/","title":{"rendered":"Individuelle Schokoladenverpackungen S\u00fc\u00dfwarenverpackungen Lieferanten"},"content":{"rendered":"<p><strong style=\"font-family: var(--global-body-font-family);\">Produkt-Paramenter<\/strong><\/p>\n<table style=\"border-collapse: collapse; width: 100%; height: 177px;\">\n<tbody>\n<tr style=\"height: 30px;\">\n<td style=\"width: 19.8374%; height: 30px;\">Material:<\/td>\n<td style=\"width: 80.1626%; height: 30px;\">PET+VMPET+PE, BOPP+Kraftpapier+VMPET+PE, etc<\/td>\n<\/tr>\n<tr style=\"height: 30px;\">\n<td style=\"width: 19.8374%; height: 30px;\">Tintenart:<\/td>\n<td style=\"width: 80.1626%; height: 30px;\">Umweltfreundliche Sojatinte in Lebensmittelqualit\u00e4t<\/td>\n<\/tr>\n<tr style=\"height: 30px;\">\n<td style=\"width: 19.8374%; height: 30px;\">Anwendung:<\/td>\n<td style=\"width: 80.1626%; height: 30px;\">S\u00fc\u00dfwaren\/Lebensmittel\/Kaffee\/Tiernahrung\/Tee\/Snacks\/N\u00fcsse\/Molkenprotein\/Saatgut, etc.<\/td>\n<\/tr>\n<tr style=\"height: 30px;\">\n<td style=\"width: 19.8374%; height: 30px;\">Stil-Optionen:<\/td>\n<td style=\"width: 80.1626%; height: 30px;\">Flacher Boden, Stand UP, Seitenfalte, Rei\u00dfverschluss oben, mit\/ohne Fenster, Euro-Loch, etc.<\/td>\n<\/tr>\n<tr style=\"height: 57px;\">\n<td style=\"width: 19.8374%; height: 57px;\">Qualit\u00e4tskontrolle:<\/td>\n<td style=\"width: 80.1626%; height: 57px;\">Hochmoderne Ausr\u00fcstung und ein erfahrenes QC-Team kontrollieren Material, Halbfertig- und Fertigprodukte streng in jedem Schritt vor dem Versand.<\/td>\n<\/tr>\n<\/tbody>\n<\/table>\n<p><img fetchpriority=\"high\" decoding=\"async\" class=\"aligncenter\" src=\"https:\/\/www.cy-package.com\/wp-content\/uploads\/2024\/12\/16-1.jpg\" alt=\"Lieferanten von S\u00fc\u00dfwarenverpackungen\" width=\"508\" height=\"368\" \/><br \/>\nLieferanten von S\u00fc\u00dfwarenverpackungen<\/p>\n<p>&nbsp;<\/p>\n<p>&nbsp;<\/p>\n<p>Verpackungsbeutel f\u00fcr S\u00fc\u00dfwaren k\u00f6nnen Produkte sch\u00fctzen. Es kann effektiv verhindern, dass Schokolade S\u00fc\u00dfigkeiten von externen Verunreinigungen, halten sie frisch und hygienisch. Wenn benutzerdefinierte bunten Druck Logo auf chococate pacaking Tasche, kann es \u00c4sthetik zu verbessern. Exquisites Verpackungsdesign kann die Aufmerksamkeit der Verbraucher auf sich ziehen und die Attraktivit\u00e4t der Produkte erh\u00f6hen.<\/p>\n<p style=\"text-align: center;\">","protected":false},"excerpt":{"rendered":"<p class=\"wui-p-v-4\"><span class=\"wui-text-color-accents wui-text-weight-bold\">Marke:<\/span> <span class=\"wui-text-color-primary\">CY-PACK<\/span><\/p>\n<p class=\"wui-p-v-4\"><span class=\"wui-text-color-accents wui-text-weight-bold\">Herkunft des Produkts:<\/span> <span class=\"wui-text-color-primary\">China<\/span><\/p>\n<p class=\"wui-p-v-4\"><span class=\"wui-text-color-accents wui-text-weight-bold\">Lieferfrist:<\/span> <span class=\"wui-text-color-primary\">20 Tage Vorlaufzeit<\/span><\/p>\n<p class=\"wui-p-v-4\"><span class=\"wui-text-color-accents wui-text-weight-bold\">Lieferkapazit\u00e4t:<\/span> <span class=\"wui-text-color-primary\">1200 Tonnen\/Monat<\/span><\/p>\n<p>1. die Anbieter von S\u00fc\u00dfwarenverpackungen bieten eine Tasche an, die es erm\u00f6glicht, Schokoladenbonbons einfach zu transportieren und jederzeit und \u00fcberall zu genie\u00dfen.<br \/>\n2. geeignete Verpackungsmaterialien und Design kann dazu beitragen, die Haltbarkeit von Schokolade zu verl\u00e4ngern und seinen besten Geschmack zu erhalten. So kann es die S\u00fc\u00dfwarenverpackung Gro\u00dfhandel anziehen, um solche benutzerdefinierte Schokolade Verpackung zu machen.<\/p>","protected":false},"featured_media":1566,"comment_status":"open","ping_status":"closed","template":"","meta":{"_seopress_robots_primary_cat":"none","_seopress_titles_title":"custom chocolate packaging confectionery packaging suppliers","_seopress_titles_desc":"CY PACK is a manufacture in China, accept custom confectionery flexible packaging such as printed  stand up pouches, flat bottom pouches, coffee bags,roll stock ect.-Foshan CY Packaging Co.,Ltd","_seopress_robots_index":"","_monsterinsights_skip_tracking":false,"_monsterinsights_sitenote_active":false,"_monsterinsights_sitenote_note":"","_monsterinsights_sitenote_category":0,"_kad_post_transparent":"default","_kad_post_title":"","_kad_post_layout":"default","_kad_post_sidebar_id":"","_kad_post_content_style":"default","_kad_post_vertical_padding":"default","_kad_post_feature":"","_kad_post_feature_position":"","_kad_post_header":false,"_kad_post_footer":false},"product_brand":[],"product_cat":[46,39],"product_tag":[54],"class_list":{"0":"post-1563","1":"product","2":"type-product","3":"status-publish","4":"has-post-thumbnail","6":"product_cat-confectionery-packaging-bags","7":"product_cat-stand-up-pouches","8":"product_tag-confectionery-packaging-suppliers","10":"first","11":"instock","12":"shipping-taxable","13":"product-type-simple","14":"entry","15":"content-bg","16":"loop-entry"},"_links":{"self":[{"href":"https:\/\/www.cy-package.com\/de\/wp-json\/wp\/v2\/product\/1563","targetHints":{"allow":["GET"]}}],"collection":[{"href":"https:\/\/www.cy-package.com\/de\/wp-json\/wp\/v2\/product"}],"about":[{"href":"https:\/\/www.cy-package.com\/de\/wp-json\/wp\/v2\/types\/product"}],"replies":[{"embeddable":true,"href":"https:\/\/www.cy-package.com\/de\/wp-json\/wp\/v2\/comments?post=1563"}],"version-history":[{"count":12,"href":"https:\/\/www.cy-package.com\/de\/wp-json\/wp\/v2\/product\/1563\/revisions"}],"predecessor-version":[{"id":1579,"href":"https:\/\/www.cy-package.com\/de\/wp-json\/wp\/v2\/product\/1563\/revisions\/1579"}],"wp:featuredmedia":[{"embeddable":true,"href":"https:\/\/www.cy-package.com\/de\/wp-json\/wp\/v2\/media\/1566"}],"wp:attachment":[{"href":"https:\/\/www.cy-package.com\/de\/wp-json\/wp\/v2\/media?parent=1563"}],"wp:term":[{"taxonomy":"product_brand","embeddable":true,"href":"https:\/\/www.cy-package.com\/de\/wp-json\/wp\/v2\/product_brand?post=1563"},{"taxonomy":"product_cat","embeddable":true,"href":"https:\/\/www.cy-package.com\/de\/wp-json\/wp\/v2\/product_cat?post=1563"},{"taxonomy":"product_tag","embeddable":true,"href":"https:\/\/www.cy-package.com\/de\/wp-json\/wp\/v2\/product_tag?post=1563"}],"curies":[{"name":"wp","href":"https:\/\/api.w.org\/{rel}","templated":true}]}}