{"id":1584,"date":"2025-01-15T16:14:48","date_gmt":"2025-01-15T08:14:48","guid":{"rendered":"https:\/\/www.cy-package.com\/?post_type=product&#038;p=1584"},"modified":"2025-01-16T09:47:35","modified_gmt":"2025-01-16T01:47:35","slug":"geformte-getrankebeutel-mit-ausguss-2","status":"publish","type":"product","link":"https:\/\/www.cy-package.com\/de\/produkt\/geformte-getrankebeutel-mit-ausguss-2\/","title":{"rendered":"Standbeutel f\u00fcr Salatdressing mit Ausgie\u00dfer"},"content":{"rendered":"<p style=\"text-align: center;\"><strong><span style=\"font-size: 18px;\">Ausgie\u00dfer-Beutel<\/span><\/strong><\/p>\n<p><span style=\"font-size: 14px;\">Ausgie\u00dfer-Beutel <\/span><span style=\"font-size: 14px; font-family: var(--global-body-font-family);\">haben weltweit eine enorme Popularit\u00e4t erlangt und bieten f\u00fcr viele Anwendungen (z. B. fl\u00fcssige, halbfl\u00fcssige, k\u00f6rnige und pulverf\u00f6rmige Produkte) eine gro\u00dfe Bequemlichkeit, Auslaufkontrolle und Lebensmittelsicherheit. Als effektiver Ersatz f\u00fcr die Dose oder das Glasgef\u00e4\u00df haben flexible Beutel (ob Standboden-, Vierfach- oder einfacher 3-Seiten-Verschluss) den Einzelhandel f\u00fcr viele Produkte revolutioniert. Die Hinzuf\u00fcgung eines Ausgie\u00dfers zu jedem dieser Verpackungsformate l\u00f6st alle Probleme der Entnahme und Wiederverschlie\u00dfbarkeit.<\/span><\/p>\n<p><span style=\"font-size: 14px;\">Die Produktionskosten von Beuteln mit Ausgie\u00dfer sind deutlich niedriger als bei Dosen, Plastikflaschen oder Glasflaschen, und die Kosten f\u00fcr Transport und Lagerung sind deutlich geringer. Die Isolierleistung des Produkts ist besser als die der Flasche, und das verpackte Produkt kann schnell abk\u00fchlen und eine niedrige Temperatur beibehalten, au\u00dferdem gibt es eine Reihe zus\u00e4tzlicher Eigenschaften der Designelemente wie Griffe, gebogene Konturen, Aufrei\u00dfkerben und Aufh\u00e4ngel\u00f6cher usw.<\/span><\/p>\n<p>&nbsp;<\/p>\n<p><strong style=\"font-size: 18px;\">Produkt-Paramenter<\/strong><\/p>\n<div>\n<div class=\"nei-table\">\n<table width=\"1000\">\n<tbody>\n<tr class=\"firstRow\">\n<td colspan=\"1\" rowspan=\"1\" width=\"162\" height=\"20\">\n<div style=\"text-align: left;\">Materialqualit\u00e4t:<\/div>\n<\/td>\n<td colspan=\"1\" rowspan=\"1\" width=\"837\" height=\"20\">\n<div>Lebensmittelgeeignetes Material<\/div>\n<\/td>\n<\/tr>\n<tr>\n<td colspan=\"1\" rowspan=\"1\" width=\"162\" height=\"20\">\n<div>Material:<\/div>\n<\/td>\n<td colspan=\"1\" rowspan=\"1\" width=\"837\" height=\"20\">\n<div>PET+VMPET+PE, BOPP+Kraftpapier+VMPET+PE, etc<\/div>\n<\/td>\n<\/tr>\n<tr>\n<td colspan=\"1\" rowspan=\"1\" width=\"162\" height=\"20\">\n<div>Merkmal :<\/div>\n<\/td>\n<td colspan=\"1\" rowspan=\"1\" width=\"837\" height=\"20\">\n<div>\n<p>1). sicheres lebensmittelechtes Material und perfekter Druck<\/p>\n<div data-spm-anchor-id=\"a2700.pc-decorate.0.i62.50563333vYoKlh\">2). gro\u00dfartig, um Auslaufen zu verhindern, ausgezeichneter Feuchtigkeitsschutz<\/div>\n<div data-spm-anchor-id=\"a2700.pc-decorate.0.i62.50563333vYoKlh\">3). starke Abdichtung Boden &amp; Durable Ziplock<\/div>\n<\/div>\n<\/td>\n<\/tr>\n<tr>\n<td colspan=\"1\" rowspan=\"1\" width=\"162\" height=\"20\">\n<div>Gr\u00f6\u00dfe&amp;Dicke:<\/div>\n<\/td>\n<td colspan=\"1\" rowspan=\"1\" width=\"837\" height=\"20\">\n<div>Individuell nach Ihren Anforderungen<\/div>\n<\/td>\n<\/tr>\n<tr>\n<td colspan=\"1\" rowspan=\"1\" width=\"162\" height=\"20\">\n<div>Tintenart:<\/div>\n<\/td>\n<td colspan=\"1\" rowspan=\"1\" width=\"837\" height=\"20\">\n<div>Umweltfreundliche Sojatinte in Lebensmittelqualit\u00e4t<\/div>\n<\/td>\n<\/tr>\n<tr>\n<td colspan=\"1\" rowspan=\"1\" width=\"162\" height=\"20\">\n<div>Kapazit\u00e4t:<\/div>\n<\/td>\n<td colspan=\"1\" rowspan=\"1\" width=\"837\" height=\"20\">\n<div>100g, 200g, 250g, 500g, 1000g\/1kg, 2kg, 5kg,8oz-100oz, kundenspezifisch<\/div>\n<\/td>\n<\/tr>\n<tr>\n<td colspan=\"1\" rowspan=\"1\" width=\"162\" height=\"20\">\n<div>Anwendung:<\/div>\n<\/td>\n<td colspan=\"1\" rowspan=\"1\" width=\"837\" height=\"20\">\n<div>Lebensmittel \/ Kaffee \/ Tiernahrung \/ Tee \/ Snacks \/ N\u00fcsse \/ Molkenprotein \/ Samen, etc.<\/div>\n<\/td>\n<\/tr>\n<tr>\n<td colspan=\"1\" rowspan=\"1\" width=\"162\" height=\"20\">\n<div>Stil-Optionen:<\/div>\n<\/td>\n<td colspan=\"1\" rowspan=\"1\" width=\"837\" height=\"20\">\n<div>Flacher Boden, Stand UP, Seitenfalte, Rei\u00dfverschluss oben, mit\/ohne Fenster, Euro-Loch, etc.<\/div>\n<\/td>\n<\/tr>\n<tr>\n<td colspan=\"1\" rowspan=\"1\" width=\"162\" height=\"20\">\n<div>Qualit\u00e4tskontrolle:<\/div>\n<\/td>\n<td colspan=\"1\" rowspan=\"1\" width=\"837\" height=\"20\">\n<div data-spm-anchor-id=\"a2700.details.0.i14.1410417dX9YP5T\">Hochmoderne Ausr\u00fcstung und ein erfahrenes QC-Team kontrollieren Material, Halbfertig- und Fertigprodukte streng in jedem Schritt vor dem Versand.<\/div>\n<\/td>\n<\/tr>\n<\/tbody>\n<\/table>\n<\/div>\n<p><img decoding=\"async\" title=\"Geformte Getr\u00e4nketaschen mit Ausgie\u00dfer\" src=\"https:\/\/www.cy-package.com\/2833\/2833-202205101615390419.jpg\" alt=\"Geformte Getr\u00e4nketaschen mit Ausgie\u00dfer\" \/><\/p>\n<p>&nbsp;<\/p>\n<h2><strong>Arbeitsabl\u00e4ufe f\u00fcr die Vorproduktion:<\/strong><\/h2>\n<p>1. Geben Sie uns detaillierte Informationen \u00fcber den Beutel, den Sie herstellen m\u00f6chten, wie etwa Verwendungszweck, Gr\u00f6\u00dfe, Motiv, Struktur und Dicke usw. Bei Bedarf k\u00f6nnen wir Ihnen auch unsere guten und professionellen Vorschl\u00e4ge zur Auswahl unterbreiten.<\/p>\n<p>2. Wir werden entsprechend zitieren, nachdem wir alle Informationen \u00fcber den Beutel erhalten haben.<\/p>\n<p>3. Sobald der Preis von beiden Seiten best\u00e4tigt wurde, beginnen wir mit der Bearbeitung der Grafik (zu Ihrer Information: Wir m\u00fcssen die Grafik in eine f\u00fcr den Tiefdruck geeignete Version umwandeln).<\/p>\n<p>4. Einstellen des Farbstandards.<\/p>\n<p>5. Best\u00e4tigen Sie die Druckvorlage und unterzeichnen Sie den Vertrag.<\/p>\n<p>6. Die K\u00e4ufer m\u00fcssen den Zylinder (Druckkosten) und 40% Vorauszahlung der Bestellung zu zahlen.<\/p>\n<p>7. Wir fangen an, quanlity Produkte f\u00fcr Sie nach dann zu produzieren.<\/p>\n<p>&nbsp;<\/p>\n<p style=\"text-align: center;\"><img decoding=\"async\" title=\"Geformte Getr\u00e4nketaschen mit Ausgie\u00dfer\" src=\"https:\/\/www.cy-package.com\/2833\/2833-202205052254023652.jpg\" alt=\"Geformte Getr\u00e4nketaschen mit Ausgie\u00dfer\" \/><\/p>\n<p>&nbsp;<\/p>\n<p><span style=\"font-size: 18px;\"><strong>FAQ<\/strong><\/span><\/p>\n<p><strong><span data-spm-anchor-id=\"a2700.details.0.i17.649a7657Tu7jaw\">F: Sind Sie eine Fabrik oder ein Handelsunternehmen?<\/span><\/strong><br \/>\nA: Wir sind eine Fabrik mit fortschrittlichen Anlagen und professionellen Design-Teams, die Ihnen die beste Auswahl an Designs und Kapazit\u00e4ten bieten k\u00f6nnen.<\/p>\n<p><strong>F: Wie hoch ist die Mindestbestellmenge f\u00fcr Ihr Produkt?<\/strong><br \/>\nA: Im Allgemeinen ist MOQ f\u00fcr Beutelbeutel 10.000pcs. Wir nehmen auch Probe Probe Auftr\u00e4ge f\u00fcr kleine MOQ, pls kontaktieren Sie uns, um weiter zu diskutieren.<\/p>\n<p><strong>Q:Wie lange dauert die Lieferung nach der Bestellung?<\/strong><br \/>\nA: Im Allgemeinen betr\u00e4gt die Vorlaufzeit 15-20 Tage f\u00fcr neue Auftr\u00e4ge und 10-12 Tage f\u00fcr wiederholte Auftr\u00e4ge ab dem Best\u00e4tigungsdatum.<\/p>\n<p><strong>F: Was ist Ihre Produktpalette?<\/strong><br \/>\nA: Unsere Fabrik kann die meisten Arten von flexiblen Verpackungen herstellen, einschlie\u00dflich Kaffeebeutel, Tiernahrungsbeutel, Lebensmittelbeutel, Fl\u00fcssigkeitsbeutel, Standbodenbeutel und<br \/>\nBeutel, Rei\u00dfverschlussbeutel, Ausgie\u00dferbeutel, R\u00fcckseitenbeutel, laminierte Folie f\u00fcr Schokolade oder S\u00fc\u00dfigkeiten und so weiter.<\/p>\n<p><strong>F: Welche Informationen werden ben\u00f6tigt, um ein Angebot f\u00fcr ein Produkt zu erhalten?<\/strong><br \/>\nA:Kontaktieren Sie uns, um uns die Gr\u00f6\u00dfe und die speziellen Anforderungen, die Sie wollen, zu bieten.alle k\u00f6nnen angepasst werden, und wir haben eine Menge von Beispielen f\u00fcr Ihre Referenz.<\/p>\n<p><strong>F: K\u00f6nnen Muster zur Verf\u00fcgung gestellt werden?<\/strong><br \/>\nA: Ja. F\u00fcr die kundengebundene Probe, die realen Musterkosten + Druckzylindergeb\u00fchr werden aufgeladen, die die Zylindergeb\u00fchr keine Notwendigkeit wieder f\u00fcr die Massenbestellung sein wird.<\/p>\n<\/div>","protected":false},"excerpt":{"rendered":"<p class=\"wui-p-v-4\"><span class=\"wui-text-color-accents wui-text-weight-bold\">Marke:<\/span> <span class=\"wui-text-color-primary\">CY-PACK<\/span><\/p>\n<p class=\"wui-p-v-4\"><span class=\"wui-text-color-accents wui-text-weight-bold\">Herkunft des Produkts:<\/span> <span class=\"wui-text-color-primary\">China<\/span><\/p>\n<p class=\"wui-p-v-4\"><span class=\"wui-text-color-accents wui-text-weight-bold\">Lieferfrist:<\/span> <span class=\"wui-text-color-primary\">25 Tage Vorlaufzeit<\/span><\/p>\n<p class=\"wui-p-v-4\">Der Beutel mit Ausgie\u00dfer ist aus lebensmittelechtem Kunststoff hergestellt, sauber und geschmacksneutral. Das Gesamtgewicht ist sehr leicht, und der Schraubverschluss ist bequem zum Ausgie\u00dfen oder Trinken direkt.unsere Beutel mit Schraubverschluss sind leicht zu tragen, und unterst\u00fctzen die Beschriftung und Markierung, so dass sie auf einmal gefunden werden k\u00f6nnen. Die gute Versiegelung erm\u00f6glicht es Ihnen, sie in Ihre Tasche zu stecken, wenn Sie unterwegs sind.<br \/>\nDer Standbeutel erm\u00f6glicht das Bef\u00fcllen mit verschiedenen Getr\u00e4nken wie Wasser, Fruchtsaft, Gem\u00fcsesaft, Kr\u00e4utertee, Marmelade, Sojamilch usw. Und auch \u00d6l oder So\u00dfe zum Kochen ist geeignet f\u00fcr den Einsatz.<\/p>","protected":false},"featured_media":1585,"comment_status":"open","ping_status":"closed","template":"","meta":{"_seopress_robots_primary_cat":"none","_seopress_titles_title":"Stand up Spouted Pouches for Salad Dressing","_seopress_titles_desc":"Spout pouch for salad dressing or pre-prepared dishes- Manufacturers and Factory. We accept OEMcustom products all made in China.","_seopress_robots_index":"","_monsterinsights_skip_tracking":false,"_monsterinsights_sitenote_active":false,"_monsterinsights_sitenote_note":"","_monsterinsights_sitenote_category":0,"_kad_post_transparent":"default","_kad_post_title":"","_kad_post_layout":"default","_kad_post_sidebar_id":"","_kad_post_content_style":"default","_kad_post_vertical_padding":"default","_kad_post_feature":"","_kad_post_feature_position":"","_kad_post_header":false,"_kad_post_footer":false},"product_brand":[],"product_cat":[26],"product_tag":[],"class_list":{"0":"post-1584","1":"product","2":"type-product","3":"status-publish","4":"has-post-thumbnail","6":"product_cat-spout-pouches","8":"first","9":"instock","10":"shipping-taxable","11":"product-type-simple","12":"entry","13":"content-bg","14":"loop-entry"},"_links":{"self":[{"href":"https:\/\/www.cy-package.com\/de\/wp-json\/wp\/v2\/product\/1584","targetHints":{"allow":["GET"]}}],"collection":[{"href":"https:\/\/www.cy-package.com\/de\/wp-json\/wp\/v2\/product"}],"about":[{"href":"https:\/\/www.cy-package.com\/de\/wp-json\/wp\/v2\/types\/product"}],"replies":[{"embeddable":true,"href":"https:\/\/www.cy-package.com\/de\/wp-json\/wp\/v2\/comments?post=1584"}],"version-history":[{"count":2,"href":"https:\/\/www.cy-package.com\/de\/wp-json\/wp\/v2\/product\/1584\/revisions"}],"predecessor-version":[{"id":1589,"href":"https:\/\/www.cy-package.com\/de\/wp-json\/wp\/v2\/product\/1584\/revisions\/1589"}],"wp:featuredmedia":[{"embeddable":true,"href":"https:\/\/www.cy-package.com\/de\/wp-json\/wp\/v2\/media\/1585"}],"wp:attachment":[{"href":"https:\/\/www.cy-package.com\/de\/wp-json\/wp\/v2\/media?parent=1584"}],"wp:term":[{"taxonomy":"product_brand","embeddable":true,"href":"https:\/\/www.cy-package.com\/de\/wp-json\/wp\/v2\/product_brand?post=1584"},{"taxonomy":"product_cat","embeddable":true,"href":"https:\/\/www.cy-package.com\/de\/wp-json\/wp\/v2\/product_cat?post=1584"},{"taxonomy":"product_tag","embeddable":true,"href":"https:\/\/www.cy-package.com\/de\/wp-json\/wp\/v2\/product_tag?post=1584"}],"curies":[{"name":"wp","href":"https:\/\/api.w.org\/{rel}","templated":true}]}}