{"id":1591,"date":"2025-02-18T17:47:21","date_gmt":"2025-02-18T09:47:21","guid":{"rendered":"https:\/\/www.cy-package.com\/?post_type=product&#038;p=1591"},"modified":"2025-03-12T14:28:59","modified_gmt":"2025-03-12T06:28:59","slug":"aluminum-foil-zip-lock-bags","status":"publish","type":"product","link":"https:\/\/www.cy-package.com\/de\/produkt\/aluminum-foil-zip-lock-bags\/","title":{"rendered":"Aluminiumfolienverpackungen Zip-Lock-Beutel"},"content":{"rendered":"<p>&nbsp;<\/p>\n<div>\n<p><span style=\"font-size: 18px; color: #2b6cb0;\"><strong>Produkt-Paramenter<\/strong><\/span><\/p>\n<\/div>\n<div>\n<div class=\"nei-table\" style=\"text-align: left;\">\n<p>&nbsp;<\/p>\n<div class=\"nei-table\">\n<table style=\"width: 100%; height: 392px;\">\n<tbody>\n<tr class=\"firstRow\" style=\"height: 31px;\">\n<td style=\"border-color: #dddddd; height: 31px; width: 14.8256%;\" colspan=\"1\" rowspan=\"1\" width=\"162\" height=\"20\">\n<div style=\"text-align: left;\">Materialqualit\u00e4t:<\/div>\n<\/td>\n<td style=\"border-color: #dddddd; height: 31px; width: 84.6899%;\" colspan=\"1\" rowspan=\"1\" width=\"1062\" height=\"20\">\n<div style=\"text-align: left;\">Lebensmittelgeeignetes Material<\/div>\n<\/td>\n<\/tr>\n<tr style=\"height: 31px;\">\n<td style=\"border-color: #dddddd; height: 31px; width: 14.8256%;\" colspan=\"1\" rowspan=\"1\" width=\"162\" height=\"20\">\n<div style=\"text-align: left;\">Material:<\/div>\n<\/td>\n<td style=\"border-color: #dddddd; height: 31px; width: 84.6899%;\" colspan=\"1\" rowspan=\"1\" width=\"1062\" height=\"20\">\n<div style=\"text-align: left;\">PET\/VMPET\/PE\/BOPP\/Kraftpapier\/AL\/BOPP\/CPP\/PLA\/PBAT, etc<\/div>\n<\/td>\n<\/tr>\n<tr style=\"height: 117px;\">\n<td style=\"border-color: #dddddd; height: 117px; width: 14.8256%;\" colspan=\"1\" rowspan=\"1\" width=\"162\" height=\"20\">\n<div style=\"text-align: left;\">Merkmal :<\/div>\n<\/td>\n<td style=\"border-color: #dddddd; height: 117px; width: 84.6899%;\" colspan=\"1\" rowspan=\"1\" width=\"1062\" height=\"20\">\n<div style=\"text-align: left;\">\n<p>1). sicheres lebensmittelechtes Material und perfekter Druck<\/p>\n<p>2). gro\u00dfartig, um Auslaufen zu verhindern, ausgezeichneter Feuchtigkeitsschutz<\/p>\n<div data-spm-anchor-id=\"a2700.pc-decorate.0.i62.50563333vYoKlh\">3). starke Abdichtung Boden &amp; Durable Ziplock<\/div>\n<\/div>\n<\/td>\n<\/tr>\n<tr style=\"height: 31px;\">\n<td style=\"border-color: #dddddd; height: 31px; width: 14.8256%;\" colspan=\"1\" rowspan=\"1\" width=\"162\" height=\"20\">\n<div style=\"text-align: left;\">Gr\u00f6\u00dfe&amp;Dicke:<\/div>\n<\/td>\n<td style=\"border-color: #dddddd; height: 31px; width: 84.6899%;\" colspan=\"1\" rowspan=\"1\" width=\"1062\" height=\"20\">\n<div style=\"text-align: left;\">Individuelle Kaffeeverpackungen nach Ihren Anforderungen<\/div>\n<\/td>\n<\/tr>\n<tr style=\"height: 31px;\">\n<td style=\"border-color: #dddddd; height: 31px; width: 14.8256%;\" colspan=\"1\" rowspan=\"1\" width=\"162\" height=\"20\">\n<div style=\"text-align: left;\">Tintenart:<\/div>\n<\/td>\n<td style=\"border-color: #dddddd; height: 31px; width: 84.6899%;\" colspan=\"1\" rowspan=\"1\" width=\"1062\" height=\"20\">\n<div style=\"text-align: left;\">Umweltfreundliche Sojatinte in Lebensmittelqualit\u00e4t<\/div>\n<\/td>\n<\/tr>\n<tr style=\"height: 31px;\">\n<td style=\"border-color: #dddddd; height: 31px; width: 14.8256%;\" colspan=\"1\" rowspan=\"1\" width=\"162\" height=\"20\">\n<div style=\"text-align: left;\">Kapazit\u00e4t:<\/div>\n<\/td>\n<td style=\"border-color: #dddddd; height: 31px; width: 84.6899%;\" colspan=\"1\" rowspan=\"1\" width=\"1062\" height=\"20\">\n<div style=\"text-align: left;\">100g, 200g, 250g, 500g, 1000g\/1kg, 2kg, 5kg,8oz-100oz, kundenspezifisch<\/div>\n<\/td>\n<\/tr>\n<tr style=\"height: 31px;\">\n<td style=\"border-color: #dddddd; height: 31px; width: 14.8256%;\" colspan=\"1\" rowspan=\"1\" width=\"162\" height=\"20\">\n<div style=\"text-align: left;\">Anwendung:<\/div>\n<\/td>\n<td style=\"border-color: #dddddd; height: 31px; width: 84.6899%;\" colspan=\"1\" rowspan=\"1\" width=\"1062\" height=\"20\">\n<div style=\"text-align: left;\">\u00a0Kaffee \/ Tee \/ Samen, etc.<\/div>\n<\/td>\n<\/tr>\n<tr style=\"height: 31px;\">\n<td style=\"border-color: #dddddd; height: 31px; width: 14.8256%;\" colspan=\"1\" rowspan=\"1\" width=\"162\" height=\"20\">\n<div style=\"text-align: left;\">Stil-Optionen:<\/div>\n<\/td>\n<td style=\"border-color: #dddddd; height: 31px; width: 84.6899%;\" colspan=\"1\" rowspan=\"1\" width=\"1062\" height=\"20\">\n<div style=\"text-align: left;\">Beutel mit flachem Boden, Standbeutel, Beutel mit Seitenfalten, Beutel mit Rei\u00dfverschluss oben, mit\/ohne Fenster, Euroloch usw.<\/div>\n<\/td>\n<\/tr>\n<tr style=\"height: 58px;\">\n<td style=\"border-color: #dddddd; height: 58px; width: 14.8256%;\" colspan=\"1\" rowspan=\"1\" width=\"162\" height=\"20\">\n<div style=\"text-align: left;\">Qualit\u00e4tskontrolle:<\/div>\n<\/td>\n<td style=\"border-color: #dddddd; height: 58px; width: 84.6899%;\" colspan=\"1\" rowspan=\"1\" width=\"1041.6666666666667\" height=\"20\">\n<div style=\"text-align: left;\" data-spm-anchor-id=\"a2700.details.0.i14.1410417dX9YP5T\">Hochmoderne Ausr\u00fcstung und ein erfahrenes QC-Team kontrollieren Material, Halbfertig- und Fertigprodukte streng in jedem Schritt vor dem Versand.<\/div>\n<\/td>\n<\/tr>\n<\/tbody>\n<\/table>\n<\/div>\n<\/div>\n<\/div>\n<p><img fetchpriority=\"high\" decoding=\"async\" class=\"aligncenter size-full wp-image-1645\" src=\"https:\/\/www.cy-package.com\/wp-content\/uploads\/2025\/02\/18-e1739871616325.jpg\" alt=\"ALUMINIUMFOLIENBEUTEL\" width=\"800\" height=\"535\" srcset=\"https:\/\/www.cy-package.com\/wp-content\/uploads\/2025\/02\/18-e1739871616325.jpg 800w, https:\/\/www.cy-package.com\/wp-content\/uploads\/2025\/02\/18-e1739871616325-300x201.jpg 300w, https:\/\/www.cy-package.com\/wp-content\/uploads\/2025\/02\/18-e1739871616325-768x514.jpg 768w, https:\/\/www.cy-package.com\/wp-content\/uploads\/2025\/02\/18-e1739871616325-18x12.jpg 18w\" sizes=\"(max-width: 800px) 100vw, 800px\" \/><\/p>\n<p>Stand up bags( also called flat pouches) are one of the best packaging solutions if you want to add a prefessional look to your brand or business.Ideal for food and snack packaging,the high resistance barriers can help to keep your products fresh for longer. This aluminum foil packaging bag stand up bag leave you open for many options. Since it&#8217;s gusseted,these bags can handle heavier items and makes them easy to transport. Make it resealable with a zipper. Zip your pouch from the side,bottom or anywhere you want. Choose between glossy or matte.Customize your packaging as you see fit. You create it and we make it happen.<\/p>","protected":false},"excerpt":{"rendered":"<p class=\"wui-p-v-4\"><span class=\"wui-text-color-accents wui-text-weight-bold\">Marke:<\/span> <span class=\"wui-text-color-primary\">CY-PACK<\/span><\/p>\n<p class=\"wui-p-v-4\"><span class=\"wui-text-color-accents wui-text-weight-bold\">Herkunft des Produkts:<\/span> <span class=\"wui-text-color-primary\">China<\/span><\/p>\n<p class=\"wui-p-v-4\"><span class=\"wui-text-color-accents wui-text-weight-bold\">Lieferfrist:<\/span> <span class=\"wui-text-color-primary\">20 Tage Vorlaufzeit<\/span><\/p>\n<p>&nbsp;<\/p>\n<p class=\"wui-p-v-4\"><span class=\"wui-text-color-accents wui-text-weight-bold\">Lieferkapazit\u00e4t:<\/span> <span class=\"wui-text-color-primary\">1200 Tonnen\/Monat<\/span><\/p>\n<p class=\"wui-p-v-4\">Oberfl\u00e4chenbehandlung:Tiefdruck\/Digitaldruck<\/p>\n<p>Breites Spektrum an Verwendungsm\u00f6glichkeiten:  Unsere Zip-Lock-Stand-up-Beutel sind wasserdicht, nachdem der Zip-Lock-Beutel geschlossen ist, perfekte Verwendung f\u00fcr S\u00fc\u00dfigkeiten, Kekse, Gew\u00fcrze, Haustier-Leckereien, Kaffeebohnen, Badebomben und so weiter.<br \/>\nQualit\u00e4t Geruch Beweis: Die wiederverschlie\u00dfbare Lebensmittelverpackung Tasche Liner ist von hoher Qualit\u00e4t Aluminiumfolie, die eine gute Festigkeit und Z\u00e4higkeit, nicht verformen nach wiederholtem Gebrauch, und kann f\u00fcr eine lange Zeit gespeichert werden.<br \/>\nEinfach zu verwenden: Sie k\u00f6nnen sie wiederholt \u00f6ffnen, und die Dichtung ist so dicht, dass sie nicht bricht. Das matte Sichtfenster in der Mitte erm\u00f6glicht es Ihnen zu sehen, welche Produkte in der Tasche aufbewahrt werden, ohne die Dichtung zu \u00f6ffnen. Bitte achten Sie darauf, die Rei\u00dfverschlussdichtung zu schlie\u00dfen, um Auslaufen zu verhindern und Frische zu gew\u00e4hrleisten.<\/p>","protected":false},"featured_media":1646,"comment_status":"open","ping_status":"closed","template":"","meta":{"_seopress_robots_primary_cat":"none","_seopress_titles_title":"Aluminum Foil Packaging Zip Lock Bags","_seopress_titles_desc":"Wholesale Packaging Bags manufacture and factory. We  CY PACK accept custom aluminum foil packaging zip lock bags for coffee beans dog dry food cat dry food.","_seopress_robots_index":"","_monsterinsights_skip_tracking":false,"_monsterinsights_sitenote_active":false,"_monsterinsights_sitenote_note":"","_monsterinsights_sitenote_category":0,"_kad_post_transparent":"default","_kad_post_title":"","_kad_post_layout":"default","_kad_post_sidebar_id":"","_kad_post_content_style":"default","_kad_post_vertical_padding":"default","_kad_post_feature":"","_kad_post_feature_position":"","_kad_post_header":false,"_kad_post_footer":false},"product_brand":[],"product_cat":[41],"product_tag":[],"class_list":{"0":"post-1591","1":"product","2":"type-product","3":"status-publish","4":"has-post-thumbnail","6":"product_cat-flat-bottom-pouches","8":"first","9":"instock","10":"shipping-taxable","11":"product-type-simple","12":"entry","13":"content-bg","14":"loop-entry"},"_links":{"self":[{"href":"https:\/\/www.cy-package.com\/de\/wp-json\/wp\/v2\/product\/1591","targetHints":{"allow":["GET"]}}],"collection":[{"href":"https:\/\/www.cy-package.com\/de\/wp-json\/wp\/v2\/product"}],"about":[{"href":"https:\/\/www.cy-package.com\/de\/wp-json\/wp\/v2\/types\/product"}],"replies":[{"embeddable":true,"href":"https:\/\/www.cy-package.com\/de\/wp-json\/wp\/v2\/comments?post=1591"}],"version-history":[{"count":4,"href":"https:\/\/www.cy-package.com\/de\/wp-json\/wp\/v2\/product\/1591\/revisions"}],"predecessor-version":[{"id":1659,"href":"https:\/\/www.cy-package.com\/de\/wp-json\/wp\/v2\/product\/1591\/revisions\/1659"}],"wp:featuredmedia":[{"embeddable":true,"href":"https:\/\/www.cy-package.com\/de\/wp-json\/wp\/v2\/media\/1646"}],"wp:attachment":[{"href":"https:\/\/www.cy-package.com\/de\/wp-json\/wp\/v2\/media?parent=1591"}],"wp:term":[{"taxonomy":"product_brand","embeddable":true,"href":"https:\/\/www.cy-package.com\/de\/wp-json\/wp\/v2\/product_brand?post=1591"},{"taxonomy":"product_cat","embeddable":true,"href":"https:\/\/www.cy-package.com\/de\/wp-json\/wp\/v2\/product_cat?post=1591"},{"taxonomy":"product_tag","embeddable":true,"href":"https:\/\/www.cy-package.com\/de\/wp-json\/wp\/v2\/product_tag?post=1591"}],"curies":[{"name":"wp","href":"https:\/\/api.w.org\/{rel}","templated":true}]}}