{"id":1592,"date":"2025-01-21T16:35:57","date_gmt":"2025-01-21T08:35:57","guid":{"rendered":"https:\/\/www.cy-package.com\/?post_type=product&#038;p=1592"},"modified":"2025-03-06T17:49:32","modified_gmt":"2025-03-06T09:49:32","slug":"plastiktuten-mit-flachem-boden-fur-lebensmittelverpackungen-15","status":"publish","type":"product","link":"https:\/\/www.cy-package.com\/de\/produkt\/plastiktuten-mit-flachem-boden-fur-lebensmittelverpackungen-15\/","title":{"rendered":"Aluminiumfolien-Verpackungstaschen mit lebensmittelechtem Material"},"content":{"rendered":"<hr \/>\n<p><strong style=\"font-family: var(--global-body-font-family);\">Produkt-Paramenter<\/strong><\/p>\n<table style=\"border-collapse: collapse; width: 100%;\">\n<tbody>\n<tr>\n<td style=\"width: 19.8374%;\">Material:<\/td>\n<td style=\"width: 80.1626%;\">PET+VMPET+PE, BOPP+Kraftpapier+VMPET+PE, etc<\/td>\n<\/tr>\n<tr>\n<td style=\"width: 19.8374%;\">Tintenart:<\/td>\n<td style=\"width: 80.1626%;\">Umweltfreundliche Sojatinte in Lebensmittelqualit\u00e4t<\/td>\n<\/tr>\n<tr>\n<td style=\"width: 19.8374%;\">Anwendung:<\/td>\n<td style=\"width: 80.1626%;\">Lebensmittel \/ Kaffee \/ Tiernahrung \/ Tee \/ Snacks \/ N\u00fcsse \/ Molkenprotein \/ Samen, etc.<\/td>\n<\/tr>\n<tr>\n<td style=\"width: 19.8374%;\">Stil-Optionen:<\/td>\n<td style=\"width: 80.1626%;\">Flacher Boden, Stand UP, Seitenfalte, Rei\u00dfverschluss oben, mit\/ohne Fenster, Euro-Loch, etc.<\/td>\n<\/tr>\n<tr>\n<td style=\"width: 19.8374%;\">Qualit\u00e4tskontrolle:<\/td>\n<td style=\"width: 80.1626%;\">Hochmoderne Ausr\u00fcstung und ein erfahrenes QC-Team kontrollieren Material, Halbfertig- und Fertigprodukte streng in jedem Schritt vor dem Versand.<\/td>\n<\/tr>\n<\/tbody>\n<\/table>\n<p><img fetchpriority=\"high\" decoding=\"async\" class=\"aligncenter\" src=\"https:\/\/www.cy-package.com\/wp-content\/uploads\/2025\/01\/15.jpg\" alt=\"Aluminiumfolienbeutel\" width=\"370\" height=\"370\" \/><\/p>\n<p>Wenn Sie auf der Suche nach Lebensmittelverpackungen f\u00fcr Kaffee, Tee oder andere luftdichte und pannensichere Produkte sind, sind Alufolienbeutel die beste Wahl.Unsere Aluminiumfolienbeutel sind in der Regel mit 3 oder 4 Schichten hohen Widerstand Material gemacht, normalerweise wird es eine Schicht Aluminiumfolie oder metallisierte Folie in der Mitte davon haben, um die Produkte erreichen aus Sonnenschein oder direktem Licht zu halten, wird dies Produkte mit l\u00e4ngerem Regal und haben h\u00f6here Barriereeigenschaften.AL ist die ultra-hohe Qualit\u00e4t Barriere und Widerstand Material in Beutel Produkte, Daten wie unten:Oxygen Transit Rate &lt; 0.5 cc\/\u33a1.24h.0.1mpa;Wasserdampfdurchl\u00e4ssigkeit &lt; 0,1 g\/\u33a1.24h;W\u00e4hrend alle anderen Folienbarrieren mindestens 5-50 mal schw\u00e4cher sind als AL selbst. Auch wenn kein reines Aluminium verwendet wird, gibt es auch Aluminiumbeschichtungsmaterialien wie PETAL, CPPAL, BOPPAL oder andere Folien wie ALOx-PET, ALOx-BOPP usw. Bei diesen Materialien handelt es sich nicht um reines Aluminium, aber die Beschichtung mit Aluminium erh\u00f6ht die Barriere erheblich und verl\u00e4ngert die Haltbarkeit und die Barriereeigenschaften. Au\u00dferdem hat AL bewiesen, dass es die einzige 100% lichtundurchl\u00e4ssige Folie ist, die allen anderen Folien \u00fcberlegen ist, wie z.B. Kraftpapier, undurchsichtige Folie, Beschichtungsfolie, etc. Wenn Sie mehr \u00fcber Alufolienbeutel wissen wollen, kontaktieren Sie uns bitte.<\/p>\n<p>Aluminiumfolienbeutel<\/p>\n<h2><strong>\u00a0<\/strong><\/h2>\n<h2><strong>\u00a0<\/strong><\/h2>\n<h2><strong>\u00a0<\/strong><\/h2>\n<h2><strong>Warum CY PACK<\/strong><\/h2>\n<hr \/>\n<p>CY PACK ist ein vertrauensw\u00fcrdiger Hersteller, der Ihnen helfen kann, flexible Verpackungen mit bedruckten Rei\u00dfverschluss-Standbeuteln zu gestalten:<\/p>\n<p>\u2606 Hochwertige Materialien: CY PACK verwendet hochwertige umweltfreundliche Materialien, um sicherzustellen, dass die Produkte sicher und langlebig sind.<\/p>\n<p>\u2606 Professionelle Anpassung: Bieten Sie personalisierte Designdienstleistungen an, um Ihre individuellen Bed\u00fcrfnisse zu erf\u00fcllen.<\/p>\n<p>\u2606 Fortschrittliche Technologie: CY PACK Verwenden Sie moderne Drucktechnologie, um helle Farben und klare Muster zu gew\u00e4hrleisten.<\/p>\n<p>\u2606 Ausgezeichneter Service: CY PACK professionelles Team bietet Rundum-Unterst\u00fctzung, um Ihre zufriedenstellende Erfahrung zu gew\u00e4hrleisten.<\/p>\n<p>\u2606 Quellenhersteller: Reduzieren Sie Ihre Betriebskosten an der Quelle<\/p>\n<p>\u2606 Qualit\u00e4tskontrolle: Qualit\u00e4tsprobleme, Ausgleich oder Wiederholung.<\/p>\n<p style=\"text-align: center;\">","protected":false},"excerpt":{"rendered":"<p class=\"wui-p-v-4\"><span class=\"wui-text-color-accents wui-text-weight-bold\">Marke:<\/span> <span class=\"wui-text-color-primary\">CY-PACK<\/span><\/p>\n<p class=\"wui-p-v-4\"><span class=\"wui-text-color-accents wui-text-weight-bold\">Herkunft des Produkts:<\/span> <span class=\"wui-text-color-primary\">China<\/span><\/p>\n<p class=\"wui-p-v-4\"><span class=\"wui-text-color-accents wui-text-weight-bold\">Lieferfrist:<\/span> 3<span class=\"wui-text-color-primary\">0 Tage Vorlaufzeit<\/span><\/p>\n<p>Verpackungsbeutel aus Alufolie werden f\u00fcr eine Vielzahl von Produkten immer attraktiver, denn sie sind praktisch f\u00fcr das t\u00e4gliche Leben.<br \/>\nBarriere-Schutz:  Aluminiumfolie bietet eine hervorragende Barriere gegen Licht, Feuchtigkeit, Luft und Ger\u00fcche und tr\u00e4gt dazu bei, die Frische und Qualit\u00e4t des Inhalts zu erhalten.<br \/>\nLanglebigkeit und Benutzerfreundlichkeit:  Dank der flexiblen Beschaffenheit dieser Aluminium-Standbeutel lassen sie sich von den Verbrauchern leicht \u00f6ffnen und wieder verschlie\u00dfen. Stark und widerstandsf\u00e4hig gegen Einstiche und Risse, sch\u00fctzen den Inhalt w\u00e4hrend des Transports und der Handhabung.<br \/>\nVielseitigkeit:  Geeignet f\u00fcr die Verpackung von Lebensmitteln, Pharmazeutika, Chemikalien und Elektronik. Alufolienbeutel k\u00f6nnen an verschiedene Formen und Gr\u00f6\u00dfen angepasst werden.<\/p>","protected":false},"featured_media":1624,"comment_status":"open","ping_status":"closed","template":"","meta":{"_seopress_robots_primary_cat":"none","_seopress_titles_title":"Aluminum Foil Packaging Bags With Food Grade Material","_seopress_titles_desc":"CY PACK is a flexible packaging manufacture in China, Our Aliminum foil packaging bags applicable to food, daily chemicals, grease, granular materials, metal powder, liquid materials.","_seopress_robots_index":"","_monsterinsights_skip_tracking":false,"_monsterinsights_sitenote_active":false,"_monsterinsights_sitenote_note":"","_monsterinsights_sitenote_category":0,"_kad_post_transparent":"default","_kad_post_title":"","_kad_post_layout":"default","_kad_post_sidebar_id":"","_kad_post_content_style":"default","_kad_post_vertical_padding":"default","_kad_post_feature":"","_kad_post_feature_position":"","_kad_post_header":false,"_kad_post_footer":false},"product_brand":[],"product_cat":[41],"product_tag":[55],"class_list":{"0":"post-1592","1":"product","2":"type-product","3":"status-publish","4":"has-post-thumbnail","6":"product_cat-flat-bottom-pouches","7":"product_tag-aluminum-foil-packaging-bags","9":"first","10":"instock","11":"shipping-taxable","12":"product-type-simple","13":"entry","14":"content-bg","15":"loop-entry"},"_links":{"self":[{"href":"https:\/\/www.cy-package.com\/de\/wp-json\/wp\/v2\/product\/1592","targetHints":{"allow":["GET"]}}],"collection":[{"href":"https:\/\/www.cy-package.com\/de\/wp-json\/wp\/v2\/product"}],"about":[{"href":"https:\/\/www.cy-package.com\/de\/wp-json\/wp\/v2\/types\/product"}],"replies":[{"embeddable":true,"href":"https:\/\/www.cy-package.com\/de\/wp-json\/wp\/v2\/comments?post=1592"}],"version-history":[{"count":14,"href":"https:\/\/www.cy-package.com\/de\/wp-json\/wp\/v2\/product\/1592\/revisions"}],"predecessor-version":[{"id":1655,"href":"https:\/\/www.cy-package.com\/de\/wp-json\/wp\/v2\/product\/1592\/revisions\/1655"}],"wp:featuredmedia":[{"embeddable":true,"href":"https:\/\/www.cy-package.com\/de\/wp-json\/wp\/v2\/media\/1624"}],"wp:attachment":[{"href":"https:\/\/www.cy-package.com\/de\/wp-json\/wp\/v2\/media?parent=1592"}],"wp:term":[{"taxonomy":"product_brand","embeddable":true,"href":"https:\/\/www.cy-package.com\/de\/wp-json\/wp\/v2\/product_brand?post=1592"},{"taxonomy":"product_cat","embeddable":true,"href":"https:\/\/www.cy-package.com\/de\/wp-json\/wp\/v2\/product_cat?post=1592"},{"taxonomy":"product_tag","embeddable":true,"href":"https:\/\/www.cy-package.com\/de\/wp-json\/wp\/v2\/product_tag?post=1592"}],"curies":[{"name":"wp","href":"https:\/\/api.w.org\/{rel}","templated":true}]}}