{"id":297,"date":"2024-09-05T10:28:15","date_gmt":"2024-09-05T02:28:15","guid":{"rendered":"https:\/\/www.cy-package.com\/?post_type=product&#038;p=297"},"modified":"2024-11-26T09:20:26","modified_gmt":"2024-11-26T01:20:26","slug":"masgeschneiderte-druck-laminier-verpackungsrollenfolie-2","status":"publish","type":"product","link":"https:\/\/www.cy-package.com\/de\/produkt\/masgeschneiderte-druck-laminier-verpackungsrollenfolie-2\/","title":{"rendered":"Kundenspezifisch bedruckte Laminierrolle Verpackungsrollenfolie"},"content":{"rendered":"<p>&nbsp;<\/p>\n<p>Bitte um Muster\u00a0<strong><span style=\"color: #ff0000;\">Anfrage an uns senden?<\/span><\/strong><\/p>\n<p>&nbsp;<\/p>\n<p>Rollenware, auch Verpackungsrollfolie genannt, ist eines unserer beliebtesten Produkte. Rollenware ist besonders in der Lebensmittelindustrie beliebt, aber auch Kunden aus anderen Branchen verwenden sie h\u00e4ufig f\u00fcr eine Vielzahl von Anwendungen. Letztlich bietet Rollenware eine gro\u00dfe Flexibilit\u00e4t und eignet sich f\u00fcr eine Vielzahl von Anwendungen.<\/p>\n<p>Die von CY Packaging hergestellten Kaltsiegelrollen sind die perfekte Verpackungsoption f\u00fcr w\u00e4rmeempfindliche Produkte. Kaltsiegelverpackungen k\u00f6nnen anstelle von Hei\u00dfsiegeln verwendet werden, damit das Produkt nicht seine Art und Form verliert, sobald es versiegelt wurde. Wir bieten einfallsreiche und unverwechselbare Designs f\u00fcr unsere Kaltsiegelrollen, die daf\u00fcr sorgen, dass das Produkt f\u00fcr die K\u00e4ufer ansprechend und interessant aussieht.<\/p>\n<p>&nbsp;<\/p>\n<div>\n<p><span style=\"font-size: 18px;\"><strong>Produkt-Paramenter<\/strong><\/span><\/p>\n<\/div>\n<div>\n<div><\/div>\n<div class=\"nei-table\">\n<table style=\"width: 100%; height: 392px;\" width=\"1000\">\n<tbody>\n<tr class=\"firstRow\" style=\"height: 31px;\">\n<td style=\"border-color: #dddddd; height: 31px;\" colspan=\"1\" rowspan=\"1\" width=\"162\" height=\"20\">\n<div style=\"text-align: left;\">Materialqualit\u00e4t:<\/div>\n<\/td>\n<td style=\"border-color: #dddddd; height: 31px;\" colspan=\"1\" rowspan=\"1\" width=\"837\" height=\"20\">\n<div>Lebensmittelgeeignetes Material<\/div>\n<\/td>\n<\/tr>\n<tr style=\"height: 31px;\">\n<td style=\"border-color: #dddddd; height: 31px;\" colspan=\"1\" rowspan=\"1\" width=\"162\" height=\"20\">\n<div>Material:<\/div>\n<\/td>\n<td style=\"border-color: #dddddd; height: 31px;\" colspan=\"1\" rowspan=\"1\" width=\"837\" height=\"20\">\n<div>PET+VMPET+PE, BOPP+Kraftpapier+VMPET+PE, etc<\/div>\n<\/td>\n<\/tr>\n<tr style=\"height: 117px;\">\n<td style=\"border-color: #dddddd; height: 117px;\" colspan=\"1\" rowspan=\"1\" width=\"162\" height=\"20\">\n<div>Merkmal :<\/div>\n<\/td>\n<td style=\"border-color: #dddddd; height: 117px;\" colspan=\"1\" rowspan=\"1\" width=\"837\" height=\"20\">\n<div>\n<p>1). sicheres lebensmittelechtes Material und perfekter Druck<\/p>\n<div data-spm-anchor-id=\"a2700.pc-decorate.0.i62.50563333vYoKlh\">2). gro\u00dfartig, um Auslaufen zu verhindern, ausgezeichneter Feuchtigkeitsschutz<\/div>\n<div data-spm-anchor-id=\"a2700.pc-decorate.0.i62.50563333vYoKlh\">3). starke Abdichtung Boden &amp; Durable Ziplock<\/div>\n<\/div>\n<\/td>\n<\/tr>\n<tr style=\"height: 31px;\">\n<td style=\"border-color: #dddddd; height: 31px;\" colspan=\"1\" rowspan=\"1\" width=\"162\" height=\"20\">\n<div>Gr\u00f6\u00dfe&amp;Dicke:<\/div>\n<\/td>\n<td style=\"border-color: #dddddd; height: 31px;\" colspan=\"1\" rowspan=\"1\" width=\"837\" height=\"20\">\n<div>Individuell nach Ihren Anforderungen<\/div>\n<\/td>\n<\/tr>\n<tr style=\"height: 31px;\">\n<td style=\"border-color: #dddddd; height: 31px;\" colspan=\"1\" rowspan=\"1\" width=\"162\" height=\"20\">\n<div>Tintenart:<\/div>\n<\/td>\n<td style=\"border-color: #dddddd; height: 31px;\" colspan=\"1\" rowspan=\"1\" width=\"837\" height=\"20\">\n<div>Umweltfreundliche Sojatinte in Lebensmittelqualit\u00e4t<\/div>\n<\/td>\n<\/tr>\n<tr style=\"height: 31px;\">\n<td style=\"border-color: #dddddd; height: 31px;\" colspan=\"1\" rowspan=\"1\" width=\"162\" height=\"20\">\n<div>Kapazit\u00e4t:<\/div>\n<\/td>\n<td style=\"border-color: #dddddd; height: 31px;\" colspan=\"1\" rowspan=\"1\" width=\"837\" height=\"20\">\n<div>100g, 200g, 250g, 500g, 1000g\/1kg, 2kg, 5kg,10kg,20kg,30kg 8oz-100oz, kundenspezifisch<\/div>\n<\/td>\n<\/tr>\n<tr style=\"height: 31px;\">\n<td style=\"border-color: #dddddd; height: 31px;\" colspan=\"1\" rowspan=\"1\" width=\"162\" height=\"20\">\n<div>Anwendung:<\/div>\n<\/td>\n<td style=\"border-color: #dddddd; height: 31px;\" colspan=\"1\" rowspan=\"1\" width=\"837\" height=\"20\">\n<div>Lebensmittel \/ Kaffee \/ Tiernahrung \/ Tee \/ Snacks \/ N\u00fcsse \/ Molkenprotein \/ Samen, etc.<\/div>\n<\/td>\n<\/tr>\n<tr style=\"height: 31px;\">\n<td style=\"border-color: #dddddd; height: 31px;\" colspan=\"1\" rowspan=\"1\" width=\"162\" height=\"20\">\n<div>Stil-Optionen:<\/div>\n<\/td>\n<td style=\"border-color: #dddddd; height: 31px;\" colspan=\"1\" rowspan=\"1\" width=\"837\" height=\"20\">\n<div>Flacher Boden, Stand UP, Seitenfalte, Rei\u00dfverschluss oben, mit\/ohne Fenster, Euro-Loch, etc.<\/div>\n<\/td>\n<\/tr>\n<tr style=\"height: 58px;\">\n<td style=\"border-color: #dddddd; height: 58px;\" colspan=\"1\" rowspan=\"1\" width=\"162\" height=\"20\">\n<div>Qualit\u00e4tskontrolle:<\/div>\n<\/td>\n<td style=\"border-color: #dddddd; height: 58px;\" colspan=\"1\" rowspan=\"1\" width=\"837\" height=\"20\">\n<div data-spm-anchor-id=\"a2700.details.0.i14.1410417dX9YP5T\">Hochmoderne Ausr\u00fcstung und ein erfahrenes QC-Team kontrollieren Material, Halbfertig- und Fertigprodukte streng in jedem Schritt vor dem Versand.<\/div>\n<\/td>\n<\/tr>\n<\/tbody>\n<\/table>\n<\/div>\n<\/div>\n<div><\/div>\n<div><\/div>\n<div>\n<div class=\"nei-table\"><span style=\"font-size: 20px;\"><strong>Firmenprofil<\/strong><\/span><\/div>\n<div><\/div>\n<p style=\"text-align: center;\"><img decoding=\"async\" class=\"aligncenter\" style=\"width: 758px; height: 291px;\" title=\"Kundenspezifischer flexibler Druck, Laminierung von Rollenmaterial, Verpackungsrollenfolie\" src=\"https:\/\/www.cy-package.com\/2833\/2833-202205062151199013.jpg\" alt=\"Kundenspezifischer flexibler Druck, Laminierung von Rollenmaterial, Verpackungsrollenfolie\" width=\"758\" \/><\/p>\n<p style=\"text-align: center;\"><img decoding=\"async\" class=\"aligncenter\" style=\"width: 758px; height: 385px;\" title=\"Kundenspezifischer flexibler Druck, Laminierung von Rollenmaterial, Verpackungsrollenfolie\" src=\"https:\/\/www.cy-package.com\/2833\/2833-202402231027051071.jpg\" alt=\"Kundenspezifischer flexibler Druck, Laminierung von Rollenmaterial, Verpackungsrollenfolie\" width=\"758\" \/><\/p>\n<\/div>","protected":false},"excerpt":{"rendered":"<p class=\"wui-p-v-4\"><span class=\"wui-text-color-accents wui-text-weight-bold\">Marke:<\/span> <span class=\"wui-text-color-primary\">CY-PACK<\/span><\/p>\n<p class=\"wui-p-v-4\"><span class=\"wui-text-color-accents wui-text-weight-bold\">Herkunft des Produkts:<\/span> <span class=\"wui-text-color-primary\">China<\/span><\/p>\n<p class=\"wui-p-v-4\"><span class=\"wui-text-color-accents wui-text-weight-bold\">Lieferfrist:<\/span> <span class=\"wui-text-color-primary\">25 Tage Vorlaufzeit<\/span><\/p>\n<p class=\"wui-p-v-4\">Rollenware bietet viele Vorteile, unter anderem:<br \/>\nNiedrige Kosten: Selbst hochwertige Rollenware ist sehr erschwinglich.<br \/>\nSchnelligkeit: Wir k\u00f6nnen Verpackungsfolien schnell in Massenproduktion herstellen, so dass Sie sofort mit der Verpackung Ihrer Produkte beginnen k\u00f6nnen.<br \/>\nFlexibilit\u00e4t beim Branding: Hochwertiger, mehrfarbiger Druck der kompliziertesten Designs und Farben. Wir bieten auch spezielle Veredelungen an, wie z. B. Matt, Spot oder Soft-Touch, um Ihrer Rollenware ein einzigartiges Aussehen und Gef\u00fchl zu verleihen.<br \/>\nCY PACK ist ein Hersteller im Bereich flexibler Verpackungsl\u00f6sungen mit 19 Jahren Erfahrung.<\/p>","protected":false},"featured_media":351,"comment_status":"open","ping_status":"closed","template":"","meta":{"_seopress_robots_primary_cat":"none","_seopress_titles_title":"Custom Flexible Printed Laminating Roll Stock Packaging Roll Film","_seopress_titles_desc":"Custom Flexible Printed Laminating Roll Stock Packaging Roll Film Manufacturers and Factory. We accept OEM custom products all made in China.","_seopress_robots_index":"","_monsterinsights_skip_tracking":false,"_monsterinsights_sitenote_active":false,"_monsterinsights_sitenote_note":"","_monsterinsights_sitenote_category":0,"_kad_post_transparent":"default","_kad_post_title":"","_kad_post_layout":"default","_kad_post_sidebar_id":"","_kad_post_content_style":"default","_kad_post_vertical_padding":"default","_kad_post_feature":"","_kad_post_feature_position":"","_kad_post_header":false,"_kad_post_footer":false},"product_brand":[],"product_cat":[25],"product_tag":[],"class_list":{"0":"post-297","1":"product","2":"type-product","3":"status-publish","4":"has-post-thumbnail","6":"product_cat-laminating-packaging-film","8":"first","9":"instock","10":"shipping-taxable","11":"product-type-simple","12":"entry","13":"content-bg","14":"loop-entry"},"_links":{"self":[{"href":"https:\/\/www.cy-package.com\/de\/wp-json\/wp\/v2\/product\/297","targetHints":{"allow":["GET"]}}],"collection":[{"href":"https:\/\/www.cy-package.com\/de\/wp-json\/wp\/v2\/product"}],"about":[{"href":"https:\/\/www.cy-package.com\/de\/wp-json\/wp\/v2\/types\/product"}],"replies":[{"embeddable":true,"href":"https:\/\/www.cy-package.com\/de\/wp-json\/wp\/v2\/comments?post=297"}],"version-history":[{"count":3,"href":"https:\/\/www.cy-package.com\/de\/wp-json\/wp\/v2\/product\/297\/revisions"}],"predecessor-version":[{"id":1204,"href":"https:\/\/www.cy-package.com\/de\/wp-json\/wp\/v2\/product\/297\/revisions\/1204"}],"wp:featuredmedia":[{"embeddable":true,"href":"https:\/\/www.cy-package.com\/de\/wp-json\/wp\/v2\/media\/351"}],"wp:attachment":[{"href":"https:\/\/www.cy-package.com\/de\/wp-json\/wp\/v2\/media?parent=297"}],"wp:term":[{"taxonomy":"product_brand","embeddable":true,"href":"https:\/\/www.cy-package.com\/de\/wp-json\/wp\/v2\/product_brand?post=297"},{"taxonomy":"product_cat","embeddable":true,"href":"https:\/\/www.cy-package.com\/de\/wp-json\/wp\/v2\/product_cat?post=297"},{"taxonomy":"product_tag","embeddable":true,"href":"https:\/\/www.cy-package.com\/de\/wp-json\/wp\/v2\/product_tag?post=297"}],"curies":[{"name":"wp","href":"https:\/\/api.w.org\/{rel}","templated":true}]}}