{"id":298,"date":"2024-09-05T10:28:15","date_gmt":"2024-09-05T02:28:15","guid":{"rendered":"https:\/\/www.cy-package.com\/?post_type=product&#038;p=298"},"modified":"2024-09-14T20:27:55","modified_gmt":"2024-09-14T12:27:55","slug":"wiederabziehbare-selbstklebende-deckelfolie-fur-schalen","status":"publish","type":"product","link":"https:\/\/www.cy-package.com\/de\/produkt\/wiederabziehbare-selbstklebende-deckelfolie-fur-schalen\/","title":{"rendered":"ComforLid Roll Stock Film Wiederabziehbare, selbstschlie\u00dfende Deckelfolie f\u00fcr Schalen"},"content":{"rendered":"<p style=\"text-align: left\"><span style=\"font-size: 18px\"><strong>\u00dcber Roll Stock Film<\/strong><\/span><\/p>\n<p style=\"text-align: left\">\n<p style=\"text-align: left\">Rollenfolie ist eines unserer beliebtesten Produkte. Rollenfolie ist besonders in der Lebensmittelindustrie beliebt und wird auch von Kunden aus anderen Branchen h\u00e4ufig f\u00fcr eine Vielzahl von Anwendungen verwendet. Rollenfolie bietet letztendlich jede Menge Flexibilit\u00e4t und eignet sich gut f\u00fcr eine Vielzahl von Anwendungen. CYPACK produziert auch Kaltsiegelrollen und ComforLid, die die perfekte Verpackungsoption f\u00fcr hitzeempfindliche Produkte sind. Und wir empfehlen dringend die wieder abziehbare, selbstklebende Deckelfolie f\u00fcr Schalen. Das Material der Deckelfolie ist eine spezielle PE-Mischung mit PET. Der Zauber liegt darin, dass der wiederverwendbare Klebstoff beim Hei\u00dfsiegeln seine Wirkung entfaltet.<\/p>\n<p style=\"text-align: left\">\n<p style=\"text-align: left\">\n<div>\n<p><span style=\"font-size: 18px\"><strong>Produkt-Paramenter<\/strong><\/span><\/p>\n<\/div>\n<div>\n<p>&nbsp;<\/p>\n<div class=\"nei-table\">\n<table style=\"width: 799px\" width=\"1000\">\n<tbody>\n<tr class=\"firstRow\">\n<td style=\"border-color: #dddddd\" colspan=\"1\" rowspan=\"1\" width=\"162\" height=\"20\">\n<div style=\"text-align: left\">Materialqualit\u00e4t:<\/div>\n<\/td>\n<td style=\"border-color: #dddddd\" colspan=\"1\" rowspan=\"1\" width=\"837\" height=\"20\">\n<div>Lebensmittelgeeignetes Material<\/div>\n<\/td>\n<\/tr>\n<tr>\n<td style=\"border-color: #dddddd\" colspan=\"1\" rowspan=\"1\" width=\"162\" height=\"20\">\n<div>Material:<\/div>\n<\/td>\n<td style=\"border-color: #dddddd\" colspan=\"1\" rowspan=\"1\" width=\"837\" height=\"20\">\n<div>PET\/VMPET\/PE\/BOPP\/Kraftpapier\/AL usw<\/div>\n<\/td>\n<\/tr>\n<tr>\n<td style=\"border-color: #dddddd\" colspan=\"1\" rowspan=\"1\" width=\"162\" height=\"20\">\n<div>Merkmal :<\/div>\n<\/td>\n<td style=\"border-color: #dddddd\" colspan=\"1\" rowspan=\"1\" width=\"837\" height=\"20\">\n<div>\n<p>1) .Sicherheitsmaterial in Lebensmittelqualit\u00e4t und perfekter Druck<\/p>\n<div data-spm-anchor-id=\"a2700.pc-decorate.0.i62.50563333vYoKlh\">2) Einfach zu verpackende Produkte, ausgezeichneter Feuchtigkeitsschutz<\/div>\n<div data-spm-anchor-id=\"a2700.pc-decorate.0.i62.50563333vYoKlh\">3) Wieder abziehbar und selbstversiegelnd, nachdem die Deckelfolie f\u00fcr das Tablett ge\u00f6ffnet wurde<\/div>\n<\/div>\n<\/td>\n<\/tr>\n<tr>\n<td style=\"border-color: #dddddd\" colspan=\"1\" rowspan=\"1\" width=\"162\" height=\"20\">\n<div>Gr\u00f6\u00dfe&amp;Dicke:<\/div>\n<\/td>\n<td style=\"border-color: #dddddd\" colspan=\"1\" rowspan=\"1\" width=\"837\" height=\"20\">\n<div>Ma\u00dfgeschneidert nach Ihren Anforderungen<\/div>\n<\/td>\n<\/tr>\n<tr>\n<td style=\"border-color: #dddddd\" colspan=\"1\" rowspan=\"1\" width=\"162\" height=\"20\">\n<div>Tintenart:<\/div>\n<\/td>\n<td style=\"border-color: #dddddd\" colspan=\"1\" rowspan=\"1\" width=\"837\" height=\"20\">\n<div>Umweltfreundliche Sojatinte in Lebensmittelqualit\u00e4t<\/div>\n<\/td>\n<\/tr>\n<tr>\n<td style=\"border-color: #dddddd\" colspan=\"1\" rowspan=\"1\" width=\"162\" height=\"20\">\n<div>Versand:<\/div>\n<\/td>\n<td style=\"border-color: #dddddd\" colspan=\"1\" rowspan=\"1\" width=\"837\" height=\"20\">Auf dem Seeweg\/auf dem Luftweg\/mit der Bahn\/Fedex\/DHL\/UPS\/TNT usw.<\/td>\n<\/tr>\n<tr>\n<td style=\"border-color: #dddddd\" colspan=\"1\" rowspan=\"1\" width=\"162\" height=\"20\">\n<div>Anwendung:<\/div>\n<\/td>\n<td style=\"border-color: #dddddd\" colspan=\"1\" rowspan=\"1\" width=\"837\" height=\"20\">\n<div>Lebensmittel \/ Kaffee \/ Tiernahrung \/ Tee \/ Snacks \/ N\u00fcsse \/ Molkenprotein \/ Saatgut\/Lebensmittelzubereitung usw.<\/div>\n<\/td>\n<\/tr>\n<tr>\n<td style=\"border-color: #dddddd\" colspan=\"1\" rowspan=\"1\" width=\"162\" height=\"20\">\n<div>Farboptionen:<\/div>\n<\/td>\n<td style=\"border-color: #dddddd\" colspan=\"1\" rowspan=\"1\" width=\"837\" height=\"20\">Es k\u00f6nnen bis zu 11 Farben ausgew\u00e4hlt werden.<\/td>\n<\/tr>\n<tr>\n<td style=\"border-color: #dddddd\" colspan=\"1\" rowspan=\"1\" width=\"162\" height=\"20\">\n<div>Qualit\u00e4tskontrolle:<\/div>\n<\/td>\n<td style=\"border-color: #dddddd\" colspan=\"1\" rowspan=\"1\" width=\"837\" height=\"20\">\n<div data-spm-anchor-id=\"a2700.details.0.i14.1410417dX9YP5T\">Hochmoderne Ausr\u00fcstung und ein erfahrenes QC-Team kontrollieren Material, Halbfertig- und Fertigprodukte streng in jedem Schritt vor dem Versand.<\/div>\n<\/td>\n<\/tr>\n<\/tbody>\n<\/table>\n<\/div>\n<p>&nbsp;<\/p>\n<p>&nbsp;<\/p>\n<p style=\"text-align: left\"><span style=\"font-size: 20px\"><strong>Firmenprofil<\/strong><\/span><\/p>\n<p style=\"text-align: left\"><span style=\"font-size: 20px\"><strong>\u00a0<\/strong><\/span><\/p>\n<p><img decoding=\"async\" style=\"float: left;width: 1517px;height: 445px\" title=\"ComforLid Roll Stock Film Wiederabziehbare, selbstschlie\u00dfende Deckelfolie f\u00fcr Schalen\" src=\"https:\/\/www.cy-package.com\/2833\/2833-202205062151199013.jpg\" alt=\"ComforLid Roll Stock Film Wiederabziehbare, selbstschlie\u00dfende Deckelfolie f\u00fcr Schalen\" width=\"1517\" \/><\/p>\n<p>&nbsp;<\/p>\n<p>&nbsp;<\/p>\n<p>&nbsp;<\/p>\n<p>&nbsp;<\/p>\n<p>&nbsp;<\/p>\n<p>&nbsp;<\/p>\n<p>&nbsp;<\/p>\n<p>&nbsp;<\/p>\n<p>&nbsp;<\/p>\n<p>&nbsp;<\/p>\n<p>&nbsp;<\/p>\n<p>&nbsp;<\/p>\n<p>&nbsp;<\/p>\n<p>&nbsp;<\/p>\n<p>&nbsp;<\/p>\n<p>&nbsp;<\/p>\n<p>&nbsp;<\/p>\n<p>&nbsp;<\/p>\n<p><span style=\"font-size: 20px\"><strong>Vorteile der bedruckten Verpackungsrollenfolie von CYPACK\u00a0<\/strong><\/span><\/p>\n<p>&nbsp;<\/p>\n<p>1. Unsere bedruckte Laminierfolie bietet eine kosteng\u00fcnstige und einfache Verpackungsm\u00f6glichkeit f\u00fcr verschiedene Produkte. Diese Rollenfolien sind mit den meisten Form-, F\u00fcll- und Versiegelungsmaschinen kompatibel und eignen sich hervorragend f\u00fcr die automatische Verpackung.<\/p>\n<p>&nbsp;<\/p>\n<p>2. Kundenspezifisch bedruckte Rollenfolie kann zum Formen von Rollen und Herstellen versiegelter Beutel verwendet werden. Bedruckte laminierte Verpackungsrollen sind ideal, um die Produkteffizienz zu steigern, die Frische zu bewahren und die Haltbarkeit des Produkts zu verl\u00e4ngern, w\u00e4hrend gleichzeitig die \u00c4sthetik der Verpackung erhalten bleibt. Es ist einfach und erschwinglich. Au\u00dferdem sind bedruckte laminierte Verpackungsrollen ideal f\u00fcr selbstversiegelnde, wiederverschlie\u00dfbare Verpackungen.<\/p>\n<p>&nbsp;<\/p>\n<p>3. Abh\u00e4ngig von Ihren Anforderungen an die Rollenverpackung k\u00f6nnen wir Ihnen verschiedene Anpassungsoptionen anbieten, darunter Gewicht, Breite und Durchmesser der bedruckten laminierten Verpackungsrolle sowie die gew\u00fcnschte Folienkonstruktion. Wir bieten bedruckte laminierte Verpackungsrollen in verschiedenen Kombinationen an.<\/p>\n<p style=\"text-align: center\">\n<p style=\"text-align: center\">\n<p>&nbsp;<\/p>\n<p>&nbsp;<\/p>\n<\/div>","protected":false},"excerpt":{"rendered":"<p class=\"wui-p-v-4\"><span class=\"wui-text-color-accents wui-text-weight-bold\">Marke:<\/span> <span class=\"wui-text-color-primary\">CY-PACK<\/span><\/p>\n<p class=\"wui-p-v-4\"><span class=\"wui-text-color-accents wui-text-weight-bold\">Herkunft des Produkts:<\/span> <span class=\"wui-text-color-primary\">China<\/span><\/p>\n<p class=\"wui-p-v-4\"><span class=\"wui-text-color-accents wui-text-weight-bold\">Lieferfrist:<\/span> <span class=\"wui-text-color-primary\">15 Tage Vorlaufzeit<\/span><\/p>\n<p class=\"wui-p-v-4\">Rollenware bietet viele Vorteile, unter anderem:<br \/>\nNiedrige Kosten: Auch hochwertige Verpackungsfolien sind erschwinglich.<br \/>\nSchnelle Geschwindigkeit: Wir k\u00f6nnen Rollenware schnell produzieren, machen Sie sich keine Sorgen \u00fcber die Vorlaufzeit. Eine Vielzahl von Kunststoff-Folie sind verf\u00fcgbar: wir bieten selbstversiegelnde Deckelfolie, Druckfolie, Verpackungsfolie, Hotmelt-Folie, kaltversiegelte Folie,<\/p>","protected":false},"featured_media":355,"comment_status":"open","ping_status":"closed","template":"","meta":{"_seopress_robots_primary_cat":"none","_seopress_titles_title":"","_seopress_titles_desc":"","_seopress_robots_index":"","_monsterinsights_skip_tracking":false,"_monsterinsights_sitenote_active":false,"_monsterinsights_sitenote_note":"","_monsterinsights_sitenote_category":0,"_kad_post_transparent":"default","_kad_post_title":"","_kad_post_layout":"default","_kad_post_sidebar_id":"","_kad_post_content_style":"default","_kad_post_vertical_padding":"default","_kad_post_feature":"","_kad_post_feature_position":"","_kad_post_header":false,"_kad_post_footer":false},"product_brand":[],"product_cat":[25],"product_tag":[],"class_list":{"0":"post-298","1":"product","2":"type-product","3":"status-publish","4":"has-post-thumbnail","6":"product_cat-laminating-packaging-film","8":"first","9":"instock","10":"shipping-taxable","11":"product-type-simple","12":"entry","13":"content-bg","14":"loop-entry"},"_links":{"self":[{"href":"https:\/\/www.cy-package.com\/de\/wp-json\/wp\/v2\/product\/298","targetHints":{"allow":["GET"]}}],"collection":[{"href":"https:\/\/www.cy-package.com\/de\/wp-json\/wp\/v2\/product"}],"about":[{"href":"https:\/\/www.cy-package.com\/de\/wp-json\/wp\/v2\/types\/product"}],"replies":[{"embeddable":true,"href":"https:\/\/www.cy-package.com\/de\/wp-json\/wp\/v2\/comments?post=298"}],"version-history":[{"count":1,"href":"https:\/\/www.cy-package.com\/de\/wp-json\/wp\/v2\/product\/298\/revisions"}],"predecessor-version":[{"id":770,"href":"https:\/\/www.cy-package.com\/de\/wp-json\/wp\/v2\/product\/298\/revisions\/770"}],"wp:featuredmedia":[{"embeddable":true,"href":"https:\/\/www.cy-package.com\/de\/wp-json\/wp\/v2\/media\/355"}],"wp:attachment":[{"href":"https:\/\/www.cy-package.com\/de\/wp-json\/wp\/v2\/media?parent=298"}],"wp:term":[{"taxonomy":"product_brand","embeddable":true,"href":"https:\/\/www.cy-package.com\/de\/wp-json\/wp\/v2\/product_brand?post=298"},{"taxonomy":"product_cat","embeddable":true,"href":"https:\/\/www.cy-package.com\/de\/wp-json\/wp\/v2\/product_cat?post=298"},{"taxonomy":"product_tag","embeddable":true,"href":"https:\/\/www.cy-package.com\/de\/wp-json\/wp\/v2\/product_tag?post=298"}],"curies":[{"name":"wp","href":"https:\/\/api.w.org\/{rel}","templated":true}]}}