{"id":299,"date":"2024-09-05T10:28:15","date_gmt":"2024-09-05T02:28:15","guid":{"rendered":"https:\/\/www.cy-package.com\/?post_type=product&#038;p=299"},"modified":"2024-09-14T20:27:56","modified_gmt":"2024-09-14T12:27:56","slug":"kundenspezifischer-druck-kaltversiegelung-verpackung-rollfilm","status":"publish","type":"product","link":"https:\/\/www.cy-package.com\/de\/produkt\/kundenspezifischer-druck-kaltversiegelung-verpackung-rollfilm\/","title":{"rendered":"Angepasst Druck Cold Seal Packaging Roll Film"},"content":{"rendered":"<p><\/p>\n<p><span><span>Kaltsiegelverpackungen werden f\u00fcr verschiedene Produkte wie:&nbsp;<\/span><\/span><\/p>\n<p><span><span>Schokoladentafeln<\/span><br \/><span>S\u00fc\u00dfwaren<\/span><br \/><span>Cookies<\/span><br \/><span>Eiscreme<\/span><br \/><span>Geb\u00e4ck<\/span><br \/><span>M\u00fcsliriegel, unter anderem.&nbsp;<\/span><\/span><\/p>\n<p><span><span><br \/><\/span><\/span><\/p>\n<p><\/p>\n<p><span><span><strong>Darrell Lea<\/strong><\/span>&nbsp;ist ein australisches Unternehmen, das Schokolade, Lakritze und andere S\u00fc\u00dfwaren herstellt und vertreibt.<\/span><\/p>\n<p><span>Sie haben sich f\u00fcr CYPACK entschieden, um die perfekte Verpackung f\u00fcr ihre S\u00fc\u00dfwaren zu entwerfen.<\/span><\/p>\n<p><strong><span><span>Produktionsprozess<\/span><\/span><\/strong><\/p>\n<p><span style=\"text-align: center\">Wir verwenden die neueste Hochgeschwindigkeits-Fixpunkt-Beschichtungsmaschine, um&nbsp;<\/span><span style=\"text-align: center\">kalt klebende Beschichtungsmassen an Festpunktteilen zu verarbeiten.<\/span><\/p>\n<p><span><img decoding=\"async\" src=\"https:\/\/www.cy-package.com\/2833\/2833-202206131906373072.jpg\" title=\"Angepasst Druck Cold Seal Packaging Roll Film\" alt=\"Angepasst Druck Cold Seal Packaging Roll Film\" \/><\/span><\/p>\n<p><\/p>\n<p><span><span><strong>W\u00e4hlen Sie die besten Materialien f\u00fcr Ihre Verpackung<\/strong><\/span><\/span><\/p>\n<p>Schokolade und Stangenbonbons sind extrem anf\u00e4llig f\u00fcr Sonnenlicht und m\u00fcssen auch vor Sauerstoff gesch\u00fctzt werden, vor allem, wenn sie N\u00fcsse enthalten. Daher sollten die Verbundmaterialien die urspr\u00fcngliche Gaszusammensetzung und den Lichtpegel in der Verpackung erhalten.<\/p>\n<p><strong>SCHEMA 1&nbsp;<\/strong>: Die optimale Verpackung f\u00fcr Schokoladenbonbons. Es ist ein dreischichtiges Laminat, das das Produkt vor Sonnenlicht und Sauerstoff sch\u00fctzt.<\/p>\n<ul class=\"list-paddingleft-2\">\n<li>\n<p>transparentes oder mattes PET\/BOPP (gute Barriereeigenschaften gegen Wasserkondensat, hohe Transparenz)<\/p>\n<\/li>\n<li>\n<p>metallisiertes PP (gute Barriere gegen Wasserkondensat und Sonnenlicht)<\/p>\n<\/li>\n<li>\n<p>transparentes PE (Dichtungs- und Strukturschicht, gute Barriere gegen Wasserdampf)<\/p>\n<\/li>\n<p><img decoding=\"async\" src=\"https:\/\/www.cy-package.com\/2833\/2833-202206131908128378.jpg\" title=\"Angepasst Druck Cold Seal Packaging Roll Film\" alt=\"Angepasst Druck Cold Seal Packaging Roll Film\" \/><\/p>\n<p><strong><br \/><\/strong><\/p>\n<p><strong>SCHEMA 2&nbsp;<\/strong>: ist ein zweischichtiges Laminat. Die Wahl zwischen transparentem oder nicht transparentem Verbundstoff h\u00e4ngt davon ab, ob der Kunde ein durchsichtiges Teil f\u00fcr die Produktpr\u00e4sentation w\u00fcnscht.<\/p>\n<ul class=\"list-paddingleft-2\" style=\"list-style-type: square\">\n<li>\n<p>transparentes oder mattes PET\/BOPP (gute Barriereeigenschaften gegen Wasserkondensat, hohe Transparenz)<\/p>\n<\/li>\n<li>\n<p>transparentes oder wei\u00dfes PE (Dichtungs- und Strukturschicht, gute Barriere gegen Wasserdampf, hohe Transparenz)<\/p>\n<\/li>\n<\/ul>\n<p><img decoding=\"async\" src=\"https:\/\/www.cy-package.com\/2833\/2833-202206141901568504.jpg\" title=\"Angepasst Druck Cold Seal Packaging Roll Film\" alt=\"Angepasst Druck Cold Seal Packaging Roll Film\" \/><\/p>\n<\/ul>\n<p><\/p>\n<div>\n<p><span style=\"font-size: 18px\"><strong>Produkt-Paramenter<\/strong><\/span><\/p>\n<\/div>\n<div>\n<div class=\"nei-table\">\n<table width=\"1000\">\n<tbody>\n<tr class=\"firstRow\">\n<td colspan=\"1\" rowspan=\"1\" height=\"20\" width=\"162\">\n<div style=\"text-align: left\"><span>Materialqualit\u00e4t:<\/span><\/div>\n<\/td>\n<td colspan=\"1\" rowspan=\"1\" height=\"20\" width=\"837\">\n<div>Lebensmittelgeeignetes Material<\/div>\n<\/td>\n<\/tr>\n<tr>\n<td colspan=\"1\" rowspan=\"1\" height=\"20\" width=\"162\">\n<div><span>Material:<\/span><\/div>\n<\/td>\n<td colspan=\"1\" rowspan=\"1\" height=\"20\" width=\"837\">\n<div>PET+VMPET+PE, BOPP+Kraftpapier+VMPET+PE, etc<\/div>\n<\/td>\n<\/tr>\n<tr>\n<td colspan=\"1\" rowspan=\"1\" height=\"20\" width=\"162\">\n<div><span>Merkmal :<\/span><\/div>\n<\/td>\n<td colspan=\"1\" rowspan=\"1\" height=\"20\" width=\"837\">\n<div>1). sicheres lebensmittelechtes Material und perfekter Druck<\/p>\n<div data-spm-anchor-id=\"a2700.pc-decorate.0.i62.50563333vYoKlh\">2). gro\u00dfartig, um Auslaufen zu verhindern, ausgezeichneter Feuchtigkeitsschutz<\/div>\n<div data-spm-anchor-id=\"a2700.pc-decorate.0.i62.50563333vYoKlh\">3). starke Abdichtung Boden &amp; Durable Ziplock<\/div>\n<\/div>\n<\/td>\n<\/tr>\n<tr>\n<td colspan=\"1\" rowspan=\"1\" height=\"20\" width=\"162\">\n<div><span>Gr\u00f6\u00dfe&amp;Dicke:<\/span><\/div>\n<\/td>\n<td colspan=\"1\" rowspan=\"1\" height=\"20\" width=\"837\">\n<div>Individuell nach Ihren Anforderungen<\/div>\n<\/td>\n<\/tr>\n<tr>\n<td colspan=\"1\" rowspan=\"1\" height=\"20\" width=\"162\">\n<div><span>Tintenart:<\/span><\/div>\n<\/td>\n<td colspan=\"1\" rowspan=\"1\" height=\"20\" width=\"837\">\n<div>Umweltfreundliche Sojatinte in Lebensmittelqualit\u00e4t<\/div>\n<\/td>\n<\/tr>\n<tr>\n<td colspan=\"1\" rowspan=\"1\" height=\"20\" width=\"162\">\n<div><span>Kapazit\u00e4t:<\/span><\/div>\n<\/td>\n<td colspan=\"1\" rowspan=\"1\" height=\"20\" width=\"837\">\n<div>100g, 200g, 250g, 500g, 1000g\/1kg, 2kg, 5kg,8oz-100oz, kundenspezifisch<\/div>\n<\/td>\n<\/tr>\n<tr>\n<td colspan=\"1\" rowspan=\"1\" height=\"20\" width=\"162\">\n<div><span>Anwendung:<\/span><\/div>\n<\/td>\n<td colspan=\"1\" rowspan=\"1\" height=\"20\" width=\"837\">\n<div>Lebensmittel \/ Kaffee \/ Tiernahrung \/ Tee \/ Snacks \/ N\u00fcsse \/ Molkenprotein \/ Samen, etc.<\/div>\n<\/td>\n<\/tr>\n<tr>\n<td colspan=\"1\" rowspan=\"1\" height=\"20\" width=\"162\">\n<div><span>Stil-Optionen:<\/span><\/div>\n<\/td>\n<td colspan=\"1\" rowspan=\"1\" height=\"20\" width=\"837\">\n<div>Flacher Boden, Stand UP, Seitenfalte, Rei\u00dfverschluss oben, mit\/ohne Fenster, Euro-Loch, etc.<\/div>\n<\/td>\n<\/tr>\n<tr>\n<td colspan=\"1\" rowspan=\"1\" height=\"20\" width=\"162\">\n<div><span>Qualit\u00e4tskontrolle:<\/span><\/div>\n<\/td>\n<td colspan=\"1\" rowspan=\"1\" height=\"20\" width=\"837\">\n<div data-spm-anchor-id=\"a2700.details.0.i14.1410417dX9YP5T\">Hochmoderne Ausr\u00fcstung und ein erfahrenes QC-Team kontrollieren Material, Halbfertig- und Fertigprodukte streng in jedem Schritt vor dem Versand.<\/div>\n<\/td>\n<\/tr>\n<\/tbody>\n<\/table>\n<\/div>\n<p><\/p>\n<p><span>Lebensmittelverpackungsfolien auf Rollen werden in der Regel aus lebensmittelechten Kunststoffen wie Polyethylen (PE), Polypropylen (PP) und Polyethylenterephthalat (PET) hergestellt und manchmal sogar mit Aluminiumfolie laminiert. Diese Materialien werden aufgrund ihrer Schutzwirkung, ihrer Barriereeigenschaften und ihrer \u00dcbereinstimmung mit den Vorschriften zur Lebensmittelsicherheit ausgew\u00e4hlt.<\/span><\/p>\n<p><span><br \/><\/span><\/p>\n<p><span>Lebensmittelverpackungsfolien von der Rolle werden unter strenger Einhaltung der Normen und Vorschriften zur Lebensmittelsicherheit hergestellt. Dadurch wird sichergestellt, dass die Verpackungsmaterialien keine sch\u00e4dlichen Stoffe auf die Lebensmittel \u00fcbertragen und die Unversehrtheit des Produkts erhalten bleibt.<\/span><\/p>\n<p><span><br \/><\/span><\/p>\n<p><span>&nbsp;Lebensmittel-Rollenfolien k\u00f6nnen auf verschiedene Weise versiegelt werden, abh\u00e4ngig von der Verpackungsausr\u00fcstung und den spezifischen Anforderungen des Lebensmittels. Hei\u00dfsiegeln, Klebesiegeln und Rei\u00dfverschl\u00fcsse werden h\u00e4ufig verwendet, um eine sichere und praktische Verpackung zu schaffen.<\/span><\/p>\n<p style=\"text-align: center\"><\/p>\n<p><\/p>\n<\/div><\/div>\n<\/p><\/div>","protected":false},"excerpt":{"rendered":"<p class=\"wui-p-v-4\">    <span class=\"wui-text-color-accents wui-text-weight-bold\">Marke:<\/span>    <span class=\"wui-text-color-primary\">CY-PACK<\/span><\/p>\n<p class=\"wui-p-v-4\">    <span class=\"wui-text-color-accents wui-text-weight-bold\">Herkunft des Produkts:<\/span>    <span class=\"wui-text-color-primary\">China<\/span><\/p>\n<p class=\"wui-p-v-4\">    <span class=\"wui-text-color-accents wui-text-weight-bold\">Lieferfrist:<\/span>    <span class=\"wui-text-color-primary\">25 Tage Vorlaufzeit<\/span><\/p>\n<p class=\"wui-p-v-4\">1. Lebensmittelverpackungsfolien bieten oft hervorragende Barriereeigenschaften, einschlie\u00dflich Schutz vor Sauerstoff, Feuchtigkeit und Licht. Dies tr\u00e4gt dazu bei, die Haltbarkeit von Lebensmitteln zu verl\u00e4ngern, sie l\u00e4nger frisch zu halten und Lebensmittelabf\u00e4lle zu reduzieren.<br \/>2. rollenf\u00f6rmige Verpackungsfolien gew\u00e4hrleisten die Sicherheit und Hygiene von Lebensmitteln, indem sie Verunreinigungen durch externe Faktoren wie Staub, Bakterien und Handhabung verhindern. Sie sind au\u00dferdem mit Originalit\u00e4tsmerkmalen ausgestattet, um die Verbraucher von der Integrit\u00e4t des Produkts zu \u00fcberzeugen.<br \/>3. Rollfolien sind \u00e4u\u00dferst effizient im Hinblick auf den Materialverbrauch. Sie k\u00f6nnen genau auf die Gr\u00f6\u00dfe der Lebensmittel zugeschnitten werden, was den Verpackungsm\u00fcll reduziert.<br \/>4. Diese Verpackungsfolien k\u00f6nnen mit automatisierten Verpackungsmaschinen verwendet werden, was die Produktionseffizienz erh\u00f6ht und die Arbeitskosten senkt.<\/p>","protected":false},"featured_media":359,"comment_status":"open","ping_status":"closed","template":"","meta":{"_seopress_robots_primary_cat":"","_seopress_titles_title":"","_seopress_titles_desc":"","_seopress_robots_index":"","_monsterinsights_skip_tracking":false,"_monsterinsights_sitenote_active":false,"_monsterinsights_sitenote_note":"","_monsterinsights_sitenote_category":0,"_kad_post_transparent":"","_kad_post_title":"","_kad_post_layout":"","_kad_post_sidebar_id":"","_kad_post_content_style":"","_kad_post_vertical_padding":"","_kad_post_feature":"","_kad_post_feature_position":"","_kad_post_header":false,"_kad_post_footer":false},"product_brand":[],"product_cat":[25],"product_tag":[],"class_list":{"0":"post-299","1":"product","2":"type-product","3":"status-publish","4":"has-post-thumbnail","6":"product_cat-laminating-packaging-film","8":"first","9":"instock","10":"shipping-taxable","11":"product-type-simple","12":"entry","13":"content-bg","14":"loop-entry"},"_links":{"self":[{"href":"https:\/\/www.cy-package.com\/de\/wp-json\/wp\/v2\/product\/299","targetHints":{"allow":["GET"]}}],"collection":[{"href":"https:\/\/www.cy-package.com\/de\/wp-json\/wp\/v2\/product"}],"about":[{"href":"https:\/\/www.cy-package.com\/de\/wp-json\/wp\/v2\/types\/product"}],"replies":[{"embeddable":true,"href":"https:\/\/www.cy-package.com\/de\/wp-json\/wp\/v2\/comments?post=299"}],"version-history":[{"count":0,"href":"https:\/\/www.cy-package.com\/de\/wp-json\/wp\/v2\/product\/299\/revisions"}],"wp:featuredmedia":[{"embeddable":true,"href":"https:\/\/www.cy-package.com\/de\/wp-json\/wp\/v2\/media\/359"}],"wp:attachment":[{"href":"https:\/\/www.cy-package.com\/de\/wp-json\/wp\/v2\/media?parent=299"}],"wp:term":[{"taxonomy":"product_brand","embeddable":true,"href":"https:\/\/www.cy-package.com\/de\/wp-json\/wp\/v2\/product_brand?post=299"},{"taxonomy":"product_cat","embeddable":true,"href":"https:\/\/www.cy-package.com\/de\/wp-json\/wp\/v2\/product_cat?post=299"},{"taxonomy":"product_tag","embeddable":true,"href":"https:\/\/www.cy-package.com\/de\/wp-json\/wp\/v2\/product_tag?post=299"}],"curies":[{"name":"wp","href":"https:\/\/api.w.org\/{rel}","templated":true}]}}