{"id":300,"date":"2024-09-05T10:28:15","date_gmt":"2024-09-05T02:28:15","guid":{"rendered":"https:\/\/www.cy-package.com\/?post_type=product&#038;p=300"},"modified":"2024-09-14T20:27:57","modified_gmt":"2024-09-14T12:27:57","slug":"retortentullenbeutel","status":"publish","type":"product","link":"https:\/\/www.cy-package.com\/de\/produkt\/retortentullenbeutel\/","title":{"rendered":"Retortenausgie\u00dfer-Beutel"},"content":{"rendered":"<p><span><\/span><\/p>\n<p>&nbsp; &nbsp; &nbsp; &nbsp; Spout Poches sind f\u00fcr alles geeignet, was frei flie\u00dft, seien es Fl\u00fcssigkeiten, Getr\u00e4nke, Cremes, Gele, L\u00f6sungsmittel, Pulver und sogar Klebstoffe! Mit der gleichen Kernstruktur wie unsere Standbodenbeutel gehen wir bei unseren Ausgie\u00dferbeuteln noch einen Schritt weiter, indem wir ein hochwertigeres und dichteres Polymer verwenden, um sicherzustellen, dass sie sowohl durchsto\u00dffest als auch auslaufsicher sind. Alle unsere Ausgie\u00dferbeutel halten auch den korrosivsten Materialien stand, einschlie\u00dflich s\u00e4ure- und laugenhaltiger Materialien. Auch f\u00fcr das Zubeh\u00f6r bieten wir verschiedene Optionen an&nbsp;<\/p>\n<p>&nbsp; &nbsp; &nbsp; &nbsp;&nbsp;<\/p>\n<p>&nbsp; &nbsp; &nbsp; &nbsp; F\u00fcr den Bedarf an Beuteln mit gr\u00f6\u00dferem Fassungsverm\u00f6gen sind wir in der Lage, Ausgie\u00dfer mit einem gr\u00f6\u00dferen Durchmesser zu liefern und k\u00f6nnen Trage- und Ausgie\u00dfgriffe f\u00fcr zus\u00e4tzlichen Halt anbringen. Diese sind ideal f\u00fcr Industrie- und Automobilanwendungen wie Reinigungsmittel, Motor\u00f6le und Scheibenwaschmittel. Unsere Ausgie\u00dfer sind mit allen vollautomatischen Abf\u00fcllanlagen kompatibel. F\u00fcr Produkte, die von Hand abgef\u00fcllt werden, k\u00f6nnen wir die Ausgie\u00dfer entweder in der Mitte des Beutels positionieren, wenn ein Trichter verwendet wird, oder an der Seite des Beutels, wenn der Kunde eine gr\u00f6\u00dfere \u00d6ffnung f\u00fcr eine einfache Verpackung ben\u00f6tigt.<\/p>\n<p>&nbsp; &nbsp; &nbsp;&nbsp;<\/p>\n<p>&nbsp; &nbsp; &nbsp; &nbsp; Was die Umweltvorteile betrifft, so verbrauchen unsere Ausgie\u00dfer fast 60% weniger Kunststoff als herk\u00f6mmliche Plastikflaschen, ben\u00f6tigen weitaus weniger Energie bei der Herstellung und produzieren weniger Abfall im Prozess. Was die Lagerung und Logistik betrifft, so k\u00f6nnen Ausgie\u00dferbeutel fast 99,5% fassen, im Gegensatz zu Plastikflaschen, die eine F\u00fcllmenge von 5-15% ben\u00f6tigen. Was die Logistik betrifft, so verursachen Ausgie\u00dferbeutel beim Transport weit weniger Kohlenstoff, da sie aufgrund ihrer kompakten Gr\u00f6\u00dfe eine gr\u00f6\u00dfere Menge transportieren k\u00f6nnen und weniger Lastwagen ben\u00f6tigen.  Sie sind ideal geeignet f\u00fcr Wasser, S\u00e4fte, Milch, Essig, Dressings, Farben, Lacke, Fl\u00fcssigseife, K\u00f6rperpflegemittel, Gesichtsmasken, Peelings, Salze, K\u00f6rpercremes und \u00d6le.<\/p>\n<div>\n<p><span style=\"font-size: 18px\"><strong>Produkt-Paramenter<\/strong><\/span><\/p>\n<\/div>\n<div>\n<div class=\"nei-table\">\n<table width=\"1000\">\n<tbody>\n<tr class=\"firstRow\">\n<td colspan=\"1\" rowspan=\"1\" height=\"20\" width=\"162\">\n<div style=\"text-align: left\"><span>Materialqualit\u00e4t:<\/span><\/div>\n<\/td>\n<td colspan=\"1\" rowspan=\"1\" height=\"20\" width=\"837\">\n<div>Lebensmittelgeeignetes Material<\/div>\n<\/td>\n<\/tr>\n<tr>\n<td colspan=\"1\" rowspan=\"1\" height=\"20\" width=\"162\">\n<div><span>Material:<\/span><\/div>\n<\/td>\n<td colspan=\"1\" rowspan=\"1\" height=\"20\" width=\"837\">\n<div>PET+VMPET+PE, BOPP+Kraftpapier+VMPET+PE, etc<\/div>\n<\/td>\n<\/tr>\n<tr>\n<td colspan=\"1\" rowspan=\"1\" height=\"20\" width=\"162\">\n<div><span>Merkmal :<\/span><\/div>\n<\/td>\n<td colspan=\"1\" rowspan=\"1\" height=\"20\" width=\"837\">\n<div>1). sicheres lebensmittelechtes Material und perfekter Druck<\/p>\n<div data-spm-anchor-id=\"a2700.pc-decorate.0.i62.50563333vYoKlh\">2). gro\u00dfartig, um Auslaufen zu verhindern, ausgezeichneter Feuchtigkeitsschutz<\/div>\n<div data-spm-anchor-id=\"a2700.pc-decorate.0.i62.50563333vYoKlh\">3). starke Abdichtung Boden &amp; Durable Ziplock<\/div>\n<\/div>\n<\/td>\n<\/tr>\n<tr>\n<td colspan=\"1\" rowspan=\"1\" height=\"20\" width=\"162\">\n<div><span>Gr\u00f6\u00dfe&amp;Dicke:<\/span><\/div>\n<\/td>\n<td colspan=\"1\" rowspan=\"1\" height=\"20\" width=\"837\">\n<div>Individuell nach Ihren Anforderungen<\/div>\n<\/td>\n<\/tr>\n<tr>\n<td colspan=\"1\" rowspan=\"1\" height=\"20\" width=\"162\">\n<div><span>Tintenart:<\/span><\/div>\n<\/td>\n<td colspan=\"1\" rowspan=\"1\" height=\"20\" width=\"837\">\n<div>Umweltfreundliche Sojatinte in Lebensmittelqualit\u00e4t<\/div>\n<\/td>\n<\/tr>\n<tr>\n<td colspan=\"1\" rowspan=\"1\" height=\"20\" width=\"162\">\n<div><span>Kapazit\u00e4t:<\/span><\/div>\n<\/td>\n<td colspan=\"1\" rowspan=\"1\" height=\"20\" width=\"837\">\n<div>100g, 200g, 250g, 500g, 1000g\/1kg, 2kg, 5kg,8oz-100oz, kundenspezifisch<\/div>\n<\/td>\n<\/tr>\n<tr>\n<td colspan=\"1\" rowspan=\"1\" height=\"20\" width=\"162\">\n<div><span>Anwendung:<\/span><\/div>\n<\/td>\n<td colspan=\"1\" rowspan=\"1\" height=\"20\" width=\"837\">\n<div>Lebensmittel \/ Kaffee \/ Tiernahrung \/ Tee \/ Snacks \/ N\u00fcsse \/ Molkenprotein \/ Samen, etc.<\/div>\n<\/td>\n<\/tr>\n<tr>\n<td colspan=\"1\" rowspan=\"1\" height=\"20\" width=\"162\">\n<div><span>Stil-Optionen:<\/span><\/div>\n<\/td>\n<td colspan=\"1\" rowspan=\"1\" height=\"20\" width=\"837\">\n<div>Flacher Boden, Stand UP, Seitenfalte, Rei\u00dfverschluss oben, mit\/ohne Fenster, Euro-Loch, etc.<\/div>\n<\/td>\n<\/tr>\n<tr>\n<td colspan=\"1\" rowspan=\"1\" height=\"20\" width=\"162\">\n<div><span>Qualit\u00e4tskontrolle:<\/span><\/div>\n<\/td>\n<td colspan=\"1\" rowspan=\"1\" height=\"20\" width=\"837\">\n<div data-spm-anchor-id=\"a2700.details.0.i14.1410417dX9YP5T\">Hochmoderne Ausr\u00fcstung und ein erfahrenes QC-Team kontrollieren Material, Halbfertig- und Fertigprodukte streng in jedem Schritt vor dem Versand.<\/div>\n<\/td>\n<\/tr>\n<\/tbody>\n<\/table>\n<\/div>\n<p><\/p>\n<p><\/p>\n<\/div><\/div>\n<\/p><\/div>","protected":false},"excerpt":{"rendered":"<p class=\"wui-p-v-4\">    <span class=\"wui-text-color-accents wui-text-weight-bold\">Marke:<\/span>    <span class=\"wui-text-color-primary\">CY-PACK<\/span><\/p>\n<p class=\"wui-p-v-4\">    <span class=\"wui-text-color-accents wui-text-weight-bold\">Herkunft des Produkts:<\/span>    <span class=\"wui-text-color-primary\">China<\/span><\/p>\n<p class=\"wui-p-v-4\">    <span class=\"wui-text-color-accents wui-text-weight-bold\">Lieferfrist:<\/span>    <span class=\"wui-text-color-primary\">25 Tage Vorlaufzeit<\/span><\/p>\n<p class=\"wui-p-v-4\">Unsere Fl\u00fcssigkeitsverpackungsbeutel sind langlebig und rei\u00dffest, da sie aus verschiedenen Kunststofffolien wie LLDPE, BOPP, PPE, MET, PVC und PE hergestellt werden. Wir laminieren unsere Beutel auch mit metallisierten oder Aluminiumfolienschichten, so dass die Haltbarkeit der Produkte verl\u00e4ngert wird.<br \/>Nehmen Sie noch heute Kontakt mit uns auf, und wir werden unser Bestes tun, um Ihre Anforderungen an So\u00dfenverpackungen in Bezug auf Formen, Gr\u00f6\u00dfen und Designs gem\u00e4\u00df Ihren Spezifikationen zu erf\u00fcllen.<\/p>","protected":false},"featured_media":363,"comment_status":"open","ping_status":"closed","template":"","meta":{"_seopress_robots_primary_cat":"","_seopress_titles_title":"","_seopress_titles_desc":"","_seopress_robots_index":"","_monsterinsights_skip_tracking":false,"_monsterinsights_sitenote_active":false,"_monsterinsights_sitenote_note":"","_monsterinsights_sitenote_category":0,"_kad_post_transparent":"","_kad_post_title":"","_kad_post_layout":"","_kad_post_sidebar_id":"","_kad_post_content_style":"","_kad_post_vertical_padding":"","_kad_post_feature":"","_kad_post_feature_position":"","_kad_post_header":false,"_kad_post_footer":false},"product_brand":[],"product_cat":[26],"product_tag":[],"class_list":{"0":"post-300","1":"product","2":"type-product","3":"status-publish","4":"has-post-thumbnail","6":"product_cat-spout-pouches","8":"first","9":"instock","10":"shipping-taxable","11":"product-type-simple","12":"entry","13":"content-bg","14":"loop-entry"},"_links":{"self":[{"href":"https:\/\/www.cy-package.com\/de\/wp-json\/wp\/v2\/product\/300","targetHints":{"allow":["GET"]}}],"collection":[{"href":"https:\/\/www.cy-package.com\/de\/wp-json\/wp\/v2\/product"}],"about":[{"href":"https:\/\/www.cy-package.com\/de\/wp-json\/wp\/v2\/types\/product"}],"replies":[{"embeddable":true,"href":"https:\/\/www.cy-package.com\/de\/wp-json\/wp\/v2\/comments?post=300"}],"version-history":[{"count":0,"href":"https:\/\/www.cy-package.com\/de\/wp-json\/wp\/v2\/product\/300\/revisions"}],"wp:featuredmedia":[{"embeddable":true,"href":"https:\/\/www.cy-package.com\/de\/wp-json\/wp\/v2\/media\/363"}],"wp:attachment":[{"href":"https:\/\/www.cy-package.com\/de\/wp-json\/wp\/v2\/media?parent=300"}],"wp:term":[{"taxonomy":"product_brand","embeddable":true,"href":"https:\/\/www.cy-package.com\/de\/wp-json\/wp\/v2\/product_brand?post=300"},{"taxonomy":"product_cat","embeddable":true,"href":"https:\/\/www.cy-package.com\/de\/wp-json\/wp\/v2\/product_cat?post=300"},{"taxonomy":"product_tag","embeddable":true,"href":"https:\/\/www.cy-package.com\/de\/wp-json\/wp\/v2\/product_tag?post=300"}],"curies":[{"name":"wp","href":"https:\/\/api.w.org\/{rel}","templated":true}]}}