{"id":301,"date":"2024-09-05T10:28:15","date_gmt":"2024-09-05T02:28:15","guid":{"rendered":"https:\/\/www.cy-package.com\/?post_type=product&#038;p=301"},"modified":"2024-09-14T20:27:58","modified_gmt":"2024-09-14T12:27:58","slug":"beutel-fur-flussigwaschmittel","status":"publish","type":"product","link":"https:\/\/www.cy-package.com\/de\/produkt\/beutel-fur-flussigwaschmittel\/","title":{"rendered":"Fl\u00fcssigwaschmittel-Auslaufbeutel"},"content":{"rendered":"<p><\/p>\n<p><span><span><span><br \/><\/span><\/span><\/span><\/p>\n<h1>Reinigung chemischer Verpackungen<\/h1>\n<p><span>Kunden verlassen sich auf Ihre Produkte, wenn es um die Reinigung ihrer Wohnungen und Gesch\u00e4fte geht. Unsere innovativen Bag-in-Box-Systeme umfassen eine breite Palette an Folien, Ausstattungen und Abf\u00fcllanlagen f\u00fcr eine flexible Verpackungsl\u00f6sung, die Ihre Produkte und die Menschen, die sie verwenden, von der Bef\u00fcllung bis zur endg\u00fcltigen Ausgabe sch\u00fctzt.&nbsp;<\/span><\/p>\n<p><\/p>\n<div>\n<p><span style=\"font-size: 18px\"><strong>Produkt-Paramenter<\/strong><\/span><\/p>\n<\/div>\n<div>\n<div class=\"nei-table\">\n<table width=\"1000\">\n<tbody>\n<tr class=\"firstRow\">\n<td colspan=\"1\" rowspan=\"1\" height=\"20\" width=\"162\">\n<div style=\"text-align: left\"><span>Materialqualit\u00e4t:<\/span><\/div>\n<\/td>\n<td colspan=\"1\" rowspan=\"1\" height=\"20\" width=\"837\">\n<div>Lebensmittelgeeignetes Material<\/div>\n<\/td>\n<\/tr>\n<tr>\n<td colspan=\"1\" rowspan=\"1\" height=\"20\" width=\"162\">\n<div><span>Material:<\/span><\/div>\n<\/td>\n<td colspan=\"1\" rowspan=\"1\" height=\"20\" width=\"837\">\n<div>PET+VMPET+PE, BOPP+Kraftpapier+VMPET+PE, etc<\/div>\n<\/td>\n<\/tr>\n<tr>\n<td colspan=\"1\" rowspan=\"1\" height=\"20\" width=\"162\">\n<div><span>Merkmal :<\/span><\/div>\n<\/td>\n<td colspan=\"1\" rowspan=\"1\" height=\"20\" width=\"837\">\n<div>1). sicheres lebensmittelechtes Material und perfekter Druck<\/p>\n<div data-spm-anchor-id=\"a2700.pc-decorate.0.i62.50563333vYoKlh\">2). gro\u00dfartig, um Auslaufen zu verhindern, ausgezeichneter Feuchtigkeitsschutz<\/div>\n<div data-spm-anchor-id=\"a2700.pc-decorate.0.i62.50563333vYoKlh\">3). starke Abdichtung Boden &amp; Durable Ziplock<\/div>\n<\/div>\n<\/td>\n<\/tr>\n<tr>\n<td colspan=\"1\" rowspan=\"1\" height=\"20\" width=\"162\">\n<div><span>Gr\u00f6\u00dfe&amp;Dicke:<\/span><\/div>\n<\/td>\n<td colspan=\"1\" rowspan=\"1\" height=\"20\" width=\"837\">\n<div>Individuell nach Ihren Anforderungen<\/div>\n<\/td>\n<\/tr>\n<tr>\n<td colspan=\"1\" rowspan=\"1\" height=\"20\" width=\"162\">\n<div><span>Tintenart:<\/span><\/div>\n<\/td>\n<td colspan=\"1\" rowspan=\"1\" height=\"20\" width=\"837\">\n<div>Umweltfreundliche Sojatinte in Lebensmittelqualit\u00e4t<\/div>\n<\/td>\n<\/tr>\n<tr>\n<td colspan=\"1\" rowspan=\"1\" height=\"20\" width=\"162\">\n<div><span>Kapazit\u00e4t:<\/span><\/div>\n<\/td>\n<td colspan=\"1\" rowspan=\"1\" height=\"20\" width=\"837\">\n<div>100g, 200g, 250g, 500g, 1000g\/1kg, 2kg, 5kg,8oz-100oz, kundenspezifisch<\/div>\n<\/td>\n<\/tr>\n<tr>\n<td colspan=\"1\" rowspan=\"1\" height=\"20\" width=\"162\">\n<div><span>Anwendung:<\/span><\/div>\n<\/td>\n<td colspan=\"1\" rowspan=\"1\" height=\"20\" width=\"837\">\n<div>Lebensmittel \/ Kaffee \/ Tiernahrung \/ Tee \/ Snacks \/ N\u00fcsse \/ Molkenprotein \/ Samen, etc.<\/div>\n<\/td>\n<\/tr>\n<tr>\n<td colspan=\"1\" rowspan=\"1\" height=\"20\" width=\"162\">\n<div><span>Stil-Optionen:<\/span><\/div>\n<\/td>\n<td colspan=\"1\" rowspan=\"1\" height=\"20\" width=\"837\">\n<div>Flacher Boden, Stand UP, Seitenfalte, Rei\u00dfverschluss oben, mit\/ohne Fenster, Euro-Loch, etc.<\/div>\n<\/td>\n<\/tr>\n<tr>\n<td colspan=\"1\" rowspan=\"1\" height=\"20\" width=\"162\">\n<div><span>Qualit\u00e4tskontrolle:<\/span><\/div>\n<\/td>\n<td colspan=\"1\" rowspan=\"1\" height=\"20\" width=\"837\">\n<div data-spm-anchor-id=\"a2700.details.0.i14.1410417dX9YP5T\">Hochmoderne Ausr\u00fcstung und ein erfahrenes QC-Team kontrollieren Material, Halbfertig- und Fertigprodukte streng in jedem Schritt vor dem Versand.<\/div>\n<\/td>\n<\/tr>\n<\/tbody>\n<\/table>\n<\/div>\n<p><\/p>\n<p><\/p>\n<p><span>Ein Ausgie\u00dferbeutel, auch bekannt als Standbeutel mit&nbsp;<\/span>ist eine Art von flexibler Verpackung, die die Vorteile eines Beutels mit einer eingebauten Ausgie\u00df- oder Spendert\u00fclle kombiniert. Diese Beutel sind&nbsp;<\/p>\n<p><span>weithin f\u00fcr die Verpackung einer Vielzahl von Fl\u00fcssigkeiten verwendet&nbsp;<\/span>und halbfl\u00fcssige Produkte.<\/p>\n<p><span><br \/><\/span><\/p>\n<p><span>Ausgie\u00dfbeutel werden normalerweise aus einer Kombination flexibler Materialien hergestellt, darunter verschiedene Schichten Kunststofffolien, Aluminiumfolie und andere Barrierematerialien. Diese Materialien werden basierend auf den Anforderungen des Produkts ausgew\u00e4hlt, beispielsweise dem erforderlichen Schutz vor Sauerstoff, Licht oder Feuchtigkeit.<\/span><\/p>\n<p><span><br \/><\/span><\/p>\n<p><span>Der Beutel verf\u00fcgt \u00fcber eine integrierte T\u00fclle, in der Regel aus Kunststoff, die als Ausgabestelle f\u00fcr das Produkt dient. Die T\u00fclle ist h\u00e4ufig mit einer Kappe oder einem wiederverschlie\u00dfbaren Verschluss versehen, um ein Auslaufen zu verhindern und das Produkt frisch zu halten.<\/span><\/p>\n<p><\/p>\n<p style=\"text-align: center\"><img alt=\"Fl\u00fcssigwaschmittel-Auslaufbeutel\" title=\"Fl\u00fcssigwaschmittel-Auslaufbeutel\" \/><\/p>\n<p style=\"text-align: center\">\n<p><\/p>\n<p style=\"text-align: center\"><\/p>\n<\/div><\/div>\n<\/p><\/div>","protected":false},"excerpt":{"rendered":"<p class=\"wui-p-v-4\">    <span class=\"wui-text-color-accents wui-text-weight-bold\">Marke:<\/span>    <span class=\"wui-text-color-primary\">CY-PACK<\/span><\/p>\n<p class=\"wui-p-v-4\">    <span class=\"wui-text-color-accents wui-text-weight-bold\">Herkunft des Produkts:<\/span>    <span class=\"wui-text-color-primary\">China<\/span><\/p>\n<p class=\"wui-p-v-4\">    <span class=\"wui-text-color-accents wui-text-weight-bold\">Lieferfrist:<\/span>    <span class=\"wui-text-color-primary\">25 Tage Vorlaufzeit<\/span><\/p>\n<p class=\"wui-p-v-4\">1. Spout-Beutel sind f\u00fcr einfaches Ausgie\u00dfen und Spenden konzipiert. Der Ausgie\u00dfer erm\u00f6glicht eine kontrollierte und st\u00f6rungsfreie Produktabgabe, was sie benutzerfreundlich macht.<br \/>(2) Diese Ausgie\u00dfer sind leicht und k\u00f6nnen problemlos in Taschen oder Beuteln transportiert werden, was sie ideal f\u00fcr den Verzehr unterwegs macht.<br \/>3. die Ausgie\u00dferbeutel verbrauchen weniger Material als herk\u00f6mmliche starre Verpackungen, was zu weniger Abfall f\u00fchrt und umweltfreundlicher ist.<br \/>(4) Ausgie\u00dferbeutel k\u00f6nnen mit mehreren Schichten entworfen werden, um ausgezeichnete Barriereeigenschaften zu bieten, die dazu beitragen, die Haltbarkeit von verderblichen Produkten zu verl\u00e4ngern.<\/p>","protected":false},"featured_media":369,"comment_status":"open","ping_status":"closed","template":"","meta":{"_seopress_robots_primary_cat":"","_seopress_titles_title":"","_seopress_titles_desc":"","_seopress_robots_index":"","_monsterinsights_skip_tracking":false,"_monsterinsights_sitenote_active":false,"_monsterinsights_sitenote_note":"","_monsterinsights_sitenote_category":0,"_kad_post_transparent":"","_kad_post_title":"","_kad_post_layout":"","_kad_post_sidebar_id":"","_kad_post_content_style":"","_kad_post_vertical_padding":"","_kad_post_feature":"","_kad_post_feature_position":"","_kad_post_header":false,"_kad_post_footer":false},"product_brand":[],"product_cat":[26],"product_tag":[],"class_list":{"0":"post-301","1":"product","2":"type-product","3":"status-publish","4":"has-post-thumbnail","6":"product_cat-spout-pouches","8":"first","9":"instock","10":"shipping-taxable","11":"product-type-simple","12":"entry","13":"content-bg","14":"loop-entry"},"_links":{"self":[{"href":"https:\/\/www.cy-package.com\/de\/wp-json\/wp\/v2\/product\/301","targetHints":{"allow":["GET"]}}],"collection":[{"href":"https:\/\/www.cy-package.com\/de\/wp-json\/wp\/v2\/product"}],"about":[{"href":"https:\/\/www.cy-package.com\/de\/wp-json\/wp\/v2\/types\/product"}],"replies":[{"embeddable":true,"href":"https:\/\/www.cy-package.com\/de\/wp-json\/wp\/v2\/comments?post=301"}],"version-history":[{"count":0,"href":"https:\/\/www.cy-package.com\/de\/wp-json\/wp\/v2\/product\/301\/revisions"}],"wp:featuredmedia":[{"embeddable":true,"href":"https:\/\/www.cy-package.com\/de\/wp-json\/wp\/v2\/media\/369"}],"wp:attachment":[{"href":"https:\/\/www.cy-package.com\/de\/wp-json\/wp\/v2\/media?parent=301"}],"wp:term":[{"taxonomy":"product_brand","embeddable":true,"href":"https:\/\/www.cy-package.com\/de\/wp-json\/wp\/v2\/product_brand?post=301"},{"taxonomy":"product_cat","embeddable":true,"href":"https:\/\/www.cy-package.com\/de\/wp-json\/wp\/v2\/product_cat?post=301"},{"taxonomy":"product_tag","embeddable":true,"href":"https:\/\/www.cy-package.com\/de\/wp-json\/wp\/v2\/product_tag?post=301"}],"curies":[{"name":"wp","href":"https:\/\/api.w.org\/{rel}","templated":true}]}}