{"id":302,"date":"2024-09-05T10:28:15","date_gmt":"2024-09-05T02:28:15","guid":{"rendered":"https:\/\/www.cy-package.com\/?post_type=product&#038;p=302"},"modified":"2024-09-14T20:27:59","modified_gmt":"2024-09-14T12:27:59","slug":"verpackungsbeutel-fur-baby-und-kleinkindernahrung","status":"publish","type":"product","link":"https:\/\/www.cy-package.com\/de\/produkt\/verpackungsbeutel-fur-baby-und-kleinkindernahrung\/","title":{"rendered":"Verpackungsbeutel f\u00fcr Baby- und Kleinkindernahrung"},"content":{"rendered":"<div style=\"text-align: center\"><\/div>\n<p><span style=\"font-size: 20px\"><strong><em>TIPPS:<\/em><\/strong><\/span><br \/><span>1. unterst\u00fctzt OEM\/ODM-Anpassung????<strong><span>Willkommen bei uns??<\/span><\/strong><br \/>2. jetzt gibt es Sonderangebote. Sie k\u00f6nnen sie erhalten durch <strong><span>eine Anfrage senden?<\/span><\/strong><br \/>3. unterst\u00fctzen Probe, brauchen Probe zu <strong><span>Anfrage senden, um uns zu kontaktieren?<\/span><\/strong><\/span><\/p>\n<p><span><strong><span><br \/><\/span><\/strong><\/span><\/p>\n<p><span><strong><span><\/span><\/strong><\/span><\/p>\n<p>Erweitern Sie Ihren Markt, indem Sie fl\u00fcssige Baby- und Kleinkindnahrung wie S\u00e4uglingsanfangsnahrung, Erg\u00e4nzungsgetr\u00e4nke und Elektrolytgetr\u00e4nke in flexiblen Verpackungen aus kundenspezifischen Polyethylenbeuteln anbieten. Unsere innovativen Bag-in-Box-Systeme umfassen eine breite Palette von Folien, Zubeh\u00f6rteilen und Abf\u00fcllanlagen f\u00fcr eine flexible Verpackungsl\u00f6sung, die Ihre Produkte von der Abf\u00fcllung bis zur endg\u00fcltigen Ausgabe sch\u00fctzt. Wir bieten:<\/p>\n<p><span>Aseptische Technologie zur Vermeidung kostspieliger K\u00fchlkettenlogistik.<\/span><\/p>\n<p><span>Vielseitigkeit, um Ihre Baby- und Kleinkindnahrung \u00fcberall hin zu liefern.<\/span><\/p>\n<p><span>L\u00f6sungen, die Ihre Umweltbelastung minimieren und weniger Verpackungsm\u00fcll hinterlassen.<\/span><\/p>\n<p><span>? weniger Produktabf\u00e4lle durch l\u00e4ngere sekund\u00e4re Haltbarkeit und bessere Produktentleerung.<\/span><\/p>\n<p><span><br \/><\/span><\/p>\n<div>\n<p><span style=\"font-size: 18px\"><strong>Produkt-Paramenter<\/strong><\/span><\/p>\n<\/div>\n<div>\n<div class=\"nei-table\">\n<table width=\"1000\" style=\"width: 803px\">\n<tbody>\n<tr class=\"firstRow\">\n<td colspan=\"1\" rowspan=\"1\" height=\"20\" width=\"162\">\n<div style=\"text-align: left\"><span>Materialqualit\u00e4t:<\/span><\/div>\n<\/td>\n<td colspan=\"1\" rowspan=\"1\" height=\"20\" width=\"837\">\n<div>Lebensmittelgeeignetes Material<\/div>\n<\/td>\n<\/tr>\n<tr>\n<td colspan=\"1\" rowspan=\"1\" height=\"20\" width=\"162\">\n<div><span>Material:<\/span><\/div>\n<\/td>\n<td colspan=\"1\" rowspan=\"1\" height=\"20\" width=\"837\">\n<div>PET+VMPET+PE, BOPP+Kraftpapier+VMPET+PE, etc<\/div>\n<\/td>\n<\/tr>\n<tr>\n<td colspan=\"1\" rowspan=\"1\" height=\"20\" width=\"162\">\n<div><span>Merkmal :<\/span><\/div>\n<\/td>\n<td colspan=\"1\" rowspan=\"1\" height=\"20\" width=\"837\">\n<div>1). sicheres lebensmittelechtes Material und perfekter Druck<\/p>\n<div data-spm-anchor-id=\"a2700.pc-decorate.0.i62.50563333vYoKlh\">2). gro\u00dfartig, um Auslaufen zu verhindern, ausgezeichneter Feuchtigkeitsschutz<\/div>\n<div data-spm-anchor-id=\"a2700.pc-decorate.0.i62.50563333vYoKlh\">3). starke Abdichtung Boden &amp; Durable Ziplock<\/div>\n<\/div>\n<\/td>\n<\/tr>\n<tr>\n<td colspan=\"1\" rowspan=\"1\" height=\"20\" width=\"162\">\n<div><span>Gr\u00f6\u00dfe&amp;Dicke:<\/span><\/div>\n<\/td>\n<td colspan=\"1\" rowspan=\"1\" height=\"20\" width=\"837\">\n<div>Individuell nach Ihren Anforderungen<\/div>\n<\/td>\n<\/tr>\n<tr>\n<td colspan=\"1\" rowspan=\"1\" height=\"20\" width=\"162\">\n<div><span>Tintenart:<\/span><\/div>\n<\/td>\n<td colspan=\"1\" rowspan=\"1\" height=\"20\" width=\"837\">\n<div>Umweltfreundliche Sojatinte in Lebensmittelqualit\u00e4t<\/div>\n<\/td>\n<\/tr>\n<tr>\n<td colspan=\"1\" rowspan=\"1\" height=\"20\" width=\"162\">\n<div><span>Kapazit\u00e4t:<\/span><\/div>\n<\/td>\n<td colspan=\"1\" rowspan=\"1\" height=\"20\" width=\"837\">\n<div>100g, 200g, 250g, 500g, 1000g\/1kg, 2kg, 5kg,8oz-100oz, kundenspezifisch<\/div>\n<\/td>\n<\/tr>\n<tr>\n<td colspan=\"1\" rowspan=\"1\" height=\"20\" width=\"162\">\n<div><span>Anwendung:<\/span><\/div>\n<\/td>\n<td colspan=\"1\" rowspan=\"1\" height=\"20\" width=\"837\">\n<div>Lebensmittel \/ Kaffee \/ Tiernahrung \/ Tee \/ Snacks \/ N\u00fcsse \/ Molkenprotein \/ Samen, etc.<\/div>\n<\/td>\n<\/tr>\n<tr>\n<td colspan=\"1\" rowspan=\"1\" height=\"20\" width=\"162\">\n<div><span>Stil-Optionen:<\/span><\/div>\n<\/td>\n<td colspan=\"1\" rowspan=\"1\" height=\"20\" width=\"837\">\n<div>Flacher Boden, Stand UP, Seitenfalte, Rei\u00dfverschluss oben, mit\/ohne Fenster, Euro-Loch, etc.<\/div>\n<\/td>\n<\/tr>\n<tr>\n<td colspan=\"1\" rowspan=\"1\" height=\"20\" width=\"162\">\n<div><span>Qualit\u00e4tskontrolle:<\/span><\/div>\n<\/td>\n<td colspan=\"1\" rowspan=\"1\" height=\"20\" width=\"837\">\n<div data-spm-anchor-id=\"a2700.details.0.i14.1410417dX9YP5T\">Hochmoderne Ausr\u00fcstung und ein erfahrenes QC-Team kontrollieren Material, Halbfertig- und Fertigprodukte streng in jedem Schritt vor dem Versand.<\/div>\n<\/td>\n<\/tr>\n<\/tbody>\n<\/table>\n<\/div>\n<p><img decoding=\"async\" src=\"https:\/\/www.cy-package.com\/2833\/2833-202205132011037569.jpg\" title=\"Verpackungsbeutel f\u00fcr Baby- und Kleinkindernahrung\" alt=\"Verpackungsbeutel f\u00fcr Baby- und Kleinkindernahrung\" \/><\/p>\n<h2><strong>Arbeitsabl\u00e4ufe f\u00fcr die Vorproduktion:<\/strong><br \/><\/h2>\n<p>1. Geben Sie uns detaillierte Informationen \u00fcber die Tasche, die Sie machen m\u00f6chten, wie Zweck, Gr\u00f6\u00dfe, Kunstwerk, Struktur und Dicke, etc. Wenn notwendig, k\u00f6nnen wir unsere guten und professionellen Vorschl\u00e4ge f\u00fcr Ihre Wahl auch zur Verf\u00fcgung stellen.<\/p>\n<p>2. Wir werden entsprechend zitieren, nachdem wir alle Informationen \u00fcber den Beutel erhalten haben.<\/p>\n<p>3. Sobald der Preis von beiden Seiten best\u00e4tigt wurde, beginnen wir mit der Bearbeitung der Druckvorlage (zu Ihrer Information: wir m\u00fcssen die Druckvorlage in eine machbare Version f\u00fcr den Tiefdruck umwandeln).<\/p>\n<p>4. Einstellen des Farbstandards.<\/p>\n<p>5. Best\u00e4tigen Sie die Druckvorlage und unterzeichnen Sie den Vertrag.<\/p>\n<p>6. Die K\u00e4ufer m\u00fcssen den Zylinder (Druckkosten) und 40% Vorauszahlung der Bestellung zu zahlen.<\/p>\n<p>7. Wir fangen an, quanlity Produkte f\u00fcr Sie nach dann zu produzieren.<\/p>\n<p><\/p>\n<p style=\"text-align: center\"><img decoding=\"async\" alt=\"Verpackungsbeutel f\u00fcr Baby- und Kleinkindernahrung\" src=\"https:\/\/www.cy-package.com\/2833\/2833-202205052254029344.jpg\" title=\"Verpackungsbeutel f\u00fcr Baby- und Kleinkindernahrung\" \/><\/p>\n<p style=\"text-align: center\"><\/p>\n<p><\/p>\n<p style=\"text-align: center\"><span style=\"font-size: 20px\"><strong>Firmenprofil<\/strong><\/span><\/p>\n<p><strong><span style=\"font-size: 18px\"><\/span><\/strong><\/p>\n<p style=\"text-align: center\"><img decoding=\"async\" alt=\"Verpackungsbeutel f\u00fcr Baby- und Kleinkindernahrung\" src=\"https:\/\/www.cy-package.com\/2833\/2833-202205062151199013.jpg\" title=\"Verpackungsbeutel f\u00fcr Baby- und Kleinkindernahrung\" \/><\/p>\n<p style=\"text-align: center\"><\/p>\n<\/div><\/div>\n<\/p><\/div>","protected":false},"excerpt":{"rendered":"<p class=\"wui-p-v-4\">    <span class=\"wui-text-color-accents wui-text-weight-bold\">Marke:<\/span>    <span class=\"wui-text-color-primary\">CY-PACK<\/span><\/p>\n<p class=\"wui-p-v-4\">    <span class=\"wui-text-color-accents wui-text-weight-bold\">Herkunft des Produkts:<\/span>    <span class=\"wui-text-color-primary\">China<\/span><\/p>\n<p class=\"wui-p-v-4\">    <span class=\"wui-text-color-accents wui-text-weight-bold\">Lieferfrist:<\/span>    <span class=\"wui-text-color-primary\">25 Tage Vorlaufzeit<\/span><\/p>\n<p class=\"wui-p-v-4\">1. Starke Abdichtung, Druck und drop Widerstand, nicht-Bruch , nicht-Leckage.<br \/>2. Geeignet f\u00fcr Pasteurisierung, Retortenbeutel k\u00f6nnen 121??C Hochtemperatur-Retortierung widerstehen<br \/>3. Sp\u00fclmaschine freundliche, Gefrierschrank freundliche, eco freundliche, Mehrweg Beutel<br \/>4. BPA-frei, PVC-frei, Phthalat-frei f\u00fcr baby Lebensmittel Beutel<br \/>5. China Fabrik Verpackung CY PACK-Versorgung logo Druck zur Verf\u00fcgung, verschiedene Deckel caps T\u00fcllen f\u00fcr Ihre Wahl<br \/>6. Bequemlichkeit zu bedienen , Shop und tragen.<br \/>7. Verringerung Verpackung Kosten und Transport Kosten<\/p>","protected":false},"featured_media":374,"comment_status":"open","ping_status":"closed","template":"","meta":{"_seopress_robots_primary_cat":"","_seopress_titles_title":"","_seopress_titles_desc":"","_seopress_robots_index":"","_monsterinsights_skip_tracking":false,"_monsterinsights_sitenote_active":false,"_monsterinsights_sitenote_note":"","_monsterinsights_sitenote_category":0,"_kad_post_transparent":"","_kad_post_title":"","_kad_post_layout":"","_kad_post_sidebar_id":"","_kad_post_content_style":"","_kad_post_vertical_padding":"","_kad_post_feature":"","_kad_post_feature_position":"","_kad_post_header":false,"_kad_post_footer":false},"product_brand":[],"product_cat":[26],"product_tag":[],"class_list":{"0":"post-302","1":"product","2":"type-product","3":"status-publish","4":"has-post-thumbnail","6":"product_cat-spout-pouches","8":"first","9":"instock","10":"shipping-taxable","11":"product-type-simple","12":"entry","13":"content-bg","14":"loop-entry"},"_links":{"self":[{"href":"https:\/\/www.cy-package.com\/de\/wp-json\/wp\/v2\/product\/302","targetHints":{"allow":["GET"]}}],"collection":[{"href":"https:\/\/www.cy-package.com\/de\/wp-json\/wp\/v2\/product"}],"about":[{"href":"https:\/\/www.cy-package.com\/de\/wp-json\/wp\/v2\/types\/product"}],"replies":[{"embeddable":true,"href":"https:\/\/www.cy-package.com\/de\/wp-json\/wp\/v2\/comments?post=302"}],"version-history":[{"count":0,"href":"https:\/\/www.cy-package.com\/de\/wp-json\/wp\/v2\/product\/302\/revisions"}],"wp:featuredmedia":[{"embeddable":true,"href":"https:\/\/www.cy-package.com\/de\/wp-json\/wp\/v2\/media\/374"}],"wp:attachment":[{"href":"https:\/\/www.cy-package.com\/de\/wp-json\/wp\/v2\/media?parent=302"}],"wp:term":[{"taxonomy":"product_brand","embeddable":true,"href":"https:\/\/www.cy-package.com\/de\/wp-json\/wp\/v2\/product_brand?post=302"},{"taxonomy":"product_cat","embeddable":true,"href":"https:\/\/www.cy-package.com\/de\/wp-json\/wp\/v2\/product_cat?post=302"},{"taxonomy":"product_tag","embeddable":true,"href":"https:\/\/www.cy-package.com\/de\/wp-json\/wp\/v2\/product_tag?post=302"}],"curies":[{"name":"wp","href":"https:\/\/api.w.org\/{rel}","templated":true}]}}