{"id":305,"date":"2024-09-05T10:28:15","date_gmt":"2024-09-05T02:28:15","guid":{"rendered":"https:\/\/www.cy-package.com\/?post_type=product&#038;p=305"},"modified":"2025-11-28T17:23:50","modified_gmt":"2025-11-28T09:23:50","slug":"standbeutel-mit-ausguss","status":"publish","type":"product","link":"https:\/\/www.cy-package.com\/de\/produkt\/standbeutel-mit-ausguss\/","title":{"rendered":"Stand Up Spout Pouch"},"content":{"rendered":"<div style=\"text-align: center;\"><span style=\"font-size: 24px;\"><strong><em>Kontaktieren Sie uns!! Erhalten Sie eine kostenlose Probe!!<\/em><\/strong><\/span><\/div>\n<p><span style=\"font-size: 20px;\"><strong><em>TIPPS:<\/em><\/strong><\/span><br \/>\n1. unterst\u00fctzt OEM\/ODM-Anpassung????<strong>Willkommen bei uns??<\/strong><br \/>\n2. jetzt gibt es Sonderangebote. Sie k\u00f6nnen sie erhalten durch <strong>eine Anfrage senden?<\/strong><br \/>\n3. unterst\u00fctzen Probe, brauchen Probe zu <strong>Anfrage senden, um uns zu kontaktieren?<\/strong><\/p>\n<p>&nbsp;<\/p>\n<p>The reason behind the recognition of these spouted pouches is its user friendly design which is apt for storing liquids, pasty or loose bulk materials. Besides, in comparison to normal PET or glass bottles, spouted pouches\u00a0are easier for transport and perfect for retail shelves.<\/p>\n<p>Ausgie\u00dferbeutel sind wiederverschlie\u00dfbar und werden mit einer Schwei\u00dft\u00fclle und einer Kappe hergestellt. Diese Ausgie\u00dfer k\u00f6nnen f\u00fcr Auslaufkontrolle, Bequemlichkeit und Sicherheit entwickelt werden und eignen sich daher f\u00fcr fl\u00fcssige Produkte wie Getr\u00e4nke, So\u00dfen oder Reinigungsmittel. Die Gr\u00f6\u00dfe und Form kann je nach Bedarf und Anforderung des Kunden angepasst werden.<\/p>\n<p>&nbsp;<\/p>\n<div>\n<p><span style=\"font-size: 18px;\"><strong>Produkt-Paramenter<\/strong><\/span><\/p>\n<\/div>\n<div>\n<div class=\"nei-table\">\n<table width=\"1000\">\n<tbody>\n<tr class=\"firstRow\">\n<td colspan=\"1\" rowspan=\"1\" width=\"162\" height=\"20\">\n<div style=\"text-align: left;\">Materialqualit\u00e4t:<\/div>\n<\/td>\n<td colspan=\"1\" rowspan=\"1\" width=\"837\" height=\"20\">\n<div>Lebensmittelgeeignetes Material<\/div>\n<\/td>\n<\/tr>\n<tr>\n<td colspan=\"1\" rowspan=\"1\" width=\"162\" height=\"20\">\n<div>Material:<\/div>\n<\/td>\n<td colspan=\"1\" rowspan=\"1\" width=\"837\" height=\"20\">\n<div>PET+VMPET+PE, BOPP+Kraftpapier+VMPET+PE, etc<\/div>\n<\/td>\n<\/tr>\n<tr>\n<td colspan=\"1\" rowspan=\"1\" width=\"162\" height=\"20\">\n<div>Merkmal :<\/div>\n<\/td>\n<td colspan=\"1\" rowspan=\"1\" width=\"837\" height=\"20\">\n<div>\n<p>1). sicheres lebensmittelechtes Material und perfekter Druck<\/p>\n<div data-spm-anchor-id=\"a2700.pc-decorate.0.i62.50563333vYoKlh\">2). gro\u00dfartig, um Auslaufen zu verhindern, ausgezeichneter Feuchtigkeitsschutz<\/div>\n<div data-spm-anchor-id=\"a2700.pc-decorate.0.i62.50563333vYoKlh\">3). starke Abdichtung Boden &amp; Durable Ziplock<\/div>\n<\/div>\n<\/td>\n<\/tr>\n<tr>\n<td colspan=\"1\" rowspan=\"1\" width=\"162\" height=\"20\">\n<div>Gr\u00f6\u00dfe&amp;Dicke:<\/div>\n<\/td>\n<td colspan=\"1\" rowspan=\"1\" width=\"837\" height=\"20\">\n<div>Individuell nach Ihren Anforderungen<\/div>\n<\/td>\n<\/tr>\n<tr>\n<td colspan=\"1\" rowspan=\"1\" width=\"162\" height=\"20\">\n<div>Tintenart:<\/div>\n<\/td>\n<td colspan=\"1\" rowspan=\"1\" width=\"837\" height=\"20\">\n<div>Umweltfreundliche Sojatinte in Lebensmittelqualit\u00e4t<\/div>\n<\/td>\n<\/tr>\n<tr>\n<td colspan=\"1\" rowspan=\"1\" width=\"162\" height=\"20\">\n<div>Kapazit\u00e4t:<\/div>\n<\/td>\n<td colspan=\"1\" rowspan=\"1\" width=\"837\" height=\"20\">\n<div>100g, 200g, 250g, 500g, 1000g\/1kg, 2kg, 5kg,8oz-100oz, kundenspezifisch<\/div>\n<\/td>\n<\/tr>\n<tr>\n<td colspan=\"1\" rowspan=\"1\" width=\"162\" height=\"20\">\n<div>Anwendung:<\/div>\n<\/td>\n<td colspan=\"1\" rowspan=\"1\" width=\"837\" height=\"20\">\n<div>Lebensmittel \/ Kaffee \/ Tiernahrung \/ Tee \/ Snacks \/ N\u00fcsse \/ Molkenprotein \/ Samen, etc.<\/div>\n<\/td>\n<\/tr>\n<tr>\n<td colspan=\"1\" rowspan=\"1\" width=\"162\" height=\"20\">\n<div>Stil-Optionen:<\/div>\n<\/td>\n<td colspan=\"1\" rowspan=\"1\" width=\"837\" height=\"20\">\n<div>Flacher Boden, Stand UP, Seitenfalte, Rei\u00dfverschluss oben, mit\/ohne Fenster, Euro-Loch, etc.<\/div>\n<\/td>\n<\/tr>\n<tr>\n<td colspan=\"1\" rowspan=\"1\" width=\"162\" height=\"20\">\n<div>Qualit\u00e4tskontrolle:<\/div>\n<\/td>\n<td colspan=\"1\" rowspan=\"1\" width=\"837\" height=\"20\">\n<div data-spm-anchor-id=\"a2700.details.0.i14.1410417dX9YP5T\">Hochmoderne Ausr\u00fcstung und ein erfahrenes QC-Team kontrollieren Material, Halbfertig- und Fertigprodukte streng in jedem Schritt vor dem Versand.<\/div>\n<\/td>\n<\/tr>\n<\/tbody>\n<\/table>\n<\/div>\n<p>&nbsp;<\/p>\n<p>&nbsp;<\/p>\n<h2><strong>Arbeitsabl\u00e4ufe f\u00fcr die Vorproduktion:<\/strong><\/h2>\n<p>1. Geben Sie uns detaillierte Informationen \u00fcber den Beutel, den Sie herstellen m\u00f6chten, wie etwa Verwendungszweck, Gr\u00f6\u00dfe, Motiv, Struktur und Dicke usw. Bei Bedarf k\u00f6nnen wir Ihnen auch unsere guten und professionellen Vorschl\u00e4ge zur Auswahl unterbreiten.<\/p>\n<p>2. Wir werden entsprechend zitieren, nachdem wir alle Informationen \u00fcber den Beutel erhalten haben.<\/p>\n<p>3. Sobald der Preis von beiden Seiten best\u00e4tigt wurde, beginnen wir mit der Bearbeitung der Grafik (zu Ihrer Information: Wir m\u00fcssen die Grafik in eine f\u00fcr den Tiefdruck geeignete Version umwandeln).<\/p>\n<p>4. Einstellen des Farbstandards.<\/p>\n<p>5. Best\u00e4tigen Sie die Druckvorlage und unterzeichnen Sie den Vertrag.<\/p>\n<p>6. Die K\u00e4ufer m\u00fcssen den Zylinder (Druckkosten) und 40% Vorauszahlung der Bestellung zu zahlen.<\/p>\n<p>7. Wir fangen an, quanlity Produkte f\u00fcr Sie nach dann zu produzieren.<\/p>\n<p>&nbsp;<\/p>\n<p style=\"text-align: center;\"><img decoding=\"async\" title=\"Stand Up Spout Pouch\" src=\"https:\/\/www.cy-package.com\/2833\/2833-202205052254029344.jpg\" alt=\"Stand Up Spout Pouch\" \/><\/p>\n<p style=\"text-align: center;\"><img decoding=\"async\" title=\"Stand Up Spout Pouch\" src=\"https:\/\/www.cy-package.com\/2833\/2833-202205052254023652.jpg\" alt=\"Stand Up Spout Pouch\" \/><\/p>\n<p>&nbsp;<\/p>\n<p style=\"text-align: center;\"><span style=\"font-size: 20px;\"><strong>Firmenprofil<\/strong><\/span><\/p>\n<p>&nbsp;<\/p>\n<p style=\"text-align: center;\"><img decoding=\"async\" title=\"Stand Up Spout Pouch\" src=\"https:\/\/www.cy-package.com\/2833\/2833-202205062151199013.jpg\" alt=\"Stand Up Spout Pouch\" \/><\/p>\n<p style=\"text-align: center;\"><span style=\"font-size: 24px;\"><strong>PRODUKTIONSVORTEIL DER FABRIK\u00a0<\/strong><\/span><\/p>\n<p style=\"text-align: center;\"><span style=\"font-size: 20px;\"><strong>Es gibt 5 automatische Hochgeschwindigkeits-Produktionslinien<\/strong><\/span><\/p>\n<p>&nbsp;<\/p>\n<p style=\"text-align: center;\"><span style=\"font-size: 18px;\"><strong>&#8212;&#8212;&#8212;&#8212;&#8212;&#8212;&#8212;&#8212;&#8212;&#8212;&#8212;&#8212;&#8212;&#8212;&#8212;&#8212;&#8212;&#8212;&#8212;&#8212;&#8212;&#8212;&#8212;&#8212;&#8212;&#8212;&#8212;&#8212;&#8212;&#8212;&#8212;-<\/strong><\/span><\/p>\n<p style=\"text-align: center;\"><span style=\"font-size: 14px;\">Die Produktionsst\u00e4tte umfasst derzeit eine Fl\u00e4che von \u00fcber 15.000 Quadratmetern und verf\u00fcgt \u00fcber 5 automatische<\/span><\/p>\n<p style=\"text-align: center; margin-bottom: 20px;\"><span style=\"font-size: 14px;\">Hochgeschwindigkeits-Produktionslinien, und die j\u00e4hrliche Produktionskapazit\u00e4t kann 20.000 Tonnen erreichen.\u00a0<\/span><\/p>\n<p style=\"text-align: center;\"><img decoding=\"async\" title=\"Stand Up Spout Pouch\" src=\"https:\/\/www.cy-package.com\/2833\/2833-202205062151194054.jpg\" alt=\"Stand Up Spout Pouch\" \/><\/p>\n<p style=\"text-align: center; margin-top: 15px;\"><span style=\"font-size: 14px;\">Unser Unternehmen verf\u00fcgt \u00fcber Dutzende von professionellen Produktionsmitarbeitern, die 24 Stunden am Tag ohne Unterbrechung arbeiten k\u00f6nnen.<\/span><\/p>\n<p style=\"text-align: center; margin-bottom: 20px;\"><span style=\"font-size: 14px;\">Produktion, befolgen streng das IQC-IPQC-OQC-Prozessmanagement und haben eine hohe Produktionskapazit\u00e4t.\u00a0<\/span><\/p>\n<p style=\"text-align: center;\"><img decoding=\"async\" title=\"Stand Up Spout Pouch\" src=\"https:\/\/www.cy-package.com\/2833\/2833-202205062151191245.jpg\" alt=\"Stand Up Spout Pouch\" \/><\/p>\n<p style=\"text-align: center; margin-bottom: 5px; margin-top: 15px;\"><span style=\"font-size: 14px;\">Die Werkst\u00e4tten sind gem\u00e4\u00df der 300.000er GMP-Klasse konzipiert und gebaut, um die hohen Hygieneanforderungen zu erf\u00fcllen.<\/span><\/p>\n<p style=\"text-align: center; margin-bottom: 20px;\"><span style=\"font-size: 14px;\">Standard von Babynahrung, Molkereiprodukten und Fleischerzeugnissen im Inland und in \u00dcbersee.<\/span><\/p>\n<p style=\"text-align: center;\"><img decoding=\"async\" title=\"Stand Up Spout Pouch\" src=\"https:\/\/www.cy-package.com\/2833\/2833-202205062151206738.jpg\" alt=\"Stand Up Spout Pouch\" \/><\/p>\n<p style=\"text-align: center;\"><img decoding=\"async\" title=\"Stand Up Spout Pouch\" src=\"https:\/\/www.cy-package.com\/2833\/2833-202205062159502291.jpg\" alt=\"Stand Up Spout Pouch\" \/><\/p>\n<p style=\"text-align: center;\"><img decoding=\"async\" title=\"Stand Up Spout Pouch\" src=\"https:\/\/www.cy-package.com\/2833\/2833-202205062158232361.jpg\" alt=\"Stand Up Spout Pouch\" \/><\/p>\n<p>&nbsp;<\/p>\n<p><span style=\"font-size: 18px;\"><strong>FAQ<\/strong><\/span><\/p>\n<p><strong><span data-spm-anchor-id=\"a2700.details.0.i17.649a7657Tu7jaw\">F: Sind Sie eine Fabrik oder ein Handelsunternehmen?<\/span><\/strong><br \/>\nA: Wir sind eine Fabrik mit fortschrittlichen Anlagen und professionellen Design-Teams, die Ihnen die beste Auswahl an Designs und Kapazit\u00e4ten bieten k\u00f6nnen.<\/p>\n<p><strong>F: Wie hoch ist die Mindestbestellmenge f\u00fcr Ihr Produkt?<\/strong><br \/>\nA: Im Allgemeinen ist MOQ f\u00fcr Beutelbeutel 10.000pcs. Wir nehmen auch Probe Probe Auftr\u00e4ge f\u00fcr kleine MOQ, pls kontaktieren Sie uns, um weiter zu diskutieren.<\/p>\n<p><strong>Q:Wie lange dauert die Lieferung nach der Bestellung?<\/strong><br \/>\nA: Im Allgemeinen betr\u00e4gt die Vorlaufzeit 15-20 Tage f\u00fcr neue Auftr\u00e4ge und 10-12 Tage f\u00fcr wiederholte Auftr\u00e4ge ab dem Best\u00e4tigungsdatum.<\/p>\n<p><strong>F: Was ist Ihre Produktpalette?<\/strong><br \/>\nA: Unsere Fabrik kann die meisten Arten von flexiblen Verpackungen herstellen, einschlie\u00dflich Kaffeebeutel, Tiernahrungsbeutel, Lebensmittelbeutel, Fl\u00fcssigkeitsbeutel, Standbodenbeutel und<br \/>\nBeutel, Rei\u00dfverschlussbeutel, Ausgie\u00dferbeutel, R\u00fcckseitenbeutel, laminierte Folie f\u00fcr Schokolade oder S\u00fc\u00dfigkeiten und so weiter.<\/p>\n<p><strong>F: Welche Informationen werden ben\u00f6tigt, um ein Angebot f\u00fcr ein Produkt zu erhalten?<\/strong><br \/>\nA:Kontaktieren Sie uns, um uns die Gr\u00f6\u00dfe und die speziellen Anforderungen, die Sie wollen, zu bieten.alle k\u00f6nnen angepasst werden, und wir haben eine Menge von Beispielen f\u00fcr Ihre Referenz.<\/p>\n<p><strong>F: K\u00f6nnen Muster zur Verf\u00fcgung gestellt werden?<\/strong><br \/>\nA: Ja. F\u00fcr die kundengebundene Probe, die realen Musterkosten + Druckzylindergeb\u00fchr werden aufgeladen, die die Zylindergeb\u00fchr keine Notwendigkeit wieder f\u00fcr die Massenbestellung sein wird.<\/p>\n<\/div>","protected":false},"excerpt":{"rendered":"<p class=\"wui-p-v-4\"><span class=\"wui-text-color-accents wui-text-weight-bold\">Marke:<\/span> <span class=\"wui-text-color-primary\">CY-PACK<\/span><\/p>\n<p class=\"wui-p-v-4\"><span class=\"wui-text-color-accents wui-text-weight-bold\">Herkunft des Produkts:<\/span> <span class=\"wui-text-color-primary\">China<\/span><\/p>\n<p class=\"wui-p-v-4\"><span class=\"wui-text-color-accents wui-text-weight-bold\">Lieferfrist:<\/span> <span class=\"wui-text-color-primary\">25 Tage Vorlaufzeit<\/span><\/p>\n<p class=\"wui-p-v-4\">Ausgie\u00dferbeutel sind wiederverschlie\u00dfbar und werden mit einer Schwei\u00dft\u00fclle und einer Kappe hergestellt. Diese Ausgie\u00dfer k\u00f6nnen f\u00fcr Auslaufkontrolle, Bequemlichkeit und Sicherheit entwickelt werden und eignen sich daher f\u00fcr fl\u00fcssige Produkte wie Getr\u00e4nke, So\u00dfen oder Reinigungsmittel. Die Gr\u00f6\u00dfe und Form kann je nach Bedarf und Anforderung des Kunden angepasst werden.<\/p>","protected":false},"featured_media":388,"comment_status":"open","ping_status":"closed","template":"","meta":{"_seopress_robots_primary_cat":"none","_seopress_titles_title":"Stand Up Spout Pouch","_seopress_titles_desc":"Leading flexible packaging manufacturer offering custom printed  stand up spout pouches, films & laminates. Enhance your product shelf appeal\u2014request a quote today!","_seopress_robots_index":"","_monsterinsights_skip_tracking":false,"_monsterinsights_sitenote_active":false,"_monsterinsights_sitenote_note":"","_monsterinsights_sitenote_category":0,"_kad_post_transparent":"default","_kad_post_title":"","_kad_post_layout":"default","_kad_post_sidebar_id":"","_kad_post_content_style":"default","_kad_post_vertical_padding":"default","_kad_post_feature":"","_kad_post_feature_position":"","_kad_post_header":false,"_kad_post_footer":false},"product_brand":[],"product_cat":[26],"product_tag":[],"class_list":{"0":"post-305","1":"product","2":"type-product","3":"status-publish","4":"has-post-thumbnail","6":"product_cat-spout-pouches","8":"first","9":"instock","10":"shipping-taxable","11":"product-type-simple","12":"entry","13":"content-bg","14":"loop-entry"},"_links":{"self":[{"href":"https:\/\/www.cy-package.com\/de\/wp-json\/wp\/v2\/product\/305","targetHints":{"allow":["GET"]}}],"collection":[{"href":"https:\/\/www.cy-package.com\/de\/wp-json\/wp\/v2\/product"}],"about":[{"href":"https:\/\/www.cy-package.com\/de\/wp-json\/wp\/v2\/types\/product"}],"replies":[{"embeddable":true,"href":"https:\/\/www.cy-package.com\/de\/wp-json\/wp\/v2\/comments?post=305"}],"version-history":[{"count":1,"href":"https:\/\/www.cy-package.com\/de\/wp-json\/wp\/v2\/product\/305\/revisions"}],"predecessor-version":[{"id":2234,"href":"https:\/\/www.cy-package.com\/de\/wp-json\/wp\/v2\/product\/305\/revisions\/2234"}],"wp:featuredmedia":[{"embeddable":true,"href":"https:\/\/www.cy-package.com\/de\/wp-json\/wp\/v2\/media\/388"}],"wp:attachment":[{"href":"https:\/\/www.cy-package.com\/de\/wp-json\/wp\/v2\/media?parent=305"}],"wp:term":[{"taxonomy":"product_brand","embeddable":true,"href":"https:\/\/www.cy-package.com\/de\/wp-json\/wp\/v2\/product_brand?post=305"},{"taxonomy":"product_cat","embeddable":true,"href":"https:\/\/www.cy-package.com\/de\/wp-json\/wp\/v2\/product_cat?post=305"},{"taxonomy":"product_tag","embeddable":true,"href":"https:\/\/www.cy-package.com\/de\/wp-json\/wp\/v2\/product_tag?post=305"}],"curies":[{"name":"wp","href":"https:\/\/api.w.org\/{rel}","templated":true}]}}