{"id":306,"date":"2024-09-05T10:28:15","date_gmt":"2024-09-05T02:28:15","guid":{"rendered":"https:\/\/www.cy-package.com\/?post_type=product&#038;p=306"},"modified":"2024-09-14T20:28:02","modified_gmt":"2024-09-14T12:28:02","slug":"geformte-getrankebeutel-mit-ausguss","status":"publish","type":"product","link":"https:\/\/www.cy-package.com\/de\/produkt\/geformte-getrankebeutel-mit-ausguss\/","title":{"rendered":"Geformte Getr\u00e4nketaschen mit Ausgie\u00dfer"},"content":{"rendered":"<p style=\"text-align: center\"><strong><span style=\"font-size: 18px\">Ausgie\u00dfer-Beutel<\/span><\/strong><\/p>\n<p><span style=\"font-size: 14px\">Beutel mit Ausgie\u00dfer erfreuen sich weltweit gro\u00dfer Beliebtheit und bieten f\u00fcr viele Anwendungen (z. B. fl\u00fcssige, halbfl\u00fcssige, k\u00f6rnige und pulverf\u00f6rmige Produkte) eine hohe Bequemlichkeit, Auslaufkontrolle und Lebensmittelsicherheit. Flexible Beutel (ob Standboden-, Vierfach- oder einfache 3-Seiten-Verpackung) haben den Einzelhandel f\u00fcr viele Produkte revolutioniert und ersetzen die Dose oder das Glasgef\u00e4\u00df. Die Hinzuf\u00fcgung eines Ausgie\u00dfers zu jedem dieser Verpackungsformate l\u00f6st alle Probleme der Entnahme und Wiederverschlie\u00dfbarkeit.<\/span><\/p>\n<p><span style=\"font-size: 14px\">Die Produktionskosten von Beuteln mit Ausgie\u00dfer sind deutlich niedriger als bei Dosen, Plastikflaschen oder Glasflaschen, und die Kosten f\u00fcr Transport und Lagerung sind deutlich geringer. Die Isolierleistung des Produkts ist besser als die der Flasche, und das verpackte Produkt kann schnell abk\u00fchlen und eine niedrige Temperatur beibehalten, au\u00dferdem gibt es eine Reihe zus\u00e4tzlicher Eigenschaften der Designelemente wie Griffe, gebogene Konturen, Aufrei\u00dfkerben und Aufh\u00e4ngel\u00f6cher usw.<\/span><\/p>\n<p><\/p>\n<div style=\"text-align: center\"><span style=\"font-size: 24px\"><strong><span><em>Kontaktieren Sie uns!! Erhalten Sie eine kostenlose Probe!!<\/em><\/span><\/strong><\/span><\/div>\n<p><span style=\"font-size: 20px\"><strong><em>TIPPS:<\/em><\/strong><\/span><br \/><span>1. unterst\u00fctzt OEM\/ODM-Anpassung????<strong><span>Willkommen bei uns??<\/span><\/strong><br \/>2. jetzt gibt es Sonderangebote. Sie k\u00f6nnen sie erhalten durch <strong><span>eine Anfrage senden?<\/span><\/strong><br \/>3. unterst\u00fctzen Probe, brauchen Probe zu <strong><span>Anfrage senden, um uns zu kontaktieren?<\/span><\/strong><\/span><\/p>\n<p><strong style=\"font-size: 18px\"><br \/><\/strong><\/p>\n<p><strong style=\"font-size: 18px\">Produkt-Paramenter<\/strong><\/p>\n<div>\n<div class=\"nei-table\">\n<table width=\"1000\">\n<tbody>\n<tr class=\"firstRow\">\n<td colspan=\"1\" rowspan=\"1\" height=\"20\" width=\"162\">\n<div style=\"text-align: left\"><span>Materialqualit\u00e4t:<\/span><\/div>\n<\/td>\n<td colspan=\"1\" rowspan=\"1\" height=\"20\" width=\"837\">\n<div>Lebensmittelgeeignetes Material<\/div>\n<\/td>\n<\/tr>\n<tr>\n<td colspan=\"1\" rowspan=\"1\" height=\"20\" width=\"162\">\n<div><span>Material:<\/span><\/div>\n<\/td>\n<td colspan=\"1\" rowspan=\"1\" height=\"20\" width=\"837\">\n<div>PET+VMPET+PE, BOPP+Kraftpapier+VMPET+PE, etc<\/div>\n<\/td>\n<\/tr>\n<tr>\n<td colspan=\"1\" rowspan=\"1\" height=\"20\" width=\"162\">\n<div><span>Merkmal :<\/span><\/div>\n<\/td>\n<td colspan=\"1\" rowspan=\"1\" height=\"20\" width=\"837\">\n<div>1). sicheres lebensmittelechtes Material und perfekter Druck<\/p>\n<div data-spm-anchor-id=\"a2700.pc-decorate.0.i62.50563333vYoKlh\">2). gro\u00dfartig, um Auslaufen zu verhindern, ausgezeichneter Feuchtigkeitsschutz<\/div>\n<div data-spm-anchor-id=\"a2700.pc-decorate.0.i62.50563333vYoKlh\">3). starke Abdichtung Boden &amp; Durable Ziplock<\/div>\n<\/div>\n<\/td>\n<\/tr>\n<tr>\n<td colspan=\"1\" rowspan=\"1\" height=\"20\" width=\"162\">\n<div><span>Gr\u00f6\u00dfe&amp;Dicke:<\/span><\/div>\n<\/td>\n<td colspan=\"1\" rowspan=\"1\" height=\"20\" width=\"837\">\n<div>Individuell nach Ihren Anforderungen<\/div>\n<\/td>\n<\/tr>\n<tr>\n<td colspan=\"1\" rowspan=\"1\" height=\"20\" width=\"162\">\n<div><span>Tintenart:<\/span><\/div>\n<\/td>\n<td colspan=\"1\" rowspan=\"1\" height=\"20\" width=\"837\">\n<div>Umweltfreundliche Sojatinte in Lebensmittelqualit\u00e4t<\/div>\n<\/td>\n<\/tr>\n<tr>\n<td colspan=\"1\" rowspan=\"1\" height=\"20\" width=\"162\">\n<div><span>Kapazit\u00e4t:<\/span><\/div>\n<\/td>\n<td colspan=\"1\" rowspan=\"1\" height=\"20\" width=\"837\">\n<div>100g, 200g, 250g, 500g, 1000g\/1kg, 2kg, 5kg,8oz-100oz, kundenspezifisch<\/div>\n<\/td>\n<\/tr>\n<tr>\n<td colspan=\"1\" rowspan=\"1\" height=\"20\" width=\"162\">\n<div><span>Anwendung:<\/span><\/div>\n<\/td>\n<td colspan=\"1\" rowspan=\"1\" height=\"20\" width=\"837\">\n<div>Lebensmittel \/ Kaffee \/ Tiernahrung \/ Tee \/ Snacks \/ N\u00fcsse \/ Molkenprotein \/ Samen, etc.<\/div>\n<\/td>\n<\/tr>\n<tr>\n<td colspan=\"1\" rowspan=\"1\" height=\"20\" width=\"162\">\n<div><span>Stil-Optionen:<\/span><\/div>\n<\/td>\n<td colspan=\"1\" rowspan=\"1\" height=\"20\" width=\"837\">\n<div>Flacher Boden, Stand UP, Seitenfalte, Rei\u00dfverschluss oben, mit\/ohne Fenster, Euro-Loch, etc.<\/div>\n<\/td>\n<\/tr>\n<tr>\n<td colspan=\"1\" rowspan=\"1\" height=\"20\" width=\"162\">\n<div><span>Qualit\u00e4tskontrolle:<\/span><\/div>\n<\/td>\n<td colspan=\"1\" rowspan=\"1\" height=\"20\" width=\"837\">\n<div data-spm-anchor-id=\"a2700.details.0.i14.1410417dX9YP5T\">Hochmoderne Ausr\u00fcstung und ein erfahrenes QC-Team kontrollieren Material, Halbfertig- und Fertigprodukte streng in jedem Schritt vor dem Versand.<\/div>\n<\/td>\n<\/tr>\n<\/tbody>\n<\/table>\n<\/div>\n<p><img decoding=\"async\" src=\"https:\/\/www.cy-package.com\/2833\/2833-202205101615390419.jpg\" title=\"Geformte Getr\u00e4nketaschen mit Ausgie\u00dfer\" alt=\"Geformte Getr\u00e4nketaschen mit Ausgie\u00dfer\" \/><\/p>\n<p><\/p>\n<h2><strong>Arbeitsabl\u00e4ufe f\u00fcr die Vorproduktion:<\/strong><br \/><\/h2>\n<p>1. Geben Sie uns detaillierte Informationen \u00fcber die Tasche, die Sie machen m\u00f6chten, wie Zweck, Gr\u00f6\u00dfe, Kunstwerk, Struktur und Dicke, etc. Wenn notwendig, k\u00f6nnen wir unsere guten und professionellen Vorschl\u00e4ge f\u00fcr Ihre Wahl auch zur Verf\u00fcgung stellen.<\/p>\n<p>2. Wir werden entsprechend zitieren, nachdem wir alle Informationen \u00fcber den Beutel erhalten haben.<\/p>\n<p>3. Sobald der Preis von beiden Seiten best\u00e4tigt wurde, beginnen wir mit der Bearbeitung der Druckvorlage (zu Ihrer Information: wir m\u00fcssen die Druckvorlage in eine machbare Version f\u00fcr den Tiefdruck umwandeln).<\/p>\n<p>4. Einstellen des Farbstandards.<\/p>\n<p>5. Best\u00e4tigen Sie die Druckvorlage und unterzeichnen Sie den Vertrag.<\/p>\n<p>6. Die K\u00e4ufer m\u00fcssen den Zylinder (Druckkosten) und 40% Vorauszahlung der Bestellung zu zahlen.<\/p>\n<p>7. Wir fangen an, quanlity Produkte f\u00fcr Sie nach dann zu produzieren.<\/p>\n<p><\/p>\n<p style=\"text-align: center\"><img decoding=\"async\" alt=\"Geformte Getr\u00e4nketaschen mit Ausgie\u00dfer\" src=\"https:\/\/www.cy-package.com\/2833\/2833-202205052254029344.jpg\" title=\"Geformte Getr\u00e4nketaschen mit Ausgie\u00dfer\" \/><\/p>\n<p style=\"text-align: center\"><img decoding=\"async\" alt=\"Geformte Getr\u00e4nketaschen mit Ausgie\u00dfer\" src=\"https:\/\/www.cy-package.com\/2833\/2833-202205052254023652.jpg\" title=\"Geformte Getr\u00e4nketaschen mit Ausgie\u00dfer\" \/><\/p>\n<p><\/p>\n<p style=\"text-align: center\"><span style=\"font-size: 20px\"><strong>Firmenprofil<\/strong><\/span><\/p>\n<p><strong><span style=\"font-size: 18px\"><\/span><\/strong><\/p>\n<p style=\"text-align: center\"><img decoding=\"async\" alt=\"Geformte Getr\u00e4nketaschen mit Ausgie\u00dfer\" src=\"https:\/\/www.cy-package.com\/2833\/2833-202205062151199013.jpg\" title=\"Geformte Getr\u00e4nketaschen mit Ausgie\u00dfer\" \/><\/p>\n<p style=\"text-align: center\"><span style=\"font-size: 24px\"><strong><span>PRODUKTIONSVORTEIL DER FABRIK&nbsp;<\/span><\/strong><\/span><\/p>\n<p style=\"text-align: center\"><span style=\"font-size: 20px\"><strong>Es gibt 5 automatische Hochgeschwindigkeits-Produktionslinien<\/strong><\/span><\/p>\n<p><span style=\"font-size: 18px\"><\/span><\/p>\n<p style=\"text-align: center\"><span style=\"font-size: 18px\"><strong>&#8212;&#8212;&#8212;&#8212;&#8212;&#8212;&#8212;&#8212;&#8212;&#8212;&#8212;&#8212;&#8212;&#8212;&#8212;&#8212;&#8212;&#8212;&#8212;&#8212;&#8212;&#8212;&#8212;&#8212;&#8212;&#8212;&#8212;&#8212;&#8212;&#8212;&#8212;-<\/strong><\/span><\/p>\n<p style=\"text-align: center\"><span style=\"font-size: 14px\">Die Produktionsst\u00e4tte umfasst derzeit eine Fl\u00e4che von \u00fcber 15.000 Quadratmetern und verf\u00fcgt \u00fcber 5 automatische<\/span><\/p>\n<p style=\"text-align: center;margin-bottom: 20px\"><span style=\"font-size: 14px\">Hochgeschwindigkeits-Produktionslinien, und die j\u00e4hrliche Produktionskapazit\u00e4t kann 20.000 Tonnen erreichen.&nbsp;<\/span><\/p>\n<p style=\"text-align: center\"><img decoding=\"async\" alt=\"Geformte Getr\u00e4nketaschen mit Ausgie\u00dfer\" src=\"https:\/\/www.cy-package.com\/2833\/2833-202205062151194054.jpg\" title=\"Geformte Getr\u00e4nketaschen mit Ausgie\u00dfer\" \/><\/p>\n<p style=\"text-align: center;margin-top: 15px\"><span style=\"font-size: 14px\">Unser Unternehmen verf\u00fcgt \u00fcber Dutzende von professionellen Produktionsmitarbeitern, die 24 Stunden am Tag ohne Unterbrechung arbeiten k\u00f6nnen.<\/span><\/p>\n<p style=\"text-align: center;margin-bottom: 20px\"><span style=\"font-size: 14px\">Produktion, befolgen streng das IQC-IPQC-OQC-Prozessmanagement und haben eine hohe Produktionskapazit\u00e4t.&nbsp;<\/span><\/p>\n<p style=\"text-align: center\"><img decoding=\"async\" alt=\"Geformte Getr\u00e4nketaschen mit Ausgie\u00dfer\" src=\"https:\/\/www.cy-package.com\/2833\/2833-202205062151191245.jpg\" title=\"Geformte Getr\u00e4nketaschen mit Ausgie\u00dfer\" \/><\/p>\n<p style=\"text-align: center;margin-bottom: 5px;margin-top: 15px\"><span style=\"font-size: 14px\">Die Werkst\u00e4tten sind gem\u00e4\u00df der 300.000er GMP-Klasse konzipiert und gebaut, um die hohen Hygieneanforderungen zu erf\u00fcllen.<\/span><\/p>\n<p style=\"text-align: center;margin-bottom: 20px\"><span style=\"font-size: 14px\">Standard von Babynahrung, Molkereiprodukten und Fleischerzeugnissen im Inland und in \u00dcbersee.<\/span><\/p>\n<p style=\"text-align: center\"><img decoding=\"async\" alt=\"Geformte Getr\u00e4nketaschen mit Ausgie\u00dfer\" src=\"https:\/\/www.cy-package.com\/2833\/2833-202205062151206738.jpg\" title=\"Geformte Getr\u00e4nketaschen mit Ausgie\u00dfer\" \/><\/p>\n<p style=\"text-align: center\"><img decoding=\"async\" src=\"https:\/\/www.cy-package.com\/2833\/2833-202205062159502291.jpg\" title=\"Geformte Getr\u00e4nketaschen mit Ausgie\u00dfer\" alt=\"Geformte Getr\u00e4nketaschen mit Ausgie\u00dfer\" \/><\/p>\n<p style=\"text-align: center\"><img decoding=\"async\" src=\"https:\/\/www.cy-package.com\/2833\/2833-202205062158232361.jpg\" title=\"Geformte Getr\u00e4nketaschen mit Ausgie\u00dfer\" alt=\"Geformte Getr\u00e4nketaschen mit Ausgie\u00dfer\" \/><\/p>\n<p><\/p>\n<p><span style=\"font-size: 18px\"><strong>FAQ<\/strong><\/span><\/p>\n<p><strong><span data-spm-anchor-id=\"a2700.details.0.i17.649a7657Tu7jaw\">F: Sind Sie eine Fabrik oder ein Handelsunternehmen?<\/span><\/strong><br \/><span>A: Wir sind eine Fabrik mit fortschrittlichen Anlagen und professionellen Design-Teams, die Ihnen die beste Auswahl an Designs und Kapazit\u00e4ten bieten k\u00f6nnen.<\/span><br \/><span> <\/span><br \/><strong><span>F: Wie hoch ist die Mindestbestellmenge f\u00fcr Ihr Produkt?<\/span><\/strong><br \/><span>A: Im Allgemeinen ist MOQ f\u00fcr Beutelbeutel 10.000pcs. Wir nehmen auch Probe Probe Auftr\u00e4ge f\u00fcr kleine MOQ, pls kontaktieren Sie uns, um weiter zu diskutieren.<\/span><br \/><span> <\/span><br \/><strong><span>Q:Wie lange dauert die Lieferung nach der Bestellung?<\/span><\/strong><br \/><span>A: Im Allgemeinen betr\u00e4gt die Vorlaufzeit 15-20 Tage f\u00fcr neue Auftr\u00e4ge und 10-12 Tage f\u00fcr wiederholte Auftr\u00e4ge ab dem Best\u00e4tigungsdatum.<\/span><br \/><span> <\/span><br \/><strong><span>F: Was ist Ihre Produktpalette?<\/span><\/strong><br \/><span>A: Unsere Fabrik kann die meisten Arten von flexiblen Verpackungen herstellen, einschlie\u00dflich Kaffeebeutel, Tiernahrungsbeutel, Lebensmittelbeutel, Fl\u00fcssigkeitsbeutel, Standbodenbeutel und<\/span><br \/><span>Beutel, Rei\u00dfverschlussbeutel, Ausgie\u00dferbeutel, R\u00fcckseitenbeutel, laminierte Folie f\u00fcr Schokolade oder S\u00fc\u00dfigkeiten und so weiter.<\/span><br \/><span> <\/span><br \/><strong><span>F: Welche Informationen werden ben\u00f6tigt, um ein Angebot f\u00fcr ein Produkt zu erhalten?<\/span><\/strong><br \/><span>A:Kontaktieren Sie uns, um uns die Gr\u00f6\u00dfe und die speziellen Anforderungen, die Sie wollen, zu bieten.alle k\u00f6nnen angepasst werden, und wir haben eine Menge von Beispielen f\u00fcr Ihre Referenz.<\/span><br \/><span> <\/span><br \/><strong><span>F: K\u00f6nnen Muster zur Verf\u00fcgung gestellt werden?<\/span><\/strong><br \/><span>A: Ja. F\u00fcr die kundengebundene Probe, die realen Musterkosten + Druckzylindergeb\u00fchr werden aufgeladen, die die Zylindergeb\u00fchr keine Notwendigkeit wieder f\u00fcr die Massenbestellung sein wird.<\/span><\/p>\n<\/div><\/div>\n<\/p><\/div>","protected":false},"excerpt":{"rendered":"<p class=\"wui-p-v-4\">    <span class=\"wui-text-color-accents wui-text-weight-bold\">Marke:<\/span>    <span class=\"wui-text-color-primary\">CY-PACK<\/span><\/p>\n<p class=\"wui-p-v-4\">    <span class=\"wui-text-color-accents wui-text-weight-bold\">Herkunft des Produkts:<\/span>    <span class=\"wui-text-color-primary\">China<\/span><\/p>\n<p class=\"wui-p-v-4\">    <span class=\"wui-text-color-accents wui-text-weight-bold\">Lieferfrist:<\/span>    <span class=\"wui-text-color-primary\">25 Tage Vorlaufzeit<\/span><\/p>\n<p class=\"wui-p-v-4\">Gr\u00f6\u00dfe und Dicke: Standard oder individuell<br \/>Abmessungen: 250g~2kg etc. oder nach Ihren W\u00fcnschen.<br \/>Material: PP\/OP\/PE\/OPP<br \/>Druckfarben: Bis zu 10 Farben.<br \/>Logo: Gedruckt nach dem Entwurf des Kunden.<br \/>Griff: Seitengriff oder nach Ihren W\u00fcnschen.<br \/>Verschluss: Rei\u00dfverschluss, wie Sie es w\u00fcnschen.<br \/>Laminierung\/Oberfl\u00e4chenveredelung: Gl\u00e4nzende Laminierung\/Matte Laminierung\/Laserfolienlaminierung\/keine Laminierung, etc.<\/p>","protected":false},"featured_media":390,"comment_status":"open","ping_status":"closed","template":"","meta":{"_seopress_robots_primary_cat":"","_seopress_titles_title":"","_seopress_titles_desc":"","_seopress_robots_index":"","_monsterinsights_skip_tracking":false,"_monsterinsights_sitenote_active":false,"_monsterinsights_sitenote_note":"","_monsterinsights_sitenote_category":0,"_kad_post_transparent":"","_kad_post_title":"","_kad_post_layout":"","_kad_post_sidebar_id":"","_kad_post_content_style":"","_kad_post_vertical_padding":"","_kad_post_feature":"","_kad_post_feature_position":"","_kad_post_header":false,"_kad_post_footer":false},"product_brand":[],"product_cat":[26],"product_tag":[],"class_list":{"0":"post-306","1":"product","2":"type-product","3":"status-publish","4":"has-post-thumbnail","6":"product_cat-spout-pouches","8":"first","9":"instock","10":"shipping-taxable","11":"product-type-simple","12":"entry","13":"content-bg","14":"loop-entry"},"_links":{"self":[{"href":"https:\/\/www.cy-package.com\/de\/wp-json\/wp\/v2\/product\/306","targetHints":{"allow":["GET"]}}],"collection":[{"href":"https:\/\/www.cy-package.com\/de\/wp-json\/wp\/v2\/product"}],"about":[{"href":"https:\/\/www.cy-package.com\/de\/wp-json\/wp\/v2\/types\/product"}],"replies":[{"embeddable":true,"href":"https:\/\/www.cy-package.com\/de\/wp-json\/wp\/v2\/comments?post=306"}],"version-history":[{"count":0,"href":"https:\/\/www.cy-package.com\/de\/wp-json\/wp\/v2\/product\/306\/revisions"}],"wp:featuredmedia":[{"embeddable":true,"href":"https:\/\/www.cy-package.com\/de\/wp-json\/wp\/v2\/media\/390"}],"wp:attachment":[{"href":"https:\/\/www.cy-package.com\/de\/wp-json\/wp\/v2\/media?parent=306"}],"wp:term":[{"taxonomy":"product_brand","embeddable":true,"href":"https:\/\/www.cy-package.com\/de\/wp-json\/wp\/v2\/product_brand?post=306"},{"taxonomy":"product_cat","embeddable":true,"href":"https:\/\/www.cy-package.com\/de\/wp-json\/wp\/v2\/product_cat?post=306"},{"taxonomy":"product_tag","embeddable":true,"href":"https:\/\/www.cy-package.com\/de\/wp-json\/wp\/v2\/product_tag?post=306"}],"curies":[{"name":"wp","href":"https:\/\/api.w.org\/{rel}","templated":true}]}}