{"id":307,"date":"2024-09-05T10:28:16","date_gmt":"2024-09-05T02:28:16","guid":{"rendered":"https:\/\/www.cy-package.com\/?post_type=product&#038;p=307"},"modified":"2024-09-19T10:20:39","modified_gmt":"2024-09-19T02:20:39","slug":"wiederverwertbare-standbodenbeutel-mit-reisverschluss-fur-lebensmittel","status":"publish","type":"product","link":"https:\/\/www.cy-package.com\/de\/produkt\/wiederverwertbare-standbodenbeutel-mit-reisverschluss-fur-lebensmittel\/","title":{"rendered":"Recyclebar Stand Up Zipper Lebensmittel Verpackung Beutel"},"content":{"rendered":"<p>&nbsp;<\/p>\n<p>&nbsp;<\/p>\n<p>Angesichts der Tatsache, dass Verbraucher, Politiker und Medien dem Problem der Kunststoffabf\u00e4lle immer mehr Aufmerksamkeit schenken, \u00e4ndert die Lebensmittelindustrie oder die Non-Food-Industrie ihre Gesch\u00e4ftspraktiken. Die Akteure entlang der gesamten Wertsch\u00f6pfungskette denken \u00fcber die Reduzierung von Deponieabf\u00e4llen nach. Recycelbare Laminatmaterialien sind jetzt die beste Wahl. Diese umweltfreundlichen Standbodenbeutel k\u00f6nnen nicht nur in bestehenden Recyclingsystemen recycelt werden, sondern verl\u00e4ngern auch die Haltbarkeit Ihrer Produkte.<\/p>\n<p>&nbsp;<\/p>\n<div>\n<p><span style=\"font-size: 18px;\"><strong>Produkt-Paramenter<\/strong><\/span><\/p>\n<\/div>\n<div>\n<div class=\"nei-table\">\n<table width=\"1000\">\n<tbody>\n<tr class=\"firstRow\">\n<td colspan=\"1\" rowspan=\"1\" width=\"162\" height=\"20\">\n<div style=\"text-align: left;\">Materialqualit\u00e4t:<\/div>\n<\/td>\n<td colspan=\"1\" rowspan=\"1\" width=\"837\" height=\"20\">\n<div>Lebensmittelgeeignetes Material<\/div>\n<\/td>\n<\/tr>\n<tr>\n<td colspan=\"1\" rowspan=\"1\" width=\"162\" height=\"20\">\n<div>Material:<\/div>\n<\/td>\n<td colspan=\"1\" rowspan=\"1\" width=\"837\" height=\"20\">\n<div>PE\/Kraftpapier\/PBAT\/PLA<\/div>\n<\/td>\n<\/tr>\n<tr>\n<td colspan=\"1\" rowspan=\"1\" width=\"162\" height=\"20\">\n<div>Merkmal :<\/div>\n<\/td>\n<td colspan=\"1\" rowspan=\"1\" width=\"837\" height=\"20\">\n<div>\n<p>1). sicheres lebensmittelechtes Material und perfekter Druck<\/p>\n<div data-spm-anchor-id=\"a2700.pc-decorate.0.i62.50563333vYoKlh\">2). gro\u00dfartig, um Auslaufen zu verhindern, ausgezeichneter Feuchtigkeitsschutz<\/div>\n<p>3). starke Abdichtung Boden &amp; Durable Ziplock<\/p>\n<p>4).Traditionelle matte, Soft-Touch-matte, gl\u00e4nzende und metallisierte Oberfl\u00e4chen, Hei\u00dfpr\u00e4gung<\/p>\n<\/div>\n<\/td>\n<\/tr>\n<tr>\n<td colspan=\"1\" rowspan=\"1\" width=\"162\" height=\"20\">\n<div>Gr\u00f6\u00dfe&amp;Dicke:<\/div>\n<\/td>\n<td colspan=\"1\" rowspan=\"1\" width=\"837\" height=\"20\">\n<div>Individuell nach Ihren Anforderungen<\/div>\n<\/td>\n<\/tr>\n<tr>\n<td colspan=\"1\" rowspan=\"1\" width=\"162\" height=\"20\">\n<div>Tintenart:<\/div>\n<\/td>\n<td colspan=\"1\" rowspan=\"1\" width=\"837\" height=\"20\">\n<div>Umweltfreundliche Sojatinte in Lebensmittelqualit\u00e4t<\/div>\n<\/td>\n<\/tr>\n<tr>\n<td colspan=\"1\" rowspan=\"1\" width=\"162\" height=\"20\">\n<div>Kapazit\u00e4t:<\/div>\n<\/td>\n<td colspan=\"1\" rowspan=\"1\" width=\"837\" height=\"20\">\n<div>100g, 200g, 250g, 500g, 1000g\/1kg, 2kg, 5kg,8oz-100oz, kundenspezifisch<\/div>\n<\/td>\n<\/tr>\n<tr>\n<td colspan=\"1\" rowspan=\"1\" width=\"162\" height=\"20\">\n<div>Anwendung:<\/div>\n<\/td>\n<td colspan=\"1\" rowspan=\"1\" width=\"837\" height=\"20\">\n<div>Lebensmittel \/ Kaffee \/ Tiernahrung \/ Tee \/ Snacks \/ N\u00fcsse \/ Molkenprotein \/ Samen, etc.<\/div>\n<\/td>\n<\/tr>\n<tr>\n<td colspan=\"1\" rowspan=\"1\" width=\"162\" height=\"20\">\n<div>Stil-Optionen:<\/div>\n<\/td>\n<td colspan=\"1\" rowspan=\"1\" width=\"837\" height=\"20\">\n<div>Flacher Boden, Stand UP, Seitenfalte, Rei\u00dfverschluss oben, mit\/ohne Fenster, Euro-Loch, etc.<\/div>\n<\/td>\n<\/tr>\n<tr>\n<td colspan=\"1\" rowspan=\"1\" width=\"162\" height=\"20\">\n<div>Qualit\u00e4tskontrolle:<\/div>\n<\/td>\n<td colspan=\"1\" rowspan=\"1\" width=\"837\" height=\"20\">\n<div data-spm-anchor-id=\"a2700.details.0.i14.1410417dX9YP5T\">Hochmoderne Ausr\u00fcstung und ein erfahrenes QC-Team kontrollieren Material, Halbfertig- und Fertigprodukte streng in jedem Schritt vor dem Versand.<\/div>\n<\/td>\n<\/tr>\n<\/tbody>\n<\/table>\n<\/div>\n<p>&nbsp;<\/p>\n<p>Au\u00dferdem ist CY PACK ein Hersteller mit 19 Jahren Druckerfahrung. Der Schwerpunkt liegt auf der Bereitstellung flexibler Verpackungsbeutel f\u00fcr Lebensmittel f\u00fcr die Lebensmittelindustrie. Individuell bedruckte Standbeutelverpackungen f\u00fcr Snacks, Kaffeebohnen, Tiernahrung usw.<\/p>\n<p>&nbsp;<\/p>\n<p>Da das Umweltschutzbewusstsein internationaler Hersteller w\u00e4chst, steigen die Verkaufszahlen der nachhaltigen, weichen Verpackungsbeutel von CY PACK, beispielsweise der recycelbaren und abbaubaren Standbeutel, von Jahr zu Jahr.<\/p>\n<p><img decoding=\"async\" title=\"Recyclebar Stand Up Zipper Lebensmittel Verpackung Beutel\" src=\"https:\/\/www.cy-package.com\/2833\/2833-202406031717389144.jpg\" alt=\"Recyclebar Stand Up Zipper Lebensmittel Verpackung Beutel\" \/><\/p>\n<p>&nbsp;<\/p>\n<p style=\"text-align: center;\">\n<\/div>","protected":false},"excerpt":{"rendered":"<p class=\"wui-p-v-4\"><span class=\"wui-text-color-accents wui-text-weight-bold\">Marke:<\/span> <span class=\"wui-text-color-primary\">CY-PACK<\/span><\/p>\n<p class=\"wui-p-v-4\"><span class=\"wui-text-color-accents wui-text-weight-bold\">Herkunft des Produkts:<\/span> <span class=\"wui-text-color-primary\">China<\/span><\/p>\n<p class=\"wui-p-v-4\"><span class=\"wui-text-color-accents wui-text-weight-bold\">Lieferfrist:<\/span> <span class=\"wui-text-color-primary\">25 Tage Vorlaufzeit<\/span><\/p>\n<p class=\"wui-p-v-4\"><span class=\"wui-text-color-accents wui-text-weight-bold\">Lieferkapazit\u00e4t:<\/span> <span class=\"wui-text-color-primary\">1200 Tonnen\/Monat<\/span><\/p>\n<p class=\"wui-p-v-4\">Umweltfreundliche Verpackungsmaterialien verringern in hohem Ma\u00dfe die Verschmutzung durch Plastik und tragen zum weltweiten Umweltschutz bei.<br \/>\nUm Ihnen zuverl\u00e4ssige und umweltfreundliche Verpackungen f\u00fcr Ihre Lebensmittel zu bieten, k\u00f6nnen wir einfache und leichte Snack-Beutel von hoher und stabiler Qualit\u00e4t herstellen.<br \/>\nDar\u00fcber hinaus ist das Volumen von Standbeuteln f\u00fcr Snacks viel kleiner als das herk\u00f6mmlicher Aluminiumdosen\/-beh\u00e4lter. Es betr\u00e4gt nur knapp 1\/10 des Volumens, vom Gewichtsvergleich beider gar nicht zu reden.<\/p>","protected":false},"featured_media":394,"comment_status":"open","ping_status":"closed","template":"","meta":{"_seopress_robots_primary_cat":"none","_seopress_titles_title":"Supply Recyclable Stand Up Food Packaging Pouch wholesale","_seopress_titles_desc":"Recyclable Stand Up Zipper Food Packaging Pouch Manufacturers and Factory. We accept OEM custom products all made in China.","_seopress_robots_index":"","_monsterinsights_skip_tracking":false,"_monsterinsights_sitenote_active":false,"_monsterinsights_sitenote_note":"","_monsterinsights_sitenote_category":0,"_kad_post_transparent":"default","_kad_post_title":"","_kad_post_layout":"default","_kad_post_sidebar_id":"","_kad_post_content_style":"default","_kad_post_vertical_padding":"default","_kad_post_feature":"","_kad_post_feature_position":"","_kad_post_header":false,"_kad_post_footer":false},"product_brand":[],"product_cat":[27],"product_tag":[],"class_list":{"0":"post-307","1":"product","2":"type-product","3":"status-publish","4":"has-post-thumbnail","6":"product_cat-recyclable-packaging-bags","8":"first","9":"instock","10":"shipping-taxable","11":"product-type-simple","12":"entry","13":"content-bg","14":"loop-entry"},"_links":{"self":[{"href":"https:\/\/www.cy-package.com\/de\/wp-json\/wp\/v2\/product\/307","targetHints":{"allow":["GET"]}}],"collection":[{"href":"https:\/\/www.cy-package.com\/de\/wp-json\/wp\/v2\/product"}],"about":[{"href":"https:\/\/www.cy-package.com\/de\/wp-json\/wp\/v2\/types\/product"}],"replies":[{"embeddable":true,"href":"https:\/\/www.cy-package.com\/de\/wp-json\/wp\/v2\/comments?post=307"}],"version-history":[{"count":1,"href":"https:\/\/www.cy-package.com\/de\/wp-json\/wp\/v2\/product\/307\/revisions"}],"predecessor-version":[{"id":982,"href":"https:\/\/www.cy-package.com\/de\/wp-json\/wp\/v2\/product\/307\/revisions\/982"}],"wp:featuredmedia":[{"embeddable":true,"href":"https:\/\/www.cy-package.com\/de\/wp-json\/wp\/v2\/media\/394"}],"wp:attachment":[{"href":"https:\/\/www.cy-package.com\/de\/wp-json\/wp\/v2\/media?parent=307"}],"wp:term":[{"taxonomy":"product_brand","embeddable":true,"href":"https:\/\/www.cy-package.com\/de\/wp-json\/wp\/v2\/product_brand?post=307"},{"taxonomy":"product_cat","embeddable":true,"href":"https:\/\/www.cy-package.com\/de\/wp-json\/wp\/v2\/product_cat?post=307"},{"taxonomy":"product_tag","embeddable":true,"href":"https:\/\/www.cy-package.com\/de\/wp-json\/wp\/v2\/product_tag?post=307"}],"curies":[{"name":"wp","href":"https:\/\/api.w.org\/{rel}","templated":true}]}}