{"id":308,"date":"2024-09-05T10:28:16","date_gmt":"2024-09-05T02:28:16","guid":{"rendered":"https:\/\/www.cy-package.com\/?post_type=product&#038;p=308"},"modified":"2024-09-14T20:28:03","modified_gmt":"2024-09-14T12:28:03","slug":"100-recycelte-ziplock-verpackungsbeutel-mit-klarem-fenster","status":"publish","type":"product","link":"https:\/\/www.cy-package.com\/de\/produkt\/100-recycelte-ziplock-verpackungsbeutel-mit-klarem-fenster\/","title":{"rendered":"100% Recycelter Ziplock-Verpackungsbeutel mit Klarsichtfenster"},"content":{"rendered":"<div style=\"text-align: center\"><\/div>\n<p>Da Verbraucher, Politiker und Medien dem Problem des Plastikm\u00fclls immer mehr Aufmerksamkeit schenken, \u00e4ndern die Lebensmittel- und Nicht-Lebensmittelindustrie ihre Gesch\u00e4ftspraktiken. Akteure entlang der gesamten Wertsch\u00f6pfungskette denken \u00fcber die Reduzierung von Deponieabf\u00e4llen nach. Recycelbare Laminatmaterialien sind jetzt die beste Wahl. Dieser umweltfreundliche PE\/PE-Beutel kann nicht nur in vorhandenen Recyclingsystemen recycelt werden, sondern verl\u00e4ngert auch die Haltbarkeit Ihres Produkts.<\/p>\n<p>&nbsp;<\/p>\n<div>\n<p><span style=\"font-size: 18px\"><strong>Produkt-Paramenter<\/strong><\/span><\/p>\n<\/div>\n<div>\n<div class=\"nei-table\">\n<table width=\"1000\">\n<tbody>\n<tr class=\"firstRow\">\n<td style=\"border-color: #dddddd\" colspan=\"1\" rowspan=\"1\" width=\"162\" height=\"20\">\n<div style=\"text-align: left\">Materialqualit\u00e4t:<\/div>\n<\/td>\n<td style=\"border-color: #dddddd\" colspan=\"1\" rowspan=\"1\" width=\"837\" height=\"20\">\n<div>Lebensmittelgeeignetes Material<\/div>\n<\/td>\n<\/tr>\n<tr>\n<td style=\"border-color: #dddddd\" colspan=\"1\" rowspan=\"1\" width=\"162\" height=\"20\">\n<div>Material:<\/div>\n<\/td>\n<td style=\"border-color: #dddddd\" colspan=\"1\" rowspan=\"1\" width=\"837\" height=\"20\">\n<div>PET+VMPET+PE, BOPP+Kraftpapier+VMPET+PE, etc<\/div>\n<\/td>\n<\/tr>\n<tr>\n<td style=\"border-color: #dddddd\" colspan=\"1\" rowspan=\"1\" width=\"162\" height=\"20\">\n<div>Merkmal :<\/div>\n<\/td>\n<td style=\"border-color: #dddddd\" colspan=\"1\" rowspan=\"1\" width=\"837\" height=\"20\">\n<div>\n<p>1). sicheres lebensmittelechtes Material und perfekter Druck<\/p>\n<div data-spm-anchor-id=\"a2700.pc-decorate.0.i62.50563333vYoKlh\">2). gro\u00dfartig, um Auslaufen zu verhindern, ausgezeichneter Feuchtigkeitsschutz<\/div>\n<div data-spm-anchor-id=\"a2700.pc-decorate.0.i62.50563333vYoKlh\">3). starke Abdichtung Boden &amp; Durable Ziplock<\/div>\n<\/div>\n<\/td>\n<\/tr>\n<tr>\n<td style=\"border-color: #dddddd\" colspan=\"1\" rowspan=\"1\" width=\"162\" height=\"20\">\n<div>Gr\u00f6\u00dfe&amp;Dicke:<\/div>\n<\/td>\n<td style=\"border-color: #dddddd\" colspan=\"1\" rowspan=\"1\" width=\"837\" height=\"20\">\n<div>Individuell nach Ihren Anforderungen<\/div>\n<\/td>\n<\/tr>\n<tr>\n<td style=\"border-color: #dddddd\" colspan=\"1\" rowspan=\"1\" width=\"162\" height=\"20\">\n<div>Tintenart:<\/div>\n<\/td>\n<td style=\"border-color: #dddddd\" colspan=\"1\" rowspan=\"1\" width=\"837\" height=\"20\">\n<div>Umweltfreundliche Sojatinte in Lebensmittelqualit\u00e4t<\/div>\n<\/td>\n<\/tr>\n<tr>\n<td style=\"border-color: #dddddd\" colspan=\"1\" rowspan=\"1\" width=\"162\" height=\"20\">\n<div>Kapazit\u00e4t:<\/div>\n<\/td>\n<td style=\"border-color: #dddddd\" colspan=\"1\" rowspan=\"1\" width=\"837\" height=\"20\">\n<div>100g, 200g, 250g, 500g, 1000g\/1kg, 2kg, 5kg,8oz-100oz, kundenspezifisch<\/div>\n<\/td>\n<\/tr>\n<tr>\n<td style=\"border-color: #dddddd\" colspan=\"1\" rowspan=\"1\" width=\"162\" height=\"20\">\n<div>Anwendung:<\/div>\n<\/td>\n<td style=\"border-color: #dddddd\" colspan=\"1\" rowspan=\"1\" width=\"837\" height=\"20\">\n<div>Lebensmittel \/ Kaffee \/ Tiernahrung \/ Tee \/ Snacks \/ N\u00fcsse \/ Molkenprotein \/ Samen, etc.<\/div>\n<\/td>\n<\/tr>\n<tr>\n<td style=\"border-color: #dddddd\" colspan=\"1\" rowspan=\"1\" width=\"162\" height=\"20\">\n<div>Stil-Optionen:<\/div>\n<\/td>\n<td style=\"border-color: #dddddd\" colspan=\"1\" rowspan=\"1\" width=\"837\" height=\"20\">\n<div>Flacher Boden, Stand UP, Seitenfalte, Rei\u00dfverschluss oben, mit\/ohne Fenster, Euro-Loch, etc.<\/div>\n<\/td>\n<\/tr>\n<tr>\n<td style=\"border-color: #dddddd\" colspan=\"1\" rowspan=\"1\" width=\"162\" height=\"20\">\n<div>Qualit\u00e4tskontrolle:<\/div>\n<\/td>\n<td style=\"border-color: #dddddd\" colspan=\"1\" rowspan=\"1\" width=\"837\" height=\"20\">\n<div data-spm-anchor-id=\"a2700.details.0.i14.1410417dX9YP5T\">Hochmoderne Ausr\u00fcstung und ein erfahrenes QC-Team kontrollieren Material, Halbfertig- und Fertigprodukte streng in jedem Schritt vor dem Versand.<\/div>\n<\/td>\n<\/tr>\n<\/tbody>\n<\/table>\n<\/div>\n<p>&nbsp;<\/p>\n<p>Mit dem wachsenden Bewusstsein der Menschen auf der ganzen Welt f\u00fcr den Umweltschutz und den Schutz der Erde erfreut sich der Verkauf recycelbarer Verpackungsbeutel auf dem Verpackungsmarkt immer gr\u00f6\u00dferer Beliebtheit.<\/p>\n<p>&nbsp;<\/p>\n<p>Die beiden am h\u00e4ufigsten verwendeten Materialstrukturen sind Voll-PE und Voll-PP. 100% PP-Einzelmaterialstruktur, die hohe Barriereanforderungen erf\u00fcllen kann. Die Au\u00dfenschicht besteht aus PP-Material mit hoher Temperaturbest\u00e4ndigkeit und die Innenschicht aus Materialien mit guter Z\u00e4higkeit, Hei\u00dfsiegelfestigkeit und Schlagfestigkeit. Die kombinierten Materialien gew\u00e4hrleisten die Qualit\u00e4t der Tasche.<\/p>\n<p>&nbsp;<\/p>\n<p style=\"text-align: center\">\n<p style=\"text-align: center\">\n<p style=\"text-align: center\">\n<\/div>","protected":false},"excerpt":{"rendered":"<p class=\"wui-p-v-4\"><span class=\"wui-text-color-accents wui-text-weight-bold\">Marke:<\/span> <span class=\"wui-text-color-primary\">CY-PACK<\/span><\/p>\n<p class=\"wui-p-v-4\"><span class=\"wui-text-color-accents wui-text-weight-bold\">Herkunft des Produkts:<\/span> <span class=\"wui-text-color-primary\">China<\/span><\/p>\n<p class=\"wui-p-v-4\"><span class=\"wui-text-color-accents wui-text-weight-bold\">Lieferfrist:<\/span> <span class=\"wui-text-color-primary\">25 Tage Vorlaufzeit<\/span><\/p>\n<p class=\"wui-p-v-4\"><span class=\"wui-text-color-accents wui-text-weight-bold\">Lieferkapazit\u00e4t:<\/span> <span class=\"wui-text-color-primary\">1200 Tonnen\/Monat<\/span><\/p>\n<p class=\"wui-p-v-4\">Merkmal:<br \/>\n1) Recycelbares PE-PE-Material mit EVOH f\u00fcr hervorragende Barriereleistung.<br \/>\n2) Flat Bottom Beutel Stil, um Ihnen 360 Grad von Immobilien f\u00fcr den Druck.<br \/>\n3) Gl\u00e4nzend und matt gemischt, um Ihr Logo hervorzuheben.<br \/>\n4) Die 100% Recycling-Tasche besteht aus einem einzigen Material, ist recycelbar und wiederverwendbar, verbessert den Nutzwert der Materialien, reduziert die Umweltverschmutzung und erf\u00fcllt die Anforderungen der wirtschaftlichen Entwicklung.<br \/>\n5) Voll-PE-Verpackung: Voll-PE-Verbundstruktur, die \u00e4u\u00dfere Schicht besteht aus temperatur- und dehnungsbest\u00e4ndigem PE f\u00fcr den Druck, und die Verbundschicht besteht aus Materialien mit hoher Steifigkeit und Festigkeit, um die Flachheit und Festigkeit des Beutels zu gew\u00e4hrleisten.<\/p>","protected":false},"featured_media":398,"comment_status":"open","ping_status":"closed","template":"","meta":{"_seopress_robots_primary_cat":"none","_seopress_titles_title":"","_seopress_titles_desc":"","_seopress_robots_index":"","_monsterinsights_skip_tracking":false,"_monsterinsights_sitenote_active":false,"_monsterinsights_sitenote_note":"","_monsterinsights_sitenote_category":0,"_kad_post_transparent":"default","_kad_post_title":"","_kad_post_layout":"default","_kad_post_sidebar_id":"","_kad_post_content_style":"default","_kad_post_vertical_padding":"default","_kad_post_feature":"","_kad_post_feature_position":"","_kad_post_header":false,"_kad_post_footer":false},"product_brand":[],"product_cat":[27],"product_tag":[],"class_list":{"0":"post-308","1":"product","2":"type-product","3":"status-publish","4":"has-post-thumbnail","6":"product_cat-recyclable-packaging-bags","8":"first","9":"instock","10":"shipping-taxable","11":"product-type-simple","12":"entry","13":"content-bg","14":"loop-entry"},"_links":{"self":[{"href":"https:\/\/www.cy-package.com\/de\/wp-json\/wp\/v2\/product\/308","targetHints":{"allow":["GET"]}}],"collection":[{"href":"https:\/\/www.cy-package.com\/de\/wp-json\/wp\/v2\/product"}],"about":[{"href":"https:\/\/www.cy-package.com\/de\/wp-json\/wp\/v2\/types\/product"}],"replies":[{"embeddable":true,"href":"https:\/\/www.cy-package.com\/de\/wp-json\/wp\/v2\/comments?post=308"}],"version-history":[{"count":0,"href":"https:\/\/www.cy-package.com\/de\/wp-json\/wp\/v2\/product\/308\/revisions"}],"wp:featuredmedia":[{"embeddable":true,"href":"https:\/\/www.cy-package.com\/de\/wp-json\/wp\/v2\/media\/398"}],"wp:attachment":[{"href":"https:\/\/www.cy-package.com\/de\/wp-json\/wp\/v2\/media?parent=308"}],"wp:term":[{"taxonomy":"product_brand","embeddable":true,"href":"https:\/\/www.cy-package.com\/de\/wp-json\/wp\/v2\/product_brand?post=308"},{"taxonomy":"product_cat","embeddable":true,"href":"https:\/\/www.cy-package.com\/de\/wp-json\/wp\/v2\/product_cat?post=308"},{"taxonomy":"product_tag","embeddable":true,"href":"https:\/\/www.cy-package.com\/de\/wp-json\/wp\/v2\/product_tag?post=308"}],"curies":[{"name":"wp","href":"https:\/\/api.w.org\/{rel}","templated":true}]}}