{"id":311,"date":"2024-09-05T10:28:16","date_gmt":"2024-09-05T02:28:16","guid":{"rendered":"https:\/\/www.cy-package.com\/?post_type=product&#038;p=311"},"modified":"2024-09-14T20:29:03","modified_gmt":"2024-09-14T12:29:03","slug":"tee-verpackungsbeutel","status":"publish","type":"product","link":"https:\/\/www.cy-package.com\/de\/produkt\/tee-verpackungsbeutel\/","title":{"rendered":"Beutel f\u00fcr Teeverpackung"},"content":{"rendered":"<p>&nbsp;<\/p>\n<p style=\"text-align: center\"><strong><span style=\"font-size: 24px\">Verpackungen f\u00fcr Tee<\/span><\/strong><\/p>\n<p>&nbsp;<\/p>\n<p>Der wachsende Markt f\u00fcr Tee aus Einzelplantagen und handwerklich hergestellten Tee schafft einen Bedarf an Teeverpackungen, die nicht nur das duftende Blatt in der Teepackung sch\u00fctzen, sondern auch die richtigen Werte vermitteln, die mit Ihrer Teemarke verbunden sind. Mit unserem sorgf\u00e4ltig ausgew\u00e4hlten Sortiment an Teeverpackungsmaterialien k\u00f6nnen Sie beide Ziele erreichen. Authentizit\u00e4t, einzigartiger Charakter und herausragende Qualit\u00e4t sind entscheidend f\u00fcr den Aufbau einer modernen Teemarke, die f\u00fcr das Publikum in Ihrem Zielmarkt attraktiv ist.<\/p>\n<p>&nbsp;<\/p>\n<p>Standbeutel mit Seitenfalten sind die \u00fcbliche Wahl f\u00fcr die Verpackung von Tee. Wir verkaufen sie in einer breiten Auswahl an Materialien und Gr\u00f6\u00dfen, von attraktiven, auff\u00e4lligen Folienbeuteln in Kastanienbraun und Smaragdgr\u00fcn bis hin zu Teebeuteln aus Kraftpapier, die von den Prinzipien der Nachhaltigkeit und der umweltfreundlichen Philosophie inspiriert sind.<\/p>\n<p>&nbsp;<\/p>\n<p>Tee ist das am h\u00e4ufigsten konsumierte Getr\u00e4nk der Welt und erfreut sich auf dem US-Markt enormer Beliebtheit. Tee w\u00e4chst parallel zur Kaffeeindustrie und ist zum Mainstream geworden. CY PACK bietet eine gro\u00dfe Auswahl an Teeverpackungen f\u00fcr einen riesigen und florierenden Teemarkt.<\/p>\n<p>Ob Rot- oder Gr\u00fcntee, die Dichte variiert je nach Teesorte, die Sie verpacken, erheblich. CY PACK bietet eine gro\u00dfe Auswahl an Optionen, von Unzen bis hin zu Gro\u00dfpackungen. Mit unseren Teeverpackungsbeuteln k\u00f6nnen Sie Ihre erlesenen Teesorten sicher aufbewahren und pr\u00e4sentieren, w\u00e4hrend ihre Qualit\u00e4t erhalten bleibt und ein au\u00dfergew\u00f6hnliches Teetrinkerlebnis gew\u00e4hrleistet ist. W\u00e4hlen Sie unsere Teeverpackungsbeutel, um Ihre Teelagerung zu verbessern und jede Tasse Tee in vollen Z\u00fcgen zu genie\u00dfen. Eine der besten M\u00f6glichkeiten, sich abzuheben, ist eine individuelle Teeverpackung. Von individueller flexibler Verpackung bis hin zu individuell gestalteten kompostierbaren Standbeuteln \u2013 wir haben alles im Angebot.<\/p>\n<div>\n<p><span style=\"font-size: 18px\"><strong>\u00a0<\/strong><\/span><\/p>\n<h2><strong>Produkt Paramen<\/strong><strong>tern<\/strong><\/h2>\n<\/div>\n<div>\n<div class=\"nei-table\">\n<table width=\"1000\">\n<tbody>\n<tr class=\"firstRow\">\n<td style=\"border-color: #dddddd\" colspan=\"1\" rowspan=\"1\" width=\"162\" height=\"20\">\n<div style=\"text-align: left\">Materialqualit\u00e4t:<\/div>\n<\/td>\n<td style=\"border-color: #dddddd\" colspan=\"1\" rowspan=\"1\" width=\"837\" height=\"20\">\n<div>Lebensmittelgeeignetes Material<\/div>\n<\/td>\n<\/tr>\n<tr>\n<td style=\"border-color: #dddddd\" colspan=\"1\" rowspan=\"1\" width=\"162\" height=\"20\">\n<div>Material:<\/div>\n<\/td>\n<td style=\"border-color: #dddddd\" colspan=\"1\" rowspan=\"1\" width=\"837\" height=\"20\">\n<div>PET+VMPET+PE, BOPP+Kraftpapier+VMPET+PE, etc<\/div>\n<\/td>\n<\/tr>\n<tr>\n<td style=\"border-color: #dddddd\" colspan=\"1\" rowspan=\"1\" width=\"162\" height=\"20\">\n<div>Merkmal :<\/div>\n<\/td>\n<td style=\"border-color: #dddddd\" colspan=\"1\" rowspan=\"1\" width=\"837\" height=\"20\">\n<div>\n<p>1). sicheres lebensmittelechtes Material und perfekter Druck<\/p>\n<div data-spm-anchor-id=\"a2700.pc-decorate.0.i62.50563333vYoKlh\">2). gro\u00dfartig, um Auslaufen zu verhindern, ausgezeichneter Feuchtigkeitsschutz<\/div>\n<div data-spm-anchor-id=\"a2700.pc-decorate.0.i62.50563333vYoKlh\">3). starke Abdichtung Boden &amp; Durable Ziplock<\/div>\n<\/div>\n<\/td>\n<\/tr>\n<tr>\n<td style=\"border-color: #dddddd\" colspan=\"1\" rowspan=\"1\" width=\"162\" height=\"20\">\n<div>Gr\u00f6\u00dfe&amp;Dicke:<\/div>\n<\/td>\n<td style=\"border-color: #dddddd\" colspan=\"1\" rowspan=\"1\" width=\"837\" height=\"20\">\n<div>Individuell nach Ihren Anforderungen<\/div>\n<\/td>\n<\/tr>\n<tr>\n<td style=\"border-color: #dddddd\" colspan=\"1\" rowspan=\"1\" width=\"162\" height=\"20\">\n<div>Tintenart:<\/div>\n<\/td>\n<td style=\"border-color: #dddddd\" colspan=\"1\" rowspan=\"1\" width=\"837\" height=\"20\">\n<div>Umweltfreundliche Sojatinte in Lebensmittelqualit\u00e4t<\/div>\n<\/td>\n<\/tr>\n<tr>\n<td style=\"border-color: #dddddd\" colspan=\"1\" rowspan=\"1\" width=\"162\" height=\"20\">\n<div>Kapazit\u00e4t:<\/div>\n<\/td>\n<td style=\"border-color: #dddddd\" colspan=\"1\" rowspan=\"1\" width=\"837\" height=\"20\">\n<div>100g, 200g, 250g, 500g, 1000g\/1kg, 2kg, 5kg,8oz-100oz, kundenspezifisch<\/div>\n<\/td>\n<\/tr>\n<tr>\n<td style=\"border-color: #dddddd\" colspan=\"1\" rowspan=\"1\" width=\"162\" height=\"20\">\n<div>Anwendung:<\/div>\n<\/td>\n<td style=\"border-color: #dddddd\" colspan=\"1\" rowspan=\"1\" width=\"837\" height=\"20\">\n<div>Lebensmittel \/ Kaffee \/ Tiernahrung \/ Tee \/ Snacks \/ N\u00fcsse \/ Molkenprotein \/ Samen, etc.<\/div>\n<\/td>\n<\/tr>\n<tr>\n<td style=\"border-color: #dddddd\" colspan=\"1\" rowspan=\"1\" width=\"162\" height=\"20\">\n<div>Stil-Optionen:<\/div>\n<\/td>\n<td style=\"border-color: #dddddd\" colspan=\"1\" rowspan=\"1\" width=\"837\" height=\"20\">\n<div>Flacher Boden, Stand UP, Seitenfalte, Rei\u00dfverschluss oben, mit\/ohne Fenster, Euro-Loch, etc.<\/div>\n<\/td>\n<\/tr>\n<tr>\n<td style=\"border-color: #dddddd\" colspan=\"1\" rowspan=\"1\" width=\"162\" height=\"20\">\n<div>Qualit\u00e4tskontrolle:<\/div>\n<\/td>\n<td style=\"border-color: #dddddd\" colspan=\"1\" rowspan=\"1\" width=\"837\" height=\"20\">\n<div data-spm-anchor-id=\"a2700.details.0.i14.1410417dX9YP5T\">Hochmoderne Ausr\u00fcstung und ein erfahrenes QC-Team kontrollieren Material, Halbfertig- und Fertigprodukte streng in jedem Schritt vor dem Versand.<\/div>\n<\/td>\n<\/tr>\n<\/tbody>\n<\/table>\n<\/div>\n<h2><strong>\u00a0<\/strong><\/h2>\n<h2><strong>Arbeitsabl\u00e4ufe f\u00fcr die Vorproduktion:<\/strong><\/h2>\n<p>1. Geben Sie uns detaillierte Informationen \u00fcber den Beutel, den Sie herstellen m\u00f6chten, wie etwa Verwendungszweck, Gr\u00f6\u00dfe, Motiv, Struktur und Dicke usw. Bei Bedarf k\u00f6nnen wir Ihnen auch unsere guten und professionellen Vorschl\u00e4ge zur Auswahl unterbreiten.<\/p>\n<p>2. Wir werden entsprechend zitieren, nachdem wir alle Informationen \u00fcber den Beutel erhalten haben.<\/p>\n<p>3. Sobald der Preis von beiden Seiten best\u00e4tigt wurde, beginnen wir mit der Bearbeitung der Grafik (zu Ihrer Information: Wir m\u00fcssen die Grafik in eine f\u00fcr den Tiefdruck geeignete Version umwandeln).<\/p>\n<p>4. Einstellen des Farbstandards.<\/p>\n<p>5. Best\u00e4tigen Sie die Druckvorlage und unterzeichnen Sie den Vertrag.<\/p>\n<p>6. Die K\u00e4ufer m\u00fcssen den Zylinder (Druckkosten) und 40% Vorauszahlung der Bestellung zu zahlen.<\/p>\n<p>7. Wir fangen an, quanlity Produkte f\u00fcr Sie nach dann zu produzieren.<\/p>\n<p>&nbsp;<\/p>\n<p style=\"text-align: center\"><img decoding=\"async\" title=\"Beutel f\u00fcr Teeverpackung\" src=\"https:\/\/www.cy-package.com\/2833\/2833-202205052254029344.jpg\" alt=\"Beutel f\u00fcr Teeverpackung\" \/><\/p>\n<p style=\"text-align: center\">\n<\/div>","protected":false},"excerpt":{"rendered":"<p>&nbsp;<\/p>\n<p class=\"wui-p-v-4\">Material: Kraft, Folie, VMPET usw. Oder nach Ihren Anforderungen.<br \/>\nDruckfarben: Bis zu 11 Farben.<br \/>\nLogo: Gedruckt nach dem Entwurf des Kunden.<br \/>\nLaminierung\/Oberfl\u00e4chenveredelung: Gl\u00e4nzende Laminierung\/Matte Laminierung\/Laserfolienlaminierung\/keine Laminierung, etc.<br \/>\nW\u00e4hlen Sie unsere Teeverpackungsbeutel, um Ihre Teeaufbewahrung zu verbessern und jede Tasse Tee in vollen Z\u00fcgen zu genie\u00dfen.<\/p>","protected":false},"featured_media":410,"comment_status":"open","ping_status":"closed","template":"","meta":{"_seopress_robots_primary_cat":"none","_seopress_titles_title":"","_seopress_titles_desc":"","_seopress_robots_index":"","_monsterinsights_skip_tracking":false,"_monsterinsights_sitenote_active":false,"_monsterinsights_sitenote_note":"","_monsterinsights_sitenote_category":0,"_kad_post_transparent":"default","_kad_post_title":"","_kad_post_layout":"default","_kad_post_sidebar_id":"","_kad_post_content_style":"default","_kad_post_vertical_padding":"default","_kad_post_feature":"","_kad_post_feature_position":"","_kad_post_header":false,"_kad_post_footer":false},"product_brand":[],"product_cat":[28],"product_tag":[],"class_list":{"0":"post-311","1":"product","2":"type-product","3":"status-publish","4":"has-post-thumbnail","6":"product_cat-food-packaging-bag","8":"first","9":"instock","10":"shipping-taxable","11":"product-type-simple","12":"entry","13":"content-bg","14":"loop-entry"},"_links":{"self":[{"href":"https:\/\/www.cy-package.com\/de\/wp-json\/wp\/v2\/product\/311","targetHints":{"allow":["GET"]}}],"collection":[{"href":"https:\/\/www.cy-package.com\/de\/wp-json\/wp\/v2\/product"}],"about":[{"href":"https:\/\/www.cy-package.com\/de\/wp-json\/wp\/v2\/types\/product"}],"replies":[{"embeddable":true,"href":"https:\/\/www.cy-package.com\/de\/wp-json\/wp\/v2\/comments?post=311"}],"version-history":[{"count":0,"href":"https:\/\/www.cy-package.com\/de\/wp-json\/wp\/v2\/product\/311\/revisions"}],"wp:featuredmedia":[{"embeddable":true,"href":"https:\/\/www.cy-package.com\/de\/wp-json\/wp\/v2\/media\/410"}],"wp:attachment":[{"href":"https:\/\/www.cy-package.com\/de\/wp-json\/wp\/v2\/media?parent=311"}],"wp:term":[{"taxonomy":"product_brand","embeddable":true,"href":"https:\/\/www.cy-package.com\/de\/wp-json\/wp\/v2\/product_brand?post=311"},{"taxonomy":"product_cat","embeddable":true,"href":"https:\/\/www.cy-package.com\/de\/wp-json\/wp\/v2\/product_cat?post=311"},{"taxonomy":"product_tag","embeddable":true,"href":"https:\/\/www.cy-package.com\/de\/wp-json\/wp\/v2\/product_tag?post=311"}],"curies":[{"name":"wp","href":"https:\/\/api.w.org\/{rel}","templated":true}]}}