{"id":312,"date":"2024-09-05T10:28:16","date_gmt":"2024-09-05T02:28:16","guid":{"rendered":"https:\/\/www.cy-package.com\/?post_type=product&#038;p=312"},"modified":"2024-09-14T20:29:04","modified_gmt":"2024-09-14T12:29:04","slug":"kraftpapier-flachbodenbeutel-fur-lebensmittel-2","status":"publish","type":"product","link":"https:\/\/www.cy-package.com\/de\/produkt\/kraftpapier-flachbodenbeutel-fur-lebensmittel-2\/","title":{"rendered":"Kraftpapier flacher Boden Stand Up Lebensmittelverpackung Tasche"},"content":{"rendered":"<p style=\"text-align: left\"><span style=\"font-size: 18px\"><strong>\u00a0<\/strong><\/span><\/p>\n<p style=\"text-align: left\"><span style=\"font-size: 18px\"><strong>\u00a0<\/strong><\/span><\/p>\n<p style=\"text-align: left\">\n<h2>Kraftpapier flacher Boden Lebensmittelverpackung Tasche<\/h2>\n<p>&nbsp;<\/p>\n<p style=\"text-align: left\"><span style=\"font-size: 18px\"><strong>\u00a0<\/strong><\/span><\/p>\n<p>Der Beutel mit flachem Boden hat seinen Namen von der v\u00f6llig flachen Bodenplatte. Er wird auch als Boxbeutel bezeichnet, da er von vorne wie eine Box aussieht. Dieses Format ist eine verbesserte Variante des Standard-Standbeutels. Der Hauptunterschied besteht darin, dass er aus f\u00fcnf zusammengeklebten Platten besteht, wodurch Sie mehr Pr\u00e4sentationsfl\u00e4che erhalten. Da der Beutel flexibel ist, nimmt er in einem \u00fcberf\u00fcllten Schrank weniger Platz ein als ein starres Format.<\/p>\n<p>&nbsp;<\/p>\n<p>Dieser \u00e4u\u00dferst begehrte Flachbodenbeutel bietet dank seines stabilen, ebenen Bodens eine unglaubliche Regalstabilit\u00e4t. Da der Boden flach und sicher ist, ist der Flachbodenbeutel die ideale Verpackungsl\u00f6sung f\u00fcr viele Verbraucherprodukte wie M\u00fcsli, Reis, Kaffee, Tee oder Tiernahrung. Premium-Marken in den Bereichen Tiernahrung, Sportern\u00e4hrung, Getreide und Kaffee tendieren stark zu diesem Verpackungsformat.<\/p>\n<p><strong style=\"font-size: 18px\">\u00a0<\/strong><\/p>\n<p><strong style=\"font-size: 18px\">\u00a0<\/strong><\/p>\n<p><strong style=\"font-size: 18px\">Produkt-Paramenter<\/strong><\/p>\n<div>\n<p>&nbsp;<\/p>\n<div class=\"nei-table\">\n<table width=\"1000\">\n<tbody>\n<tr class=\"firstRow\">\n<td style=\"border-color: #dddddd\" colspan=\"1\" rowspan=\"1\" width=\"162\" height=\"20\">\n<div style=\"text-align: left\">Materialqualit\u00e4t:<\/div>\n<\/td>\n<td style=\"border-color: #dddddd\" colspan=\"1\" rowspan=\"1\" width=\"837\" height=\"20\">\n<div>Lebensmittelgeeignetes Material<\/div>\n<\/td>\n<\/tr>\n<tr>\n<td style=\"border-color: #dddddd\" colspan=\"1\" rowspan=\"1\" width=\"162\" height=\"20\">\n<div>Material:<\/div>\n<\/td>\n<td style=\"border-color: #dddddd\" colspan=\"1\" rowspan=\"1\" width=\"837\" height=\"20\">\n<div>PET+VMPET+PE, BOPP+Kraftpapier+VMPET+PE, etc<\/div>\n<\/td>\n<\/tr>\n<tr>\n<td style=\"border-color: #dddddd\" colspan=\"1\" rowspan=\"1\" width=\"162\" height=\"20\">\n<div>Merkmal :<\/div>\n<\/td>\n<td style=\"border-color: #dddddd\" colspan=\"1\" rowspan=\"1\" width=\"837\" height=\"20\">\n<div>\n<p>1). sicheres lebensmittelechtes Material und perfekter Druck<\/p>\n<div data-spm-anchor-id=\"a2700.pc-decorate.0.i62.50563333vYoKlh\">2). gro\u00dfartig, um Auslaufen zu verhindern, ausgezeichneter Feuchtigkeitsschutz<\/div>\n<div data-spm-anchor-id=\"a2700.pc-decorate.0.i62.50563333vYoKlh\">3). starke Abdichtung Boden &amp; Durable Ziplock<\/div>\n<\/div>\n<\/td>\n<\/tr>\n<tr>\n<td style=\"border-color: #dddddd\" colspan=\"1\" rowspan=\"1\" width=\"162\" height=\"20\">\n<div>Gr\u00f6\u00dfe&amp;Dicke:<\/div>\n<\/td>\n<td style=\"border-color: #dddddd\" colspan=\"1\" rowspan=\"1\" width=\"837\" height=\"20\">\n<div>Individuell nach Ihren Anforderungen<\/div>\n<\/td>\n<\/tr>\n<tr>\n<td style=\"border-color: #dddddd\" colspan=\"1\" rowspan=\"1\" width=\"162\" height=\"20\">\n<div>Tintenart:<\/div>\n<\/td>\n<td style=\"border-color: #dddddd\" colspan=\"1\" rowspan=\"1\" width=\"837\" height=\"20\">\n<div>Umweltfreundliche Sojatinte in Lebensmittelqualit\u00e4t<\/div>\n<\/td>\n<\/tr>\n<tr>\n<td style=\"border-color: #dddddd\" colspan=\"1\" rowspan=\"1\" width=\"162\" height=\"20\">\n<div>Kapazit\u00e4t:<\/div>\n<\/td>\n<td style=\"border-color: #dddddd\" colspan=\"1\" rowspan=\"1\" width=\"837\" height=\"20\">\n<div>100g, 200g, 250g, 500g, 1000g\/1kg, 2kg, 5kg,8oz-100oz, kundenspezifisch<\/div>\n<\/td>\n<\/tr>\n<tr>\n<td style=\"border-color: #dddddd\" colspan=\"1\" rowspan=\"1\" width=\"162\" height=\"20\">\n<div>Anwendung:<\/div>\n<\/td>\n<td style=\"border-color: #dddddd\" colspan=\"1\" rowspan=\"1\" width=\"837\" height=\"20\">\n<div>Lebensmittel \/ Kaffee \/ Tiernahrung \/ Tee \/ Snacks \/ N\u00fcsse \/ Molkenprotein \/ Samen, etc.<\/div>\n<\/td>\n<\/tr>\n<tr>\n<td style=\"border-color: #dddddd\" colspan=\"1\" rowspan=\"1\" width=\"162\" height=\"20\">\n<div>Stil-Optionen:<\/div>\n<\/td>\n<td style=\"border-color: #dddddd\" colspan=\"1\" rowspan=\"1\" width=\"837\" height=\"20\">\n<div>Flacher Boden, Stand UP, Seitenfalte, Rei\u00dfverschluss oben, mit\/ohne Fenster, Euro-Loch, etc.<\/div>\n<\/td>\n<\/tr>\n<tr>\n<td style=\"border-color: #dddddd\" colspan=\"1\" rowspan=\"1\" width=\"162\" height=\"20\">\n<div>Qualit\u00e4tskontrolle:<\/div>\n<\/td>\n<td style=\"border-color: #dddddd\" colspan=\"1\" rowspan=\"1\" width=\"837\" height=\"20\">\n<div data-spm-anchor-id=\"a2700.details.0.i14.1410417dX9YP5T\">Hochmoderne Ausr\u00fcstung und ein erfahrenes QC-Team kontrollieren Material, Halbfertig- und Fertigprodukte streng in jedem Schritt vor dem Versand.<\/div>\n<\/td>\n<\/tr>\n<\/tbody>\n<\/table>\n<\/div>\n<p>&nbsp;<\/p>\n<p>F\u00fcr die Lebensmittelverpackung sind Standbeutel aus Kraftpapier die perfekte Wahl. Hersteller von Standbeuteln aus Kraftpapier bieten Standbeutel aus wei\u00dfem, braunem und schwarzem Kraftpapier mit individuellem Aufdruck an.<br \/>\nViele Kunden haben sich f\u00fcr unsere Papiers\u00e4cke entschieden, da diese aus hochwertigen, lebensmittelechten Materialien bestehen, \u00fcber hervorragendes Zubeh\u00f6r (wie z.B. Einweg-Entgasungsventile) verf\u00fcgen und zudem preisg\u00fcnstig sind. Wir sind bereit, unseren Kunden zu helfen, die zus\u00e4tzliche Arbeit abzuschlie\u00dfen, es ist Mehrwert-Service, wie benutzerdefinierte Aufkleber drucken.<\/p>\n<p>&nbsp;<\/p>\n<p><img decoding=\"async\" title=\"Kraftpapier flacher Boden Stand Up Lebensmittelverpackung Tasche\" src=\"https:\/\/www.cy-package.com\/2833\/2833-202203022248593058.jpg\" alt=\"Kraftpapier flacher Boden Stand Up Lebensmittelverpackung Tasche\" \/><\/p>\n<p><img decoding=\"async\" title=\"Kraftpapier flacher Boden Stand Up Lebensmittelverpackung Tasche\" src=\"https:\/\/www.cy-package.com\/2833\/2833-202205062217547665.jpg\" alt=\"Kraftpapier flacher Boden Stand Up Lebensmittelverpackung Tasche\" \/><\/p>\n<p><img decoding=\"async\" title=\"Kraftpapier flacher Boden Stand Up Lebensmittelverpackung Tasche\" src=\"https:\/\/www.cy-package.com\/2833\/2833-202205062217546054.jpg\" alt=\"Kraftpapier flacher Boden Stand Up Lebensmittelverpackung Tasche\" \/><\/p>\n<p><img decoding=\"async\" title=\"Kraftpapier flacher Boden Stand Up Lebensmittelverpackung Tasche\" src=\"https:\/\/www.cy-package.com\/2833\/2833-202205062217548239.jpg\" alt=\"Kraftpapier flacher Boden Stand Up Lebensmittelverpackung Tasche\" \/><\/p>\n<p style=\"text-align: center\">\n<\/div>","protected":false},"excerpt":{"rendered":"<p class=\"wui-p-v-4\"><span class=\"wui-text-color-accents wui-text-weight-bold\">Marke:<\/span> <span class=\"wui-text-color-primary\">CY-PACK<\/span><\/p>\n<p class=\"wui-p-v-4\"><span class=\"wui-text-color-accents wui-text-weight-bold\">Herkunft des Produkts:<\/span> <span class=\"wui-text-color-primary\">China<\/span><\/p>\n<p class=\"wui-p-v-4\"><span class=\"wui-text-color-accents wui-text-weight-bold\">Lieferfrist:<\/span> <span class=\"wui-text-color-primary\">25 Tage Vorlaufzeit<\/span><\/p>\n<p class=\"wui-p-v-4\"><span class=\"wui-text-color-accents wui-text-weight-bold\">Lieferkapazit\u00e4t:<\/span> <span class=\"wui-text-color-primary\">1200 Tonnen\/Monat<\/span><\/p>\n<p class=\"wui-p-v-4\">1. aufrecht stehende Flachbodenbeutel haben ein gro\u00dfes Fassungsverm\u00f6gen und eine hohe Tragf\u00e4higkeit und werden meist zum Verpacken von Kaffeebohnen, Tiernahrung, Tee usw. verwendet.<br \/>\n2. die Standbodenbeutel aus Kraftpapier sind eine gute Wahl zum Verpacken von Getreide, Trockenobst, N\u00fcssen, S\u00fc\u00dfigkeiten, Snacks usw.<br \/>\n3. durchsichtiges Fenster, Aufrei\u00dfkerbe, Handloch sind verf\u00fcgbar.<\/p>","protected":false},"featured_media":414,"comment_status":"open","ping_status":"closed","template":"","meta":{"_seopress_robots_primary_cat":"none","_seopress_titles_title":"","_seopress_titles_desc":"","_seopress_robots_index":"","_monsterinsights_skip_tracking":false,"_monsterinsights_sitenote_active":false,"_monsterinsights_sitenote_note":"","_monsterinsights_sitenote_category":0,"_kad_post_transparent":"default","_kad_post_title":"","_kad_post_layout":"default","_kad_post_sidebar_id":"","_kad_post_content_style":"default","_kad_post_vertical_padding":"default","_kad_post_feature":"","_kad_post_feature_position":"","_kad_post_header":false,"_kad_post_footer":false},"product_brand":[],"product_cat":[28],"product_tag":[],"class_list":{"0":"post-312","1":"product","2":"type-product","3":"status-publish","4":"has-post-thumbnail","6":"product_cat-food-packaging-bag","8":"first","9":"instock","10":"shipping-taxable","11":"product-type-simple","12":"entry","13":"content-bg","14":"loop-entry"},"_links":{"self":[{"href":"https:\/\/www.cy-package.com\/de\/wp-json\/wp\/v2\/product\/312","targetHints":{"allow":["GET"]}}],"collection":[{"href":"https:\/\/www.cy-package.com\/de\/wp-json\/wp\/v2\/product"}],"about":[{"href":"https:\/\/www.cy-package.com\/de\/wp-json\/wp\/v2\/types\/product"}],"replies":[{"embeddable":true,"href":"https:\/\/www.cy-package.com\/de\/wp-json\/wp\/v2\/comments?post=312"}],"version-history":[{"count":1,"href":"https:\/\/www.cy-package.com\/de\/wp-json\/wp\/v2\/product\/312\/revisions"}],"predecessor-version":[{"id":772,"href":"https:\/\/www.cy-package.com\/de\/wp-json\/wp\/v2\/product\/312\/revisions\/772"}],"wp:featuredmedia":[{"embeddable":true,"href":"https:\/\/www.cy-package.com\/de\/wp-json\/wp\/v2\/media\/414"}],"wp:attachment":[{"href":"https:\/\/www.cy-package.com\/de\/wp-json\/wp\/v2\/media?parent=312"}],"wp:term":[{"taxonomy":"product_brand","embeddable":true,"href":"https:\/\/www.cy-package.com\/de\/wp-json\/wp\/v2\/product_brand?post=312"},{"taxonomy":"product_cat","embeddable":true,"href":"https:\/\/www.cy-package.com\/de\/wp-json\/wp\/v2\/product_cat?post=312"},{"taxonomy":"product_tag","embeddable":true,"href":"https:\/\/www.cy-package.com\/de\/wp-json\/wp\/v2\/product_tag?post=312"}],"curies":[{"name":"wp","href":"https:\/\/api.w.org\/{rel}","templated":true}]}}