{"id":313,"date":"2024-09-05T10:28:16","date_gmt":"2024-09-05T02:28:16","guid":{"rendered":"https:\/\/www.cy-package.com\/?post_type=product&#038;p=313"},"modified":"2024-09-14T20:29:05","modified_gmt":"2024-09-14T12:29:05","slug":"mylar-verpackungsbeutel-mit-individuellem-druck-2","status":"publish","type":"product","link":"https:\/\/www.cy-package.com\/de\/produkt\/mylar-verpackungsbeutel-mit-individuellem-druck-2\/","title":{"rendered":"Benutzerdefinierter Druck Mylar Verpackung Tasche"},"content":{"rendered":"<p><\/p>\n<p><span style=\"font-size: 20px\"><strong><em>TIPPS:<\/em><\/strong><\/span><br \/><span>1. unterst\u00fctzt OEM\/ODM-Anpassung????<strong><span>Willkommen bei uns??<\/span><\/strong><br \/><\/span><strong style=\"font-size: 18px\"><br \/><\/strong><\/p>\n<p><strong style=\"font-size: 18px\"><\/strong><\/p>\n<h2><strong style=\"font-size: 18px\">Mylar-Verpackungsbeutel<\/strong><\/h2>\n<p><span><br \/><\/span><\/p>\n<\/p>\n<p><strong style=\"font-size: 18px\"><\/strong><\/p>\n<p>Mylar-Beutel sind eine hervorragende Aufbewahrungsl\u00f6sung und perfekte Verpackungsoption f\u00fcr Produkte wie Lebensmittel, Teebl\u00e4tter, Kaffeebohnen, Badesalz und so weiter. Die besten Mylar-Beutel und -S\u00e4cke zum Verkauf finden Sie direkt hier bei ClearBags.<\/p>\n<p>Als Spezialisten f\u00fcr alle Formen der Lebensmittelverpackung halten wir bei unserem Sortiment an Mylar-Beuteln h\u00f6chste Standards in puncto Qualit\u00e4t und Zuverl\u00e4ssigkeit ein. Sie k\u00f6nnen sich darauf verlassen, dass diese lebensmittelechten Mylar-Beutel alle Arten von Lebensmitteln sicher aufbewahren, sie vor Feuchtigkeit sch\u00fctzen und die Frische im Inneren bewahren.<\/p>\n<p><strong style=\"font-size: 18px\"><br \/><\/strong><\/p>\n<p><strong style=\"font-size: 18px\">Produkt-Paramenter<\/strong><\/p>\n<div>\n<p><\/p>\n<div class=\"nei-table\">\n<table width=\"1000\" style=\"width: 803px\">\n<tbody>\n<tr class=\"firstRow\">\n<td colspan=\"1\" rowspan=\"1\" height=\"20\" width=\"162\">\n<div style=\"text-align: left\"><span>Materialqualit\u00e4t:<\/span><\/div>\n<\/td>\n<td colspan=\"1\" rowspan=\"1\" height=\"20\" width=\"837\">\n<div>Lebensmittelgeeignetes Material<\/div>\n<\/td>\n<\/tr>\n<tr>\n<td colspan=\"1\" rowspan=\"1\" height=\"20\" width=\"162\">\n<div><span>Material:<\/span><\/div>\n<\/td>\n<td colspan=\"1\" rowspan=\"1\" height=\"20\" width=\"837\">\n<p>PET\/PE, PET\/VMPET\/PE,PET\/NY\/PE,MOPP\/VMPET\/PE<\/p>\n<\/td>\n<\/tr>\n<tr>\n<td colspan=\"1\" rowspan=\"1\" height=\"20\" width=\"162\">\n<div><span>Merkmal :<\/span><\/div>\n<\/td>\n<td colspan=\"1\" rowspan=\"1\" height=\"20\" width=\"837\">\n<div>1). sicheres lebensmittelechtes Material und perfekter Druck<\/p>\n<div data-spm-anchor-id=\"a2700.pc-decorate.0.i62.50563333vYoKlh\">2). gro\u00dfartig, um Auslaufen zu verhindern, ausgezeichneter Feuchtigkeitsschutz<\/div>\n<div data-spm-anchor-id=\"a2700.pc-decorate.0.i62.50563333vYoKlh\">3). starke Abdichtung Boden &amp; Durable Ziplock<\/div>\n<\/div>\n<\/td>\n<\/tr>\n<tr>\n<td colspan=\"1\" rowspan=\"1\" height=\"20\" width=\"162\">\n<div><span>Gr\u00f6\u00dfe&amp;Dicke:<\/span><\/div>\n<\/td>\n<td colspan=\"1\" rowspan=\"1\" height=\"20\" width=\"837\">\n<div>Individuell nach Ihren Anforderungen<\/div>\n<\/td>\n<\/tr>\n<tr>\n<td colspan=\"1\" rowspan=\"1\" height=\"20\" width=\"162\">\n<div><span>Tintenart:<\/span><\/div>\n<\/td>\n<td colspan=\"1\" rowspan=\"1\" height=\"20\" width=\"837\">\n<div>Umweltfreundliche Sojatinte in Lebensmittelqualit\u00e4t<\/div>\n<\/td>\n<\/tr>\n<tr>\n<td colspan=\"1\" rowspan=\"1\" height=\"20\" width=\"162\">\n<div><span>Kapazit\u00e4t:<\/span><\/div>\n<\/td>\n<td colspan=\"1\" rowspan=\"1\" height=\"20\" width=\"837\">\n<div>100g, 200g, 250g, 500g, 1000g\/1kg, 2kg, 5kg,8oz-100oz, kundenspezifisch<\/div>\n<\/td>\n<\/tr>\n<tr>\n<td colspan=\"1\" rowspan=\"1\" height=\"20\" width=\"162\">\n<div><span>Anwendung:<\/span><\/div>\n<\/td>\n<td colspan=\"1\" rowspan=\"1\" height=\"20\" width=\"837\">\n<div>Lebensmittel \/ Kaffee \/ Tiernahrung \/ Tee \/ Snacks \/ N\u00fcsse \/ Molkenprotein \/ Samen, etc.<\/div>\n<\/td>\n<\/tr>\n<tr>\n<td colspan=\"1\" rowspan=\"1\" height=\"20\" width=\"162\">\n<div><span>Stil-Optionen:<\/span><\/div>\n<\/td>\n<td colspan=\"1\" rowspan=\"1\" height=\"20\" width=\"837\">\n<div>Flacher Boden, Stand UP, Seitenfalte, Rei\u00dfverschluss oben, mit\/ohne Fenster, Euro-Loch, etc.<\/div>\n<\/td>\n<\/tr>\n<tr>\n<td colspan=\"1\" rowspan=\"1\" height=\"20\" width=\"162\">\n<div><span>Qualit\u00e4tskontrolle:<\/span><\/div>\n<\/td>\n<td colspan=\"1\" rowspan=\"1\" height=\"20\" width=\"837\">\n<div data-spm-anchor-id=\"a2700.details.0.i14.1410417dX9YP5T\">Hochmoderne Ausr\u00fcstung und ein erfahrenes QC-Team kontrollieren Material, Halbfertig- und Fertigprodukte streng in jedem Schritt vor dem Versand.<\/div>\n<\/td>\n<\/tr>\n<\/tbody>\n<\/table>\n<\/div>\n<p><img decoding=\"async\" src=\"https:\/\/www.cy-package.com\/2833\/2833-202310181655103446.jpg\" title=\"Benutzerdefinierter Druck Mylar Verpackung Tasche\" alt=\"Benutzerdefinierter Druck Mylar Verpackung Tasche\" \/><\/p>\n<p><\/p>\n<p><span>Mylar ist ein Spezialmaterial, das in den 1950er Jahren von der DuPont Chemical Company entwickelt wurde. Seit seiner Entdeckung wurde die Polyesterfolie in einer Vielzahl von Anwendungen eingesetzt. Vor allem in der Lebensmittelverpackungsindustrie.<\/span><\/p>\n<p><span><br \/><\/span><\/p>\n<p><span>Mylar-Beutel sind ideal f\u00fcr die langfristige Konservierung von Lebensmitteln, da sie Sauerstoff, W\u00e4rme und Feuchtigkeit abdichten. Daher werden Mylar-Beutel h\u00e4ufig zur Lagerung von Lebensmitteln verwendet. Mylar-Beutel funktionieren \u00e4hnlich wie Vakuumversiegelungsbeutel und sch\u00fctzen die gelagerten Produkte vor Sch\u00e4den. Diese Beutel sind sehr leicht und rei\u00dfen nicht so leicht. Sie lassen sich au\u00dferdem leicht mit Markenzeichen versehen und individuell gestalten, was sie ideal f\u00fcr den Einzelhandel macht.<\/span><\/p>\n<p><\/p>\n<\/div><\/div>\n<\/p><\/div>","protected":false},"excerpt":{"rendered":"<p class=\"wui-p-v-4\">    <span class=\"wui-text-color-accents wui-text-weight-bold\">Marke:<\/span>    <span class=\"wui-text-color-primary\">CY-PACK<\/span><\/p>\n<p class=\"wui-p-v-4\">    <span class=\"wui-text-color-accents wui-text-weight-bold\">Herkunft des Produkts:<\/span>    <span class=\"wui-text-color-primary\">China<\/span><\/p>\n<p class=\"wui-p-v-4\">    <span class=\"wui-text-color-accents wui-text-weight-bold\">Lieferfrist:<\/span>    <span class=\"wui-text-color-primary\">25 Tage Vorlaufzeit<\/span><\/p>\n<p class=\"wui-p-v-4\">    <span class=\"wui-text-color-accents wui-text-weight-bold\">Lieferkapazit\u00e4t:<\/span>    <span class=\"wui-text-color-primary\">1200 Tonnen\/Monat<\/span><\/p>\n<p class=\"wui-p-v-4\">?? Stand Up Pouches - Diese Mylar-Rei\u00dfverschlusstaschen sind in der Lage, auf eigenen F\u00fc\u00dfen zu stehen und verf\u00fcgen \u00fcber einfache Rei\u00dfverschl\u00fcsse.<br \/>?? Hanging Zipper Bags - Diese Mylar-Beutel sind mit einem vorgefertigten Aufh\u00e4ngeloch an der Oberseite versehen und eignen sich perfekt zum Ausstellen oder Aufh\u00e4ngen an Haken.<br \/>?? Mylarbeutel sch\u00fctzen vor Lichteinfall, Feuchtigkeit, Insekten und Oxidation.<br \/>?? Es ist einfach, Gr\u00f6\u00dfe, Druckfarbe, Logo f\u00fcr die Lebensmittel pacakge Tasche angepasst werden.<\/p>","protected":false},"featured_media":419,"comment_status":"open","ping_status":"closed","template":"","meta":{"_seopress_robots_primary_cat":"","_seopress_titles_title":"","_seopress_titles_desc":"","_seopress_robots_index":"","_monsterinsights_skip_tracking":false,"_monsterinsights_sitenote_active":false,"_monsterinsights_sitenote_note":"","_monsterinsights_sitenote_category":0,"_kad_post_transparent":"","_kad_post_title":"","_kad_post_layout":"","_kad_post_sidebar_id":"","_kad_post_content_style":"","_kad_post_vertical_padding":"","_kad_post_feature":"","_kad_post_feature_position":"","_kad_post_header":false,"_kad_post_footer":false},"product_brand":[],"product_cat":[28],"product_tag":[],"class_list":{"0":"post-313","1":"product","2":"type-product","3":"status-publish","4":"has-post-thumbnail","6":"product_cat-food-packaging-bag","8":"first","9":"instock","10":"shipping-taxable","11":"product-type-simple","12":"entry","13":"content-bg","14":"loop-entry"},"_links":{"self":[{"href":"https:\/\/www.cy-package.com\/de\/wp-json\/wp\/v2\/product\/313","targetHints":{"allow":["GET"]}}],"collection":[{"href":"https:\/\/www.cy-package.com\/de\/wp-json\/wp\/v2\/product"}],"about":[{"href":"https:\/\/www.cy-package.com\/de\/wp-json\/wp\/v2\/types\/product"}],"replies":[{"embeddable":true,"href":"https:\/\/www.cy-package.com\/de\/wp-json\/wp\/v2\/comments?post=313"}],"version-history":[{"count":0,"href":"https:\/\/www.cy-package.com\/de\/wp-json\/wp\/v2\/product\/313\/revisions"}],"wp:featuredmedia":[{"embeddable":true,"href":"https:\/\/www.cy-package.com\/de\/wp-json\/wp\/v2\/media\/419"}],"wp:attachment":[{"href":"https:\/\/www.cy-package.com\/de\/wp-json\/wp\/v2\/media?parent=313"}],"wp:term":[{"taxonomy":"product_brand","embeddable":true,"href":"https:\/\/www.cy-package.com\/de\/wp-json\/wp\/v2\/product_brand?post=313"},{"taxonomy":"product_cat","embeddable":true,"href":"https:\/\/www.cy-package.com\/de\/wp-json\/wp\/v2\/product_cat?post=313"},{"taxonomy":"product_tag","embeddable":true,"href":"https:\/\/www.cy-package.com\/de\/wp-json\/wp\/v2\/product_tag?post=313"}],"curies":[{"name":"wp","href":"https:\/\/api.w.org\/{rel}","templated":true}]}}