{"id":315,"date":"2024-09-05T10:28:16","date_gmt":"2024-09-05T02:28:16","guid":{"rendered":"https:\/\/www.cy-package.com\/?post_type=product&#038;p=315"},"modified":"2024-09-14T20:29:07","modified_gmt":"2024-09-14T12:29:07","slug":"stehbeutel-fur-snacks","status":"publish","type":"product","link":"https:\/\/www.cy-package.com\/de\/produkt\/stehbeutel-fur-snacks\/","title":{"rendered":"Standbodenbeutel f\u00fcr Snackverpackungen"},"content":{"rendered":"<div style=\"text-align: center\"><\/div>\n<p><\/p>\n<p style=\"text-align: center\"><strong><span style=\"font-size: 24px\"><\/span><\/strong><\/p>\n<h2><strong>Stehende Snack-Verpackungstasche<\/strong><\/h2>\n<p><\/p>\n<p><span>Der Plastikbeutel eignet sich perfekt zum Verpacken aller Arten von Snacks wie S\u00fc\u00dfigkeiten, Bonbons, Schokolade, Kekse und so weiter! Die wiederverschlie\u00dfbaren Kunststoffbeutel sind f\u00fcr jedermann leicht zu handhaben, da der Beutel mit einem Rei\u00dfverschluss verschlie\u00dfbar ist. CY PACK, der Hersteller von Beutelverpackungen, bietet eine Vielzahl von Plastikbeuteln mit Rei\u00dfverschluss und individuellem Druck.<\/span><\/p>\n<p><\/p>\n<div>\n<h2><strong>Arbeitsabl\u00e4ufe f\u00fcr die Vorproduktion:<\/strong><br \/><\/h2>\n<p>1. Geben Sie uns detaillierte Informationen \u00fcber die Tasche, die Sie machen m\u00f6chten, wie Zweck, Gr\u00f6\u00dfe, Kunstwerk, Struktur und Dicke, etc. Wenn notwendig, k\u00f6nnen wir unsere guten und professionellen Vorschl\u00e4ge f\u00fcr Ihre Wahl auch zur Verf\u00fcgung stellen.<\/p>\n<p>2. Wir werden entsprechend zitieren, nachdem wir alle Informationen \u00fcber den Beutel erhalten haben.<\/p>\n<p>3. Sobald der Preis von beiden Seiten best\u00e4tigt wurde, beginnen wir mit der Bearbeitung der Druckvorlage (zu Ihrer Information: wir m\u00fcssen die Druckvorlage in eine machbare Version f\u00fcr den Tiefdruck umwandeln).<\/p>\n<p>4. Einstellen des Farbstandards.<\/p>\n<p>5. Best\u00e4tigen Sie die Druckvorlage und unterzeichnen Sie den Vertrag.<\/p>\n<p>6. Die K\u00e4ufer m\u00fcssen den Zylinder (Druckkosten) und 40% Vorauszahlung der Bestellung zu zahlen.<\/p>\n<p>7. Wir fangen an, quanlity Produkte f\u00fcr Sie nach dann zu produzieren.<\/p>\n<p><\/p>\n<p style=\"text-align: center\"><img decoding=\"async\" alt=\"Standbodenbeutel f\u00fcr Snackverpackungen\" src=\"https:\/\/www.cy-package.com\/2833\/2833-202205052254029344.jpg\" title=\"Standbodenbeutel f\u00fcr Snackverpackungen\" \/><\/p>\n<p style=\"text-align: center\"><img decoding=\"async\" alt=\"Standbodenbeutel f\u00fcr Snackverpackungen\" src=\"https:\/\/www.cy-package.com\/2833\/2833-202205052254023652.jpg\" title=\"Standbodenbeutel f\u00fcr Snackverpackungen\" \/><\/p>\n<p><\/p>\n<p style=\"text-align: center\"><\/p>\n<\/div><\/div>\n<\/p><\/div>","protected":false},"excerpt":{"rendered":"<p class=\"wui-p-v-4\">    <span class=\"wui-text-color-accents wui-text-weight-bold\">Marke:<\/span>    <span class=\"wui-text-color-primary\">CY-PACK<\/span><\/p>\n<p class=\"wui-p-v-4\">    <span class=\"wui-text-color-accents wui-text-weight-bold\">Herkunft des Produkts:<\/span>    <span class=\"wui-text-color-primary\">China<\/span><\/p>\n<p class=\"wui-p-v-4\">    <span class=\"wui-text-color-accents wui-text-weight-bold\">Lieferfrist:<\/span>    <span class=\"wui-text-color-primary\">20 Tage Vorlaufzeit<\/span><\/p>\n<p class=\"wui-p-v-4\">    <span class=\"wui-text-color-accents wui-text-weight-bold\">Lieferkapazit\u00e4t:<\/span>    <span class=\"wui-text-color-primary\">3000000 St\u00fcck\/Monat<\/span><\/p>\n<p class=\"wui-p-v-4\">Abmessungen: 250g~2kg etc. oder nach Ihren W\u00fcnschen.<br \/>Druckfarben: Bis zu 11 Farben.<br \/>Griff: Seitengriff oder nach Ihren W\u00fcnschen.<br \/>Laminierung\/Oberfl\u00e4chenveredelung: Gl\u00e4nzende Laminierung\/Matte Laminierung\/Laserfolienlaminierung\/keine Laminierung, etc.<br \/>Drucktechnik: CYPACK bietet Tiefdruck. Die gedruckten Verpackungsbeutel-Grafiken sind dreidimensional und realistisch<\/p>","protected":false},"featured_media":428,"comment_status":"open","ping_status":"closed","template":"","meta":{"_seopress_robots_primary_cat":"","_seopress_titles_title":"","_seopress_titles_desc":"","_seopress_robots_index":"","_monsterinsights_skip_tracking":false,"_monsterinsights_sitenote_active":false,"_monsterinsights_sitenote_note":"","_monsterinsights_sitenote_category":0,"_kad_post_transparent":"","_kad_post_title":"","_kad_post_layout":"","_kad_post_sidebar_id":"","_kad_post_content_style":"","_kad_post_vertical_padding":"","_kad_post_feature":"","_kad_post_feature_position":"","_kad_post_header":false,"_kad_post_footer":false},"product_brand":[],"product_cat":[28],"product_tag":[],"class_list":{"0":"post-315","1":"product","2":"type-product","3":"status-publish","4":"has-post-thumbnail","6":"product_cat-food-packaging-bag","8":"first","9":"instock","10":"shipping-taxable","11":"product-type-simple","12":"entry","13":"content-bg","14":"loop-entry"},"_links":{"self":[{"href":"https:\/\/www.cy-package.com\/de\/wp-json\/wp\/v2\/product\/315","targetHints":{"allow":["GET"]}}],"collection":[{"href":"https:\/\/www.cy-package.com\/de\/wp-json\/wp\/v2\/product"}],"about":[{"href":"https:\/\/www.cy-package.com\/de\/wp-json\/wp\/v2\/types\/product"}],"replies":[{"embeddable":true,"href":"https:\/\/www.cy-package.com\/de\/wp-json\/wp\/v2\/comments?post=315"}],"version-history":[{"count":0,"href":"https:\/\/www.cy-package.com\/de\/wp-json\/wp\/v2\/product\/315\/revisions"}],"wp:featuredmedia":[{"embeddable":true,"href":"https:\/\/www.cy-package.com\/de\/wp-json\/wp\/v2\/media\/428"}],"wp:attachment":[{"href":"https:\/\/www.cy-package.com\/de\/wp-json\/wp\/v2\/media?parent=315"}],"wp:term":[{"taxonomy":"product_brand","embeddable":true,"href":"https:\/\/www.cy-package.com\/de\/wp-json\/wp\/v2\/product_brand?post=315"},{"taxonomy":"product_cat","embeddable":true,"href":"https:\/\/www.cy-package.com\/de\/wp-json\/wp\/v2\/product_cat?post=315"},{"taxonomy":"product_tag","embeddable":true,"href":"https:\/\/www.cy-package.com\/de\/wp-json\/wp\/v2\/product_tag?post=315"}],"curies":[{"name":"wp","href":"https:\/\/api.w.org\/{rel}","templated":true}]}}