{"id":317,"date":"2024-09-05T10:28:16","date_gmt":"2024-09-05T02:28:16","guid":{"rendered":"https:\/\/www.cy-package.com\/?post_type=product&#038;p=317"},"modified":"2024-09-14T20:29:09","modified_gmt":"2024-09-14T12:29:09","slug":"standbeutel-aus-kraftpapier-fur-lebensmittelverpackungen","status":"publish","type":"product","link":"https:\/\/www.cy-package.com\/de\/produkt\/standbeutel-aus-kraftpapier-fur-lebensmittelverpackungen\/","title":{"rendered":"Kraftpapier Stand Up Lebensmittelverpackung Tasche"},"content":{"rendered":"<div style=\"text-align: left\"><span style=\"font-size: 24px\"><strong><span><\/span><\/strong><\/span><\/p>\n<p>&nbsp; &nbsp; &nbsp; &nbsp; Recycelbare Lebensmittelbeutel werden aus recycelbarem LDPE-Material der Stufe 4 hergestellt. Das bedeutet, dass sie ein Monopolymer sind und im Vergleich zu Mischkunststoffen leicht recycelt werden k\u00f6nnen. Kaffeebeutel mit Blockboden k\u00f6nnen mehr aufnehmen als andere Verpackungsarten.<\/p>\n<p>&nbsp; &nbsp; &nbsp; &nbsp;&nbsp;<\/p>\n<p>&nbsp; &nbsp; &nbsp; &nbsp; Kraft-Standbeutel enthalten 50 wei\u00dfe Kraftpapiert\u00fcten mit Fenster, hergestellt aus hochwertigem Kraft-, CPP- und OPP-Material. Wiederverwendbare Verpackungst\u00fcten sind ideal f\u00fcr Verpackungen in kleinen Unternehmen oder zur Lebensmittelaufbewahrung. Mit einer Hei\u00dfsiegelmaschine leicht zu versiegeln, was Komfort und doppelten Siegelschutz bietet. U-f\u00f6rmige Kerbe an der Oberseite zum einfachen \u00d6ffnen und ein Rei\u00dfverschlussdesign zum mehrmaligen \u00d6ffnen und Schlie\u00dfen. Diese wiederverschlie\u00dfbaren T\u00fcten f\u00fcr kleine Unternehmen haben ein mattes Fenster, sodass Sie den Inhalt sehen k\u00f6nnen, ohne sie zu \u00f6ffnen. Das Material und die Struktur sind au\u00dferdem langlebig und bruchfest.<\/p>\n<\/div>\n<p><\/p>\n<div>\n<p><span style=\"font-size: 18px\"><strong>Produkt-Paramenter<\/strong><\/span><\/p>\n<\/div>\n<div>\n<p><\/p>\n<div class=\"nei-table\">\n<table width=\"1000\">\n<tbody>\n<tr class=\"firstRow\">\n<td colspan=\"1\" rowspan=\"1\" height=\"20\" width=\"162\">\n<div style=\"text-align: left\"><span>Materialqualit\u00e4t:<\/span><\/div>\n<\/td>\n<td colspan=\"1\" rowspan=\"1\" height=\"20\" width=\"837\">\n<div>Lebensmittelgeeignetes Material<\/div>\n<\/td>\n<\/tr>\n<tr>\n<td colspan=\"1\" rowspan=\"1\" height=\"20\" width=\"162\">\n<div><span>Material:<\/span><\/div>\n<\/td>\n<td colspan=\"1\" rowspan=\"1\" height=\"20\" width=\"837\">\n<div>PET+VMPET+PE, BOPP+Kraftpapier+VMPET+PE, etc<\/div>\n<\/td>\n<\/tr>\n<tr>\n<td colspan=\"1\" rowspan=\"1\" height=\"20\" width=\"162\">\n<div><span>Merkmal :<\/span><\/div>\n<\/td>\n<td colspan=\"1\" rowspan=\"1\" height=\"20\" width=\"837\">\n<div>1). sicheres lebensmittelechtes Material und perfekter Druck<\/p>\n<div data-spm-anchor-id=\"a2700.pc-decorate.0.i62.50563333vYoKlh\">2). gro\u00dfartig, um Auslaufen zu verhindern, ausgezeichneter Feuchtigkeitsschutz<\/div>\n<div data-spm-anchor-id=\"a2700.pc-decorate.0.i62.50563333vYoKlh\">3). starke Abdichtung Boden &amp; Durable Ziplock<\/div>\n<\/div>\n<\/td>\n<\/tr>\n<tr>\n<td colspan=\"1\" rowspan=\"1\" height=\"20\" width=\"162\">\n<div><span>Gr\u00f6\u00dfe&amp;Dicke:<\/span><\/div>\n<\/td>\n<td colspan=\"1\" rowspan=\"1\" height=\"20\" width=\"837\">\n<div>Individuell nach Ihren Anforderungen<\/div>\n<\/td>\n<\/tr>\n<tr>\n<td colspan=\"1\" rowspan=\"1\" height=\"20\" width=\"162\">\n<div><span>Tintenart:<\/span><\/div>\n<\/td>\n<td colspan=\"1\" rowspan=\"1\" height=\"20\" width=\"837\">\n<div>Umweltfreundliche Sojatinte in Lebensmittelqualit\u00e4t<\/div>\n<\/td>\n<\/tr>\n<tr>\n<td colspan=\"1\" rowspan=\"1\" height=\"20\" width=\"162\">\n<div><span>Kapazit\u00e4t:<\/span><\/div>\n<\/td>\n<td colspan=\"1\" rowspan=\"1\" height=\"20\" width=\"837\">\n<div>100g, 200g, 250g, 500g, 1000g\/1kg, 2kg, 5kg,8oz-100oz, kundenspezifisch<\/div>\n<\/td>\n<\/tr>\n<tr>\n<td colspan=\"1\" rowspan=\"1\" height=\"20\" width=\"162\">\n<div><span>Anwendung:<\/span><\/div>\n<\/td>\n<td colspan=\"1\" rowspan=\"1\" height=\"20\" width=\"837\">\n<div>Lebensmittel \/ Kaffee \/ Tiernahrung \/ Tee \/ Snacks \/ N\u00fcsse \/ Molkenprotein \/ Samen, etc.<\/div>\n<\/td>\n<\/tr>\n<tr>\n<td colspan=\"1\" rowspan=\"1\" height=\"20\" width=\"162\">\n<div><span>Stil-Optionen:<\/span><\/div>\n<\/td>\n<td colspan=\"1\" rowspan=\"1\" height=\"20\" width=\"837\">\n<div>Flacher Boden, Stand UP, Seitenfalte, Rei\u00dfverschluss oben, mit\/ohne Fenster, Euro-Loch, etc.<\/div>\n<\/td>\n<\/tr>\n<tr>\n<td colspan=\"1\" rowspan=\"1\" height=\"20\" width=\"162\">\n<div><span>Qualit\u00e4tskontrolle:<\/span><\/div>\n<\/td>\n<td colspan=\"1\" rowspan=\"1\" height=\"20\" width=\"837\">\n<div data-spm-anchor-id=\"a2700.details.0.i14.1410417dX9YP5T\">Hochmoderne Ausr\u00fcstung und ein erfahrenes QC-Team kontrollieren Material, Halbfertig- und Fertigprodukte streng in jedem Schritt vor dem Versand.<\/div>\n<\/td>\n<\/tr>\n<\/tbody>\n<\/table>\n<\/div>\n<p><\/p>\n<p><\/p>\n<p>F\u00fcr die Lebensmittelverpackung sind Standbeutel aus Kraftpapier die perfekte Wahl. Hersteller von Standbeuteln aus Kraftpapier bieten Standbeutel aus wei\u00dfem, braunem und schwarzem Kraftpapier mit individuellem Aufdruck an.<br \/>Viele Kunden haben sich f\u00fcr unsere Papiers\u00e4cke entschieden, da diese aus hochwertigen, lebensmittelechten Materialien bestehen, \u00fcber hervorragendes Zubeh\u00f6r (wie z.B. Einweg-Entgasungsventile) verf\u00fcgen und zudem preisg\u00fcnstig sind. Wir sind bereit, unseren Kunden zu helfen, die zus\u00e4tzliche Arbeit abzuschlie\u00dfen, es ist Mehrwert-Service, wie benutzerdefinierte Aufkleber drucken.<\/p>\n<p><\/p>\n<p><img decoding=\"async\" src=\"https:\/\/www.cy-package.com\/2833\/2833-202203022248593058.jpg\" title=\"Kraftpapier Stand Up Lebensmittelverpackung Tasche\" alt=\"Kraftpapier Stand Up Lebensmittelverpackung Tasche\" \/><\/p>\n<p><img alt=\"Kraftpapier Stand Up Lebensmittelverpackung Tasche\" title=\"Kraftpapier Stand Up Lebensmittelverpackung Tasche\" \/><\/p>\n<p><img alt=\"Kraftpapier Stand Up Lebensmittelverpackung Tasche\" title=\"Kraftpapier Stand Up Lebensmittelverpackung Tasche\" \/><\/p>\n<p><img alt=\"Kraftpapier Stand Up Lebensmittelverpackung Tasche\" title=\"Kraftpapier Stand Up Lebensmittelverpackung Tasche\" \/><\/p>\n<\/div><\/div>\n<\/p><\/div>","protected":false},"excerpt":{"rendered":"<p class=\"wui-p-v-4\">    <span class=\"wui-text-color-accents wui-text-weight-bold\">Marke:<\/span>    <span class=\"wui-text-color-primary\">CY-PACK<\/span><\/p>\n<p class=\"wui-p-v-4\">    <span class=\"wui-text-color-accents wui-text-weight-bold\">Herkunft des Produkts:<\/span>    <span class=\"wui-text-color-primary\">China<\/span><\/p>\n<p class=\"wui-p-v-4\">    <span class=\"wui-text-color-accents wui-text-weight-bold\">Lieferfrist:<\/span>    <span class=\"wui-text-color-primary\">25 Tage Vorlaufzeit<\/span><\/p>\n<p class=\"wui-p-v-4\">    <span class=\"wui-text-color-accents wui-text-weight-bold\">Lieferkapazit\u00e4t:<\/span>    <span class=\"wui-text-color-primary\">1200 Tonnen\/Monat<\/span><\/p>\n<p class=\"wui-p-v-4\">F\u00fcr die Lebensmittelverpackung sind Standbeutel aus Kraftpapier die perfekte Wahl. Hersteller von Standbeuteln aus Kraftpapier bieten Standbeutel aus wei\u00dfem, braunem und schwarzem Kraftpapier mit individuellem Aufdruck an.<br \/>Viele Kunden haben sich f\u00fcr unsere Papiers\u00e4cke entschieden, da diese aus hochwertigen, lebensmittelechten Materialien bestehen, \u00fcber hervorragendes Zubeh\u00f6r (wie z.B. Einweg-Entgasungsventile) verf\u00fcgen und zudem preisg\u00fcnstig sind. Wir sind bereit, unseren Kunden zu helfen, die zus\u00e4tzliche Arbeit abzuschlie\u00dfen, es ist Mehrwert-Service, wie benutzerdefinierte Aufkleber drucken.<\/p>","protected":false},"featured_media":437,"comment_status":"open","ping_status":"closed","template":"","meta":{"_seopress_robots_primary_cat":"","_seopress_titles_title":"","_seopress_titles_desc":"","_seopress_robots_index":"","_monsterinsights_skip_tracking":false,"_monsterinsights_sitenote_active":false,"_monsterinsights_sitenote_note":"","_monsterinsights_sitenote_category":0,"_kad_post_transparent":"","_kad_post_title":"","_kad_post_layout":"","_kad_post_sidebar_id":"","_kad_post_content_style":"","_kad_post_vertical_padding":"","_kad_post_feature":"","_kad_post_feature_position":"","_kad_post_header":false,"_kad_post_footer":false},"product_brand":[],"product_cat":[28],"product_tag":[],"class_list":{"0":"post-317","1":"product","2":"type-product","3":"status-publish","4":"has-post-thumbnail","6":"product_cat-food-packaging-bag","8":"first","9":"instock","10":"shipping-taxable","11":"product-type-simple","12":"entry","13":"content-bg","14":"loop-entry"},"_links":{"self":[{"href":"https:\/\/www.cy-package.com\/de\/wp-json\/wp\/v2\/product\/317","targetHints":{"allow":["GET"]}}],"collection":[{"href":"https:\/\/www.cy-package.com\/de\/wp-json\/wp\/v2\/product"}],"about":[{"href":"https:\/\/www.cy-package.com\/de\/wp-json\/wp\/v2\/types\/product"}],"replies":[{"embeddable":true,"href":"https:\/\/www.cy-package.com\/de\/wp-json\/wp\/v2\/comments?post=317"}],"version-history":[{"count":0,"href":"https:\/\/www.cy-package.com\/de\/wp-json\/wp\/v2\/product\/317\/revisions"}],"wp:featuredmedia":[{"embeddable":true,"href":"https:\/\/www.cy-package.com\/de\/wp-json\/wp\/v2\/media\/437"}],"wp:attachment":[{"href":"https:\/\/www.cy-package.com\/de\/wp-json\/wp\/v2\/media?parent=317"}],"wp:term":[{"taxonomy":"product_brand","embeddable":true,"href":"https:\/\/www.cy-package.com\/de\/wp-json\/wp\/v2\/product_brand?post=317"},{"taxonomy":"product_cat","embeddable":true,"href":"https:\/\/www.cy-package.com\/de\/wp-json\/wp\/v2\/product_cat?post=317"},{"taxonomy":"product_tag","embeddable":true,"href":"https:\/\/www.cy-package.com\/de\/wp-json\/wp\/v2\/product_tag?post=317"}],"curies":[{"name":"wp","href":"https:\/\/api.w.org\/{rel}","templated":true}]}}