{"id":318,"date":"2024-09-05T10:28:17","date_gmt":"2024-09-05T02:28:17","guid":{"rendered":"https:\/\/www.cy-package.com\/?post_type=product&#038;p=318"},"modified":"2024-09-14T20:29:10","modified_gmt":"2024-09-14T12:29:10","slug":"individuell-bedruckter-lebensmittelverpackungsbeutel-mit-8-siegelseiten","status":"publish","type":"product","link":"https:\/\/www.cy-package.com\/de\/produkt\/individuell-bedruckter-lebensmittelverpackungsbeutel-mit-8-siegelseiten\/","title":{"rendered":"Benutzerdefinierter Druck 8 Seite Siegel Lebensmittelverpackung Tasche"},"content":{"rendered":"<p style=\"text-align: center\"><span style=\"font-size: 18px\"><strong>8-seitig versiegelter Lebensmittelverpackungsbeutel<\/strong><\/span><\/p>\n<p><\/p>\n<p>&nbsp; &nbsp; &nbsp; &nbsp; Flexibler Beutel mit flachem Boden, der eine traditionelle, starre Schachtel imitiert. Er ist auch allgemein als Kastenbodenbeutel bekannt. Beutel mit flachem Boden spielen eine entscheidende Rolle bei der Reduzierung von Versandvolumen und -gewicht und reduzieren dadurch den gesamten CO2-Fu\u00dfabdruck erheblich. Der Hauptvorteil von Beuteln mit flachem Boden ist ihre verbesserte F\u00e4higkeit, dicht verpackt und leicht in Regale gestellt zu werden, ohne dass die Au\u00dfenseite besch\u00e4digt wird.&nbsp; &nbsp;<\/p>\n<p><\/p>\n<p>&nbsp; &nbsp; &nbsp; &nbsp; 8-seitig versiegelte Beutel f\u00fcr Lebensmittelverpackungen haben eine rechteckige Basis (anstatt einer ovalen Basis), wodurch eine stabilere Struktur entsteht, die gut auf einem Regal stehen kann und ein schlankeres Beutelprofil bietet. Dar\u00fcber hinaus hat der Beutel f\u00fcnf bedruckbare Seiten, was mehr Druck-\/Markenoptionen erm\u00f6glicht. Unsere Beutel mit flachem Boden sind aus einem etwas dickeren Polymer gefertigt, das eine st\u00e4rkere Struktur bietet, die besser geeignet ist, gr\u00f6\u00dfere Gewichte zu halten, wenn Sie Gewichte \u00fcber 1 kg verpacken m\u00f6chten. Als Hersteller von Beuteln mit flachem Boden sind wir stolz auf unsere Produktqualit\u00e4t und garantieren, dass bei jedem Produktionslauf ein strenger und gr\u00fcndlicher Testprozess durchgef\u00fchrt wird. Aufgrund ihrer F\u00e4higkeit, gr\u00f6\u00dfere Mengen zu halten, sind Beutel mit flachem Boden die Industriestandard-Verpackungsl\u00f6sung f\u00fcr die Lagerung und den Transport von Masseng\u00fctern.<\/p>\n<p><\/p>\n<p>&nbsp; &nbsp; &nbsp; &nbsp; Es sind insgesamt acht Seiten gedruckt und es gibt reichlich Platz, um Ihr Produkt zu beschreiben und so Ihren Umsatz zu steigern. Es wird in vielen weltweiten Produktverkaufsaktionen verwendet. Produktinformationen werden vollst\u00e4ndiger angezeigt. Informieren Sie Ihre Kunden \u00fcber Ihre Produkte.<\/p>\n<p><\/p>\n<p>&nbsp; &nbsp; &nbsp; &nbsp; &nbsp;Gleichzeitig ist unser achteckiger versiegelter Rei\u00dfverschlussbeutel mit einem wiederverwendbaren Rei\u00dfverschluss ausgestattet, mit dem Sie den Rei\u00dfverschluss wieder \u00f6ffnen und schlie\u00dfen k\u00f6nnen. Dies ist bei anderen Verpackungen wie Kartons un\u00fcbertroffen; da der Beutel eine einzigartige Form hat, ist er intuitiv vor F\u00e4lschungen gesch\u00fctzt und Ihre Kunden k\u00f6nnen ihn leichter identifizieren, was sich positiv auf die Etablierung Ihrer Marke auswirkt; und da er in mehreren Farben bedruckt werden kann, sieht das Produkt sch\u00f6n aus und hat eine starke Werbewirkung. Derzeit werden unsere achteckigen Verschlussbeutel h\u00e4ufig in vielen Bereichen f\u00fcr Trockenfr\u00fcchte, N\u00fcsse, s\u00fc\u00dfe Haustiere, Snacks usw. verwendet.<\/p>\n<p><\/p>\n<div>\n<p><span style=\"font-size: 18px\"><strong>Produkt-Paramenter<\/strong><\/span><\/p>\n<\/div>\n<div>\n<p><\/p>\n<div class=\"nei-table\">\n<table width=\"1000\">\n<tbody>\n<tr class=\"firstRow\">\n<td colspan=\"1\" rowspan=\"1\" height=\"20\" width=\"162\">\n<div style=\"text-align: left\"><span>Materialqualit\u00e4t:<\/span><\/div>\n<\/td>\n<td colspan=\"1\" rowspan=\"1\" height=\"20\" width=\"837\">\n<div>Lebensmittelgeeignetes Material<\/div>\n<\/td>\n<\/tr>\n<tr>\n<td colspan=\"1\" rowspan=\"1\" height=\"20\" width=\"162\">\n<div><span>Material:<\/span><\/div>\n<\/td>\n<td colspan=\"1\" rowspan=\"1\" height=\"20\" width=\"837\">\n<div>PET+VMPET+PE, BOPP+Kraftpapier+VMPET+PE, etc<\/div>\n<\/td>\n<\/tr>\n<tr>\n<td colspan=\"1\" rowspan=\"1\" height=\"20\" width=\"162\">\n<div><span>Merkmal :<\/span><\/div>\n<\/td>\n<td colspan=\"1\" rowspan=\"1\" height=\"20\" width=\"837\">\n<div>1). sicheres lebensmittelechtes Material und perfekter Druck<\/p>\n<div data-spm-anchor-id=\"a2700.pc-decorate.0.i62.50563333vYoKlh\">2). gro\u00dfartig, um Auslaufen zu verhindern, ausgezeichneter Feuchtigkeitsschutz<\/div>\n<div data-spm-anchor-id=\"a2700.pc-decorate.0.i62.50563333vYoKlh\">3). starke Abdichtung Boden &amp; Durable Ziplock<\/div>\n<\/div>\n<\/td>\n<\/tr>\n<tr>\n<td colspan=\"1\" rowspan=\"1\" height=\"20\" width=\"162\">\n<div><span>Gr\u00f6\u00dfe&amp;Dicke:<\/span><\/div>\n<\/td>\n<td colspan=\"1\" rowspan=\"1\" height=\"20\" width=\"837\">\n<div>Individuell nach Ihren Anforderungen<\/div>\n<\/td>\n<\/tr>\n<tr>\n<td colspan=\"1\" rowspan=\"1\" height=\"20\" width=\"162\">\n<div><span>Tintenart:<\/span><\/div>\n<\/td>\n<td colspan=\"1\" rowspan=\"1\" height=\"20\" width=\"837\">\n<div>Umweltfreundliche Sojatinte in Lebensmittelqualit\u00e4t<\/div>\n<\/td>\n<\/tr>\n<tr>\n<td colspan=\"1\" rowspan=\"1\" height=\"20\" width=\"162\">\n<div><span>Kapazit\u00e4t:<\/span><\/div>\n<\/td>\n<td colspan=\"1\" rowspan=\"1\" height=\"20\" width=\"837\">\n<div>100g, 200g, 250g, 500g, 1000g\/1kg, 2kg, 5kg,8oz-100oz, kundenspezifisch<\/div>\n<\/td>\n<\/tr>\n<tr>\n<td colspan=\"1\" rowspan=\"1\" height=\"20\" width=\"162\">\n<div><span>Anwendung:<\/span><\/div>\n<\/td>\n<td colspan=\"1\" rowspan=\"1\" height=\"20\" width=\"837\">\n<div>Lebensmittel \/ Kaffee \/ Tiernahrung \/ Tee \/ Snacks \/ N\u00fcsse \/ Molkenprotein \/ Samen, etc.<\/div>\n<\/td>\n<\/tr>\n<tr>\n<td colspan=\"1\" rowspan=\"1\" height=\"20\" width=\"162\">\n<div><span>Stil-Optionen:<\/span><\/div>\n<\/td>\n<td colspan=\"1\" rowspan=\"1\" height=\"20\" width=\"837\">\n<div>Flacher Boden, Stand UP, Seitenfalte, Rei\u00dfverschluss oben, mit\/ohne Fenster, Euro-Loch, etc.<\/div>\n<\/td>\n<\/tr>\n<tr>\n<td colspan=\"1\" rowspan=\"1\" height=\"20\" width=\"162\">\n<div><span>Qualit\u00e4tskontrolle:<\/span><\/div>\n<\/td>\n<td colspan=\"1\" rowspan=\"1\" height=\"20\" width=\"837\">\n<div data-spm-anchor-id=\"a2700.details.0.i14.1410417dX9YP5T\">Hochmoderne Ausr\u00fcstung und ein erfahrenes QC-Team kontrollieren Material, Halbfertig- und Fertigprodukte streng in jedem Schritt vor dem Versand.<\/div>\n<\/td>\n<\/tr>\n<\/tbody>\n<\/table>\n<\/div>\n<p><\/p>\n<p style=\"text-align: center\"><img alt=\"Benutzerdefinierter Druck 8 Seite Siegel Lebensmittelverpackung Tasche\" title=\"Benutzerdefinierter Druck 8 Seite Siegel Lebensmittelverpackung Tasche\" \/><\/p>\n<p style=\"text-align: center\"><img alt=\"Benutzerdefinierter Druck 8 Seite Siegel Lebensmittelverpackung Tasche\" title=\"Benutzerdefinierter Druck 8 Seite Siegel Lebensmittelverpackung Tasche\" \/><\/p>\n<p><\/p>\n<p style=\"text-align: center\"><\/p>\n<\/div><\/div>\n<\/p><\/div>","protected":false},"excerpt":{"rendered":"<p class=\"wui-p-v-4\">    <span class=\"wui-text-color-accents wui-text-weight-bold\">Marke:<\/span>    <span class=\"wui-text-color-primary\">CY-PACK<\/span><\/p>\n<p class=\"wui-p-v-4\">    <span class=\"wui-text-color-accents wui-text-weight-bold\">Herkunft des Produkts:<\/span>    <span class=\"wui-text-color-primary\">China<\/span><\/p>\n<p class=\"wui-p-v-4\">    <span class=\"wui-text-color-accents wui-text-weight-bold\">Lieferfrist:<\/span>    <span class=\"wui-text-color-primary\">25 Tage Vorlaufzeit<\/span><\/p>\n<p class=\"wui-p-v-4\">    <span class=\"wui-text-color-accents wui-text-weight-bold\">Lieferkapazit\u00e4t:<\/span>    <span class=\"wui-text-color-primary\">1200 Tonnen\/Monat<\/span><\/p>\n<p class=\"wui-p-v-4\">Kann auf f\u00fcnf Seiten bedruckt werden, die angemessene Druckfl\u00e4che macht die Informationsbeschreibung und das Musterdesign der Produkte reichhaltiger<br \/>Mit breiten Verschl\u00fcssen und einer stabilen Basis, die Einzelh\u00e4ndlern maximale Flexibilit\u00e4t bei der Verkaufsf\u00f6rderung bietet<br \/>Der flache Boden acht Seiten versiegelt Beutel enth\u00e4lt gro\u00dfe Kapazit\u00e4t, acht Seite Dichtung Design-Struktur machen es hat mehr Kapazit\u00e4t, um mehr Produkte zu verpacken<br \/>Die in der Verpackung aufbewahrten Lebensmittel werden durch Extrusion, St\u00f6\u00dfe, Vibrationen, Temperaturunterschiede usw. nicht beeintr\u00e4chtigt.<br \/>Kann an ein Einweg-Auslassventil angeschlossen werden, das in der Kaffeeindustrie und anderen verwandten Branchen verwendet wird<\/p>","protected":false},"featured_media":441,"comment_status":"open","ping_status":"closed","template":"","meta":{"_seopress_robots_primary_cat":"","_seopress_titles_title":"","_seopress_titles_desc":"","_seopress_robots_index":"","_monsterinsights_skip_tracking":false,"_monsterinsights_sitenote_active":false,"_monsterinsights_sitenote_note":"","_monsterinsights_sitenote_category":0,"_kad_post_transparent":"","_kad_post_title":"","_kad_post_layout":"","_kad_post_sidebar_id":"","_kad_post_content_style":"","_kad_post_vertical_padding":"","_kad_post_feature":"","_kad_post_feature_position":"","_kad_post_header":false,"_kad_post_footer":false},"product_brand":[],"product_cat":[28],"product_tag":[],"class_list":{"0":"post-318","1":"product","2":"type-product","3":"status-publish","4":"has-post-thumbnail","6":"product_cat-food-packaging-bag","8":"first","9":"instock","10":"shipping-taxable","11":"product-type-simple","12":"entry","13":"content-bg","14":"loop-entry"},"_links":{"self":[{"href":"https:\/\/www.cy-package.com\/de\/wp-json\/wp\/v2\/product\/318","targetHints":{"allow":["GET"]}}],"collection":[{"href":"https:\/\/www.cy-package.com\/de\/wp-json\/wp\/v2\/product"}],"about":[{"href":"https:\/\/www.cy-package.com\/de\/wp-json\/wp\/v2\/types\/product"}],"replies":[{"embeddable":true,"href":"https:\/\/www.cy-package.com\/de\/wp-json\/wp\/v2\/comments?post=318"}],"version-history":[{"count":0,"href":"https:\/\/www.cy-package.com\/de\/wp-json\/wp\/v2\/product\/318\/revisions"}],"wp:featuredmedia":[{"embeddable":true,"href":"https:\/\/www.cy-package.com\/de\/wp-json\/wp\/v2\/media\/441"}],"wp:attachment":[{"href":"https:\/\/www.cy-package.com\/de\/wp-json\/wp\/v2\/media?parent=318"}],"wp:term":[{"taxonomy":"product_brand","embeddable":true,"href":"https:\/\/www.cy-package.com\/de\/wp-json\/wp\/v2\/product_brand?post=318"},{"taxonomy":"product_cat","embeddable":true,"href":"https:\/\/www.cy-package.com\/de\/wp-json\/wp\/v2\/product_cat?post=318"},{"taxonomy":"product_tag","embeddable":true,"href":"https:\/\/www.cy-package.com\/de\/wp-json\/wp\/v2\/product_tag?post=318"}],"curies":[{"name":"wp","href":"https:\/\/api.w.org\/{rel}","templated":true}]}}