{"id":319,"date":"2024-09-05T10:28:17","date_gmt":"2024-09-05T02:28:17","guid":{"rendered":"https:\/\/www.cy-package.com\/?post_type=product&#038;p=319"},"modified":"2025-03-11T17:30:32","modified_gmt":"2025-03-11T09:30:32","slug":"verpackungsbeutel-fur-tiernahrung-aufrechtstehend-2","status":"publish","type":"product","link":"https:\/\/www.cy-package.com\/de\/produkt\/verpackungsbeutel-fur-tiernahrung-aufrechtstehend-2\/","title":{"rendered":"Wiederverschlie\u00dfbarer Rei\u00dfverschluss-Standbeutel f\u00fcr Tiernahrung"},"content":{"rendered":"<p>&nbsp;<\/p>\n<h1><span style=\"font-size: 24px\">Standbodenbeutel sind auf dem Markt weit verbreitet<\/span><\/h1>\n<p>Als bequemes, einfaches und praktisches flexibles Verpackungsprodukt ist der Standbeutel in allen Lebensbereichen weit verbreitet. Er kann nicht nur eine Vielzahl von Dingen aufnehmen, sondern auch aufrecht stehen, sich gut pr\u00e4sentieren und wiederverwendet werden. Wiederverschlie\u00dfbare Zipper Food Bag sind sehr vielseitig und die perfekte Verpackung f\u00fcr kleine Leckereien, um sie frisch zu halten. Die wiederverschlie\u00dfbaren Beutel eignen sich auch hervorragend zum Vorbereiten von Portionen f\u00fcr Camping- und Wandermahlzeiten aus gr\u00f6\u00dferen gefriergetrockneten Paketen. F\u00fcr die Aufbewahrung von Lebensmitteln, die Sie angebaut oder gekauft haben und die Sie lange aufbewahren m\u00f6chten, sind Mylarbeutel eine gute Wahl.<\/p>\n<h2><strong style=\"font-size: 16px\">Arbeitsabl\u00e4ufe f\u00fcr die Vorproduktion:<\/strong><\/h2>\n<div>\n<p>1. Geben Sie uns detaillierte Informationen \u00fcber den Beutel, den Sie herstellen m\u00f6chten, wie etwa Verwendungszweck, Gr\u00f6\u00dfe, Motiv, Struktur und Dicke usw. Bei Bedarf k\u00f6nnen wir Ihnen auch unsere guten und professionellen Vorschl\u00e4ge zur Auswahl unterbreiten.<\/p>\n<p>2. Wir werden entsprechend zitieren, nachdem wir alle Informationen \u00fcber den Beutel erhalten haben.<\/p>\n<p>3. Sobald der Preis von beiden Seiten best\u00e4tigt wurde, beginnen wir mit der Bearbeitung der Grafik (zu Ihrer Information: Wir m\u00fcssen die Grafik in eine f\u00fcr den Tiefdruck geeignete Version umwandeln).<\/p>\n<p>4. Einstellen des Farbstandards.<\/p>\n<p>5. Best\u00e4tigen Sie die Druckvorlage und unterzeichnen Sie den Vertrag.<\/p>\n<p>6. Die K\u00e4ufer m\u00fcssen den Zylinder (Druckkosten) und 40% Vorauszahlung der Bestellung zu zahlen.<\/p>\n<p>7. Wir fangen an, quanlity Produkte f\u00fcr Sie nach dann zu produzieren.<\/p>\n<p>&nbsp;<\/p>\n<p style=\"text-align: center\"><img decoding=\"async\" title=\"Wiederverschlie\u00dfbarer Rei\u00dfverschluss-Standbeutel f\u00fcr Tiernahrung\" src=\"https:\/\/www.cy-package.com\/2833\/2833-202205052254029344.jpg\" alt=\"Wiederverschlie\u00dfbarer Rei\u00dfverschluss-Standbeutel f\u00fcr Tiernahrung\" \/><\/p>\n<p style=\"text-align: center\"><img decoding=\"async\" title=\"Wiederverschlie\u00dfbarer Rei\u00dfverschluss-Standbeutel f\u00fcr Tiernahrung\" src=\"https:\/\/www.cy-package.com\/2833\/2833-202205052254023652.jpg\" alt=\"Wiederverschlie\u00dfbarer Rei\u00dfverschluss-Standbeutel f\u00fcr Tiernahrung\" \/><\/p>\n<p>&nbsp;<\/p>\n<p style=\"text-align: center\"><span style=\"font-size: 20px\"><strong>Firmenprofil<\/strong><\/span><\/p>\n<p>&nbsp;<\/p>\n<p style=\"text-align: center\"><img decoding=\"async\" title=\"Wiederverschlie\u00dfbarer Rei\u00dfverschluss-Standbeutel f\u00fcr Tiernahrung\" src=\"https:\/\/www.cy-package.com\/2833\/2833-202205062151199013.jpg\" alt=\"Wiederverschlie\u00dfbarer Rei\u00dfverschluss-Standbeutel f\u00fcr Tiernahrung\" \/><\/p>\n<p style=\"text-align: center\"><span style=\"font-size: 24px\"><strong><span style=\"color: #0070c0\">PRODUKTIONSVORTEIL DER FABRIK\u00a0<\/span><\/strong><\/span><\/p>\n<p style=\"text-align: center\"><span style=\"color: #f79646;font-size: 20px\"><strong>Es gibt 5 automatische Hochgeschwindigkeits-Produktionslinien<\/strong><\/span><\/p>\n<p>&nbsp;<\/p>\n<p style=\"text-align: center\"><span style=\"font-size: 18px;color: #0070c0\"><strong>&#8212;&#8212;&#8212;&#8212;&#8212;&#8212;&#8212;&#8212;&#8212;&#8212;&#8212;&#8212;&#8212;&#8212;&#8212;&#8212;&#8212;&#8212;&#8212;&#8212;&#8212;&#8212;&#8212;&#8212;&#8212;&#8212;&#8212;&#8212;&#8212;&#8212;&#8212;-<\/strong><\/span><\/p>\n<p style=\"text-align: center\"><span style=\"font-size: 14px\">Die Produktionsst\u00e4tte umfasst derzeit eine Fl\u00e4che von \u00fcber 15.000 Quadratmetern und verf\u00fcgt \u00fcber 5 automatische<\/span><\/p>\n<p style=\"text-align: center;margin-bottom: 20px\"><span style=\"font-size: 14px\">Hochgeschwindigkeits-Produktionslinien, und die j\u00e4hrliche Produktionskapazit\u00e4t kann 20.000 Tonnen erreichen.\u00a0<\/span><\/p>\n<p style=\"text-align: center\"><img decoding=\"async\" title=\"Wiederverschlie\u00dfbarer Rei\u00dfverschluss-Standbeutel f\u00fcr Tiernahrung\" src=\"https:\/\/www.cy-package.com\/2833\/2833-202205062151194054.jpg\" alt=\"Wiederverschlie\u00dfbarer Rei\u00dfverschluss-Standbeutel f\u00fcr Tiernahrung\" \/><\/p>\n<p style=\"text-align: center;margin-top: 15px\"><span style=\"font-size: 14px\">Unser Unternehmen verf\u00fcgt \u00fcber Dutzende von professionellen Produktionsmitarbeitern, die 24 Stunden am Tag ohne Unterbrechung arbeiten k\u00f6nnen.<\/span><\/p>\n<p style=\"text-align: center;margin-bottom: 20px\"><span style=\"font-size: 14px\">Produktion, befolgen streng das IQC-IPQC-OQC-Prozessmanagement und haben eine hohe Produktionskapazit\u00e4t.\u00a0<\/span><\/p>\n<p style=\"text-align: center\"><img decoding=\"async\" title=\"Wiederverschlie\u00dfbarer Rei\u00dfverschluss-Standbeutel f\u00fcr Tiernahrung\" src=\"https:\/\/www.cy-package.com\/2833\/2833-202205062151191245.jpg\" alt=\"Wiederverschlie\u00dfbarer Rei\u00dfverschluss-Standbeutel f\u00fcr Tiernahrung\" \/><\/p>\n<p style=\"text-align: center;margin-bottom: 5px;margin-top: 15px\"><span style=\"font-size: 14px\">Die Werkst\u00e4tten sind gem\u00e4\u00df der 300.000er GMP-Klasse konzipiert und gebaut, um die hohen Hygieneanforderungen zu erf\u00fcllen.<\/span><\/p>\n<p style=\"text-align: center;margin-bottom: 20px\"><span style=\"font-size: 14px\">Standard von Babynahrung, Molkereiprodukten und Fleischerzeugnissen im Inland und in \u00dcbersee.<\/span><\/p>\n<p style=\"text-align: center\"><img decoding=\"async\" title=\"Wiederverschlie\u00dfbarer Rei\u00dfverschluss-Standbeutel f\u00fcr Tiernahrung\" src=\"https:\/\/www.cy-package.com\/2833\/2833-202205062151206738.jpg\" alt=\"Wiederverschlie\u00dfbarer Rei\u00dfverschluss-Standbeutel f\u00fcr Tiernahrung\" \/><\/p>\n<p style=\"text-align: center\"><img decoding=\"async\" title=\"Wiederverschlie\u00dfbarer Rei\u00dfverschluss-Standbeutel f\u00fcr Tiernahrung\" src=\"https:\/\/www.cy-package.com\/2833\/2833-202205062159502291.jpg\" alt=\"Wiederverschlie\u00dfbarer Rei\u00dfverschluss-Standbeutel f\u00fcr Tiernahrung\" \/><\/p>\n<p style=\"text-align: center\"><img decoding=\"async\" title=\"Wiederverschlie\u00dfbarer Rei\u00dfverschluss-Standbeutel f\u00fcr Tiernahrung\" src=\"https:\/\/www.cy-package.com\/2833\/2833-202205062158232361.jpg\" alt=\"Wiederverschlie\u00dfbarer Rei\u00dfverschluss-Standbeutel f\u00fcr Tiernahrung\" \/><\/p>\n<p>&nbsp;<\/p>\n<p><span style=\"font-size: 18px\"><strong>FAQ<\/strong><\/span><\/p>\n<p><strong><span data-spm-anchor-id=\"a2700.details.0.i17.649a7657Tu7jaw\">F: Sind Sie eine Fabrik oder ein Handelsunternehmen?<\/span><\/strong><br \/>\nA: Wir sind eine Fabrik mit fortschrittlichen Anlagen und professionellen Design-Teams, die Ihnen die beste Auswahl an Designs und Kapazit\u00e4ten bieten k\u00f6nnen.<\/p>\n<p><strong>F: Wie hoch ist die Mindestbestellmenge f\u00fcr Ihr Produkt?<\/strong><br \/>\nA: Im Allgemeinen ist MOQ f\u00fcr Beutelbeutel 10.000pcs. Wir nehmen auch Probe Probe Auftr\u00e4ge f\u00fcr kleine MOQ, pls kontaktieren Sie uns, um weiter zu diskutieren.<\/p>\n<p><strong>Q:Wie lange dauert die Lieferung nach der Bestellung?<\/strong><br \/>\nA: Im Allgemeinen betr\u00e4gt die Vorlaufzeit 15-20 Tage f\u00fcr neue Auftr\u00e4ge und 10-12 Tage f\u00fcr wiederholte Auftr\u00e4ge ab dem Best\u00e4tigungsdatum.<\/p>\n<p><strong>F: Was ist Ihre Produktpalette?<\/strong><br \/>\nA: Unsere Fabrik kann die meisten Arten von flexiblen Verpackungen herstellen, einschlie\u00dflich Kaffeebeutel, Tiernahrungsbeutel, Lebensmittelbeutel, Fl\u00fcssigkeitsbeutel, Standbodenbeutel und<br \/>\nBeutel, Rei\u00dfverschlussbeutel, Ausgie\u00dferbeutel, R\u00fcckseitenbeutel, laminierte Folie f\u00fcr Schokolade oder S\u00fc\u00dfigkeiten und so weiter.<\/p>\n<p><strong>F: Welche Informationen werden ben\u00f6tigt, um ein Angebot f\u00fcr ein Produkt zu erhalten?<\/strong><br \/>\nA:Kontaktieren Sie uns, um uns die Gr\u00f6\u00dfe und die speziellen Anforderungen, die Sie wollen, zu bieten.alle k\u00f6nnen angepasst werden, und wir haben eine Menge von Beispielen f\u00fcr Ihre Referenz.<\/p>\n<p><strong>F: K\u00f6nnen Muster zur Verf\u00fcgung gestellt werden?<\/strong><br \/>\nA: Ja. F\u00fcr die kundengebundene Probe, die realen Musterkosten + Druckzylindergeb\u00fchr werden aufgeladen, die die Zylindergeb\u00fchr keine Notwendigkeit wieder f\u00fcr die Massenbestellung sein wird.<\/p>\n<\/div>","protected":false},"excerpt":{"rendered":"<p class=\"wui-p-v-4\"><span class=\"wui-text-color-accents wui-text-weight-bold\">Marke:<\/span> <span class=\"wui-text-color-primary\">CY-PACK<\/span><\/p>\n<p class=\"wui-p-v-4\"><span class=\"wui-text-color-accents wui-text-weight-bold\">Herkunft des Produkts:<\/span> <span class=\"wui-text-color-primary\">China<\/span><\/p>\n<p class=\"wui-p-v-4\"><span class=\"wui-text-color-accents wui-text-weight-bold\">Lieferfrist:<\/span> <span class=\"wui-text-color-primary\">25 Tage Vorlaufzeit<\/span><\/p>\n<p class=\"wui-p-v-4\"><span class=\"wui-text-color-accents wui-text-weight-bold\">Lieferkapazit\u00e4t:<\/span> <span class=\"wui-text-color-primary\">1200 Tonnen\/Monat<\/span><\/p>\n<p class=\"wui-p-v-4\">1.flexible Verpackungen ben\u00f6tigen 75% weniger Material zur Herstellung des Endprodukts als Flaschen, Gl\u00e4ser und andere harte, unflexible, starre Verpackungen.<br \/>\n2. die Standbodenbeutel sind wiederverwendbar und wiederverschlie\u00dfbar und k\u00f6nnen mehrfach verwendet werden. Sie sind die ideale Option zur Aufbewahrung und Pr\u00e4sentation Ihres Produkts.<br \/>\n3. die Standbodenbeutel bieten eine All-in-One-Verpackungsl\u00f6sung;<\/p>","protected":false},"featured_media":445,"comment_status":"open","ping_status":"closed","template":"","meta":{"_seopress_robots_primary_cat":"none","_seopress_titles_title":"Pet Food Packaging Bag","_seopress_titles_desc":"CY PACK understands the needs of packaging pet food and treats. We offer stock and custom printed laminated packaging for dry pet food, nutritional supplements and pet treats.","_seopress_robots_index":"","_monsterinsights_skip_tracking":false,"_monsterinsights_sitenote_active":false,"_monsterinsights_sitenote_note":"","_monsterinsights_sitenote_category":0,"_kad_post_transparent":"default","_kad_post_title":"","_kad_post_layout":"default","_kad_post_sidebar_id":"","_kad_post_content_style":"default","_kad_post_vertical_padding":"default","_kad_post_feature":"","_kad_post_feature_position":"","_kad_post_header":false,"_kad_post_footer":false},"product_brand":[],"product_cat":[28,38],"product_tag":[],"class_list":{"0":"post-319","1":"product","2":"type-product","3":"status-publish","4":"has-post-thumbnail","6":"product_cat-food-packaging-bag","7":"product_cat-pouches-for-pet-treats","9":"first","10":"instock","11":"shipping-taxable","12":"product-type-simple","13":"entry","14":"content-bg","15":"loop-entry"},"_links":{"self":[{"href":"https:\/\/www.cy-package.com\/de\/wp-json\/wp\/v2\/product\/319","targetHints":{"allow":["GET"]}}],"collection":[{"href":"https:\/\/www.cy-package.com\/de\/wp-json\/wp\/v2\/product"}],"about":[{"href":"https:\/\/www.cy-package.com\/de\/wp-json\/wp\/v2\/types\/product"}],"replies":[{"embeddable":true,"href":"https:\/\/www.cy-package.com\/de\/wp-json\/wp\/v2\/comments?post=319"}],"version-history":[{"count":1,"href":"https:\/\/www.cy-package.com\/de\/wp-json\/wp\/v2\/product\/319\/revisions"}],"predecessor-version":[{"id":1656,"href":"https:\/\/www.cy-package.com\/de\/wp-json\/wp\/v2\/product\/319\/revisions\/1656"}],"wp:featuredmedia":[{"embeddable":true,"href":"https:\/\/www.cy-package.com\/de\/wp-json\/wp\/v2\/media\/445"}],"wp:attachment":[{"href":"https:\/\/www.cy-package.com\/de\/wp-json\/wp\/v2\/media?parent=319"}],"wp:term":[{"taxonomy":"product_brand","embeddable":true,"href":"https:\/\/www.cy-package.com\/de\/wp-json\/wp\/v2\/product_brand?post=319"},{"taxonomy":"product_cat","embeddable":true,"href":"https:\/\/www.cy-package.com\/de\/wp-json\/wp\/v2\/product_cat?post=319"},{"taxonomy":"product_tag","embeddable":true,"href":"https:\/\/www.cy-package.com\/de\/wp-json\/wp\/v2\/product_tag?post=319"}],"curies":[{"name":"wp","href":"https:\/\/api.w.org\/{rel}","templated":true}]}}