{"id":346,"date":"2024-09-05T10:28:40","date_gmt":"2024-09-05T02:28:40","guid":{"rendered":"https:\/\/www.cy-package.com\/?post_type=product&#038;p=346"},"modified":"2025-07-18T14:34:01","modified_gmt":"2025-07-18T06:34:01","slug":"standbeutel-fur-susigkeitenverpackungen","status":"publish","type":"product","link":"https:\/\/www.cy-package.com\/de\/produkt\/standbeutel-fur-susigkeitenverpackungen\/","title":{"rendered":"Trockenes Obst Keks Lebensmittel Stand Up Verpackung Tasche"},"content":{"rendered":"<p style=\"line-height: 1.5; margin-bottom: 30px; margin-top: 30px; text-align: left;\"><span style=\"font-size: 20px;\"><strong><span style=\"font-family: Arial;\">Stand Up Bags for\u00a0Dry Food and Preserved Fruit<\/span><\/strong><\/span><\/p>\n<p style=\"line-height: 1.5; margin-bottom: 30px; margin-top: 30px; text-align: left;\"><span style=\"font-family: Arial; font-size: 12pt; color: #444444;\">cold sealed stand up bag is perfect for packaging all kinds of snacks? such as confectionary, cookies and so on! The resealable plastic bags are very friendly for everyone since there is a zipper to re-lock the pouch. CY pouch packaging manufacturer provides a variety of plastic zip-lock bags with custom printing.<\/span><\/p>\n<p style=\"line-height: 1.5; margin-bottom: 30px; text-align: center;\"><span style=\"font-family: Arial; font-size: 12pt; color: #444444;\"><span style=\"font-size: 24pt;\">Verpackungsformate<\/span><br \/>\n<\/span><\/p>\n<p style=\"line-height: 1.5; margin-bottom: 30px; text-align: center;\"><span style=\"font-family: Arial; font-size: 12pt; color: #444444;\"><span style=\"font-size: 22pt;\"><img decoding=\"async\" title=\"Trockenes Obst Keks Lebensmittel Stand Up Verpackung Tasche\" src=\"https:\/\/www.cy-package.com\/2833\/2833-202205062228234582.jpg\" alt=\"Trockenes Obst Keks Lebensmittel Stand Up Verpackung Tasche\" border=\"0\" \/><br \/>\n<\/span><\/span><\/p>\n<p style=\"line-height: 1.5; margin-bottom: 30px; text-align: center;\"><span style=\"font-family: Arial; font-size: 12pt; color: #444444;\"><span style=\"font-size: 22pt;\"><span style=\"font-size: 14pt;\">Wenn Sie weitere Taschenarten kennenlernen oder Muster anfordern m\u00f6chten, nehmen Sie bitte Kontakt mit uns auf.<\/span><\/span><\/span><\/p>\n<div class=\"headline\">\n<h1><span style=\"font-size: 20px;\">W\u00e4hlen Sie die besten Materialien f\u00fcr Ihre Verpackung<\/span><\/h1>\n<\/div>\n<p>Dry food and stick candy is extremely vulnerable to sunlight and also needs protection against oxygen, especially if there are nuts inside, so the composite materials should preserve the initial gas composition and light level in the packaging.<\/p>\n<p><strong>SCHEMA 1 <\/strong>: Die optimale Verpackung f\u00fcr Schokoladenbonbons. Es ist ein dreischichtiges Laminat, das das Produkt vor Sonnenlicht und Sauerstoff sch\u00fctzt.<\/p>\n<ul class=\"market-info list-paddingleft-2\">\n<li>transparentes oder mattes PET\/BOPP (gute Barriereeigenschaften gegen Wasserkondensat, hohe Transparenz)<\/li>\n<li>metallisiertes PP (gute Barriere gegen Wasserkondensat und Sonnenlicht)<\/li>\n<li>transparentes PE (Dichtungs- und Strukturschicht, gute Barriere gegen Wasserdampf)<\/li>\n<\/ul>\n<p><img decoding=\"async\" style=\"margin: 0 auto;\" title=\"Trockenes Obst Keks Lebensmittel Stand Up Verpackung Tasche\" src=\"https:\/\/www.cy-package.com\/2833\/2833-202205062229206363.jpg\" alt=\"Trockenes Obst Keks Lebensmittel Stand Up Verpackung Tasche\" \/><\/p>\n<p style=\"margin-top: 3em;\"><strong>SCHEMA 2 <\/strong>: ist ein zweischichtiges Laminat. Die Wahl zwischen transparentem oder nicht transparentem Verbundstoff h\u00e4ngt davon ab, ob der Kunde ein durchsichtiges Teil f\u00fcr die Produktpr\u00e4sentation w\u00fcnscht.<\/p>\n<ul class=\"market-info list-paddingleft-2\">\n<li>transparentes oder mattes PET\/BOPP (gute Barriereeigenschaften gegen Wasserkondensat, hohe Transparenz)<\/li>\n<li>transparentes oder wei\u00dfes PE (Dichtungs- und Strukturschicht, gute Barriere gegen Wasserdampf, hohe Transparenz)<\/li>\n<\/ul>\n<p><img decoding=\"async\" style=\"margin: 0 auto;\" title=\"Trockenes Obst Keks Lebensmittel Stand Up Verpackung Tasche\" src=\"https:\/\/www.cy-package.com\/2833\/2833-202205062229332830.png\" alt=\"Trockenes Obst Keks Lebensmittel Stand Up Verpackung Tasche\" \/><\/p>\n<div>\n<h3><span style=\"font-size: 20px;\"><strong>Produkt-Paramenter<\/strong><\/span><\/h3>\n<\/div>\n<div>\n<div class=\"nei-table\">\n<table width=\"1000\">\n<tbody>\n<tr class=\"firstRow\">\n<td style=\"border-color: #dddddd;\" colspan=\"1\" rowspan=\"1\" width=\"162\" height=\"20\">\n<div style=\"text-align: left;\">Materialqualit\u00e4t:<\/div>\n<\/td>\n<td style=\"border-color: #dddddd;\" colspan=\"1\" rowspan=\"1\" width=\"837\" height=\"20\">\n<div>Lebensmittelgeeignetes Material<\/div>\n<\/td>\n<\/tr>\n<tr>\n<td style=\"border-color: #dddddd;\" colspan=\"1\" rowspan=\"1\" width=\"162\" height=\"20\">\n<div>Material:<\/div>\n<\/td>\n<td style=\"border-color: #dddddd;\" colspan=\"1\" rowspan=\"1\" width=\"837\" height=\"20\">\n<div>PET+VMPET+PE, BOPP+Kraftpapier+VMPET+PE, etc<\/div>\n<\/td>\n<\/tr>\n<tr>\n<td style=\"border-color: #dddddd;\" colspan=\"1\" rowspan=\"1\" width=\"162\" height=\"20\">\n<div>Merkmal :<\/div>\n<\/td>\n<td style=\"border-color: #dddddd;\" colspan=\"1\" rowspan=\"1\" width=\"837\" height=\"20\">\n<div>\n<p>1). sicheres lebensmittelechtes Material und perfekter Druck<\/p>\n<div data-spm-anchor-id=\"a2700.pc-decorate.0.i62.50563333vYoKlh\">2). gro\u00dfartig, um Auslaufen zu verhindern, ausgezeichneter Feuchtigkeitsschutz<\/div>\n<div data-spm-anchor-id=\"a2700.pc-decorate.0.i62.50563333vYoKlh\">3). starke Abdichtung Boden &amp; Durable Ziplock<\/div>\n<\/div>\n<\/td>\n<\/tr>\n<tr>\n<td style=\"border-color: #dddddd;\" colspan=\"1\" rowspan=\"1\" width=\"162\" height=\"20\">\n<div>Gr\u00f6\u00dfe&amp;Dicke:<\/div>\n<\/td>\n<td style=\"border-color: #dddddd;\" colspan=\"1\" rowspan=\"1\" width=\"837\" height=\"20\">\n<div>Individuell nach Ihren Anforderungen<\/div>\n<\/td>\n<\/tr>\n<tr>\n<td style=\"border-color: #dddddd;\" colspan=\"1\" rowspan=\"1\" width=\"162\" height=\"20\">\n<div>Tintenart:<\/div>\n<\/td>\n<td style=\"border-color: #dddddd;\" colspan=\"1\" rowspan=\"1\" width=\"837\" height=\"20\">\n<div>Umweltfreundliche Sojatinte in Lebensmittelqualit\u00e4t<\/div>\n<\/td>\n<\/tr>\n<tr>\n<td style=\"border-color: #dddddd;\" colspan=\"1\" rowspan=\"1\" width=\"162\" height=\"20\">\n<div>Kapazit\u00e4t:<\/div>\n<\/td>\n<td style=\"border-color: #dddddd;\" colspan=\"1\" rowspan=\"1\" width=\"837\" height=\"20\">\n<div>100g, 200g, 250g, 500g, 1000g\/1kg, 2kg, 5kg,8oz-100oz, kundenspezifisch<\/div>\n<\/td>\n<\/tr>\n<tr>\n<td style=\"border-color: #dddddd;\" colspan=\"1\" rowspan=\"1\" width=\"162\" height=\"20\">\n<div>Anwendung:<\/div>\n<\/td>\n<td style=\"border-color: #dddddd;\" colspan=\"1\" rowspan=\"1\" width=\"837\" height=\"20\">\n<div>Lebensmittel \/ Kaffee \/ Tiernahrung \/ Tee \/ Snacks \/ N\u00fcsse \/ Molkenprotein \/ Samen, etc.<\/div>\n<\/td>\n<\/tr>\n<tr>\n<td style=\"border-color: #dddddd;\" colspan=\"1\" rowspan=\"1\" width=\"162\" height=\"20\">\n<div>Stil-Optionen:<\/div>\n<\/td>\n<td style=\"border-color: #dddddd;\" colspan=\"1\" rowspan=\"1\" width=\"837\" height=\"20\">\n<div>Flacher Boden, Stand UP, Seitenfalte, Rei\u00dfverschluss oben, mit\/ohne Fenster, Euro-Loch, etc.<\/div>\n<\/td>\n<\/tr>\n<tr>\n<td style=\"border-color: #dddddd;\" colspan=\"1\" rowspan=\"1\" width=\"162\" height=\"20\">\n<div>Qualit\u00e4tskontrolle:<\/div>\n<\/td>\n<td style=\"border-color: #dddddd;\" colspan=\"1\" rowspan=\"1\" width=\"837\" height=\"20\">\n<div data-spm-anchor-id=\"a2700.details.0.i14.1410417dX9YP5T\">Hochmoderne Ausr\u00fcstung und ein erfahrenes QC-Team kontrollieren Material, Halbfertig- und Fertigprodukte streng in jedem Schritt vor dem Versand.<\/div>\n<\/td>\n<\/tr>\n<\/tbody>\n<\/table>\n<\/div>\n<p>&nbsp;<\/p>\n<h4>About stand up bags protect<\/h4>\n<p>Derzeit sind Standbeutel schnell, sicher und sch\u00f6n zugleich. Standbeutel k\u00f6nnen die Sicherheit des Produkttransports verbessern und die Transportrisiken beim Transport unserer Produkte verringern.<\/p>\n<p><img decoding=\"async\" style=\"width: 236px; height: 307px;\" title=\"Trockenes Obst Keks Lebensmittel Stand Up Verpackung Tasche\" src=\"https:\/\/www.cy-package.com\/2833\/2833-202312111653253996.jpg\" alt=\"Trockenes Obst Keks Lebensmittel Stand Up Verpackung Tasche\" width=\"236\" \/>\u00a0 \u00a0 \u00a0 \u00a0 \u00a0 \u00a0 \u00a0 \u00a0 \u00a0 \u00a0 \u00a0 \u00a0 \u00a0 \u00a0 \u00a0 \u00a0 \u00a0 \u00a0 \u00a0 \u00a0 \u00a0 \u00a0\u00a0<img decoding=\"async\" style=\"width: 288px; height: 310px;\" title=\"Trockenes Obst Keks Lebensmittel Stand Up Verpackung Tasche\" src=\"https:\/\/www.cy-package.com\/2833\/2833-202312111654161100.jpg\" alt=\"Trockenes Obst Keks Lebensmittel Stand Up Verpackung Tasche\" width=\"288\" \/><\/p>\n<p>Gleichzeitig weist der Standbeutel eine hohe W\u00e4rmesiegelfestigkeit, Druckfestigkeit und Fallfestigkeit auf. Selbst wenn er versehentlich aus gro\u00dfer H\u00f6he fallen gelassen wird, kommt es nicht zu Rissen oder Undichtigkeiten am Beutelk\u00f6rper, was die Produktsicherheit erheblich verbessert.<\/p>\n<p>&nbsp;<\/p>\n<p>&nbsp;<\/p>\n<p style=\"text-align: center;\">\n<\/div>","protected":false},"excerpt":{"rendered":"<p class=\"wui-p-v-4\"><span class=\"wui-text-color-accents wui-text-weight-bold\">Marke:<\/span> <span class=\"wui-text-color-primary\">CY-PACK<\/span><\/p>\n<p class=\"wui-p-v-4\"><span class=\"wui-text-color-accents wui-text-weight-bold\">Herkunft des Produkts:<\/span> <span class=\"wui-text-color-primary\">China<\/span><\/p>\n<p class=\"wui-p-v-4\"><span class=\"wui-text-color-accents wui-text-weight-bold\">Lieferfrist:<\/span> <span class=\"wui-text-color-primary\">30 Tage Vorlaufzeit<\/span><\/p>\n<p class=\"wui-p-v-4\"><span class=\"wui-text-color-accents wui-text-weight-bold\">Lieferkapazit\u00e4t:<\/span> <span class=\"wui-text-color-primary\">1200 Tonnen\/Monat<\/span><\/p>\n<p class=\"wui-p-v-4\">Materialstruktur: PET\/PE, PET\/VMPET\/PE, PET\/NY\/PE, MOPP\/VMPET\/PE<br \/>\nAnwendung: Lebensmittelverpackungen, S\u00fc\u00dfigkeitenverpackungen, Mehlverpackungen, Keksverpackungen, Snackverpackungen, Pulververpackungen, Kaffeeverpackungen, Verpackungen f\u00fcr trockene Lebensmittel<\/p>\n<p>1. Der Standbodenbeutel ist leicht und kompakt. Er kann in gro\u00dfen Mengen hergestellt werden.<br \/>\n2. die Standbodenbeutel k\u00f6nnen stehend in die Regale gestellt werden, um ihr Aussehen zu verbessern.<br \/>\n3. die Stand-up-Verpackung Tasche hat sch\u00f6ne Druck und knackig Tasche Form<\/p>","protected":false},"featured_media":460,"comment_status":"open","ping_status":"closed","template":"","meta":{"_seopress_robots_primary_cat":"none","_seopress_titles_title":"Dry Fruit Cookie Food Stand Up Packaging Bag","_seopress_titles_desc":"CY PACK is a manufacturer of dry fruit or cookies packaging bag. Digital printing or gravure printing is available.","_seopress_robots_index":"","_monsterinsights_skip_tracking":false,"_monsterinsights_sitenote_active":false,"_monsterinsights_sitenote_note":"","_monsterinsights_sitenote_category":0,"_kad_post_transparent":"default","_kad_post_title":"","_kad_post_layout":"default","_kad_post_sidebar_id":"","_kad_post_content_style":"default","_kad_post_vertical_padding":"default","_kad_post_feature":"","_kad_post_feature_position":"","_kad_post_header":false,"_kad_post_footer":false},"product_brand":[],"product_cat":[28],"product_tag":[],"class_list":{"0":"post-346","1":"product","2":"type-product","3":"status-publish","4":"has-post-thumbnail","6":"product_cat-food-packaging-bag","8":"first","9":"instock","10":"shipping-taxable","11":"product-type-simple","12":"entry","13":"content-bg","14":"loop-entry"},"_links":{"self":[{"href":"https:\/\/www.cy-package.com\/de\/wp-json\/wp\/v2\/product\/346","targetHints":{"allow":["GET"]}}],"collection":[{"href":"https:\/\/www.cy-package.com\/de\/wp-json\/wp\/v2\/product"}],"about":[{"href":"https:\/\/www.cy-package.com\/de\/wp-json\/wp\/v2\/types\/product"}],"replies":[{"embeddable":true,"href":"https:\/\/www.cy-package.com\/de\/wp-json\/wp\/v2\/comments?post=346"}],"version-history":[{"count":3,"href":"https:\/\/www.cy-package.com\/de\/wp-json\/wp\/v2\/product\/346\/revisions"}],"predecessor-version":[{"id":2047,"href":"https:\/\/www.cy-package.com\/de\/wp-json\/wp\/v2\/product\/346\/revisions\/2047"}],"wp:featuredmedia":[{"embeddable":true,"href":"https:\/\/www.cy-package.com\/de\/wp-json\/wp\/v2\/media\/460"}],"wp:attachment":[{"href":"https:\/\/www.cy-package.com\/de\/wp-json\/wp\/v2\/media?parent=346"}],"wp:term":[{"taxonomy":"product_brand","embeddable":true,"href":"https:\/\/www.cy-package.com\/de\/wp-json\/wp\/v2\/product_brand?post=346"},{"taxonomy":"product_cat","embeddable":true,"href":"https:\/\/www.cy-package.com\/de\/wp-json\/wp\/v2\/product_cat?post=346"},{"taxonomy":"product_tag","embeddable":true,"href":"https:\/\/www.cy-package.com\/de\/wp-json\/wp\/v2\/product_tag?post=346"}],"curies":[{"name":"wp","href":"https:\/\/api.w.org\/{rel}","templated":true}]}}