{"id":347,"date":"2024-09-05T10:28:41","date_gmt":"2024-09-05T02:28:41","guid":{"rendered":"https:\/\/www.cy-package.com\/?post_type=product&#038;p=347"},"modified":"2026-01-20T17:01:07","modified_gmt":"2026-01-20T09:01:07","slug":"verpackungsbeutel-fur-obst-und-gemuse","status":"publish","type":"product","link":"https:\/\/www.cy-package.com\/de\/produkt\/verpackungsbeutel-fur-obst-und-gemuse\/","title":{"rendered":"Verpackungsbeutel f\u00fcr Obst und Gem\u00fcse"},"content":{"rendered":"<p style=\"text-align: center;\"><strong style=\"font-size: 24px;\"><em>Kontaktieren Sie uns!! Erhalten Sie eine kostenlose Probe!!<\/em><\/strong><\/p>\n<p><span style=\"font-size: 20px;\"><strong><em>TIPPS:<\/em><\/strong><\/span><br \/>\n1. unterst\u00fctzt OEM\/ODM-Anpassung????<strong>Willkommen bei uns??<\/strong><br \/>\n2. jetzt gibt es Sonderangebote. Sie k\u00f6nnen sie erhalten durch <strong>eine Anfrage senden?<\/strong><br \/>\n3. unterst\u00fctzen Probe, brauchen Probe zu <strong>Anfrage senden, um uns zu kontaktieren?<\/strong><\/p>\n<div>\n<p><span style=\"font-size: 18px;\"><strong>Produkt-Paramenter<\/strong><\/span><\/p>\n<\/div>\n<div>\n<div class=\"nei-table\">\n<table width=\"1000\">\n<tbody>\n<tr class=\"firstRow\">\n<td colspan=\"1\" rowspan=\"1\" width=\"162\" height=\"20\">\n<div style=\"text-align: left;\">Materialqualit\u00e4t:<\/div>\n<\/td>\n<td colspan=\"1\" rowspan=\"1\" width=\"837\" height=\"20\">\n<div>Lebensmittelgeeignetes Material<\/div>\n<\/td>\n<\/tr>\n<tr>\n<td colspan=\"1\" rowspan=\"1\" width=\"162\" height=\"20\">\n<div>Material:<\/div>\n<\/td>\n<td colspan=\"1\" rowspan=\"1\" width=\"837\" height=\"20\">\n<div>PET+VMPET+PE, BOPP+Kraftpapier+VMPET+PE, etc<\/div>\n<\/td>\n<\/tr>\n<tr>\n<td colspan=\"1\" rowspan=\"1\" width=\"162\" height=\"20\">\n<div>Merkmal :<\/div>\n<\/td>\n<td colspan=\"1\" rowspan=\"1\" width=\"837\" height=\"20\">\n<div>\n<p>1). sicheres lebensmittelechtes Material und perfekter Druck<\/p>\n<div data-spm-anchor-id=\"a2700.pc-decorate.0.i62.50563333vYoKlh\">2). gro\u00dfartig, um Auslaufen zu verhindern, ausgezeichneter Feuchtigkeitsschutz<\/div>\n<div data-spm-anchor-id=\"a2700.pc-decorate.0.i62.50563333vYoKlh\">3). starke Abdichtung Boden &amp; Durable Ziplock<\/div>\n<\/div>\n<\/td>\n<\/tr>\n<tr>\n<td colspan=\"1\" rowspan=\"1\" width=\"162\" height=\"20\">\n<div>Gr\u00f6\u00dfe&amp;Dicke:<\/div>\n<\/td>\n<td colspan=\"1\" rowspan=\"1\" width=\"837\" height=\"20\">\n<div>Individuell nach Ihren Anforderungen<\/div>\n<\/td>\n<\/tr>\n<tr>\n<td colspan=\"1\" rowspan=\"1\" width=\"162\" height=\"20\">\n<div>Tintenart:<\/div>\n<\/td>\n<td colspan=\"1\" rowspan=\"1\" width=\"837\" height=\"20\">\n<div>Umweltfreundliche Sojatinte in Lebensmittelqualit\u00e4t<\/div>\n<\/td>\n<\/tr>\n<tr>\n<td colspan=\"1\" rowspan=\"1\" width=\"162\" height=\"20\">\n<div>Kapazit\u00e4t:<\/div>\n<\/td>\n<td colspan=\"1\" rowspan=\"1\" width=\"837\" height=\"20\">\n<div>100g, 200g, 250g, 500g, 1000g\/1kg, 2kg, 5kg,8oz-100oz, kundenspezifisch<\/div>\n<\/td>\n<\/tr>\n<tr>\n<td colspan=\"1\" rowspan=\"1\" width=\"162\" height=\"20\">\n<div>Anwendung:<\/div>\n<\/td>\n<td colspan=\"1\" rowspan=\"1\" width=\"837\" height=\"20\">\n<div>Lebensmittel \/ Kaffee \/ Tiernahrung \/ Tee \/ Snacks \/ N\u00fcsse \/ Molkenprotein \/ Samen, etc.<\/div>\n<\/td>\n<\/tr>\n<tr>\n<td colspan=\"1\" rowspan=\"1\" width=\"162\" height=\"20\">\n<div>Stil-Optionen:<\/div>\n<\/td>\n<td colspan=\"1\" rowspan=\"1\" width=\"837\" height=\"20\">\n<div>Flacher Boden, Stand UP, Seitenfalte, Rei\u00dfverschluss oben, mit\/ohne Fenster, Euro-Loch, etc.<\/div>\n<\/td>\n<\/tr>\n<tr>\n<td colspan=\"1\" rowspan=\"1\" width=\"162\" height=\"20\">\n<div>Qualit\u00e4tskontrolle:<\/div>\n<\/td>\n<td colspan=\"1\" rowspan=\"1\" width=\"837\" height=\"20\">\n<div data-spm-anchor-id=\"a2700.details.0.i14.1410417dX9YP5T\">Hochmoderne Ausr\u00fcstung und ein erfahrenes QC-Team kontrollieren Material, Halbfertig- und Fertigprodukte streng in jedem Schritt vor dem Versand.<\/div>\n<\/td>\n<\/tr>\n<\/tbody>\n<\/table>\n<\/div>\n<h2><strong>Arbeitsabl\u00e4ufe f\u00fcr die Vorproduktion:<\/strong><\/h2>\n<p>1. Geben Sie uns detaillierte Informationen \u00fcber den Beutel, den Sie herstellen m\u00f6chten, wie etwa Verwendungszweck, Gr\u00f6\u00dfe, Motiv, Struktur und Dicke usw. Bei Bedarf k\u00f6nnen wir Ihnen auch unsere guten und professionellen Vorschl\u00e4ge zur Auswahl unterbreiten.<\/p>\n<p>2. Wir werden entsprechend zitieren, nachdem wir alle Informationen \u00fcber den Beutel erhalten haben.<\/p>\n<p>3. Sobald der Preis von beiden Seiten best\u00e4tigt wurde, beginnen wir mit der Bearbeitung der Grafik (zu Ihrer Information: Wir m\u00fcssen die Grafik in eine f\u00fcr den Tiefdruck geeignete Version umwandeln).<\/p>\n<p>4. Einstellen des Farbstandards.<\/p>\n<p>5. Best\u00e4tigen Sie die Druckvorlage und unterzeichnen Sie den Vertrag.<\/p>\n<p>6. Die K\u00e4ufer m\u00fcssen den Zylinder (Druckkosten) und 40% Vorauszahlung der Bestellung zu zahlen.<\/p>\n<p>7. Wir fangen an, quanlity Produkte f\u00fcr Sie nach dann zu produzieren.<\/p>\n<p>&nbsp;<\/p>\n<p style=\"text-align: center;\"><img decoding=\"async\" title=\"Verpackungsbeutel f\u00fcr Obst und Gem\u00fcse\" src=\"https:\/\/www.cy-package.com\/2833\/2833-202205052254029344.jpg\" alt=\"Verpackungsbeutel f\u00fcr Obst und Gem\u00fcse\" \/><\/p>\n<p style=\"text-align: center;\"><img decoding=\"async\" title=\"Verpackungsbeutel f\u00fcr Obst und Gem\u00fcse\" src=\"https:\/\/www.cy-package.com\/2833\/2833-202205052254023652.jpg\" alt=\"Verpackungsbeutel f\u00fcr Obst und Gem\u00fcse\" \/><\/p>\n<p>&nbsp;<\/p>\n<p style=\"text-align: center;\">\n<\/div>","protected":false},"excerpt":{"rendered":"<p class=\"wui-p-v-4\"><span class=\"wui-text-color-accents wui-text-weight-bold\">Marke:<\/span> <span class=\"wui-text-color-primary\">CY-PACK<\/span><\/p>\n<p class=\"wui-p-v-4\"><span class=\"wui-text-color-accents wui-text-weight-bold\">Herkunft des Produkts:<\/span> <span class=\"wui-text-color-primary\">China<\/span><\/p>\n<p class=\"wui-p-v-4\"><span class=\"wui-text-color-accents wui-text-weight-bold\">Lieferfrist:<\/span> <span class=\"wui-text-color-primary\">25 Tage Vorlaufzeit<\/span><\/p>\n<p class=\"wui-p-v-4\"><span class=\"wui-text-color-accents wui-text-weight-bold\">Lieferkapazit\u00e4t:<\/span> <span class=\"wui-text-color-primary\">1200 Tonnen\/Monat<\/span><\/p>\n<p class=\"wui-p-v-4\">1.Size: 14cmW*20cm H 3-side seal<br \/>\n2.Materials: BOPP\/PAPER\/PE<br \/>\n3. dicke:145mic<br \/>\n4.Printing: 6 colors by high speed automatic intaglio printing machine ,can up to 10 colors<br \/>\n5.Usage: for kinds of vegetable seeds or food<br \/>\n6. menge: 10000St\u00fcck<br \/>\n8. Alle unsere Produkte sind ma\u00dfgeschneidert, Details der Tasche oder Folie wie Gr\u00f6\u00dfe, Materialien, Dicke, Druck accordong zu Ihren Entscheidungen. Wenn Sie neu zu diesen sind, pls sagen uns mehr Informationen, wie Sie k\u00f6nnen, wir werden die besten Zwickel an Materialien und Dicke tun.<\/p>","protected":false},"featured_media":464,"comment_status":"open","ping_status":"closed","template":"","meta":{"_seopress_robots_primary_cat":"none","_seopress_titles_title":"","_seopress_titles_desc":"","_seopress_robots_index":"","_monsterinsights_skip_tracking":false,"_monsterinsights_sitenote_active":false,"_monsterinsights_sitenote_note":"","_monsterinsights_sitenote_category":0,"_kad_post_transparent":"default","_kad_post_title":"","_kad_post_layout":"default","_kad_post_sidebar_id":"","_kad_post_content_style":"default","_kad_post_vertical_padding":"default","_kad_post_feature":"","_kad_post_feature_position":"","_kad_post_header":false,"_kad_post_footer":false},"product_brand":[],"product_cat":[28],"product_tag":[],"class_list":{"0":"post-347","1":"product","2":"type-product","3":"status-publish","4":"has-post-thumbnail","6":"product_cat-food-packaging-bag","8":"first","9":"instock","10":"shipping-taxable","11":"product-type-simple","12":"entry","13":"content-bg","14":"loop-entry"},"_links":{"self":[{"href":"https:\/\/www.cy-package.com\/de\/wp-json\/wp\/v2\/product\/347","targetHints":{"allow":["GET"]}}],"collection":[{"href":"https:\/\/www.cy-package.com\/de\/wp-json\/wp\/v2\/product"}],"about":[{"href":"https:\/\/www.cy-package.com\/de\/wp-json\/wp\/v2\/types\/product"}],"replies":[{"embeddable":true,"href":"https:\/\/www.cy-package.com\/de\/wp-json\/wp\/v2\/comments?post=347"}],"version-history":[{"count":2,"href":"https:\/\/www.cy-package.com\/de\/wp-json\/wp\/v2\/product\/347\/revisions"}],"predecessor-version":[{"id":2356,"href":"https:\/\/www.cy-package.com\/de\/wp-json\/wp\/v2\/product\/347\/revisions\/2356"}],"wp:featuredmedia":[{"embeddable":true,"href":"https:\/\/www.cy-package.com\/de\/wp-json\/wp\/v2\/media\/464"}],"wp:attachment":[{"href":"https:\/\/www.cy-package.com\/de\/wp-json\/wp\/v2\/media?parent=347"}],"wp:term":[{"taxonomy":"product_brand","embeddable":true,"href":"https:\/\/www.cy-package.com\/de\/wp-json\/wp\/v2\/product_brand?post=347"},{"taxonomy":"product_cat","embeddable":true,"href":"https:\/\/www.cy-package.com\/de\/wp-json\/wp\/v2\/product_cat?post=347"},{"taxonomy":"product_tag","embeddable":true,"href":"https:\/\/www.cy-package.com\/de\/wp-json\/wp\/v2\/product_tag?post=347"}],"curies":[{"name":"wp","href":"https:\/\/api.w.org\/{rel}","templated":true}]}}