{"id":349,"date":"2024-09-05T10:28:41","date_gmt":"2024-09-05T02:28:41","guid":{"rendered":"https:\/\/www.cy-package.com\/?post_type=product&#038;p=349"},"modified":"2026-01-20T17:07:24","modified_gmt":"2026-01-20T09:07:24","slug":"kundenspezifischer-druck-3-seite-siegel-lebensmittel-verpackung-tasche","status":"publish","type":"product","link":"https:\/\/www.cy-package.com\/de\/produkt\/kundenspezifischer-druck-3-seite-siegel-lebensmittel-verpackung-tasche\/","title":{"rendered":"Kundenspezifischer Druck 3 Seite Siegel Lebensmittelverpackung Tasche"},"content":{"rendered":"<div style=\"text-align: center;\"><span style=\"font-size: 24px;\"><strong><em>Kontaktieren Sie uns!! Erhalten Sie eine kostenlose Probe!!<\/em><\/strong><\/span><\/div>\n<p><span style=\"font-size: 20px;\"><strong><em>TIPPS:<\/em><\/strong><\/span><br \/>\n1. unterst\u00fctzt OEM\/ODM-Anpassung????<strong>Willkommen bei uns??<\/strong><br \/>\n2. jetzt gibt es Sonderangebote. Sie k\u00f6nnen sie erhalten durch <strong>eine Anfrage senden?<\/strong><br \/>\n3. unterst\u00fctzen Probe, brauchen Probe zu <strong>Anfrage senden, um uns zu kontaktieren?<\/strong><\/p>\n<p>&nbsp;<\/p>\n<p style=\"text-align: center;\"><strong><span style=\"font-size: 20px;\">3-Seiten-Siegelbeutel f\u00fcr Lebensmittelverpackungen<\/span><\/strong><\/p>\n<p>CYPACK bietet individuell bedruckte 3-Seiten-Siegel-Beutel an. Der 3-Seiten-Siegelbeutel hat eine \u00e4hnliche Form wie ein 4-Seiten-Siegelbeutel. Der Hauptunterschied besteht darin, dass die Vorder- und R\u00fcckseiten des Beutels an 3 Seiten versiegelt und an einer Seite gefaltet sind. Im Allgemeinen ist die Unterseite des Beutels gefaltet, wodurch sich der Beutel biegen kann und die Produkte sich gut am Boden absetzen k\u00f6nnen. Dies ist eine beliebte Beutelart f\u00fcr gemahlenen Kaffee, Gew\u00fcrze, Fl\u00fcssigkeiten und \u00e4hnliche Produkte. Dieses Beutelformat ist auch eine gute Option, wenn die Einheitlichkeit der Verpackung wichtig ist. In manchen F\u00e4llen werden zum Beispiel mehrere 3-Seiten-Siegelbeutel in einer Faltschachtel oder einem Karton weiter verpackt. Die Schachtel wird dann im Regal f\u00fcr den Einzelhandel ausgestellt. So k\u00f6nnen die Verbraucher mehrere Packungen in einer Schachtel kaufen. Bei dieser Art von Beuteln ist ein Branding auf der Vorder- und R\u00fcckseite m\u00f6glich.<\/p>\n<h2>Vorteil von 3 Side Seal Beuteln:<\/h2>\n<ul class=\"list-paddingleft-2\">\n<li>Kosteng\u00fcnstige flexible Verpackungsoption<\/li>\n<li>Mehr Beutelvolumen als 4-Seiten-Siegelbeutel<\/li>\n<li>Gute Einheitlichkeit der Verpackung f\u00fcr die Kartonierung<\/li>\n<li>Einfacher Zugang zu Produkten mit Aufrei\u00dfkerbe<\/li>\n<li>Kann f\u00fcr Hochgeschwindigkeits-Verpackungsanwendungen verwendet werden<\/li>\n<li>Kosteng\u00fcnstige Lagerung und Transport<\/li>\n<li>Bis zu 10 Farben im Tiefdruckverfahren<\/li>\n<li>Gl\u00e4nzende, matte oder UV-Lackierung<\/li>\n<li>Metallisierte und nicht-metallisierte Materialstrukturen k\u00f6nnen verwendet werden<\/li>\n<\/ul>\n<div>\n<p><span style=\"font-size: 18px;\"><strong>Produkt-Paramenter<\/strong><\/span><\/p>\n<\/div>\n<div>\n<div class=\"nei-table\">\n<div class=\"nei-table\">\n<table width=\"1000\">\n<tbody>\n<tr class=\"firstRow\">\n<td colspan=\"1\" rowspan=\"1\" width=\"162\" height=\"20\">\n<div style=\"text-align: left;\">Materialqualit\u00e4t:<\/div>\n<\/td>\n<td colspan=\"1\" rowspan=\"1\" width=\"837\" height=\"20\">\n<div>Lebensmittelgeeignetes Material<\/div>\n<\/td>\n<\/tr>\n<tr>\n<td colspan=\"1\" rowspan=\"1\" width=\"162\" height=\"20\">\n<div>Material:<\/div>\n<\/td>\n<td colspan=\"1\" rowspan=\"1\" width=\"837\" height=\"20\">\n<div>PET+VMPET+PE, BOPP+Kraft Paper+VMPET+PE,\u00a0Aluminum Foil\u00a0etc<\/div>\n<\/td>\n<\/tr>\n<tr>\n<td colspan=\"1\" rowspan=\"1\" width=\"162\" height=\"20\">\n<div>Merkmal :<\/div>\n<\/td>\n<td colspan=\"1\" rowspan=\"1\" width=\"837\" height=\"20\">\n<div>\n<p>1). sicheres lebensmittelechtes Material und perfekter Druck<\/p>\n<div data-spm-anchor-id=\"a2700.pc-decorate.0.i62.50563333vYoKlh\">2). gro\u00dfartig, um Auslaufen zu verhindern, ausgezeichneter Feuchtigkeitsschutz<\/div>\n<div data-spm-anchor-id=\"a2700.pc-decorate.0.i62.50563333vYoKlh\">3). starke Abdichtung Boden &amp; Durable Ziplock<\/div>\n<\/div>\n<\/td>\n<\/tr>\n<tr>\n<td colspan=\"1\" rowspan=\"1\" width=\"162\" height=\"20\">\n<div>Gr\u00f6\u00dfe&amp;Dicke:<\/div>\n<\/td>\n<td colspan=\"1\" rowspan=\"1\" width=\"837\" height=\"20\">\n<div>Individuell nach Ihren Anforderungen<\/div>\n<\/td>\n<\/tr>\n<tr>\n<td colspan=\"1\" rowspan=\"1\" width=\"162\" height=\"20\">\n<div>Tintenart:<\/div>\n<\/td>\n<td colspan=\"1\" rowspan=\"1\" width=\"837\" height=\"20\">\n<div>Umweltfreundliche Sojatinte in Lebensmittelqualit\u00e4t<\/div>\n<\/td>\n<\/tr>\n<tr>\n<td colspan=\"1\" rowspan=\"1\" width=\"162\" height=\"20\">\n<div>Kapazit\u00e4t:<\/div>\n<\/td>\n<td colspan=\"1\" rowspan=\"1\" width=\"837\" height=\"20\">\n<div>100g, 200g, 250g, 500g, 1000g\/1kg, 2kg, 5kg,8oz-100oz, kundenspezifisch<\/div>\n<\/td>\n<\/tr>\n<tr>\n<td colspan=\"1\" rowspan=\"1\" width=\"162\" height=\"20\">\n<div>Anwendung:<\/div>\n<\/td>\n<td colspan=\"1\" rowspan=\"1\" width=\"837\" height=\"20\">\n<div>Lebensmittel \/ Kaffee \/ Tiernahrung \/ Tee \/ Snacks \/ N\u00fcsse \/ Molkenprotein \/ Samen, etc.<\/div>\n<\/td>\n<\/tr>\n<tr>\n<td colspan=\"1\" rowspan=\"1\" width=\"162\" height=\"20\">\n<div>Stil-Optionen:<\/div>\n<\/td>\n<td colspan=\"1\" rowspan=\"1\" width=\"837\" height=\"20\">\n<div>Flacher Boden, Stand UP, Seitenfalte, Rei\u00dfverschluss oben, mit\/ohne Fenster, Euro-Loch, etc.<\/div>\n<\/td>\n<\/tr>\n<tr>\n<td colspan=\"1\" rowspan=\"1\" width=\"162\" height=\"20\">\n<div>Qualit\u00e4tskontrolle:<\/div>\n<\/td>\n<td colspan=\"1\" rowspan=\"1\" width=\"837\" height=\"20\">\n<div data-spm-anchor-id=\"a2700.details.0.i14.1410417dX9YP5T\">Hochmoderne Ausr\u00fcstung und ein erfahrenes QC-Team kontrollieren Material, Halbfertig- und Fertigprodukte streng in jedem Schritt vor dem Versand.<\/div>\n<\/td>\n<\/tr>\n<\/tbody>\n<\/table>\n<\/div>\n<\/div>\n<p style=\"text-align: center;\">\n<\/div>","protected":false},"excerpt":{"rendered":"<p class=\"wui-p-v-4\"><span class=\"wui-text-color-accents wui-text-weight-bold\">Marke:<\/span> <span class=\"wui-text-color-primary\">CY-PACK<\/span><\/p>\n<p class=\"wui-p-v-4\"><span class=\"wui-text-color-accents wui-text-weight-bold\">Herkunft des Produkts:<\/span> <span class=\"wui-text-color-primary\">China<\/span><\/p>\n<p class=\"wui-p-v-4\"><span class=\"wui-text-color-accents wui-text-weight-bold\">Lieferfrist:<\/span> <span class=\"wui-text-color-primary\">25 Tage Vorlaufzeit<\/span><\/p>\n<p class=\"wui-p-v-4\">Kosteng\u00fcnstige flexible Verpackungsoption<br \/>\nMehr Beutelvolumen als 4-Seiten-Siegelbeutel<br \/>\nGute Einheitlichkeit der Verpackung f\u00fcr die Kartonierung<br \/>\nEinfacher Zugang zu Produkten mit Aufrei\u00dfkerbe<br \/>\nKann f\u00fcr Hochgeschwindigkeits-Verpackungsanwendungen verwendet werden<br \/>\nKosteng\u00fcnstige Lagerung und Transport<br \/>\nBis zu 10 Farben im Tiefdruckverfahren<br \/>\nGl\u00e4nzende, matte oder UV-Lackierung<br \/>\nMetallisierte und nicht-metallisierte Materialstrukturen k\u00f6nnen verwendet werden<\/p>","protected":false},"featured_media":473,"comment_status":"open","ping_status":"closed","template":"","meta":{"_seopress_robots_primary_cat":"none","_seopress_titles_title":"","_seopress_titles_desc":"","_seopress_robots_index":"","_monsterinsights_skip_tracking":false,"_monsterinsights_sitenote_active":false,"_monsterinsights_sitenote_note":"","_monsterinsights_sitenote_category":0,"_kad_post_transparent":"default","_kad_post_title":"","_kad_post_layout":"default","_kad_post_sidebar_id":"","_kad_post_content_style":"default","_kad_post_vertical_padding":"default","_kad_post_feature":"","_kad_post_feature_position":"","_kad_post_header":false,"_kad_post_footer":false},"product_brand":[],"product_cat":[28],"product_tag":[],"class_list":{"0":"post-349","1":"product","2":"type-product","3":"status-publish","4":"has-post-thumbnail","6":"product_cat-food-packaging-bag","8":"first","9":"instock","10":"shipping-taxable","11":"product-type-simple","12":"entry","13":"content-bg","14":"loop-entry"},"_links":{"self":[{"href":"https:\/\/www.cy-package.com\/de\/wp-json\/wp\/v2\/product\/349","targetHints":{"allow":["GET"]}}],"collection":[{"href":"https:\/\/www.cy-package.com\/de\/wp-json\/wp\/v2\/product"}],"about":[{"href":"https:\/\/www.cy-package.com\/de\/wp-json\/wp\/v2\/types\/product"}],"replies":[{"embeddable":true,"href":"https:\/\/www.cy-package.com\/de\/wp-json\/wp\/v2\/comments?post=349"}],"version-history":[{"count":2,"href":"https:\/\/www.cy-package.com\/de\/wp-json\/wp\/v2\/product\/349\/revisions"}],"predecessor-version":[{"id":2358,"href":"https:\/\/www.cy-package.com\/de\/wp-json\/wp\/v2\/product\/349\/revisions\/2358"}],"wp:featuredmedia":[{"embeddable":true,"href":"https:\/\/www.cy-package.com\/de\/wp-json\/wp\/v2\/media\/473"}],"wp:attachment":[{"href":"https:\/\/www.cy-package.com\/de\/wp-json\/wp\/v2\/media?parent=349"}],"wp:term":[{"taxonomy":"product_brand","embeddable":true,"href":"https:\/\/www.cy-package.com\/de\/wp-json\/wp\/v2\/product_brand?post=349"},{"taxonomy":"product_cat","embeddable":true,"href":"https:\/\/www.cy-package.com\/de\/wp-json\/wp\/v2\/product_cat?post=349"},{"taxonomy":"product_tag","embeddable":true,"href":"https:\/\/www.cy-package.com\/de\/wp-json\/wp\/v2\/product_tag?post=349"}],"curies":[{"name":"wp","href":"https:\/\/api.w.org\/{rel}","templated":true}]}}