{"id":1078,"date":"2024-11-05T11:09:42","date_gmt":"2024-11-05T03:09:42","guid":{"rendered":"https:\/\/www.cy-package.com\/?post_type=product&#038;p=1078"},"modified":"2026-01-20T10:27:09","modified_gmt":"2026-01-20T02:27:09","slug":"bolsas-de-plastico-para-envasar-alimentos-con-fondo-plano-2","status":"publish","type":"product","link":"https:\/\/www.cy-package.com\/es\/producto\/bolsas-de-plastico-para-envasar-alimentos-con-fondo-plano-2\/","title":{"rendered":"Envasado flexible personalizado con bolsas zip stand up impresas"},"content":{"rendered":"<p><span style=\"color: #0e37b3; font-size: 24px;\"><strong style=\"font-family: var(--global-body-font-family);\">Par\u00e1metros del producto<\/strong><\/span><\/p>\n<div>\n<div class=\"nei-table\">\n<div>\n<table style=\"border-collapse: collapse; width: 100%;\">\n<tbody>\n<tr>\n<td style=\"width: 19.8374%;\">Material:<\/td>\n<td style=\"width: 80.1626%;\">PET+VMPET+PE, BOPP+papel kraft+VMPET+PE, etc.<\/td>\n<\/tr>\n<tr>\n<td style=\"width: 19.8374%;\">Tipo de tinta:<\/td>\n<td style=\"width: 80.1626%;\">Tinta de soja ecol\u00f3gica de calidad alimentaria<\/td>\n<\/tr>\n<tr>\n<td style=\"width: 19.8374%;\">Aplicaci\u00f3n:<\/td>\n<td style=\"width: 80.1626%;\">Alimentaci\u00f3n \/ Caf\u00e9 \/ Comida para mascotas \/ T\u00e9 \/ Aperitivos \/ Frutos secos \/ Prote\u00edna de suero \/ Semillas, etc.<\/td>\n<\/tr>\n<tr>\n<td style=\"width: 19.8374%;\">Opciones de estilo:<\/td>\n<td style=\"width: 80.1626%;\">Fondo plano, Stand UP, fuelle lateral, cremallera superior, con\/sin ventana, Euro Hole, etc.<\/td>\n<\/tr>\n<tr>\n<td style=\"width: 19.8374%;\">Control de calidad:<\/td>\n<td style=\"width: 80.1626%;\">El equipo avanzado y el equipo experimentado del control de calidad comprobar\u00e1n el material, los productos semielaborados y acabados terminantemente en cada paso antes de enviar.<\/td>\n<\/tr>\n<\/tbody>\n<\/table>\n<\/div>\n<\/div>\n<\/div>\n<p>&nbsp;<\/p>\n<p><img fetchpriority=\"high\" decoding=\"async\" class=\"size-medium wp-image-1100 aligncenter\" src=\"https:\/\/www.cy-package.com\/wp-content\/uploads\/2024\/11\/5-300x300.jpg\" alt=\"bolsas stand up\" width=\"300\" height=\"300\" srcset=\"https:\/\/www.cy-package.com\/wp-content\/uploads\/2024\/11\/5-300x300.jpg 300w, https:\/\/www.cy-package.com\/wp-content\/uploads\/2024\/11\/5-1024x1024.jpg 1024w, https:\/\/www.cy-package.com\/wp-content\/uploads\/2024\/11\/5-150x150.jpg 150w, https:\/\/www.cy-package.com\/wp-content\/uploads\/2024\/11\/5-768x768.jpg 768w, https:\/\/www.cy-package.com\/wp-content\/uploads\/2024\/11\/5-12x12.jpg 12w, https:\/\/www.cy-package.com\/wp-content\/uploads\/2024\/11\/5-600x600.jpg 600w, https:\/\/www.cy-package.com\/wp-content\/uploads\/2024\/11\/5-800x800.jpg 800w, https:\/\/www.cy-package.com\/wp-content\/uploads\/2024\/11\/5-100x100.jpg 100w, https:\/\/www.cy-package.com\/wp-content\/uploads\/2024\/11\/5.jpg 1500w\" sizes=\"(max-width: 300px) 100vw, 300px\" \/><\/p>\n<div>\n<h2><span style=\"font-size: 24px; color: #0e37b3;\"><strong>Por qu\u00e9 CY PACK<\/strong><\/span><\/h2>\n<p>CY PACK es un fabricante de confianza que puede ayudarle a personalizar envases flexibles impresos cremallera de pie pouches.CY PACK tienen estas ventajas:<\/p>\n<p>\u2606 Materiales de alta calidad: CY PACK utiliza materiales ecol\u00f3gicos de alta calidad para garantizar que los productos sean seguros y duraderos.<\/p>\n<p>Personalizaci\u00f3n profesional: Proporcionar servicios de dise\u00f1o personalizados para satisfacer sus necesidades \u00fanicas.<\/p>\n<p>\u2606 Tecnolog\u00eda avanzada: CY PACK Utilice tecnolog\u00eda de impresi\u00f3n moderna para garantizar colores brillantes y patrones claros.<\/p>\n<p>\u2606 Excelente servicio: El equipo profesional de CY PACK proporciona la ayuda vers\u00e1til para asegurar su experiencia satisfactoria.<\/p>\n<p>\u2606 Fabricante en origen:Reduzca sus costes operativos desde el origen.<\/p>\n<p>\u2606 Control de calidad: Problemas de calidad, compensaci\u00f3n o rehacer.<\/p>\n<p>&nbsp;<\/p>\n<p style=\"text-align: center;\">\n<\/div>","protected":false},"excerpt":{"rendered":"<p class=\"wui-p-v-4\"><span class=\"wui-text-color-accents wui-text-weight-bold\">Marca:<\/span> <span class=\"wui-text-color-primary\">PAQUETE CY<\/span><\/p>\n<p class=\"wui-p-v-4\"><span class=\"wui-text-color-accents wui-text-weight-bold\">Origen del producto:<\/span> <span class=\"wui-text-color-primary\">China<\/span><\/p>\n<p class=\"wui-p-v-4\"><span class=\"wui-text-color-accents wui-text-weight-bold\">Plazo de entrega:<\/span> <span class=\"wui-text-color-primary\">20 d\u00edas de plazo<\/span><\/p>\n<p class=\"wui-p-v-4\"><span class=\"wui-text-color-accents wui-text-weight-bold\">Capacidad de suministro:<\/span> <span class=\"wui-text-color-primary\">1200 toneladas \/mes<\/span><\/p>\n<p>Las bolsas autoportantes\uff08tambi\u00e9n llamadas doypack\uff09 suelen estar hechas de pl\u00e1stico o materiales compuestos. Su dise\u00f1o permite que las bolsas se sostengan por s\u00ed solas sin necesidad de soporte externo, lo que resulta c\u00f3modo para su exposici\u00f3n y almacenamiento. Los envases flexibles de bolsa autoportante se utilizan mucho en el comercio minorista y la industria alimentaria por su comodidad y buen efecto expositivo. Las caracter\u00edsticas de las bolsas zip stand up son las siguientes:<br \/>\n1.F\u00e1cil de abrir y cerrar<br \/>\n2.Buen sellado<br \/>\n3. Atractivo visual<br \/>\n4.Ligero y f\u00e1cil de transportar<\/p>","protected":false},"featured_media":1079,"comment_status":"open","ping_status":"closed","template":"","meta":{"_seopress_robots_primary_cat":"none","_seopress_titles_title":"Custom flexible packaging printed zipper stand up pouches","_seopress_titles_desc":"CY PACK is a manufacture in China, accept custom flexible packaging such as printed  stand up pouches, flat bottom pouches, coffee bags,roll stock ect..","_seopress_robots_index":"","_monsterinsights_skip_tracking":false,"_monsterinsights_sitenote_active":false,"_monsterinsights_sitenote_note":"","_monsterinsights_sitenote_category":0,"_kad_post_transparent":"default","_kad_post_title":"","_kad_post_layout":"default","_kad_post_sidebar_id":"","_kad_post_content_style":"default","_kad_post_vertical_padding":"default","_kad_post_feature":"","_kad_post_feature_position":"","_kad_post_header":false,"_kad_post_footer":false},"product_brand":[],"product_cat":[39],"product_tag":[],"class_list":{"0":"post-1078","1":"product","2":"type-product","3":"status-publish","4":"has-post-thumbnail","6":"product_cat-stand-up-pouches","8":"first","9":"instock","10":"shipping-taxable","11":"product-type-simple","12":"entry","13":"content-bg","14":"loop-entry"},"_links":{"self":[{"href":"https:\/\/www.cy-package.com\/es\/wp-json\/wp\/v2\/product\/1078","targetHints":{"allow":["GET"]}}],"collection":[{"href":"https:\/\/www.cy-package.com\/es\/wp-json\/wp\/v2\/product"}],"about":[{"href":"https:\/\/www.cy-package.com\/es\/wp-json\/wp\/v2\/types\/product"}],"replies":[{"embeddable":true,"href":"https:\/\/www.cy-package.com\/es\/wp-json\/wp\/v2\/comments?post=1078"}],"version-history":[{"count":5,"href":"https:\/\/www.cy-package.com\/es\/wp-json\/wp\/v2\/product\/1078\/revisions"}],"predecessor-version":[{"id":2354,"href":"https:\/\/www.cy-package.com\/es\/wp-json\/wp\/v2\/product\/1078\/revisions\/2354"}],"wp:featuredmedia":[{"embeddable":true,"href":"https:\/\/www.cy-package.com\/es\/wp-json\/wp\/v2\/media\/1079"}],"wp:attachment":[{"href":"https:\/\/www.cy-package.com\/es\/wp-json\/wp\/v2\/media?parent=1078"}],"wp:term":[{"taxonomy":"product_brand","embeddable":true,"href":"https:\/\/www.cy-package.com\/es\/wp-json\/wp\/v2\/product_brand?post=1078"},{"taxonomy":"product_cat","embeddable":true,"href":"https:\/\/www.cy-package.com\/es\/wp-json\/wp\/v2\/product_cat?post=1078"},{"taxonomy":"product_tag","embeddable":true,"href":"https:\/\/www.cy-package.com\/es\/wp-json\/wp\/v2\/product_tag?post=1078"}],"curies":[{"name":"wp","href":"https:\/\/api.w.org\/{rel}","templated":true}]}}