{"id":1205,"date":"2024-12-02T14:08:53","date_gmt":"2024-12-02T06:08:53","guid":{"rendered":"https:\/\/www.cy-package.com\/?post_type=product&#038;p=1205"},"modified":"2026-01-20T10:16:59","modified_gmt":"2026-01-20T02:16:59","slug":"bolsas-de-plastico-para-envasar-alimentos-con-fondo-plano-3","status":"publish","type":"product","link":"https:\/\/www.cy-package.com\/es\/producto\/bolsas-de-plastico-para-envasar-alimentos-con-fondo-plano-3\/","title":{"rendered":"Bolsas con Cremallera Resellables para Alimentos Bolsas de Fondo Plano para Envases"},"content":{"rendered":"<div data-elementor-type=\"product-post\" data-elementor-id=\"1205\" class=\"elementor elementor-1205\" data-elementor-post-type=\"product\">\n\t\t\t\t\t\t<section class=\"elementor-section elementor-top-section elementor-element elementor-element-675ea937 elementor-section-boxed elementor-section-height-default elementor-section-height-default\" data-id=\"675ea937\" data-element_type=\"section\">\n\t\t\t\t\t\t<div class=\"elementor-container elementor-column-gap-default\">\n\t\t\t\t\t<div class=\"elementor-column elementor-col-100 elementor-top-column elementor-element elementor-element-31ed66d8\" data-id=\"31ed66d8\" data-element_type=\"column\">\n\t\t\t<div class=\"elementor-widget-wrap elementor-element-populated\">\n\t\t\t\t\t\t<div class=\"elementor-element elementor-element-1fe0dad7 elementor-widget elementor-widget-text-editor\" data-id=\"1fe0dad7\" data-element_type=\"widget\" data-widget_type=\"text-editor.default\">\n\t\t\t\t<div class=\"elementor-widget-container\">\n\t\t\t\t\t\t\t\t\t<hr \/><p><span style=\"color: #2b6cb0; font-size: 20px;\"><strong style=\"font-family: var(--global-body-font-family);\">Par\u00e1metros del producto<\/strong><\/span><\/p><div><div class=\"nei-table\"><div><table style=\"border-collapse: collapse; width: 100%;\"><tbody><tr><td style=\"width: 19.8374%;\">Material:<\/td><td style=\"width: 80.1626%;\">PET+VMPET+PE, BOPP+papel kraft+VMPET+PE, etc.<\/td><\/tr><tr><td style=\"width: 19.8374%;\">Tipo de tinta:<\/td><td style=\"width: 80.1626%;\">Tinta de soja ecol\u00f3gica de calidad alimentaria<\/td><\/tr><tr><td style=\"width: 19.8374%;\">Aplicaci\u00f3n:<\/td><td style=\"width: 80.1626%;\">Alimentaci\u00f3n \/ Caf\u00e9 \/ Comida para mascotas \/ T\u00e9 \/ Aperitivos \/ Frutos secos \/ Prote\u00edna de suero \/ Semillas, etc.<\/td><\/tr><tr><td style=\"width: 19.8374%;\">Opciones de estilo:<\/td><td style=\"width: 80.1626%;\">Fondo plano, Stand UP, fuelle lateral, cremallera superior, con\/sin ventana, Euro Hole, etc.<\/td><\/tr><tr><td style=\"width: 19.8374%;\">Control de calidad:<\/td><td style=\"width: 80.1626%;\">El equipo avanzado y el equipo experimentado del control de calidad comprobar\u00e1n el material, los productos semielaborados y acabados terminantemente en cada paso antes de enviar.<\/td><\/tr><\/tbody><\/table><\/div><\/div><\/div><p><img fetchpriority=\"high\" decoding=\"async\" class=\"size-medium wp-image-1208 alignleft\" src=\"https:\/\/www.cy-package.com\/wp-content\/uploads\/2024\/12\/8-300x300.jpg\" alt=\" Bolsas de embalaje de fondo plano\" width=\"300\" height=\"300\" srcset=\"https:\/\/www.cy-package.com\/wp-content\/uploads\/2024\/12\/8-300x300.jpg 300w, https:\/\/www.cy-package.com\/wp-content\/uploads\/2024\/12\/8-150x150.jpg 150w, https:\/\/www.cy-package.com\/wp-content\/uploads\/2024\/12\/8-768x768.jpg 768w, https:\/\/www.cy-package.com\/wp-content\/uploads\/2024\/12\/8-12x12.jpg 12w, https:\/\/www.cy-package.com\/wp-content\/uploads\/2024\/12\/8-600x600.jpg 600w, https:\/\/www.cy-package.com\/wp-content\/uploads\/2024\/12\/8-100x100.jpg 100w, https:\/\/www.cy-package.com\/wp-content\/uploads\/2024\/12\/8.jpg 800w\" sizes=\"(max-width: 300px) 100vw, 300px\" \/><\/p><div><p>Las bolsas de fondo plano son m\u00e1s resistentes a la exposici\u00f3n y se mantienen mejor en pie que las bolsas stand up. Las bolsas de fondo plano se est\u00e1n popularizando r\u00e1pidamente en la industria del envasado flexible. Debido a sus caracter\u00edsticas simples y f\u00e1ciles de usar, las bolsas de fondo plano se han convertido en un tipo de bolsa popular en el envasado de alimentos para mascotas.<\/p><p>Las cremalleras deslizantes se utilizan ampliamente en bolsas de comida para mascotas de gran tama\u00f1o, como las bolsas de comida para perros de 20 kg. No es dif\u00edcil encontrar que las cremalleras deslizantes se aplican m\u00e1s en las bolsas de alimentos para mascotas que son m\u00e1s de 20 kg, y las bolsas son por lo general cuatro quad sellar unos tambi\u00e9n.<\/p><p>\u00a0<\/p><p>\u00a0<\/p><h2><span style=\"font-size: 20px; color: #2a86bf;\"><strong>\u00a0<\/strong><\/span><\/h2><h2><span style=\"font-size: 20px; color: #2a86bf;\"><strong>\u00a0<\/strong><\/span><\/h2><h2><span style=\"font-size: 20px; color: #2a86bf;\"><strong>\u00a0<\/strong><\/span><\/h2><h2><span style=\"font-size: 20px; color: #2b6cb0;\"><strong>Por qu\u00e9 CY PACK<\/strong><\/span><\/h2><hr \/><p>CY PACK es un fabricante de confianza que puede ayudarle a personalizar envases flexibles impresos cremallera de pie pouches.CY PACK tienen estas ventajas:<\/p><p>\u2606 Materiales de alta calidad: CY PACK utiliza materiales ecol\u00f3gicos de alta calidad para garantizar que los productos sean seguros y duraderos.<\/p><p>Personalizaci\u00f3n profesional: Proporcionar servicios de dise\u00f1o personalizados para satisfacer sus necesidades \u00fanicas.<\/p><p>\u2606 Tecnolog\u00eda avanzada: CY PACK Utilice tecnolog\u00eda de impresi\u00f3n moderna para garantizar colores brillantes y patrones claros.<\/p><p>\u2606 Excelente servicio: El equipo profesional de CY PACK proporciona la ayuda vers\u00e1til para asegurar su experiencia satisfactoria.<\/p><p>\u2606 Fabricante en origen:Reduzca sus costes operativos desde el origen.<\/p><p>\u2606 Control de calidad: Problemas de calidad, compensaci\u00f3n o rehacer.<\/p><p>\u00a0<\/p><p style=\"text-align: center;\">\u00a0<\/p><\/div>\t\t\t\t\t\t\t\t<\/div>\n\t\t\t\t<\/div>\n\t\t\t\t\t<\/div>\n\t\t<\/div>\n\t\t\t\t\t<\/div>\n\t\t<\/section>\n\t\t\t\t<\/div>","protected":false},"excerpt":{"rendered":"<p class=\"wui-p-v-4\"><span class=\"wui-text-color-accents wui-text-weight-bold\">Marca:<\/span> <span class=\"wui-text-color-primary\">PAQUETE CY<\/span><\/p>\n<p class=\"wui-p-v-4\"><span class=\"wui-text-color-accents wui-text-weight-bold\">Origen del producto:<\/span> <span class=\"wui-text-color-primary\">China<\/span><\/p>\n<p class=\"wui-p-v-4\"><span class=\"wui-text-color-accents wui-text-weight-bold\">Plazo de entrega:<\/span> 3<span class=\"wui-text-color-primary\">0 d\u00edas de plazo<\/span><\/p>\n<p>1.Las bolsas de fondo plano son las soluciones de envasado de alimentos para mascotas m\u00e1s populares del mundo.<\/p>\n<p>2.Bolsa de envasado de alimentos de fondo plano debido a su buena sensaci\u00f3n est\u00e9reo, mostrar clase miradas, ambiente de gama alta, popular entre los consumidores.<\/p>\n<p>3.Las bolsas de embalaje de fondo plano con cremallera resellable facilitan a los consumidores la apertura y el uso repetido y mantienen el producto fresco.<\/p>","protected":false},"featured_media":1208,"comment_status":"open","ping_status":"closed","template":"","meta":{"_seopress_robots_primary_cat":"none","_seopress_titles_title":"Resealable Zipper Food Bags Flat Bottom Packaging Bags","_seopress_titles_desc":"CY PACK is a manufacture in China, accept custom flexible packaging such as printed flat bottom pouches bags, coffee bags,  stand up pouches,roll stock ect..","_seopress_robots_index":"","_monsterinsights_skip_tracking":false,"_monsterinsights_sitenote_active":false,"_monsterinsights_sitenote_note":"","_monsterinsights_sitenote_category":0,"_kad_post_transparent":"default","_kad_post_title":"","_kad_post_layout":"default","_kad_post_sidebar_id":"","_kad_post_content_style":"default","_kad_post_vertical_padding":"default","_kad_post_feature":"","_kad_post_feature_position":"","_kad_post_header":false,"_kad_post_footer":false},"product_brand":[],"product_cat":[41],"product_tag":[42],"class_list":{"0":"post-1205","1":"product","2":"type-product","3":"status-publish","4":"has-post-thumbnail","6":"product_cat-flat-bottom-pouches","7":"product_tag-flat-bottom-bags","9":"first","10":"instock","11":"shipping-taxable","12":"product-type-simple","13":"entry","14":"content-bg","15":"loop-entry"},"_links":{"self":[{"href":"https:\/\/www.cy-package.com\/es\/wp-json\/wp\/v2\/product\/1205","targetHints":{"allow":["GET"]}}],"collection":[{"href":"https:\/\/www.cy-package.com\/es\/wp-json\/wp\/v2\/product"}],"about":[{"href":"https:\/\/www.cy-package.com\/es\/wp-json\/wp\/v2\/types\/product"}],"replies":[{"embeddable":true,"href":"https:\/\/www.cy-package.com\/es\/wp-json\/wp\/v2\/comments?post=1205"}],"version-history":[{"count":13,"href":"https:\/\/www.cy-package.com\/es\/wp-json\/wp\/v2\/product\/1205\/revisions"}],"predecessor-version":[{"id":1226,"href":"https:\/\/www.cy-package.com\/es\/wp-json\/wp\/v2\/product\/1205\/revisions\/1226"}],"wp:featuredmedia":[{"embeddable":true,"href":"https:\/\/www.cy-package.com\/es\/wp-json\/wp\/v2\/media\/1208"}],"wp:attachment":[{"href":"https:\/\/www.cy-package.com\/es\/wp-json\/wp\/v2\/media?parent=1205"}],"wp:term":[{"taxonomy":"product_brand","embeddable":true,"href":"https:\/\/www.cy-package.com\/es\/wp-json\/wp\/v2\/product_brand?post=1205"},{"taxonomy":"product_cat","embeddable":true,"href":"https:\/\/www.cy-package.com\/es\/wp-json\/wp\/v2\/product_cat?post=1205"},{"taxonomy":"product_tag","embeddable":true,"href":"https:\/\/www.cy-package.com\/es\/wp-json\/wp\/v2\/product_tag?post=1205"}],"curies":[{"name":"wp","href":"https:\/\/api.w.org\/{rel}","templated":true}]}}