{"id":1358,"date":"2024-12-19T15:39:46","date_gmt":"2024-12-19T07:39:46","guid":{"rendered":"https:\/\/www.cy-package.com\/?post_type=product&#038;p=1358"},"modified":"2024-12-19T17:20:20","modified_gmt":"2024-12-19T09:20:20","slug":"bolsas-de-plastico-para-envasar-alimentos-con-fondo-plano-5","status":"publish","type":"product","link":"https:\/\/www.cy-package.com\/es\/producto\/bolsas-de-plastico-para-envasar-alimentos-con-fondo-plano-5\/","title":{"rendered":"Embalaje de cuidado personal Mascarilla facial Paquete de cuidado de la salud y el bienestar"},"content":{"rendered":"<p><strong style=\"font-family: var(--global-body-font-family);\">Par\u00e1metros del producto<\/strong><\/p>\n<table style=\"border-collapse: collapse; width: 100%;\">\n<tbody>\n<tr>\n<td style=\"width: 19.8374%;\">Material:<\/td>\n<td style=\"width: 80.1626%;\">Papel Kraft\/PET\/BOPP\/CPP, etc.<\/td>\n<\/tr>\n<tr>\n<td style=\"width: 19.8374%;\">Tipo de tinta:<\/td>\n<td style=\"width: 80.1626%;\">Tinta de soja ecol\u00f3gica de calidad alimentaria<\/td>\n<\/tr>\n<tr>\n<td style=\"width: 19.8374%;\">Aplicaci\u00f3n:<\/td>\n<td style=\"width: 80.1626%;\">Alimentaci\u00f3n \/ Salud y bienestar \/ Caf\u00e9 \/ Comida para mascotas \/ T\u00e9 \/ Aperitivos \/ Frutos secos \/ Prote\u00edna de suero \/ Caramelos \/ Semillas, etc.<\/td>\n<\/tr>\n<tr>\n<td style=\"width: 19.8374%;\">Opciones de estilo:<\/td>\n<td style=\"width: 80.1626%;\">Plana, de pie, con fuelle lateral, con cremallera superior, con\/sin ventana, con euroagujero, etc.<\/td>\n<\/tr>\n<tr>\n<td style=\"width: 19.8374%;\">Control de calidad:<\/td>\n<td style=\"width: 80.1626%;\">El equipo avanzado y el equipo experimentado del control de calidad comprobar\u00e1n el material, los productos semielaborados y acabados terminantemente en cada paso antes de enviar.<\/td>\n<\/tr>\n<\/tbody>\n<\/table>\n<p><img fetchpriority=\"high\" decoding=\"async\" class=\"aligncenter wp-image-1359\" src=\"https:\/\/www.cy-package.com\/wp-content\/uploads\/2024\/12\/1-1.jpg\" alt=\"paquete de salud y bienestar\" width=\"372\" height=\"372\" srcset=\"https:\/\/www.cy-package.com\/wp-content\/uploads\/2024\/12\/1-1.jpg 800w, https:\/\/www.cy-package.com\/wp-content\/uploads\/2024\/12\/1-1-300x300.jpg 300w, https:\/\/www.cy-package.com\/wp-content\/uploads\/2024\/12\/1-1-150x150.jpg 150w, https:\/\/www.cy-package.com\/wp-content\/uploads\/2024\/12\/1-1-768x768.jpg 768w, https:\/\/www.cy-package.com\/wp-content\/uploads\/2024\/12\/1-1-12x12.jpg 12w, https:\/\/www.cy-package.com\/wp-content\/uploads\/2024\/12\/1-1-600x600.jpg 600w, https:\/\/www.cy-package.com\/wp-content\/uploads\/2024\/12\/1-1-100x100.jpg 100w\" sizes=\"(max-width: 372px) 100vw, 372px\" \/><\/p>\n<p>Nuestras bolsas personalizadas para el cuidado personal est\u00e1n fabricadas con una gran variedad de films de barrera para proteger el producto de la luz, el ox\u00edgeno, la humedad y otros factores ambientales que pueden degradar la calidad del producto.<\/p>\n<p>Nuestro paquete de cuidado de la m\u00e1scara facial hecha de alta calidad libre de BPA material de grado alimenticio para mantener el producto fresco y secure.It es ligero y f\u00e1cil de llevar, perfecto para on-the-go use.Accept al tama\u00f1o personalizado, el dise\u00f1o y la bolsa type.Welcome en contacto con nosotros.<\/p>","protected":false},"excerpt":{"rendered":"<p class=\"wui-p-v-4\"><span class=\"wui-text-color-accents wui-text-weight-bold\">Marca:<\/span> <span class=\"wui-text-color-primary\">PAQUETE CY<\/span><\/p>\n<p class=\"wui-p-v-4\"><span class=\"wui-text-color-accents wui-text-weight-bold\">Origen del producto:<\/span> <span class=\"wui-text-color-primary\">China<\/span><\/p>\n<p class=\"wui-p-v-4\"><span class=\"wui-text-color-accents wui-text-weight-bold\">Plazo de entrega:<\/span> <span class=\"wui-text-color-primary\">20 d\u00edas de plazo<\/span><\/p>\n<p class=\"wui-p-v-4\"><span class=\"wui-text-color-accents wui-text-weight-bold\">Capacidad de suministro:<\/span> <span class=\"wui-text-color-primary\">1200 toneladas \/mes<\/span><\/p>\n<p>Ofrecemos una amplia gama de opciones de personalizaci\u00f3n para garantizar que la bolsa de envasado para el cuidado personal se adapte perfectamente a la identidad de su marca de belleza. Puede elegir entre varios estilos de bolsa de envasado para el cuidado de la salud y el bienestar, t\u00e9cnicas de impresi\u00f3n, caracter\u00edsticas personalizadas para mostrar su logotipo, colores de marca e ilustraciones exclusivas. Adem\u00e1s, puede elegir entre distintos acabados, como mate o brillante, para realzar el atractivo visual del envase.<\/p>","protected":false},"featured_media":1361,"comment_status":"open","ping_status":"closed","template":"","meta":{"_seopress_robots_primary_cat":"none","_seopress_titles_title":"personal care packaging face mask health and wellness care package","_seopress_titles_desc":"CY PACK is a manufacture in China, specialize in the production of health and wellness care packaging and provide stand-up bags and flat-bottom bags, suitable for food, daily chemicals and other industries.","_seopress_robots_index":"","_monsterinsights_skip_tracking":false,"_monsterinsights_sitenote_active":false,"_monsterinsights_sitenote_note":"","_monsterinsights_sitenote_category":0,"_kad_post_transparent":"default","_kad_post_title":"","_kad_post_layout":"default","_kad_post_sidebar_id":"","_kad_post_content_style":"default","_kad_post_vertical_padding":"default","_kad_post_feature":"","_kad_post_feature_position":"","_kad_post_header":false,"_kad_post_footer":false},"product_brand":[],"product_cat":[45],"product_tag":[],"class_list":{"0":"post-1358","1":"product","2":"type-product","3":"status-publish","4":"has-post-thumbnail","6":"product_cat-health-wellness-packaging","8":"first","9":"instock","10":"shipping-taxable","11":"product-type-simple","12":"entry","13":"content-bg","14":"loop-entry"},"_links":{"self":[{"href":"https:\/\/www.cy-package.com\/es\/wp-json\/wp\/v2\/product\/1358","targetHints":{"allow":["GET"]}}],"collection":[{"href":"https:\/\/www.cy-package.com\/es\/wp-json\/wp\/v2\/product"}],"about":[{"href":"https:\/\/www.cy-package.com\/es\/wp-json\/wp\/v2\/types\/product"}],"replies":[{"embeddable":true,"href":"https:\/\/www.cy-package.com\/es\/wp-json\/wp\/v2\/comments?post=1358"}],"version-history":[{"count":3,"href":"https:\/\/www.cy-package.com\/es\/wp-json\/wp\/v2\/product\/1358\/revisions"}],"predecessor-version":[{"id":1364,"href":"https:\/\/www.cy-package.com\/es\/wp-json\/wp\/v2\/product\/1358\/revisions\/1364"}],"wp:featuredmedia":[{"embeddable":true,"href":"https:\/\/www.cy-package.com\/es\/wp-json\/wp\/v2\/media\/1361"}],"wp:attachment":[{"href":"https:\/\/www.cy-package.com\/es\/wp-json\/wp\/v2\/media?parent=1358"}],"wp:term":[{"taxonomy":"product_brand","embeddable":true,"href":"https:\/\/www.cy-package.com\/es\/wp-json\/wp\/v2\/product_brand?post=1358"},{"taxonomy":"product_cat","embeddable":true,"href":"https:\/\/www.cy-package.com\/es\/wp-json\/wp\/v2\/product_cat?post=1358"},{"taxonomy":"product_tag","embeddable":true,"href":"https:\/\/www.cy-package.com\/es\/wp-json\/wp\/v2\/product_tag?post=1358"}],"curies":[{"name":"wp","href":"https:\/\/api.w.org\/{rel}","templated":true}]}}