{"id":1366,"date":"2024-12-19T16:14:45","date_gmt":"2024-12-19T08:14:45","guid":{"rendered":"https:\/\/www.cy-package.com\/?post_type=product&#038;p=1366"},"modified":"2026-01-19T16:28:26","modified_gmt":"2026-01-19T08:28:26","slug":"bolsas-de-plastico-para-envasar-alimentos-con-fondo-plano-6","status":"publish","type":"product","link":"https:\/\/www.cy-package.com\/es\/producto\/bolsas-de-plastico-para-envasar-alimentos-con-fondo-plano-6\/","title":{"rendered":"Bolsas planas para embutidos con impresi\u00f3n personalizada"},"content":{"rendered":"<p><strong><span style=\"font-size: 28px;\">Par\u00e1metros del producto<\/span><\/strong><\/p>\n<table style=\"border-collapse: collapse; width: 100%;\">\n<tbody>\n<tr>\n<td style=\"width: 19.8374%;\">Material:<\/td>\n<td style=\"width: 80.1626%;\">PET\/AL\/PE,PET\/EVOH\/PE,MOPP\/AL\/PE, etc.<\/td>\n<\/tr>\n<tr>\n<td style=\"width: 19.8374%;\">Tipo de tinta:<\/td>\n<td style=\"width: 80.1626%;\">Tinta de soja ecol\u00f3gica de calidad alimentaria<\/td>\n<\/tr>\n<tr>\n<td style=\"width: 19.8374%;\">Aplicaci\u00f3n:<\/td>\n<td style=\"width: 80.1626%;\">Alimentaci\u00f3n \/ Salud y bienestar \/ Caf\u00e9 \/ Comida para mascotas \/ T\u00e9 \/ Aperitivos \/ Frutos secos \/ Prote\u00edna de suero \/ Caramelos \/ Semillas, etc.<\/td>\n<\/tr>\n<tr>\n<td style=\"width: 19.8374%;\">Opciones de estilo:<\/td>\n<td style=\"width: 80.1626%;\">Plana, de pie, con fuelle lateral, con cremallera superior, con\/sin ventana, con euroagujero, etc.<\/td>\n<\/tr>\n<tr>\n<td style=\"width: 19.8374%;\">Control de calidad:<\/td>\n<td style=\"width: 80.1626%;\">El equipo avanzado y el equipo experimentado del control de calidad comprobar\u00e1n el material, los productos semielaborados y acabados terminantemente en cada paso antes de enviar.<\/td>\n<\/tr>\n<\/tbody>\n<\/table>\n<div><\/div>\n<h2><span style=\"font-size: 28px;\"><strong>Flat pouch for sausage<\/strong><\/span><\/h2>\n<p><img fetchpriority=\"high\" decoding=\"async\" class=\"wp-image-2096 alignleft\" src=\"https:\/\/www.cy-package.com\/wp-content\/uploads\/2024\/12\/240g-05-1.jpg\" alt=\"\" width=\"423\" height=\"304\" srcset=\"https:\/\/www.cy-package.com\/wp-content\/uploads\/2024\/12\/240g-05-1.jpg 1500w, https:\/\/www.cy-package.com\/wp-content\/uploads\/2024\/12\/240g-05-1-300x215.jpg 300w, https:\/\/www.cy-package.com\/wp-content\/uploads\/2024\/12\/240g-05-1-1024x735.jpg 1024w, https:\/\/www.cy-package.com\/wp-content\/uploads\/2024\/12\/240g-05-1-768x551.jpg 768w, https:\/\/www.cy-package.com\/wp-content\/uploads\/2024\/12\/240g-05-1-18x12.jpg 18w, https:\/\/www.cy-package.com\/wp-content\/uploads\/2024\/12\/240g-05-1-800x574.jpg 800w\" sizes=\"(max-width: 423px) 100vw, 423px\" \/>In all pouch packaging,flat pouches are the most resource-efficient.Compared to other packaging with bottom or gusset,they save up to 20% of material.Our custom printed flat pouch offer many benefits for your product and brand.<\/p>\n<p>We can make paper look with complete transparency,with window or with metallic surfaces according to your requests.Can be placed hanging in the premium locations if request on euro hole.Tear notch for easy opening and reclosable with zipper.Otherwise,can use tamper-proof sealable\/weldable with a heat sealing machine.<\/p>\n<p>Flat pouch for sausage has reliable moisture,UV and aroma protection.It is food-safe and neutral in tase and odour through laboratory-tested.Discover the versatility of our customized flat pouches, ideally suited for a wide range of applications such as food, industrial items, cosmetics and pharmaceutical products. Our flat pouches are made from high quality, sustainable materials, using a carefully selected range of film and paper composites. Each pouch is made to your exact specifications and can be custom printed all over to give your products a unique look.<\/p>","protected":false},"excerpt":{"rendered":"<p class=\"wui-p-v-4\"><span class=\"wui-text-color-accents wui-text-weight-bold\">Marca:<\/span> <span class=\"wui-text-color-primary\">PAQUETE CY<\/span><\/p>\n<p class=\"wui-p-v-4\"><span class=\"wui-text-color-accents wui-text-weight-bold\">Origen del producto:<\/span> <span class=\"wui-text-color-primary\">China<\/span><\/p>\n<p class=\"wui-p-v-4\"><span class=\"wui-text-color-accents wui-text-weight-bold\">Plazo de entrega:<\/span> <span class=\"wui-text-color-primary\">20 d\u00edas de plazo<\/span><\/p>\n<p class=\"wui-p-v-4\"><span class=\"wui-text-color-accents wui-text-weight-bold\">Capacidad de suministro:<\/span> <span class=\"wui-text-color-primary\">1200 toneladas \/mes<\/span><\/p>\n<p>Las bolsas planas impresas a medida son una soluci\u00f3n de envasado vers\u00e1til dise\u00f1ada para diversos productos. Suelen estar fabricadas con materiales como PE, PP u otros films flexibles para garantizar la durabilidad y la protecci\u00f3n. Nuestras bolsas planas para embutidos permiten la impresi\u00f3n personalizada, la marca y los gr\u00e1ficos, lo que hace que la bolsa sea visualmente atractiva y est\u00e9 en consonancia con la identidad de la marca. Pueden incluir cremalleras resellables, precintos t\u00e9rmicos o tiras adhesivas, para mayor comodidad de los usuarios.<br \/>\nSu estructura plana facilita el almacenamiento y el transporte, por lo que resulta eficaz tanto para los minoristas como para los consumidores.<\/p>","protected":false},"featured_media":2101,"comment_status":"open","ping_status":"closed","template":"","meta":{"_seopress_robots_primary_cat":"none","_seopress_titles_title":"Custom Printed Flat Pouches for Sausage","_seopress_titles_desc":"CY PACK is a manufacture in China, specialize in the production of flat pouches and health and wellness care packaging and provide stand-up bags and flat-bottom bags, suitable for food, daily chemicals and other industries.","_seopress_robots_index":"","_monsterinsights_skip_tracking":false,"_monsterinsights_sitenote_active":false,"_monsterinsights_sitenote_note":"","_monsterinsights_sitenote_category":0,"_kad_post_transparent":"default","_kad_post_title":"","_kad_post_layout":"default","_kad_post_sidebar_id":"","_kad_post_content_style":"default","_kad_post_vertical_padding":"default","_kad_post_feature":"","_kad_post_feature_position":"","_kad_post_header":false,"_kad_post_footer":false},"product_brand":[],"product_cat":[47],"product_tag":[50],"class_list":{"0":"post-1366","1":"product","2":"type-product","3":"status-publish","4":"has-post-thumbnail","6":"product_cat-flat-pouches","7":"product_tag-flat-pouches","9":"first","10":"instock","11":"shipping-taxable","12":"product-type-simple","13":"entry","14":"content-bg","15":"loop-entry"},"_links":{"self":[{"href":"https:\/\/www.cy-package.com\/es\/wp-json\/wp\/v2\/product\/1366","targetHints":{"allow":["GET"]}}],"collection":[{"href":"https:\/\/www.cy-package.com\/es\/wp-json\/wp\/v2\/product"}],"about":[{"href":"https:\/\/www.cy-package.com\/es\/wp-json\/wp\/v2\/types\/product"}],"replies":[{"embeddable":true,"href":"https:\/\/www.cy-package.com\/es\/wp-json\/wp\/v2\/comments?post=1366"}],"version-history":[{"count":7,"href":"https:\/\/www.cy-package.com\/es\/wp-json\/wp\/v2\/product\/1366\/revisions"}],"predecessor-version":[{"id":2353,"href":"https:\/\/www.cy-package.com\/es\/wp-json\/wp\/v2\/product\/1366\/revisions\/2353"}],"wp:featuredmedia":[{"embeddable":true,"href":"https:\/\/www.cy-package.com\/es\/wp-json\/wp\/v2\/media\/2101"}],"wp:attachment":[{"href":"https:\/\/www.cy-package.com\/es\/wp-json\/wp\/v2\/media?parent=1366"}],"wp:term":[{"taxonomy":"product_brand","embeddable":true,"href":"https:\/\/www.cy-package.com\/es\/wp-json\/wp\/v2\/product_brand?post=1366"},{"taxonomy":"product_cat","embeddable":true,"href":"https:\/\/www.cy-package.com\/es\/wp-json\/wp\/v2\/product_cat?post=1366"},{"taxonomy":"product_tag","embeddable":true,"href":"https:\/\/www.cy-package.com\/es\/wp-json\/wp\/v2\/product_tag?post=1366"}],"curies":[{"name":"wp","href":"https:\/\/api.w.org\/{rel}","templated":true}]}}