{"id":1402,"date":"2025-02-19T15:37:54","date_gmt":"2025-02-19T07:37:54","guid":{"rendered":"https:\/\/www.cy-package.com\/?post_type=product&#038;p=1402"},"modified":"2025-12-30T16:41:11","modified_gmt":"2025-12-30T08:41:11","slug":"bolsa-para-envasar-cafe-vertical-2","status":"publish","type":"product","link":"https:\/\/www.cy-package.com\/es\/producto\/bolsa-para-envasar-cafe-vertical-2\/","title":{"rendered":"Venta al por mayor Bolsas de Envasado de Caf\u00e9 en Grano con V\u00e1lvula"},"content":{"rendered":"<p>&nbsp;<\/p>\n<p>&nbsp;<\/p>\n<p>&nbsp;<\/p>\n<p style=\"text-align: center;\"><span style=\"font-size: 24px;\"><strong>La v\u00e1lvula desgasificadora unidireccional<\/strong><\/span><\/p>\n<p><img decoding=\"async\" style=\"width: 1517px; height: 195px;\" title=\"Fabricantes Stand Up Caf\u00e9 Bolsas de Envasado Bolsas\" src=\"https:\/\/www.cy-package.com\/2833\/2833-202205062241273192.jpg\" alt=\"Fabricantes Stand Up Caf\u00e9 Bolsas de Envasado Bolsas\" width=\"1517\" border=\"0\" \/><\/p>\n<p>Las v\u00e1lvulas desgasificadoras unidireccionales est\u00e1n dise\u00f1adas para permitir que se libere la presi\u00f3n de un paquete herm\u00e9tico sin permitir que la atm\u00f3sfera externa (es decir, aire con 20,91 TP3T O2) ingrese al paquete. Una v\u00e1lvula desgasificadora unidireccional es \u00fatil para envasar productos que son sensibles al ox\u00edgeno y la humedad y tambi\u00e9n liberan gas o aire atrapado. La v\u00e1lvula desgasificadora unidireccional se puede conectar a un paquete flexible para aliviar la presi\u00f3n acumulada en el paquete y, al mismo tiempo, proteger el contenido interior de los efectos da\u00f1inos del ox\u00edgeno y la humedad.<\/p>\n<p>Cuando la presi\u00f3n dentro de un paquete sellado aumenta m\u00e1s all\u00e1 de la presi\u00f3n de apertura de la v\u00e1lvula, un disco de goma en la v\u00e1lvula se abre moment\u00e1neamente para permitir que escape el gas.<br \/>\nfuera del paquete. A medida que se libera el gas y la presi\u00f3n dentro del paquete cae por debajo de la presi\u00f3n de cierre de la v\u00e1lvula, esta se cierra.<\/p>\n<div class=\"nei-table\">\n<table border=\"0\" cellspacing=\"8\" cellpadding=\"8\" align=\"center\">\n<tbody>\n<tr class=\"firstRow\">\n<td width=\"557\" height=\"186\"><img decoding=\"async\" style=\"width: 527px; height: 167px;\" title=\"Fabricantes Stand Up Caf\u00e9 Bolsas de Envasado Bolsas\" src=\"https:\/\/www.cy-package.com\/2833\/2833-202205062241564865.jpg\" alt=\"Fabricantes Stand Up Caf\u00e9 Bolsas de Envasado Bolsas\" width=\"527\" border=\"0\" \/><\/td>\n<td width=\"495.6666666666667\" height=\"187\"><img decoding=\"async\" style=\"width: 654px; height: 167px;\" title=\"Fabricantes Stand Up Caf\u00e9 Bolsas de Envasado Bolsas\" src=\"https:\/\/www.cy-package.com\/2833\/2833-202205062242058597.jpg\" alt=\"Fabricantes Stand Up Caf\u00e9 Bolsas de Envasado Bolsas\" width=\"654\" border=\"0\" \/><\/td>\n<\/tr>\n<tr>\n<td style=\"text-align: center;\" width=\"538.6666666666666\" height=\"46\">Modo Abrir\/Liberar<\/td>\n<td style=\"text-align: center;\" width=\"495.6666666666667\" height=\"46\">Posici\u00f3n cerrada herm\u00e9tica<\/td>\n<\/tr>\n<tr>\n<td width=\"107.99999999999994\" height=\"67\">\n<p style=\"text-align: center;\">Cuando la presi\u00f3n dentro de un paquete sellado aumenta m\u00e1s all\u00e1 de la presi\u00f3n de apertura de la v\u00e1lvula, el sello entre el disco de goma y el cuerpo de la v\u00e1lvula se interrumpe moment\u00e1neamente y la presi\u00f3n puede escapar del paquete.<\/p>\n<\/td>\n<td width=\"495.6666666666667\" height=\"67\">\n<p style=\"text-align: center;\">La presi\u00f3n de CO2 liberada por los granos de caf\u00e9 reci\u00e9n tostados es baja; por lo tanto, la v\u00e1lvula est\u00e1 cerrada con un sello herm\u00e9tico.<\/p>\n<\/td>\n<\/tr>\n<\/tbody>\n<\/table>\n<\/div>\n<div>\n<p><span style=\"font-size: 18px;\"><strong>\u00a0<\/strong><\/span><\/p>\n<p><span style=\"font-size: 18px;\"><strong>Par\u00e1metros del producto<\/strong><\/span><\/p>\n<\/div>\n<div>\n<div class=\"nei-table\" style=\"text-align: left;\">\n<p>&nbsp;<\/p>\n<div class=\"nei-table\">\n<table style=\"width: 100%; height: 392px;\">\n<tbody>\n<tr class=\"firstRow\" style=\"height: 31px;\">\n<td style=\"border-color: #dddddd; height: 31px; width: 14.8256%;\" colspan=\"1\" rowspan=\"1\" width=\"162\" height=\"20\">\n<div style=\"text-align: left;\">Material Grade:<\/div>\n<\/td>\n<td style=\"border-color: #dddddd; height: 31px; width: 84.6899%;\" colspan=\"1\" rowspan=\"1\" width=\"1062\" height=\"20\">\n<div style=\"text-align: left;\">Material de calidad alimentaria<\/div>\n<\/td>\n<\/tr>\n<tr style=\"height: 31px;\">\n<td style=\"border-color: #dddddd; height: 31px; width: 14.8256%;\" colspan=\"1\" rowspan=\"1\" width=\"162\" height=\"20\">\n<div style=\"text-align: left;\">Material:<\/div>\n<\/td>\n<td style=\"border-color: #dddddd; height: 31px; width: 84.6899%;\" colspan=\"1\" rowspan=\"1\" width=\"1062\" height=\"20\">\n<div style=\"text-align: left;\">PET\/VMPET\/PE\/BOPP\/Papel Kraft\/AL\/BOPP\/CPP\/PLA\/PBAT, etc.<\/div>\n<\/td>\n<\/tr>\n<tr style=\"height: 117px;\">\n<td style=\"border-color: #dddddd; height: 117px; width: 14.8256%;\" colspan=\"1\" rowspan=\"1\" width=\"162\" height=\"20\">\n<div style=\"text-align: left;\">Caracter\u00edstica :<\/div>\n<\/td>\n<td style=\"border-color: #dddddd; height: 117px; width: 84.6899%;\" colspan=\"1\" rowspan=\"1\" width=\"1062\" height=\"20\">\n<div style=\"text-align: left;\">\n<p>1).Material de grado alimentario de seguridad e impresi\u00f3n perfecta<\/p>\n<p>2).Great para evitar fugas, excelente Moiseture-Proof<\/p>\n<div data-spm-anchor-id=\"a2700.pc-decorate.0.i62.50563333vYoKlh\">3).Fondo de sellado fuerte y Ziplock duradero<\/div>\n<\/div>\n<\/td>\n<\/tr>\n<tr style=\"height: 31px;\">\n<td style=\"border-color: #dddddd; height: 31px; width: 14.8256%;\" colspan=\"1\" rowspan=\"1\" width=\"162\" height=\"20\">\n<div style=\"text-align: left;\">Tama\u00f1o y grosor:<\/div>\n<\/td>\n<td style=\"border-color: #dddddd; height: 31px; width: 84.6899%;\" colspan=\"1\" rowspan=\"1\" width=\"1062\" height=\"20\">\n<div style=\"text-align: left;\">Envasado de caf\u00e9 personalizado seg\u00fan sus necesidades<\/div>\n<\/td>\n<\/tr>\n<tr style=\"height: 31px;\">\n<td style=\"border-color: #dddddd; height: 31px; width: 14.8256%;\" colspan=\"1\" rowspan=\"1\" width=\"162\" height=\"20\">\n<div style=\"text-align: left;\">Tipo de tinta:<\/div>\n<\/td>\n<td style=\"border-color: #dddddd; height: 31px; width: 84.6899%;\" colspan=\"1\" rowspan=\"1\" width=\"1062\" height=\"20\">\n<div style=\"text-align: left;\">Tinta de soja ecol\u00f3gica de calidad alimentaria<\/div>\n<\/td>\n<\/tr>\n<tr style=\"height: 31px;\">\n<td style=\"border-color: #dddddd; height: 31px; width: 14.8256%;\" colspan=\"1\" rowspan=\"1\" width=\"162\" height=\"20\">\n<div style=\"text-align: left;\">Capacidad:<\/div>\n<\/td>\n<td style=\"border-color: #dddddd; height: 31px; width: 84.6899%;\" colspan=\"1\" rowspan=\"1\" width=\"1062\" height=\"20\">\n<div style=\"text-align: left;\">100g, 200g, 250g, 500g, 1000g\/1kg, 2kg, 5kg,8oz-100oz, Personalizado<\/div>\n<\/td>\n<\/tr>\n<tr style=\"height: 31px;\">\n<td style=\"border-color: #dddddd; height: 31px; width: 14.8256%;\" colspan=\"1\" rowspan=\"1\" width=\"162\" height=\"20\">\n<div style=\"text-align: left;\">Aplicaci\u00f3n:<\/div>\n<\/td>\n<td style=\"border-color: #dddddd; height: 31px; width: 84.6899%;\" colspan=\"1\" rowspan=\"1\" width=\"1062\" height=\"20\">\n<div style=\"text-align: left;\">\u00a0Caf\u00e9 \/ T\u00e9 \/ Semillas, etc.<\/div>\n<\/td>\n<\/tr>\n<tr style=\"height: 31px;\">\n<td style=\"border-color: #dddddd; height: 31px; width: 14.8256%;\" colspan=\"1\" rowspan=\"1\" width=\"162\" height=\"20\">\n<div style=\"text-align: left;\">Opciones de estilo:<\/div>\n<\/td>\n<td style=\"border-color: #dddddd; height: 31px; width: 84.6899%;\" colspan=\"1\" rowspan=\"1\" width=\"1062\" height=\"20\">\n<div style=\"text-align: left;\">Bolsas de fondo plano, bolsas de pie, bolsas con fuelle lateral, bolsas con cierre de cremallera, con o sin ventana, orificio europeo, etc.<\/div>\n<\/td>\n<\/tr>\n<tr style=\"height: 58px;\">\n<td style=\"border-color: #dddddd; height: 58px; width: 14.8256%;\" colspan=\"1\" rowspan=\"1\" width=\"162\" height=\"20\">\n<div style=\"text-align: left;\">Control de calidad:<\/div>\n<\/td>\n<td style=\"border-color: #dddddd; height: 58px; width: 84.6899%;\" colspan=\"1\" rowspan=\"1\" width=\"1041.6666666666667\" height=\"20\">\n<div style=\"text-align: left;\" data-spm-anchor-id=\"a2700.details.0.i14.1410417dX9YP5T\">El equipo avanzado y el equipo experimentado del control de calidad comprobar\u00e1n el material, los productos semielaborados y acabados terminantemente en cada paso antes de enviar.<\/div>\n<\/td>\n<\/tr>\n<\/tbody>\n<\/table>\n<\/div>\n<\/div>\n<p style=\"text-align: center;\">\n<\/div>","protected":false},"excerpt":{"rendered":"<p class=\"wui-p-v-4\"><span class=\"wui-text-color-accents wui-text-weight-bold\">Marca:<\/span> <span class=\"wui-text-color-primary\">PAQUETE CY<\/span><\/p>\n<p class=\"wui-p-v-4\"><span class=\"wui-text-color-accents wui-text-weight-bold\">Origen del producto:<\/span> <span class=\"wui-text-color-primary\">China<\/span><\/p>\n<p class=\"wui-p-v-4\"><span class=\"wui-text-color-accents wui-text-weight-bold\">Plazo de entrega:<\/span> <span class=\"wui-text-color-primary\">20 d\u00edas de plazo<\/span><\/p>\n<p class=\"wui-p-v-4\"><span class=\"wui-text-color-accents wui-text-weight-bold\">Capacidad de suministro:<\/span> <span class=\"wui-text-color-primary\">1200 toneladas \/mes<\/span><\/p>\n<p class=\"wui-p-v-4\">Tratamiento de superficies:Huecograbado\/Impresi\u00f3n digital<br \/>\nUso:Granos de caf\u00e9<br \/>\nPedido personalizado:Aceptar<br \/>\nTipo de empresa: Empresas de envasado alimentario a medida<br \/>\nLas bolsas de embalaje para caf\u00e9 Stand up est\u00e1n fabricadas con materiales duraderos que pueden proteger los granos de caf\u00e9 de posibles da\u00f1os durante el transporte y la manipulaci\u00f3n.<br \/>\nLos sacos de caf\u00e9 disponen de una v\u00e1lvula de desgasificaci\u00f3n para garantizar la calidad del grano de caf\u00e9.<\/p>","protected":false},"featured_media":1403,"comment_status":"open","ping_status":"closed","template":"","meta":{"_seopress_robots_primary_cat":"none","_seopress_titles_title":"Wholesale Coffee Beans Packaging Bags with Valve","_seopress_titles_desc":"Wholesale Coffee Beans Packaging Bags with Valve-manufacture and factory. We  CY PACK accept custom coffee bags.","_seopress_robots_index":"","_monsterinsights_skip_tracking":false,"_monsterinsights_sitenote_active":false,"_monsterinsights_sitenote_note":"","_monsterinsights_sitenote_category":0,"_kad_post_transparent":"default","_kad_post_title":"","_kad_post_layout":"default","_kad_post_sidebar_id":"","_kad_post_content_style":"default","_kad_post_vertical_padding":"default","_kad_post_feature":"","_kad_post_feature_position":"","_kad_post_header":false,"_kad_post_footer":false},"product_brand":[],"product_cat":[40],"product_tag":[],"class_list":{"0":"post-1402","1":"product","2":"type-product","3":"status-publish","4":"has-post-thumbnail","6":"product_cat-coffee-bags","8":"first","9":"instock","10":"shipping-taxable","11":"product-type-simple","12":"entry","13":"content-bg","14":"loop-entry"},"_links":{"self":[{"href":"https:\/\/www.cy-package.com\/es\/wp-json\/wp\/v2\/product\/1402","targetHints":{"allow":["GET"]}}],"collection":[{"href":"https:\/\/www.cy-package.com\/es\/wp-json\/wp\/v2\/product"}],"about":[{"href":"https:\/\/www.cy-package.com\/es\/wp-json\/wp\/v2\/types\/product"}],"replies":[{"embeddable":true,"href":"https:\/\/www.cy-package.com\/es\/wp-json\/wp\/v2\/comments?post=1402"}],"version-history":[{"count":1,"href":"https:\/\/www.cy-package.com\/es\/wp-json\/wp\/v2\/product\/1402\/revisions"}],"predecessor-version":[{"id":1406,"href":"https:\/\/www.cy-package.com\/es\/wp-json\/wp\/v2\/product\/1402\/revisions\/1406"}],"wp:featuredmedia":[{"embeddable":true,"href":"https:\/\/www.cy-package.com\/es\/wp-json\/wp\/v2\/media\/1403"}],"wp:attachment":[{"href":"https:\/\/www.cy-package.com\/es\/wp-json\/wp\/v2\/media?parent=1402"}],"wp:term":[{"taxonomy":"product_brand","embeddable":true,"href":"https:\/\/www.cy-package.com\/es\/wp-json\/wp\/v2\/product_brand?post=1402"},{"taxonomy":"product_cat","embeddable":true,"href":"https:\/\/www.cy-package.com\/es\/wp-json\/wp\/v2\/product_cat?post=1402"},{"taxonomy":"product_tag","embeddable":true,"href":"https:\/\/www.cy-package.com\/es\/wp-json\/wp\/v2\/product_tag?post=1402"}],"curies":[{"name":"wp","href":"https:\/\/api.w.org\/{rel}","templated":true}]}}