{"id":1407,"date":"2025-05-26T18:55:00","date_gmt":"2025-05-26T10:55:00","guid":{"rendered":"https:\/\/www.cy-package.com\/?post_type=product&#038;p=1407"},"modified":"2025-12-30T16:34:41","modified_gmt":"2025-12-30T08:34:41","slug":"bolsas-de-plastico-para-envasar-alimentos-con-fondo-plano-9","status":"publish","type":"product","link":"https:\/\/www.cy-package.com\/es\/producto\/bolsas-de-plastico-para-envasar-alimentos-con-fondo-plano-9\/","title":{"rendered":"Envasado biodegradable a medida Envasado flexible sostenible Bolsas Empresas"},"content":{"rendered":"<div data-elementor-type=\"product-post\" data-elementor-id=\"1407\" class=\"elementor elementor-1407\" data-elementor-post-type=\"product\">\n\t\t\t\t\t\t<section class=\"elementor-section elementor-top-section elementor-element elementor-element-1d48491a elementor-section-boxed elementor-section-height-default elementor-section-height-default\" data-id=\"1d48491a\" data-element_type=\"section\">\n\t\t\t\t\t\t<div class=\"elementor-container elementor-column-gap-default\">\n\t\t\t\t\t<div class=\"elementor-column elementor-col-100 elementor-top-column elementor-element elementor-element-62bc43d4\" data-id=\"62bc43d4\" data-element_type=\"column\">\n\t\t\t<div class=\"elementor-widget-wrap elementor-element-populated\">\n\t\t\t\t\t\t<div class=\"elementor-element elementor-element-4fdf0738 elementor-widget elementor-widget-text-editor\" data-id=\"4fdf0738\" data-element_type=\"widget\" data-widget_type=\"text-editor.default\">\n\t\t\t\t<div class=\"elementor-widget-container\">\n\t\t\t\t\t\t\t\t\t<p><span style=\"color: #2b6cb3; font-size: 28px;\"><strong style=\"font-family: var(--global-body-font-family);\">Par\u00e1metros del producto<\/strong><\/span><\/p><div><div class=\"nei-table\"><div><table style=\"border-collapse: collapse; width: 100%;\"><tbody><tr><td style=\"width: 19.8374%;\">Material:<\/td><td style=\"width: 80.1626%;\">Papel Kraft\/PLA\/PBAT, etc.<\/td><\/tr><tr><td style=\"width: 19.8374%;\">Tipo de tinta:<\/td><td style=\"width: 80.1626%;\">Tinta de soja ecol\u00f3gica de calidad alimentaria<\/td><\/tr><tr><td style=\"width: 19.8374%;\">Aplicaci\u00f3n:<\/td><td style=\"width: 80.1626%;\">Alimentaci\u00f3n \/ Caf\u00e9 \/ Comida para mascotas \/ T\u00e9 \/ Aperitivos \/ Frutos secos \/ Prote\u00edna de suero \/ Caramelos \/ Semillas, etc.<\/td><\/tr><tr><td style=\"width: 19.8374%;\">Opciones de estilo:<\/td><td style=\"width: 80.1626%;\">Fondo plano, Stand UP, fuelle lateral, cremallera superior, con\/sin ventana, Euro Hole, etc.<\/td><\/tr><tr><td style=\"width: 19.8374%;\">Control de calidad:<\/td><td style=\"width: 80.1626%;\">El equipo avanzado y el equipo experimentado del control de calidad comprobar\u00e1n el material, los productos semielaborados y acabados terminantemente en cada paso antes de enviar.<\/td><\/tr><\/tbody><\/table><\/div><\/div><\/div><div><p style=\"text-align: center;\">\u00a0<\/p><\/div>\t\t\t\t\t\t\t\t<\/div>\n\t\t\t\t<\/div>\n\t\t\t\t<div class=\"elementor-element elementor-element-a605938 elementor-widget elementor-widget-image\" data-id=\"a605938\" data-element_type=\"widget\" data-widget_type=\"image.default\">\n\t\t\t\t<div class=\"elementor-widget-container\">\n\t\t\t\t\t\t\t\t\t\t\t\t\t\t\t<img fetchpriority=\"high\" decoding=\"async\" width=\"475\" height=\"474\" src=\"https:\/\/www.cy-package.com\/wp-content\/uploads\/2024\/12\/9-2.jpg\" class=\"attachment-large size-large wp-image-1408\" alt=\"empresas de envases biodegradables\" srcset=\"https:\/\/www.cy-package.com\/wp-content\/uploads\/2024\/12\/9-2.jpg 475w, https:\/\/www.cy-package.com\/wp-content\/uploads\/2024\/12\/9-2-300x300.jpg 300w, https:\/\/www.cy-package.com\/wp-content\/uploads\/2024\/12\/9-2-150x150.jpg 150w, https:\/\/www.cy-package.com\/wp-content\/uploads\/2024\/12\/9-2-12x12.jpg 12w, https:\/\/www.cy-package.com\/wp-content\/uploads\/2024\/12\/9-2-100x100.jpg 100w\" sizes=\"(max-width: 475px) 100vw, 475px\" \/>\t\t\t\t\t\t\t\t\t\t\t\t\t\t\t<\/div>\n\t\t\t\t<\/div>\n\t\t\t\t<div class=\"elementor-element elementor-element-ffdeb05 elementor-widget elementor-widget-text-editor\" data-id=\"ffdeb05\" data-element_type=\"widget\" data-widget_type=\"text-editor.default\">\n\t\t\t\t<div class=\"elementor-widget-container\">\n\t\t\t\t\t\t\t\t\t<p>\u00a0 \u00a0 \u00a0 \u00a0 \u00a0Como una de las empresas de envases biodegradables del mundo, apoyamos los envases sostenibles personalizados. \u00bfCu\u00e1l es la mejor forma de saber que est\u00e1 adquiriendo un envase realmente biodegradable? Busque envases certificados con la indicaci\u00f3n \"compostable\". Los envases certificados como compostables se biodegradan de forma segura en un entorno de compostaje comercial o dom\u00e9stico.<\/p><p>\u00a0 \u00a0 \u00a0 \u00a0 \u00a0La certificaci\u00f3n garantiza que el paquete se descompondr\u00e1 de forma obligada y segura en determinadas condiciones y en un plazo de tiempo predefinido. Puede estar seguro de que su bolsa o caja se descompondr\u00e1 por completo en un plazo de 6 meses a un a\u00f1o en un compost dom\u00e9stico o industrial, dejando tras de s\u00ed un suelo rico en nutrientes.\u00a0\u00a0<\/p>\t\t\t\t\t\t\t\t<\/div>\n\t\t\t\t<\/div>\n\t\t\t\t<div class=\"elementor-element elementor-element-bb9e08b elementor-widget elementor-widget-heading\" data-id=\"bb9e08b\" data-element_type=\"widget\" data-widget_type=\"heading.default\">\n\t\t\t\t<div class=\"elementor-widget-container\">\n\t\t\t\t\t<h2 class=\"elementor-heading-title elementor-size-default\"><br>Por qu\u00e9 CY PACK<\/h2>\t\t\t\t<\/div>\n\t\t\t\t<\/div>\n\t\t\t\t<div class=\"elementor-element elementor-element-e828104 elementor-widget-divider--view-line elementor-widget elementor-widget-divider\" data-id=\"e828104\" data-element_type=\"widget\" data-widget_type=\"divider.default\">\n\t\t\t\t<div class=\"elementor-widget-container\">\n\t\t\t\t\t\t\t<div class=\"elementor-divider\">\n\t\t\t<span class=\"elementor-divider-separator\">\n\t\t\t\t\t\t<\/span>\n\t\t<\/div>\n\t\t\t\t\t\t<\/div>\n\t\t\t\t<\/div>\n\t\t\t\t<div class=\"elementor-element elementor-element-8052312 elementor-widget elementor-widget-text-editor\" data-id=\"8052312\" data-element_type=\"widget\" data-widget_type=\"text-editor.default\">\n\t\t\t\t<div class=\"elementor-widget-container\">\n\t\t\t\t\t\t\t\t\t<p>CY PACK es un fabricante de confianza que puede ayudarle a personalizar envases flexibles impresos cremallera de pie pouches.CY PACK ventajas como bellow:<\/p><p>\u2606 Materiales de alta calidad: CY PACK utiliza materiales ecol\u00f3gicos de alta calidad para garantizar que los productos sean seguros y duraderos.<\/p><p>Personalizaci\u00f3n profesional: Proporcionar servicios de dise\u00f1o personalizados para satisfacer sus necesidades \u00fanicas.<\/p><p>\u2606 Tecnolog\u00eda avanzada: CY PACK Utilice tecnolog\u00eda de impresi\u00f3n moderna para garantizar colores brillantes y patrones claros.<\/p><p>\u2606 Excelente servicio: El equipo profesional de CY PACK proporciona la ayuda vers\u00e1til para asegurar su experiencia satisfactoria.<\/p><p>\u2606 Fabricante en origen:Reduzca sus costes operativos desde el origen.<\/p><p>\u2606 Control de calidad: Problemas de calidad, compensaci\u00f3n o rehacer.<\/p>\t\t\t\t\t\t\t\t<\/div>\n\t\t\t\t<\/div>\n\t\t\t\t\t<\/div>\n\t\t<\/div>\n\t\t\t\t\t<\/div>\n\t\t<\/section>\n\t\t\t\t<\/div>","protected":false},"excerpt":{"rendered":"<p class=\"wui-p-v-4\"><span class=\"wui-text-color-accents wui-text-weight-bold\">Marca:<\/span> <span class=\"wui-text-color-primary\">PAQUETE CY<\/span><\/p>\n<p class=\"wui-p-v-4\"><span class=\"wui-text-color-accents wui-text-weight-bold\">Origen del producto:<\/span> <span class=\"wui-text-color-primary\">China<\/span><\/p>\n<p class=\"wui-p-v-4\"><span class=\"wui-text-color-accents wui-text-weight-bold\">Plazo de entrega:<\/span> <span class=\"wui-text-color-primary\">20 d\u00edas de plazo<\/span><\/p>\n<p class=\"wui-p-v-4\"><span class=\"wui-text-color-accents wui-text-weight-bold\">Capacidad de suministro:<\/span> <span class=\"wui-text-color-primary\">1200 toneladas \/mes<\/span><\/p>\n<p>CY produce principalmente bolsas flexibles, como bolsas de fondo plano, bolsas stand up, films de envasado en rollo, etc. Adem\u00e1s, somos una de las empresas de envasado biodegradable y aceptamos bolsas de envasado sostenible personalizadas. Los envases biodegradables, como el papel o la celulosa, tienen una estructura molecular d\u00e9bil, por lo que se desintegran r\u00e1pidamente.<br \/>\nLos envases alimentarios biodegradables impulsan la econom\u00eda circular, aprovechando los residuos de envases como compost que a\u00f1ade nutrientes al suelo y ayuda a impulsar la producci\u00f3n de alimentos y la agricultura.<\/p>","protected":false},"featured_media":1417,"comment_status":"open","ping_status":"closed","template":"","meta":{"_seopress_robots_primary_cat":"none","_seopress_titles_title":"Custom Biodegradable Sustainable Packaging Pouches Companies","_seopress_titles_desc":"CY PACK is a manufacture in China, specialize in the production of biodegradable packaging bags with small MOQ.","_seopress_robots_index":"","_monsterinsights_skip_tracking":false,"_monsterinsights_sitenote_active":false,"_monsterinsights_sitenote_note":"","_monsterinsights_sitenote_category":0,"_kad_post_transparent":"default","_kad_post_title":"","_kad_post_layout":"default","_kad_post_sidebar_id":"","_kad_post_content_style":"default","_kad_post_vertical_padding":"default","_kad_post_feature":"","_kad_post_feature_position":"","_kad_post_header":false,"_kad_post_footer":false},"product_brand":[],"product_cat":[43],"product_tag":[44],"class_list":{"0":"post-1407","1":"product","2":"type-product","3":"status-publish","4":"has-post-thumbnail","6":"product_cat-biodegradable-packaging-bags","7":"product_tag-100-biodegradable-bags","9":"first","10":"instock","11":"shipping-taxable","12":"product-type-simple","13":"entry","14":"content-bg","15":"loop-entry"},"_links":{"self":[{"href":"https:\/\/www.cy-package.com\/es\/wp-json\/wp\/v2\/product\/1407","targetHints":{"allow":["GET"]}}],"collection":[{"href":"https:\/\/www.cy-package.com\/es\/wp-json\/wp\/v2\/product"}],"about":[{"href":"https:\/\/www.cy-package.com\/es\/wp-json\/wp\/v2\/types\/product"}],"replies":[{"embeddable":true,"href":"https:\/\/www.cy-package.com\/es\/wp-json\/wp\/v2\/comments?post=1407"}],"version-history":[{"count":30,"href":"https:\/\/www.cy-package.com\/es\/wp-json\/wp\/v2\/product\/1407\/revisions"}],"predecessor-version":[{"id":1692,"href":"https:\/\/www.cy-package.com\/es\/wp-json\/wp\/v2\/product\/1407\/revisions\/1692"}],"wp:featuredmedia":[{"embeddable":true,"href":"https:\/\/www.cy-package.com\/es\/wp-json\/wp\/v2\/media\/1417"}],"wp:attachment":[{"href":"https:\/\/www.cy-package.com\/es\/wp-json\/wp\/v2\/media?parent=1407"}],"wp:term":[{"taxonomy":"product_brand","embeddable":true,"href":"https:\/\/www.cy-package.com\/es\/wp-json\/wp\/v2\/product_brand?post=1407"},{"taxonomy":"product_cat","embeddable":true,"href":"https:\/\/www.cy-package.com\/es\/wp-json\/wp\/v2\/product_cat?post=1407"},{"taxonomy":"product_tag","embeddable":true,"href":"https:\/\/www.cy-package.com\/es\/wp-json\/wp\/v2\/product_tag?post=1407"}],"curies":[{"name":"wp","href":"https:\/\/api.w.org\/{rel}","templated":true}]}}