{"id":1434,"date":"2025-04-10T17:46:00","date_gmt":"2025-04-10T09:46:00","guid":{"rendered":"https:\/\/www.cy-package.com\/?post_type=product&#038;p=1434"},"modified":"2026-01-16T11:27:57","modified_gmt":"2026-01-16T03:27:57","slug":"bolsa-reciclable-con-cremallera-para-envasar-alimentos-3","status":"publish","type":"product","link":"https:\/\/www.cy-package.com\/es\/producto\/bolsa-reciclable-con-cremallera-para-envasar-alimentos-3\/","title":{"rendered":"Bolsas de pl\u00e1stico PE+PE reciclables para envasado de alimentos"},"content":{"rendered":"<p><span style=\"color: #2b6cb0;\"><strong style=\"font-size: 18px; font-family: var(--global-body-font-family);\">Par\u00e1metros del producto<\/strong><\/span><\/p>\n<div>\n<div class=\"nei-table\">\n<table style=\"width: 100%; height: 478px;\" width=\"1000\">\n<tbody>\n<tr class=\"firstRow\" style=\"height: 31px;\">\n<td style=\"width: 19.9732%; height: 31px;\" colspan=\"1\" rowspan=\"1\" width=\"162\" height=\"20\">\n<div style=\"text-align: left;\">Material Grade:<\/div>\n<\/td>\n<td style=\"width: 79.0885%; height: 31px;\" colspan=\"1\" rowspan=\"1\" width=\"837\" height=\"20\">\n<div>Material de calidad alimentaria<\/div>\n<\/td>\n<\/tr>\n<tr style=\"height: 31px;\">\n<td style=\"width: 19.9732%; height: 31px;\" colspan=\"1\" rowspan=\"1\" width=\"162\" height=\"20\">\n<div>Material:<\/div>\n<\/td>\n<td style=\"width: 79.0885%; height: 31px;\" colspan=\"1\" rowspan=\"1\" width=\"837\" height=\"20\">\n<div>PE\/Papel Kraft ect.<\/div>\n<\/td>\n<\/tr>\n<tr style=\"height: 176px;\">\n<td style=\"width: 19.9732%; height: 176px;\" colspan=\"1\" rowspan=\"1\" width=\"162\" height=\"20\">\n<div>Caracter\u00edstica :<\/div>\n<\/td>\n<td style=\"width: 79.0885%; height: 176px;\" colspan=\"1\" rowspan=\"1\" width=\"837\" height=\"20\">1).Material de grado alimentario de seguridad e impresi\u00f3n perfecta<\/p>\n<p>2).Great para evitar fugas, excelente Moiseture-Proof<\/p>\n<p>3).Acabados mate tradicional, mate suave al tacto, brillante y metalizado, Estampaci\u00f3n en caliente.<\/td>\n<\/tr>\n<tr style=\"height: 31px;\">\n<td style=\"width: 19.9732%; height: 31px;\" colspan=\"1\" rowspan=\"1\" width=\"162\" height=\"20\">\n<div>Tama\u00f1o y grosor:<\/div>\n<\/td>\n<td style=\"width: 79.0885%; height: 31px;\" colspan=\"1\" rowspan=\"1\" width=\"837\" height=\"20\">\n<div>Personalizado seg\u00fan sus necesidades<\/div>\n<\/td>\n<\/tr>\n<tr style=\"height: 31px;\">\n<td style=\"width: 19.9732%; height: 31px;\" colspan=\"1\" rowspan=\"1\" width=\"162\" height=\"20\">\n<div>Tipo de tinta:<\/div>\n<\/td>\n<td style=\"width: 79.0885%; height: 31px;\" colspan=\"1\" rowspan=\"1\" width=\"837\" height=\"20\">\n<div>Tinta de soja ecol\u00f3gica de calidad alimentaria<\/div>\n<\/td>\n<\/tr>\n<tr style=\"height: 31px;\">\n<td style=\"width: 19.9732%; height: 31px;\" colspan=\"1\" rowspan=\"1\" width=\"162\" height=\"20\">\n<div>Capacidad:<\/div>\n<\/td>\n<td style=\"width: 79.0885%; height: 31px;\" colspan=\"1\" rowspan=\"1\" width=\"837\" height=\"20\">\n<div>200kg, 500kg, 1kg,2kg, Personalizado<\/div>\n<\/td>\n<\/tr>\n<tr style=\"height: 31px;\">\n<td style=\"width: 19.9732%; height: 31px;\" colspan=\"1\" rowspan=\"1\" width=\"162\" height=\"20\">\n<div>Aplicaci\u00f3n:<\/div>\n<\/td>\n<td style=\"width: 79.0885%; height: 31px;\" colspan=\"1\" rowspan=\"1\" width=\"837\" height=\"20\">\n<div>Alimentaci\u00f3n \/ Alimentos para mascotas \/ Prote\u00edna de suero \/ Arroz, productos l\u00e1cteos, etc.<\/div>\n<\/td>\n<\/tr>\n<tr style=\"height: 58px;\">\n<td style=\"width: 19.9732%; height: 58px;\" colspan=\"1\" rowspan=\"1\" width=\"162\" height=\"20\">\n<div>Opciones de estilo:<\/div>\n<\/td>\n<td style=\"width: 79.0885%; height: 58px;\" colspan=\"1\" rowspan=\"1\" width=\"837\" height=\"20\">\n<div>Fondo plano, Stand UP, fuelle lateral, cremallera superior, con\/sin ventana, Euro Hole, etc.<\/div>\n<\/td>\n<\/tr>\n<tr style=\"height: 58px;\">\n<td style=\"width: 19.9732%; height: 58px;\" colspan=\"1\" rowspan=\"1\" width=\"162\" height=\"20\">\n<div>Control de calidad:<\/div>\n<\/td>\n<td style=\"width: 79.0885%; height: 58px;\" colspan=\"1\" rowspan=\"1\" width=\"837\" height=\"20\">\n<div data-spm-anchor-id=\"a2700.details.0.i14.1410417dX9YP5T\">El equipo avanzado y el equipo experimentado del control de calidad comprobar\u00e1n el material, los productos semielaborados y acabados terminantemente en cada paso antes de enviar.<\/div>\n<\/td>\n<\/tr>\n<\/tbody>\n<\/table>\n<\/div>\n<figure id=\"attachment_1435\" aria-describedby=\"caption-attachment-1435\" style=\"width: 1500px\" class=\"wp-caption aligncenter\"><img fetchpriority=\"high\" decoding=\"async\" class=\"size-full wp-image-1435\" src=\"https:\/\/www.cy-package.com\/wp-content\/uploads\/2024\/12\/5.jpg\" alt=\"bolsa de fondo cuadrado reciclable\" width=\"1500\" height=\"1500\" srcset=\"https:\/\/www.cy-package.com\/wp-content\/uploads\/2024\/12\/5.jpg 1500w, https:\/\/www.cy-package.com\/wp-content\/uploads\/2024\/12\/5-300x300.jpg 300w, https:\/\/www.cy-package.com\/wp-content\/uploads\/2024\/12\/5-1024x1024.jpg 1024w, https:\/\/www.cy-package.com\/wp-content\/uploads\/2024\/12\/5-150x150.jpg 150w, https:\/\/www.cy-package.com\/wp-content\/uploads\/2024\/12\/5-768x768.jpg 768w, https:\/\/www.cy-package.com\/wp-content\/uploads\/2024\/12\/5-12x12.jpg 12w, https:\/\/www.cy-package.com\/wp-content\/uploads\/2024\/12\/5-600x600.jpg 600w, https:\/\/www.cy-package.com\/wp-content\/uploads\/2024\/12\/5-800x800.jpg 800w, https:\/\/www.cy-package.com\/wp-content\/uploads\/2024\/12\/5-100x100.jpg 100w\" sizes=\"(max-width: 1500px) 100vw, 1500px\" \/><figcaption id=\"caption-attachment-1435\" class=\"wp-caption-text\">bolsa de fondo cuadrado reciclable<\/figcaption><\/figure>\n<p>Las bolsas reciclables para envasado de alimentos est\u00e1n fabricadas con material reciclado 100%. Nuestras bolsas reciclables de PE+PE son cada vez m\u00e1s populares entre las bolsas para envasado de alimentos. Si usted est\u00e1 vendiendo el caf\u00e9, muesli o alimento para animales, usted puede f\u00e1cilmente exhibir su producto en los bolsos hermosos del dise\u00f1o que son monedero y planeta amistosos.<\/p>\n<p>Dado que las bolsas de pl\u00e1stico reciclado no son un producto completamente herm\u00e9tico, constituyen una buena soluci\u00f3n de envasado para el almacenamiento a corto plazo. Recomendamos almacenar las bolsas lejos de la luz solar directa y en lugares m\u00e1s frescos y secos para mantener los productos frescos, ya que la bolsa se descompone m\u00e1s r\u00e1pidamente en presencia de calor, luz y humedad.<\/p>\n<p>&nbsp;<\/p>\n<p style=\"text-align: center;\">\n<\/div>","protected":false},"excerpt":{"rendered":"<p class=\"wui-p-v-4\"><span class=\"wui-text-color-accents wui-text-weight-bold\">Marca:<\/span> <span class=\"wui-text-color-primary\">PAQUETE CY<\/span><\/p>\n<p class=\"wui-p-v-4\"><span class=\"wui-text-color-accents wui-text-weight-bold\">Origen del producto:<\/span> <span class=\"wui-text-color-primary\">China<\/span><\/p>\n<p class=\"wui-p-v-4\"><span class=\"wui-text-color-accents wui-text-weight-bold\">Plazo de entrega:<\/span> <span class=\"wui-text-color-primary\">25 d\u00edas de plazo de entrega<\/span><\/p>\n<p class=\"wui-p-v-4\"><span class=\"wui-text-color-accents wui-text-weight-bold\">Capacidad de suministro:<\/span> <span class=\"wui-text-color-primary\">1200 toneladas \/mes<\/span><\/p>\n<p class=\"wui-p-v-4\">1.Reciclabilidad:Las bolsas de pl\u00e1stico reciclado pueden procesarse y reutilizarse,reduciendo la cantidad total de residuos pl\u00e1sticos en vertederos y oc\u00e9anos.<br \/>\n2.Menor consumo de energ\u00eda: El reciclaje de bolsas de pl\u00e1stico suele requerir menos energ\u00eda que la producci\u00f3n de bolsas nuevas a partir de materias primas, lo que se traduce en menores emisiones de carbono en la fabricaci\u00f3n.<\/p>","protected":false},"featured_media":1441,"comment_status":"open","ping_status":"closed","template":"","meta":{"_seopress_robots_primary_cat":"none","_seopress_titles_title":"Recyclable Food Packaging Plastic PE+PE Recycling Bags","_seopress_titles_desc":"Recyclable food packaging bags source factory. Already got GRS certification.","_seopress_robots_index":"","_monsterinsights_skip_tracking":false,"_monsterinsights_sitenote_active":false,"_monsterinsights_sitenote_note":"","_monsterinsights_sitenote_category":0,"_kad_post_transparent":"default","_kad_post_title":"","_kad_post_layout":"default","_kad_post_sidebar_id":"","_kad_post_content_style":"default","_kad_post_vertical_padding":"default","_kad_post_feature":"","_kad_post_feature_position":"","_kad_post_header":false,"_kad_post_footer":false},"product_brand":[],"product_cat":[27],"product_tag":[],"class_list":{"0":"post-1434","1":"product","2":"type-product","3":"status-publish","4":"has-post-thumbnail","6":"product_cat-recyclable-packaging-bags","8":"first","9":"instock","10":"shipping-taxable","11":"product-type-simple","12":"entry","13":"content-bg","14":"loop-entry"},"_links":{"self":[{"href":"https:\/\/www.cy-package.com\/es\/wp-json\/wp\/v2\/product\/1434","targetHints":{"allow":["GET"]}}],"collection":[{"href":"https:\/\/www.cy-package.com\/es\/wp-json\/wp\/v2\/product"}],"about":[{"href":"https:\/\/www.cy-package.com\/es\/wp-json\/wp\/v2\/types\/product"}],"replies":[{"embeddable":true,"href":"https:\/\/www.cy-package.com\/es\/wp-json\/wp\/v2\/comments?post=1434"}],"version-history":[{"count":1,"href":"https:\/\/www.cy-package.com\/es\/wp-json\/wp\/v2\/product\/1434\/revisions"}],"predecessor-version":[{"id":1438,"href":"https:\/\/www.cy-package.com\/es\/wp-json\/wp\/v2\/product\/1434\/revisions\/1438"}],"wp:featuredmedia":[{"embeddable":true,"href":"https:\/\/www.cy-package.com\/es\/wp-json\/wp\/v2\/media\/1441"}],"wp:attachment":[{"href":"https:\/\/www.cy-package.com\/es\/wp-json\/wp\/v2\/media?parent=1434"}],"wp:term":[{"taxonomy":"product_brand","embeddable":true,"href":"https:\/\/www.cy-package.com\/es\/wp-json\/wp\/v2\/product_brand?post=1434"},{"taxonomy":"product_cat","embeddable":true,"href":"https:\/\/www.cy-package.com\/es\/wp-json\/wp\/v2\/product_cat?post=1434"},{"taxonomy":"product_tag","embeddable":true,"href":"https:\/\/www.cy-package.com\/es\/wp-json\/wp\/v2\/product_tag?post=1434"}],"curies":[{"name":"wp","href":"https:\/\/api.w.org\/{rel}","templated":true}]}}