{"id":1443,"date":"2025-02-18T14:16:39","date_gmt":"2025-02-18T06:16:39","guid":{"rendered":"https:\/\/www.cy-package.com\/?post_type=product&#038;p=1443"},"modified":"2025-12-30T16:38:25","modified_gmt":"2025-12-30T08:38:25","slug":"bolsas-de-plastico-para-envasar-alimentos-con-fondo-plano-10","status":"publish","type":"product","link":"https:\/\/www.cy-package.com\/es\/producto\/bolsas-de-plastico-para-envasar-alimentos-con-fondo-plano-10\/","title":{"rendered":"Bolsas de pie para galletas al por mayor Bolsas flexibles de pie con agujero para colgar"},"content":{"rendered":"<p><strong style=\"font-family: var(--global-body-font-family);\">Par\u00e1metros del producto<\/strong><\/p>\n<table style=\"border-collapse: collapse; width: 100%; height: 177px;\">\n<tbody>\n<tr style=\"height: 30px;\">\n<td style=\"width: 19.8374%; height: 30px;\">Material:<\/td>\n<td style=\"width: 80.1626%; height: 30px;\">PET\/AL\/PE,PET\/EVOH\/PE,MOPP\/AL\/PE, etc.<\/td>\n<\/tr>\n<tr style=\"height: 30px;\">\n<td style=\"width: 19.8374%; height: 30px;\">Tipo de tinta:<\/td>\n<td style=\"width: 80.1626%; height: 30px;\">Tinta de soja ecol\u00f3gica de calidad alimentaria<\/td>\n<\/tr>\n<tr style=\"height: 30px;\">\n<td style=\"width: 19.8374%; height: 30px;\">Aplicaci\u00f3n:<\/td>\n<td style=\"width: 80.1626%; height: 30px;\">Galletas y productos de panader\u00eda \/ Salud y bienestar \/ Caf\u00e9 \/ Alimentos para mascotas \/ T\u00e9 \/ Aperitivos \/ Frutos secos \/ Prote\u00edna de suero \/ Caramelos \/ Semillas, etc.<\/td>\n<\/tr>\n<tr style=\"height: 30px;\">\n<td style=\"width: 19.8374%; height: 30px;\">Opciones de estilo:<\/td>\n<td style=\"width: 80.1626%; height: 30px;\">Plana, de pie, con fuelle lateral, con cremallera superior, con\/sin ventana, con euroagujero, etc.<\/td>\n<\/tr>\n<tr style=\"height: 57px;\">\n<td style=\"width: 19.8374%; height: 57px;\">Control de calidad:<\/td>\n<td style=\"width: 80.1626%; height: 57px;\">El equipo avanzado y el equipo experimentado del control de calidad comprobar\u00e1n el material, los productos semielaborados y acabados terminantemente en cada paso antes de enviar.<\/td>\n<\/tr>\n<\/tbody>\n<\/table>\n<p><img fetchpriority=\"high\" decoding=\"async\" class=\"aligncenter wp-image-1390\" src=\"https:\/\/www.cy-package.com\/wp-content\/uploads\/2024\/12\/cookies-doypack.png\" alt=\"galletas doypack\" width=\"520\" height=\"338\" srcset=\"https:\/\/www.cy-package.com\/wp-content\/uploads\/2024\/12\/cookies-doypack.png 5436w, https:\/\/www.cy-package.com\/wp-content\/uploads\/2024\/12\/cookies-doypack-300x195.png 300w, https:\/\/www.cy-package.com\/wp-content\/uploads\/2024\/12\/cookies-doypack-1024x665.png 1024w, https:\/\/www.cy-package.com\/wp-content\/uploads\/2024\/12\/cookies-doypack-768x499.png 768w, https:\/\/www.cy-package.com\/wp-content\/uploads\/2024\/12\/cookies-doypack-1536x998.png 1536w, https:\/\/www.cy-package.com\/wp-content\/uploads\/2024\/12\/cookies-doypack-2048x1331.png 2048w, https:\/\/www.cy-package.com\/wp-content\/uploads\/2024\/12\/cookies-doypack-18x12.png 18w, https:\/\/www.cy-package.com\/wp-content\/uploads\/2024\/12\/cookies-doypack-800x520.png 800w\" sizes=\"(max-width: 520px) 100vw, 520px\" \/><\/p>\n<p>Las bolsas stand up para galletas son una excelente opci\u00f3n de envasado que combina funcionalidad y atractivo visual. Suelen estar fabricadas con materiales como el PE o el PP, que proporcionan una barrera contra la humedad y el ox\u00edgeno, ayudando a mantener frescas las galletas.<\/p>\n<p>Muchas bolsas de pie para buscuit vienen con una cremallera resellable, lo que facilita a los consumidores abrir y cerrar el envase manteniendo la frescura. Las bolsas de pie con orificio para colgar se mantendr\u00e1n en pie y destacar\u00e1n en los estantes. Algunos dise\u00f1os incluyen una ventana transparente que permite a los clientes ver las galletas en su interior, mejorando el atractivo visual. Estas bolsas pueden imprimirse con dise\u00f1os llamativos, marcas e informaci\u00f3n nutricional, lo que las hace atractivas en los estantes.<\/p>","protected":false},"excerpt":{"rendered":"<p class=\"wui-p-v-4\"><span class=\"wui-text-color-accents wui-text-weight-bold\">Marca:<\/span> <span class=\"wui-text-color-primary\">PAQUETE CY<\/span><\/p>\n<p class=\"wui-p-v-4\"><span class=\"wui-text-color-accents wui-text-weight-bold\">Origen del producto:<\/span> <span class=\"wui-text-color-primary\">China<\/span><\/p>\n<p class=\"wui-p-v-4\"><span class=\"wui-text-color-accents wui-text-weight-bold\">Plazo de entrega:<\/span> <span class=\"wui-text-color-primary\">20 d\u00edas de plazo<\/span><\/p>\n<p class=\"wui-p-v-4\"><span class=\"wui-text-color-accents wui-text-weight-bold\">Capacidad de suministro:<\/span> <span class=\"wui-text-color-primary\">1200 toneladas \/mes<\/span><\/p>\n<p>Las bolsas flexibles certificadas para la venta al por mayor son adecuadas para el envasado de productos alimentarios y no alimentarios, tambi\u00e9n est\u00e1n disponibles en materiales reciclables<br \/>\nEmbalaje fabricado e impreso \u00edntegramente en China Amplia zona imprimible, incluido el fuelle inferior de la bolsa, para un m\u00e1ximo atractivo El papel de aluminio en el interior de las bolsas stand up para galletas prolongar\u00e1 el tiempo de conservaci\u00f3n.<\/p>","protected":false},"featured_media":1445,"comment_status":"open","ping_status":"closed","template":"","meta":{"_seopress_robots_primary_cat":"none","_seopress_titles_title":"Stand Up Bags for Biscuit Standing Pouches with Hanging Hole","_seopress_titles_desc":"CY PACK is a flexible packaging manufacture in China. Packaging pouch bags suitable for food, daily chemicals and other industries.","_seopress_robots_index":"","_monsterinsights_skip_tracking":false,"_monsterinsights_sitenote_active":false,"_monsterinsights_sitenote_note":"","_monsterinsights_sitenote_category":0,"_kad_post_transparent":"default","_kad_post_title":"","_kad_post_layout":"default","_kad_post_sidebar_id":"","_kad_post_content_style":"default","_kad_post_vertical_padding":"default","_kad_post_feature":"","_kad_post_feature_position":"","_kad_post_header":false,"_kad_post_footer":false},"product_brand":[],"product_cat":[49],"product_tag":[],"class_list":{"0":"post-1443","1":"product","2":"type-product","3":"status-publish","4":"has-post-thumbnail","6":"product_cat-cookies-bakery-product-packaging","8":"first","9":"instock","10":"shipping-taxable","11":"product-type-simple","12":"entry","13":"content-bg","14":"loop-entry"},"_links":{"self":[{"href":"https:\/\/www.cy-package.com\/es\/wp-json\/wp\/v2\/product\/1443","targetHints":{"allow":["GET"]}}],"collection":[{"href":"https:\/\/www.cy-package.com\/es\/wp-json\/wp\/v2\/product"}],"about":[{"href":"https:\/\/www.cy-package.com\/es\/wp-json\/wp\/v2\/types\/product"}],"replies":[{"embeddable":true,"href":"https:\/\/www.cy-package.com\/es\/wp-json\/wp\/v2\/comments?post=1443"}],"version-history":[{"count":1,"href":"https:\/\/www.cy-package.com\/es\/wp-json\/wp\/v2\/product\/1443\/revisions"}],"predecessor-version":[{"id":1446,"href":"https:\/\/www.cy-package.com\/es\/wp-json\/wp\/v2\/product\/1443\/revisions\/1446"}],"wp:featuredmedia":[{"embeddable":true,"href":"https:\/\/www.cy-package.com\/es\/wp-json\/wp\/v2\/media\/1445"}],"wp:attachment":[{"href":"https:\/\/www.cy-package.com\/es\/wp-json\/wp\/v2\/media?parent=1443"}],"wp:term":[{"taxonomy":"product_brand","embeddable":true,"href":"https:\/\/www.cy-package.com\/es\/wp-json\/wp\/v2\/product_brand?post=1443"},{"taxonomy":"product_cat","embeddable":true,"href":"https:\/\/www.cy-package.com\/es\/wp-json\/wp\/v2\/product_cat?post=1443"},{"taxonomy":"product_tag","embeddable":true,"href":"https:\/\/www.cy-package.com\/es\/wp-json\/wp\/v2\/product_tag?post=1443"}],"curies":[{"name":"wp","href":"https:\/\/api.w.org\/{rel}","templated":true}]}}