{"id":1456,"date":"2025-02-13T16:53:43","date_gmt":"2025-02-13T08:53:43","guid":{"rendered":"https:\/\/www.cy-package.com\/?post_type=product&#038;p=1456"},"modified":"2025-12-30T16:38:05","modified_gmt":"2025-12-30T08:38:05","slug":"bolsa-reciclable-con-cremallera-para-envasar-alimentos-4","status":"publish","type":"product","link":"https:\/\/www.cy-package.com\/es\/producto\/bolsa-reciclable-con-cremallera-para-envasar-alimentos-4\/","title":{"rendered":"Embalaje Reciclable Bolsas de Pl\u00e1stico Transparentes de Gran Resistencia Bolsas con Fuelle de Fondo Plano Transparentes"},"content":{"rendered":"<p><span style=\"color: #2b6cb0;\"><strong style=\"font-size: 18px; font-family: var(--global-body-font-family);\">Par\u00e1metros del producto<\/strong><\/span><\/p>\n<div>\n<div class=\"nei-table\">\n<table style=\"width: 100%;\" width=\"1000\">\n<tbody>\n<tr class=\"firstRow\">\n<td style=\"width: 19.9732%;\" colspan=\"1\" rowspan=\"1\" width=\"162\" height=\"20\">\n<div style=\"text-align: left;\">Material Grade:<\/div>\n<\/td>\n<td style=\"width: 79.0885%;\" colspan=\"1\" rowspan=\"1\" width=\"837\" height=\"20\">\n<div>Material de calidad alimentaria<\/div>\n<\/td>\n<\/tr>\n<tr>\n<td style=\"width: 19.9732%;\" colspan=\"1\" rowspan=\"1\" width=\"162\" height=\"20\">\n<div>Material:<\/div>\n<\/td>\n<td style=\"width: 79.0885%;\" colspan=\"1\" rowspan=\"1\" width=\"837\" height=\"20\">\n<div>PE\/Papel Kraft ect.<\/div>\n<\/td>\n<\/tr>\n<tr>\n<td style=\"width: 19.9732%;\" colspan=\"1\" rowspan=\"1\" width=\"162\" height=\"20\">\n<div>Caracter\u00edstica :<\/div>\n<\/td>\n<td style=\"width: 79.0885%;\" colspan=\"1\" rowspan=\"1\" width=\"837\" height=\"20\">1).Material de grado alimentario de seguridad e impresi\u00f3n perfecta<\/p>\n<p>2).Great para evitar fugas, excelente Moiseture-Proof<\/p>\n<p>3).Acabados mate tradicional, mate suave al tacto, brillante y metalizado, Estampaci\u00f3n en caliente.<\/td>\n<\/tr>\n<tr>\n<td style=\"width: 19.9732%;\" colspan=\"1\" rowspan=\"1\" width=\"162\" height=\"20\">\n<div>Tama\u00f1o y grosor:<\/div>\n<\/td>\n<td style=\"width: 79.0885%;\" colspan=\"1\" rowspan=\"1\" width=\"837\" height=\"20\">\n<div>Personalizado seg\u00fan sus necesidades<\/div>\n<\/td>\n<\/tr>\n<tr>\n<td style=\"width: 19.9732%;\" colspan=\"1\" rowspan=\"1\" width=\"162\" height=\"20\">\n<div>Tipo de tinta:<\/div>\n<\/td>\n<td style=\"width: 79.0885%;\" colspan=\"1\" rowspan=\"1\" width=\"837\" height=\"20\">\n<div>Tinta de soja ecol\u00f3gica de calidad alimentaria<\/div>\n<\/td>\n<\/tr>\n<tr>\n<td style=\"width: 19.9732%;\" colspan=\"1\" rowspan=\"1\" width=\"162\" height=\"20\">\n<div>Capacidad:<\/div>\n<\/td>\n<td style=\"width: 79.0885%;\" colspan=\"1\" rowspan=\"1\" width=\"837\" height=\"20\">\n<div>1kg, 2kg, 5kg,10kg, Personalizado<\/div>\n<\/td>\n<\/tr>\n<tr>\n<td style=\"width: 19.9732%;\" colspan=\"1\" rowspan=\"1\" width=\"162\" height=\"20\">\n<div>Aplicaci\u00f3n:<\/div>\n<\/td>\n<td style=\"width: 79.0885%;\" colspan=\"1\" rowspan=\"1\" width=\"837\" height=\"20\">\n<div>Alimentaci\u00f3n \/ Alimentos para mascotas \/ Prote\u00edna de suero \/ Arroz, productos l\u00e1cteos, etc.<\/div>\n<\/td>\n<\/tr>\n<tr>\n<td style=\"width: 19.9732%;\" colspan=\"1\" rowspan=\"1\" width=\"162\" height=\"20\">\n<div>Opciones de estilo:<\/div>\n<\/td>\n<td style=\"width: 79.0885%;\" colspan=\"1\" rowspan=\"1\" width=\"837\" height=\"20\">\n<div>Fondo plano, Stand UP, fuelle lateral, cremallera superior, con\/sin ventana, Euro Hole, etc.<\/div>\n<\/td>\n<\/tr>\n<tr>\n<td style=\"width: 19.9732%;\" colspan=\"1\" rowspan=\"1\" width=\"162\" height=\"20\">\n<div>Control de calidad:<\/div>\n<\/td>\n<td style=\"width: 79.0885%;\" colspan=\"1\" rowspan=\"1\" width=\"837\" height=\"20\">\n<div data-spm-anchor-id=\"a2700.details.0.i14.1410417dX9YP5T\">El equipo avanzado y el equipo experimentado del control de calidad comprobar\u00e1n el material, los productos semielaborados y acabados terminantemente en cada paso antes de enviar.<\/div>\n<\/td>\n<\/tr>\n<\/tbody>\n<\/table>\n<\/div>\n<p><img fetchpriority=\"high\" decoding=\"async\" class=\"aligncenter size-full wp-image-1432\" src=\"https:\/\/www.cy-package.com\/wp-content\/uploads\/2024\/12\/9-4.jpg\" alt=\"\" width=\"1500\" height=\"1500\" srcset=\"https:\/\/www.cy-package.com\/wp-content\/uploads\/2024\/12\/9-4.jpg 1500w, https:\/\/www.cy-package.com\/wp-content\/uploads\/2024\/12\/9-4-300x300.jpg 300w, https:\/\/www.cy-package.com\/wp-content\/uploads\/2024\/12\/9-4-1024x1024.jpg 1024w, https:\/\/www.cy-package.com\/wp-content\/uploads\/2024\/12\/9-4-150x150.jpg 150w, https:\/\/www.cy-package.com\/wp-content\/uploads\/2024\/12\/9-4-768x768.jpg 768w, https:\/\/www.cy-package.com\/wp-content\/uploads\/2024\/12\/9-4-12x12.jpg 12w, https:\/\/www.cy-package.com\/wp-content\/uploads\/2024\/12\/9-4-600x600.jpg 600w, https:\/\/www.cy-package.com\/wp-content\/uploads\/2024\/12\/9-4-800x800.jpg 800w, https:\/\/www.cy-package.com\/wp-content\/uploads\/2024\/12\/9-4-100x100.jpg 100w\" sizes=\"(max-width: 1500px) 100vw, 1500px\" \/><\/p>\n<p>1.Durabilidad:Estas bolsas suelen estar fabricadas con polietileno m\u00e1s grueso o materiales similares,lo que las hace ideales para art\u00edculos pesados o voluminosos.Tambi\u00e9n podemos fabricar bolsas de pl\u00e1stico reciclables para embalaje.Pueden soportar el desgaste durante la manipulaci\u00f3n y el transporte.<\/p>\n<p>2.Dise\u00f1o con orificio para colgar: La inclusi\u00f3n de un orificio para colgar permite exponerlos f\u00e1cilmente en ganchos o perchas, lo que los hace perfectos para establecimientos minoristas.<\/p>\n<p>3.Versatilidad:Las bolsas de alta resistencia pueden utilizarse para una amplia gama de art\u00edculos, como ropa, herramientas, art\u00edculos de cocina y ferreter\u00eda. Tambi\u00e9n son ideales para organizar art\u00edculos en almacenes o trasteros.<\/p>\n<p>&nbsp;<\/p>\n<p>&nbsp;<\/p>\n<p style=\"text-align: center;\">\n<\/div>","protected":false},"excerpt":{"rendered":"<p class=\"wui-p-v-4\"><span class=\"wui-text-color-accents wui-text-weight-bold\">Marca:<\/span> <span class=\"wui-text-color-primary\">PAQUETE CY<\/span><\/p>\n<p class=\"wui-p-v-4\"><span class=\"wui-text-color-accents wui-text-weight-bold\">Origen del producto:<\/span> <span class=\"wui-text-color-primary\">China<\/span><\/p>\n<p class=\"wui-p-v-4\"><span class=\"wui-text-color-accents wui-text-weight-bold\">Plazo de entrega:<\/span> <span class=\"wui-text-color-primary\">25 d\u00edas de plazo de entrega<\/span><\/p>\n<p class=\"wui-p-v-4\"><span class=\"wui-text-color-accents wui-text-weight-bold\">Capacidad de suministro:<\/span> <span class=\"wui-text-color-primary\">1200 toneladas \/mes<\/span><\/p>\n<p class=\"wui-p-v-4\">Los materiales de envasado ecol\u00f3gicos reducen en gran medida la contaminaci\u00f3n por pl\u00e1sticos y contribuyen a la protecci\u00f3n del medio ambiente mundial.<br \/>\nLas bolsas de pl\u00e1stico reciclable de alta resistencia para envases con orificios para colgar son una pr\u00e1ctica soluci\u00f3n de envasado para diversas aplicaciones, especialmente en entornos de venta al por menor y almacenamiento.<\/p>","protected":false},"featured_media":1458,"comment_status":"open","ping_status":"closed","template":"","meta":{"_seopress_robots_primary_cat":"none","_seopress_titles_title":"Recyclable Packaging Heavy Duty Clear Plastic Bags","_seopress_titles_desc":"Recyclable plastic bags for packaging bags supplier in China. Hot sale to Australi, US, Europe.","_seopress_robots_index":"","_monsterinsights_skip_tracking":false,"_monsterinsights_sitenote_active":false,"_monsterinsights_sitenote_note":"","_monsterinsights_sitenote_category":0,"_kad_post_transparent":"default","_kad_post_title":"","_kad_post_layout":"default","_kad_post_sidebar_id":"","_kad_post_content_style":"default","_kad_post_vertical_padding":"default","_kad_post_feature":"","_kad_post_feature_position":"","_kad_post_header":false,"_kad_post_footer":false},"product_brand":[],"product_cat":[27],"product_tag":[],"class_list":{"0":"post-1456","1":"product","2":"type-product","3":"status-publish","4":"has-post-thumbnail","6":"product_cat-recyclable-packaging-bags","8":"first","9":"instock","10":"shipping-taxable","11":"product-type-simple","12":"entry","13":"content-bg","14":"loop-entry"},"_links":{"self":[{"href":"https:\/\/www.cy-package.com\/es\/wp-json\/wp\/v2\/product\/1456","targetHints":{"allow":["GET"]}}],"collection":[{"href":"https:\/\/www.cy-package.com\/es\/wp-json\/wp\/v2\/product"}],"about":[{"href":"https:\/\/www.cy-package.com\/es\/wp-json\/wp\/v2\/types\/product"}],"replies":[{"embeddable":true,"href":"https:\/\/www.cy-package.com\/es\/wp-json\/wp\/v2\/comments?post=1456"}],"version-history":[{"count":2,"href":"https:\/\/www.cy-package.com\/es\/wp-json\/wp\/v2\/product\/1456\/revisions"}],"predecessor-version":[{"id":2352,"href":"https:\/\/www.cy-package.com\/es\/wp-json\/wp\/v2\/product\/1456\/revisions\/2352"}],"wp:featuredmedia":[{"embeddable":true,"href":"https:\/\/www.cy-package.com\/es\/wp-json\/wp\/v2\/media\/1458"}],"wp:attachment":[{"href":"https:\/\/www.cy-package.com\/es\/wp-json\/wp\/v2\/media?parent=1456"}],"wp:term":[{"taxonomy":"product_brand","embeddable":true,"href":"https:\/\/www.cy-package.com\/es\/wp-json\/wp\/v2\/product_brand?post=1456"},{"taxonomy":"product_cat","embeddable":true,"href":"https:\/\/www.cy-package.com\/es\/wp-json\/wp\/v2\/product_cat?post=1456"},{"taxonomy":"product_tag","embeddable":true,"href":"https:\/\/www.cy-package.com\/es\/wp-json\/wp\/v2\/product_tag?post=1456"}],"curies":[{"name":"wp","href":"https:\/\/api.w.org\/{rel}","templated":true}]}}