{"id":1590,"date":"2025-07-04T14:58:59","date_gmt":"2025-07-04T06:58:59","guid":{"rendered":"https:\/\/www.cy-package.com\/?post_type=product&#038;p=1590"},"modified":"2026-01-15T17:19:48","modified_gmt":"2026-01-15T09:19:48","slug":"spouted-pouches-for-plant-nutrient-solution","status":"publish","type":"product","link":"https:\/\/www.cy-package.com\/es\/producto\/spouted-pouches-for-plant-nutrient-solution\/","title":{"rendered":"Flexible Plastic Spouted Pouches for Plant Nutrient Solution"},"content":{"rendered":"<h2><span style=\"font-size: 24px;\">Flexible Plastic Spouted Pouches for Plant Nutrient Solution<\/span><\/h2>\n<p>This soft plastic spout bag with a handle is an ideal environmentally friendly packaging choice for plant nutrient solution. It uses the &#8220;thin wall&#8221; characteristics of soft plastic to provide the required packaging functions with the least amount of plastic, achieving the dual goals of significant resource conservation (environmental protection) and cost reduction. At the same time, its handle design greatly improves the portability and convenience of consumer use, and is a typical representative of modern packaging pursuing lightweight, sustainable and improved user experience. For brands that focus on environmental protection and cost-effectiveness, it is a very attractive packaging solution.<\/p>\n<p><strong><span style=\"font-size: 20px;\">Spouted Pouches Type as bellow<\/span><\/strong><\/p>\n<div>\n<p><img decoding=\"async\" class=\"aligncenter\" title=\"Bolsas de bebida con boquilla\" src=\"https:\/\/www.cy-package.com\/2833\/2833-202205101615390419.jpg\" alt=\"Bolsas de bebida con boquilla\" \/><\/p>\n<p>&nbsp;<\/p>\n<h3><span style=\"font-size: 20px;\"><strong>Flujos de trabajo para la preproducci\u00f3n:<\/strong><\/span><\/h3>\n<p>1. Proporci\u00f3nenos informaci\u00f3n detallada sobre la bolsa que desea fabricar, como el uso previsto, el tama\u00f1o, la ilustraci\u00f3n, la estructura y el grosor, etc. Si es necesario, tambi\u00e9n podemos ofrecerle nuestras sugerencias profesionales para su elecci\u00f3n.<\/p>\n<p>2. Le enviaremos un presupuesto cuando tengamos toda la informaci\u00f3n sobre la bolsa.<\/p>\n<p>3. Una vez confirmado el precio por ambas partes, empezaremos a trabajar en el procesamiento de las ilustraciones (para su informaci\u00f3n: necesitamos procesar las ilustraciones en una versi\u00f3n factible para la impresi\u00f3n en huecograbado).<\/p>\n<p>4. Configuraci\u00f3n del est\u00e1ndar de color.<\/p>\n<p>5. Confirme el material gr\u00e1fico y firme el contrato.<\/p>\n<p>6. Los compradores tienen que pagar por adelantado el cilindro (coste de impresi\u00f3n) y 40% pago anticipado de la orden.<\/p>\n<p>7. Comenzaremos a producir los productos del quanlity para usted despu\u00e9s de entonces.<\/p>\n<p>&nbsp;<\/p>\n<p style=\"text-align: center;\"><img decoding=\"async\" title=\"Bolsas de bebida con boquilla\" src=\"https:\/\/www.cy-package.com\/2833\/2833-202205052254023652.jpg\" alt=\"Bolsas de bebida con boquilla\" \/><\/p>\n<p>&nbsp;<\/p>\n<h4><span style=\"font-size: 18px;\"><strong>PREGUNTAS FRECUENTES<\/strong><\/span><\/h4>\n<p><strong><span data-spm-anchor-id=\"a2700.details.0.i17.649a7657Tu7jaw\">P: \u00bfSon una f\u00e1brica o una empresa comercial?<\/span><\/strong><br \/>\nR: Somos una f\u00e1brica con equipos avanzados y equipos de dise\u00f1o profesionales, podr\u00edamos ofrecerle la mejor opci\u00f3n en dise\u00f1os y capacidad.<\/p>\n<p><strong>P:\u00bfCu\u00e1l es la cantidad m\u00ednima de pedido de su producto?<\/strong><br \/>\nA:Generalmente, MOQ para bolsas de bolsa es 10,000pcs.We tambi\u00e9n tomar pedidos de prueba de la muestra para MOQ peque\u00f1o, pls en contacto con nosotros para futher discutir.<\/p>\n<p><strong>P:\u00bfCu\u00e1l es el plazo de entrega una vez realizado el pedido?<\/strong><br \/>\nR: En general, el plazo de entrega es de 15-20 d\u00edas para nuevos pedidos y de 10-12 d\u00edas para pedidos repetidos a partir de la fecha de confirmaci\u00f3n.<\/p>\n<p><strong>P: \u00bfCu\u00e1l es su gama de productos?<\/strong><br \/>\nA: Nuestra f\u00e1brica puede producir la mayor\u00eda de las clases de empaquetado flexible, incluyendo el bolso del caf\u00e9, bolso del alimento para animales dom\u00e9sticos, bolso de la comida, bolso l\u00edquido, se levanta<br \/>\nbolsa, bolsa con cremallera, bolsas de pico, bolsa de la parte posterior, pel\u00edcula laminada para chocolate o caramelo y as\u00ed sucesivamente.<\/p>\n<p><strong>P: \u00bfQu\u00e9 informaci\u00f3n se necesita para obtener un presupuesto de un producto?<\/strong><br \/>\nR:P\u00f3ngase en contacto con nosotros para ofrecernos el tama\u00f1o y los requisitos especiales que desee.Todos pueden ser personalizados,y tenemos un mont\u00f3n de ejemplo para su referencia.<\/p>\n<p><strong>P: \u00bfSe pueden proporcionar muestras?<\/strong><br \/>\nR: S\u00ed, para la muestra personalizada, se cobrar\u00e1 el coste real de la muestra + la tarifa del cilindro de impresi\u00f3n, que no ser\u00e1 necesaria de nuevo para el pedido a granel.<\/p>\n<\/div>","protected":false},"excerpt":{"rendered":"<p class=\"wui-p-v-4\"><span class=\"wui-text-color-accents wui-text-weight-bold\">Marca:<\/span> <span class=\"wui-text-color-primary\">PAQUETE CY<\/span><\/p>\n<p class=\"wui-p-v-4\"><span class=\"wui-text-color-accents wui-text-weight-bold\">Origen del producto:<\/span> <span class=\"wui-text-color-primary\">China<\/span><\/p>\n<p class=\"wui-p-v-4\"><span class=\"wui-text-color-accents wui-text-weight-bold\">Plazo de entrega:<\/span> <span class=\"wui-text-color-primary\">25 d\u00edas de plazo de entrega<\/span><\/p>\n<p class=\"wui-p-v-4\">The spouted pouch is made of food grade plastic, clean and tasteless. The overall weight is very light, and the screw cap is convenient for pouring or drinking directly.<\/p>","protected":false},"featured_media":2034,"comment_status":"open","ping_status":"closed","template":"","meta":{"_seopress_robots_primary_cat":"none","_seopress_titles_title":"Flexible Plastic Spouted Pouches for Plant Nutrient Solution","_seopress_titles_desc":"Good quality and competitive price spouted pouches for plant nutrient solution- manufacturers and factory in China.","_seopress_robots_index":"","_monsterinsights_skip_tracking":false,"_monsterinsights_sitenote_active":false,"_monsterinsights_sitenote_note":"","_monsterinsights_sitenote_category":0,"_kad_post_transparent":"default","_kad_post_title":"","_kad_post_layout":"default","_kad_post_sidebar_id":"","_kad_post_content_style":"default","_kad_post_vertical_padding":"default","_kad_post_feature":"","_kad_post_feature_position":"","_kad_post_header":false,"_kad_post_footer":false},"product_brand":[],"product_cat":[26],"product_tag":[],"class_list":{"0":"post-1590","1":"product","2":"type-product","3":"status-publish","4":"has-post-thumbnail","6":"product_cat-spout-pouches","8":"first","9":"instock","10":"shipping-taxable","11":"product-type-simple","12":"entry","13":"content-bg","14":"loop-entry"},"_links":{"self":[{"href":"https:\/\/www.cy-package.com\/es\/wp-json\/wp\/v2\/product\/1590","targetHints":{"allow":["GET"]}}],"collection":[{"href":"https:\/\/www.cy-package.com\/es\/wp-json\/wp\/v2\/product"}],"about":[{"href":"https:\/\/www.cy-package.com\/es\/wp-json\/wp\/v2\/types\/product"}],"replies":[{"embeddable":true,"href":"https:\/\/www.cy-package.com\/es\/wp-json\/wp\/v2\/comments?post=1590"}],"version-history":[{"count":3,"href":"https:\/\/www.cy-package.com\/es\/wp-json\/wp\/v2\/product\/1590\/revisions"}],"predecessor-version":[{"id":2346,"href":"https:\/\/www.cy-package.com\/es\/wp-json\/wp\/v2\/product\/1590\/revisions\/2346"}],"wp:featuredmedia":[{"embeddable":true,"href":"https:\/\/www.cy-package.com\/es\/wp-json\/wp\/v2\/media\/2034"}],"wp:attachment":[{"href":"https:\/\/www.cy-package.com\/es\/wp-json\/wp\/v2\/media?parent=1590"}],"wp:term":[{"taxonomy":"product_brand","embeddable":true,"href":"https:\/\/www.cy-package.com\/es\/wp-json\/wp\/v2\/product_brand?post=1590"},{"taxonomy":"product_cat","embeddable":true,"href":"https:\/\/www.cy-package.com\/es\/wp-json\/wp\/v2\/product_cat?post=1590"},{"taxonomy":"product_tag","embeddable":true,"href":"https:\/\/www.cy-package.com\/es\/wp-json\/wp\/v2\/product_tag?post=1590"}],"curies":[{"name":"wp","href":"https:\/\/api.w.org\/{rel}","templated":true}]}}