{"id":1591,"date":"2025-02-18T17:47:21","date_gmt":"2025-02-18T09:47:21","guid":{"rendered":"https:\/\/www.cy-package.com\/?post_type=product&#038;p=1591"},"modified":"2025-03-12T14:28:59","modified_gmt":"2025-03-12T06:28:59","slug":"aluminum-foil-zip-lock-bags","status":"publish","type":"product","link":"https:\/\/www.cy-package.com\/es\/producto\/aluminum-foil-zip-lock-bags\/","title":{"rendered":"Envases de papel de aluminio Bolsas ziploc"},"content":{"rendered":"<p>&nbsp;<\/p>\n<div>\n<p><span style=\"font-size: 18px; color: #2b6cb0;\"><strong>Par\u00e1metros del producto<\/strong><\/span><\/p>\n<\/div>\n<div>\n<div class=\"nei-table\" style=\"text-align: left;\">\n<p>&nbsp;<\/p>\n<div class=\"nei-table\">\n<table style=\"width: 100%; height: 392px;\">\n<tbody>\n<tr class=\"firstRow\" style=\"height: 31px;\">\n<td style=\"border-color: #dddddd; height: 31px; width: 14.8256%;\" colspan=\"1\" rowspan=\"1\" width=\"162\" height=\"20\">\n<div style=\"text-align: left;\">Material Grade:<\/div>\n<\/td>\n<td style=\"border-color: #dddddd; height: 31px; width: 84.6899%;\" colspan=\"1\" rowspan=\"1\" width=\"1062\" height=\"20\">\n<div style=\"text-align: left;\">Material de calidad alimentaria<\/div>\n<\/td>\n<\/tr>\n<tr style=\"height: 31px;\">\n<td style=\"border-color: #dddddd; height: 31px; width: 14.8256%;\" colspan=\"1\" rowspan=\"1\" width=\"162\" height=\"20\">\n<div style=\"text-align: left;\">Material:<\/div>\n<\/td>\n<td style=\"border-color: #dddddd; height: 31px; width: 84.6899%;\" colspan=\"1\" rowspan=\"1\" width=\"1062\" height=\"20\">\n<div style=\"text-align: left;\">PET\/VMPET\/PE\/BOPP\/Papel Kraft\/AL\/BOPP\/CPP\/PLA\/PBAT, etc.<\/div>\n<\/td>\n<\/tr>\n<tr style=\"height: 117px;\">\n<td style=\"border-color: #dddddd; height: 117px; width: 14.8256%;\" colspan=\"1\" rowspan=\"1\" width=\"162\" height=\"20\">\n<div style=\"text-align: left;\">Caracter\u00edstica :<\/div>\n<\/td>\n<td style=\"border-color: #dddddd; height: 117px; width: 84.6899%;\" colspan=\"1\" rowspan=\"1\" width=\"1062\" height=\"20\">\n<div style=\"text-align: left;\">\n<p>1).Material de grado alimentario de seguridad e impresi\u00f3n perfecta<\/p>\n<p>2).Great para evitar fugas, excelente Moiseture-Proof<\/p>\n<div data-spm-anchor-id=\"a2700.pc-decorate.0.i62.50563333vYoKlh\">3).Fondo de sellado fuerte y Ziplock duradero<\/div>\n<\/div>\n<\/td>\n<\/tr>\n<tr style=\"height: 31px;\">\n<td style=\"border-color: #dddddd; height: 31px; width: 14.8256%;\" colspan=\"1\" rowspan=\"1\" width=\"162\" height=\"20\">\n<div style=\"text-align: left;\">Tama\u00f1o y grosor:<\/div>\n<\/td>\n<td style=\"border-color: #dddddd; height: 31px; width: 84.6899%;\" colspan=\"1\" rowspan=\"1\" width=\"1062\" height=\"20\">\n<div style=\"text-align: left;\">Envasado de caf\u00e9 personalizado seg\u00fan sus necesidades<\/div>\n<\/td>\n<\/tr>\n<tr style=\"height: 31px;\">\n<td style=\"border-color: #dddddd; height: 31px; width: 14.8256%;\" colspan=\"1\" rowspan=\"1\" width=\"162\" height=\"20\">\n<div style=\"text-align: left;\">Tipo de tinta:<\/div>\n<\/td>\n<td style=\"border-color: #dddddd; height: 31px; width: 84.6899%;\" colspan=\"1\" rowspan=\"1\" width=\"1062\" height=\"20\">\n<div style=\"text-align: left;\">Tinta de soja ecol\u00f3gica de calidad alimentaria<\/div>\n<\/td>\n<\/tr>\n<tr style=\"height: 31px;\">\n<td style=\"border-color: #dddddd; height: 31px; width: 14.8256%;\" colspan=\"1\" rowspan=\"1\" width=\"162\" height=\"20\">\n<div style=\"text-align: left;\">Capacidad:<\/div>\n<\/td>\n<td style=\"border-color: #dddddd; height: 31px; width: 84.6899%;\" colspan=\"1\" rowspan=\"1\" width=\"1062\" height=\"20\">\n<div style=\"text-align: left;\">100g, 200g, 250g, 500g, 1000g\/1kg, 2kg, 5kg,8oz-100oz, Personalizado<\/div>\n<\/td>\n<\/tr>\n<tr style=\"height: 31px;\">\n<td style=\"border-color: #dddddd; height: 31px; width: 14.8256%;\" colspan=\"1\" rowspan=\"1\" width=\"162\" height=\"20\">\n<div style=\"text-align: left;\">Aplicaci\u00f3n:<\/div>\n<\/td>\n<td style=\"border-color: #dddddd; height: 31px; width: 84.6899%;\" colspan=\"1\" rowspan=\"1\" width=\"1062\" height=\"20\">\n<div style=\"text-align: left;\">\u00a0Caf\u00e9 \/ T\u00e9 \/ Semillas, etc.<\/div>\n<\/td>\n<\/tr>\n<tr style=\"height: 31px;\">\n<td style=\"border-color: #dddddd; height: 31px; width: 14.8256%;\" colspan=\"1\" rowspan=\"1\" width=\"162\" height=\"20\">\n<div style=\"text-align: left;\">Opciones de estilo:<\/div>\n<\/td>\n<td style=\"border-color: #dddddd; height: 31px; width: 84.6899%;\" colspan=\"1\" rowspan=\"1\" width=\"1062\" height=\"20\">\n<div style=\"text-align: left;\">Bolsas de fondo plano, bolsas de pie, bolsas con fuelle lateral, bolsas con cierre de cremallera, con o sin ventana, orificio europeo, etc.<\/div>\n<\/td>\n<\/tr>\n<tr style=\"height: 58px;\">\n<td style=\"border-color: #dddddd; height: 58px; width: 14.8256%;\" colspan=\"1\" rowspan=\"1\" width=\"162\" height=\"20\">\n<div style=\"text-align: left;\">Control de calidad:<\/div>\n<\/td>\n<td style=\"border-color: #dddddd; height: 58px; width: 84.6899%;\" colspan=\"1\" rowspan=\"1\" width=\"1041.6666666666667\" height=\"20\">\n<div style=\"text-align: left;\" data-spm-anchor-id=\"a2700.details.0.i14.1410417dX9YP5T\">El equipo avanzado y el equipo experimentado del control de calidad comprobar\u00e1n el material, los productos semielaborados y acabados terminantemente en cada paso antes de enviar.<\/div>\n<\/td>\n<\/tr>\n<\/tbody>\n<\/table>\n<\/div>\n<\/div>\n<\/div>\n<p><img fetchpriority=\"high\" decoding=\"async\" class=\"aligncenter size-full wp-image-1645\" src=\"https:\/\/www.cy-package.com\/wp-content\/uploads\/2025\/02\/18-e1739871616325.jpg\" alt=\"BOLSAS DE PAPEL DE ALUMINIO\" width=\"800\" height=\"535\" srcset=\"https:\/\/www.cy-package.com\/wp-content\/uploads\/2025\/02\/18-e1739871616325.jpg 800w, https:\/\/www.cy-package.com\/wp-content\/uploads\/2025\/02\/18-e1739871616325-300x201.jpg 300w, https:\/\/www.cy-package.com\/wp-content\/uploads\/2025\/02\/18-e1739871616325-768x514.jpg 768w, https:\/\/www.cy-package.com\/wp-content\/uploads\/2025\/02\/18-e1739871616325-18x12.jpg 18w\" sizes=\"(max-width: 800px) 100vw, 800px\" \/><\/p>\n<p>Stand up bags( also called flat pouches) are one of the best packaging solutions if you want to add a prefessional look to your brand or business.Ideal for food and snack packaging,the high resistance barriers can help to keep your products fresh for longer. This aluminum foil packaging bag stand up bag leave you open for many options. Since it&#8217;s gusseted,these bags can handle heavier items and makes them easy to transport. Make it resealable with a zipper. Zip your pouch from the side,bottom or anywhere you want. Choose between glossy or matte.Customize your packaging as you see fit. You create it and we make it happen.<\/p>","protected":false},"excerpt":{"rendered":"<p class=\"wui-p-v-4\"><span class=\"wui-text-color-accents wui-text-weight-bold\">Marca:<\/span> <span class=\"wui-text-color-primary\">PAQUETE CY<\/span><\/p>\n<p class=\"wui-p-v-4\"><span class=\"wui-text-color-accents wui-text-weight-bold\">Origen del producto:<\/span> <span class=\"wui-text-color-primary\">China<\/span><\/p>\n<p class=\"wui-p-v-4\"><span class=\"wui-text-color-accents wui-text-weight-bold\">Plazo de entrega:<\/span> <span class=\"wui-text-color-primary\">20 d\u00edas de plazo<\/span><\/p>\n<p>&nbsp;<\/p>\n<p class=\"wui-p-v-4\"><span class=\"wui-text-color-accents wui-text-weight-bold\">Capacidad de suministro:<\/span> <span class=\"wui-text-color-primary\">1200 toneladas \/mes<\/span><\/p>\n<p class=\"wui-p-v-4\">Tratamiento de superficies:Huecograbado\/Impresi\u00f3n digital<\/p>\n<p>Amplia gama de usos:  Nuestras bolsas zip lock stand up son impermeables despu\u00e9s de cerrar la bolsa zip lock,uso perfecto para caramelos,galletas,especias,golosinas para mascotas,granos de caf\u00e9,bombas de ba\u00f1o y as\u00ed sucesivamente.<br \/>\nCalidad a prueba de olores:El forro de la bolsa resellable para envasado de alimentos est\u00e1 hecho de papel de aluminio de alta calidad,que tiene buena resistencia y tenacidad,no se deforma despu\u00e9s de un uso repetido,y se puede almacenar durante mucho tiempo.<br \/>\nF\u00e1cil de usar: puede abrir la cremallera varias veces, y el cierre es tan herm\u00e9tico que no se rompe. S\u00f3lo tiene que abrir y sellar la parte de la cremallera cuando se utiliza, muy f\u00e1cil de empacar y almacenar, La ventana visible mate en el centro le permite ver qu\u00e9 productos se almacenan en la bolsa sin necesidad de abrir el sello, por favor aseg\u00farese de cerrar el sello de la cremallera para evitar fugas y garantizar la frescura.<\/p>","protected":false},"featured_media":1646,"comment_status":"open","ping_status":"closed","template":"","meta":{"_seopress_robots_primary_cat":"none","_seopress_titles_title":"Aluminum Foil Packaging Zip Lock Bags","_seopress_titles_desc":"Wholesale Packaging Bags manufacture and factory. We  CY PACK accept custom aluminum foil packaging zip lock bags for coffee beans dog dry food cat dry food.","_seopress_robots_index":"","_monsterinsights_skip_tracking":false,"_monsterinsights_sitenote_active":false,"_monsterinsights_sitenote_note":"","_monsterinsights_sitenote_category":0,"_kad_post_transparent":"default","_kad_post_title":"","_kad_post_layout":"default","_kad_post_sidebar_id":"","_kad_post_content_style":"default","_kad_post_vertical_padding":"default","_kad_post_feature":"","_kad_post_feature_position":"","_kad_post_header":false,"_kad_post_footer":false},"product_brand":[],"product_cat":[41],"product_tag":[],"class_list":{"0":"post-1591","1":"product","2":"type-product","3":"status-publish","4":"has-post-thumbnail","6":"product_cat-flat-bottom-pouches","8":"first","9":"instock","10":"shipping-taxable","11":"product-type-simple","12":"entry","13":"content-bg","14":"loop-entry"},"_links":{"self":[{"href":"https:\/\/www.cy-package.com\/es\/wp-json\/wp\/v2\/product\/1591","targetHints":{"allow":["GET"]}}],"collection":[{"href":"https:\/\/www.cy-package.com\/es\/wp-json\/wp\/v2\/product"}],"about":[{"href":"https:\/\/www.cy-package.com\/es\/wp-json\/wp\/v2\/types\/product"}],"replies":[{"embeddable":true,"href":"https:\/\/www.cy-package.com\/es\/wp-json\/wp\/v2\/comments?post=1591"}],"version-history":[{"count":4,"href":"https:\/\/www.cy-package.com\/es\/wp-json\/wp\/v2\/product\/1591\/revisions"}],"predecessor-version":[{"id":1659,"href":"https:\/\/www.cy-package.com\/es\/wp-json\/wp\/v2\/product\/1591\/revisions\/1659"}],"wp:featuredmedia":[{"embeddable":true,"href":"https:\/\/www.cy-package.com\/es\/wp-json\/wp\/v2\/media\/1646"}],"wp:attachment":[{"href":"https:\/\/www.cy-package.com\/es\/wp-json\/wp\/v2\/media?parent=1591"}],"wp:term":[{"taxonomy":"product_brand","embeddable":true,"href":"https:\/\/www.cy-package.com\/es\/wp-json\/wp\/v2\/product_brand?post=1591"},{"taxonomy":"product_cat","embeddable":true,"href":"https:\/\/www.cy-package.com\/es\/wp-json\/wp\/v2\/product_cat?post=1591"},{"taxonomy":"product_tag","embeddable":true,"href":"https:\/\/www.cy-package.com\/es\/wp-json\/wp\/v2\/product_tag?post=1591"}],"curies":[{"name":"wp","href":"https:\/\/api.w.org\/{rel}","templated":true}]}}