{"id":1592,"date":"2025-01-21T16:35:57","date_gmt":"2025-01-21T08:35:57","guid":{"rendered":"https:\/\/www.cy-package.com\/?post_type=product&#038;p=1592"},"modified":"2025-03-06T17:49:32","modified_gmt":"2025-03-06T09:49:32","slug":"bolsas-de-plastico-para-envasar-alimentos-con-fondo-plano-15","status":"publish","type":"product","link":"https:\/\/www.cy-package.com\/es\/producto\/bolsas-de-plastico-para-envasar-alimentos-con-fondo-plano-15\/","title":{"rendered":"Bolsas de papel de aluminio con material de calidad alimentaria"},"content":{"rendered":"<hr \/>\n<p><strong style=\"font-family: var(--global-body-font-family);\">Par\u00e1metros del producto<\/strong><\/p>\n<table style=\"border-collapse: collapse; width: 100%;\">\n<tbody>\n<tr>\n<td style=\"width: 19.8374%;\">Material:<\/td>\n<td style=\"width: 80.1626%;\">PET+VMPET+PE, BOPP+papel kraft+VMPET+PE, etc.<\/td>\n<\/tr>\n<tr>\n<td style=\"width: 19.8374%;\">Tipo de tinta:<\/td>\n<td style=\"width: 80.1626%;\">Tinta de soja ecol\u00f3gica de calidad alimentaria<\/td>\n<\/tr>\n<tr>\n<td style=\"width: 19.8374%;\">Aplicaci\u00f3n:<\/td>\n<td style=\"width: 80.1626%;\">Alimentaci\u00f3n \/ Caf\u00e9 \/ Comida para mascotas \/ T\u00e9 \/ Aperitivos \/ Frutos secos \/ Prote\u00edna de suero \/ Semillas, etc.<\/td>\n<\/tr>\n<tr>\n<td style=\"width: 19.8374%;\">Opciones de estilo:<\/td>\n<td style=\"width: 80.1626%;\">Fondo plano, Stand UP, fuelle lateral, cremallera superior, con\/sin ventana, Euro Hole, etc.<\/td>\n<\/tr>\n<tr>\n<td style=\"width: 19.8374%;\">Control de calidad:<\/td>\n<td style=\"width: 80.1626%;\">El equipo avanzado y el equipo experimentado del control de calidad comprobar\u00e1n el material, los productos semielaborados y acabados terminantemente en cada paso antes de enviar.<\/td>\n<\/tr>\n<\/tbody>\n<\/table>\n<p><img fetchpriority=\"high\" decoding=\"async\" class=\"aligncenter\" src=\"https:\/\/www.cy-package.com\/wp-content\/uploads\/2025\/01\/15.jpg\" alt=\"bolsas de papel de aluminio\" width=\"370\" height=\"370\" \/><\/p>\n<p>Si usted est\u00e1 buscando bolsas de envasado de alimentos para el caf\u00e9, el t\u00e9, o algunos productos herm\u00e9ticos y de alta resistencia a la perforaci\u00f3n, bolsas de papel de aluminio debe ser la mejor opci\u00f3n.Nuestras bolsas de papel de aluminio por lo general se hacen con 3 o 4 capas de material de alta resistencia, por lo general tendr\u00e1 una capa de papel de aluminio o pel\u00edcula metalizada en el centro de la misma para mantener los productos alcanzan fuera de la luz solar o luz directa, esto mantendr\u00e1 los productos con estante m\u00e1s largo y tienen propiedades de barrera m\u00e1s altos.AL es la barrera de ultra-alta calidad y material de resistencia en los productos de bolsa, los datos como a continuaci\u00f3n: Ox\u00edgeno Tasa de tr\u00e1nsito &lt; 0,5 cc\/\u33a1.24h.0.1mpa;Tasa de tr\u00e1nsito de vapor de humedad &lt; 0,1 g\/\u33a1.24h;Mientras que todas las barreras de otras pel\u00edculas son al menos 5-50 veces m\u00e1s d\u00e9biles que el propio AL. Incluso sin utilizar aluminio puro, tambi\u00e9n tenemos materiales de revestimiento de aluminio, como PETAL, CPPAL, BOPPAL, o alguna otra pel\u00edcula como ALOx-PET, ALOx-BOPP, etc. Estos materiales no son de aluminio puro, pero el recubrimiento con aluminio aumenta significativamente la barrera y prolonga la vida \u00fatil y la propiedad de barrera. Adem\u00e1s de todo, AL ha demostrado que es la \u00fanica 100% pel\u00edcula a prueba de luz que todas las dem\u00e1s pel\u00edculas, tales como papel kraft, pel\u00edcula opaca, pel\u00edcula de revestimiento, etc. Si desea m\u00e1s informaci\u00f3n sobre las bolsas de papel de aluminio, p\u00f3ngase en contacto con nosotros.<\/p>\n<p>bolsas de papel de aluminio<\/p>\n<h2><strong>\u00a0<\/strong><\/h2>\n<h2><strong>\u00a0<\/strong><\/h2>\n<h2><strong>\u00a0<\/strong><\/h2>\n<h2><strong>Por qu\u00e9 CY PACK<\/strong><\/h2>\n<hr \/>\n<p>CY PACK es un fabricante de confianza que puede ayudarle a personalizar envases flexibles impresos cremallera de pie pouches.CY PACK tienen estas ventajas:<\/p>\n<p>\u2606 Materiales de alta calidad: CY PACK utiliza materiales ecol\u00f3gicos de alta calidad para garantizar que los productos sean seguros y duraderos.<\/p>\n<p>Personalizaci\u00f3n profesional: Proporcionar servicios de dise\u00f1o personalizados para satisfacer sus necesidades \u00fanicas.<\/p>\n<p>\u2606 Tecnolog\u00eda avanzada: CY PACK Utilice tecnolog\u00eda de impresi\u00f3n moderna para garantizar colores brillantes y patrones claros.<\/p>\n<p>\u2606 Excelente servicio: El equipo profesional de CY PACK proporciona la ayuda vers\u00e1til para asegurar su experiencia satisfactoria.<\/p>\n<p>\u2606 Fabricante en origen:Reduzca sus costes operativos desde el origen.<\/p>\n<p>\u2606 Control de calidad: Problemas de calidad, compensaci\u00f3n o rehacer.<\/p>\n<p style=\"text-align: center;\">","protected":false},"excerpt":{"rendered":"<p class=\"wui-p-v-4\"><span class=\"wui-text-color-accents wui-text-weight-bold\">Marca:<\/span> <span class=\"wui-text-color-primary\">PAQUETE CY<\/span><\/p>\n<p class=\"wui-p-v-4\"><span class=\"wui-text-color-accents wui-text-weight-bold\">Origen del producto:<\/span> <span class=\"wui-text-color-primary\">China<\/span><\/p>\n<p class=\"wui-p-v-4\"><span class=\"wui-text-color-accents wui-text-weight-bold\">Plazo de entrega:<\/span> 3<span class=\"wui-text-color-primary\">0 d\u00edas de plazo<\/span><\/p>\n<p>Las bolsas de papel de aluminio son una opci\u00f3n cada vez m\u00e1s atractiva para una amplia gama de productos, ya que son pr\u00e1cticas para la vida diaria.<br \/>\nBarrera de protecci\u00f3n:  El papel de aluminio proporciona una excelente barrera contra la luz,la humedad,el aire y los olores,ayudando a preservar la frescura y la calidad del contenido.<br \/>\nDurabilidad y facilidad de uso:  La naturaleza flexible de estas bolsas de aluminio stand up facilita su apertura y cierre. Fuertes y resistentes a los pinchazos y los desgarros, protegen el contenido durante el transporte y la manipulaci\u00f3n.<br \/>\nVersatilidad:  Adecuado para el envasado de productos alimenticios, farmac\u00e9uticos, qu\u00edmicos y electr\u00f3nicos, bolsas de papel de aluminio pueden ajustarse a diferentes formas y tama\u00f1os<\/p>","protected":false},"featured_media":1624,"comment_status":"open","ping_status":"closed","template":"","meta":{"_seopress_robots_primary_cat":"none","_seopress_titles_title":"Aluminum Foil Packaging Bags With Food Grade Material","_seopress_titles_desc":"CY PACK is a flexible packaging manufacture in China, Our Aliminum foil packaging bags applicable to food, daily chemicals, grease, granular materials, metal powder, liquid materials.","_seopress_robots_index":"","_monsterinsights_skip_tracking":false,"_monsterinsights_sitenote_active":false,"_monsterinsights_sitenote_note":"","_monsterinsights_sitenote_category":0,"_kad_post_transparent":"default","_kad_post_title":"","_kad_post_layout":"default","_kad_post_sidebar_id":"","_kad_post_content_style":"default","_kad_post_vertical_padding":"default","_kad_post_feature":"","_kad_post_feature_position":"","_kad_post_header":false,"_kad_post_footer":false},"product_brand":[],"product_cat":[41],"product_tag":[55],"class_list":{"0":"post-1592","1":"product","2":"type-product","3":"status-publish","4":"has-post-thumbnail","6":"product_cat-flat-bottom-pouches","7":"product_tag-aluminum-foil-packaging-bags","9":"first","10":"instock","11":"shipping-taxable","12":"product-type-simple","13":"entry","14":"content-bg","15":"loop-entry"},"_links":{"self":[{"href":"https:\/\/www.cy-package.com\/es\/wp-json\/wp\/v2\/product\/1592","targetHints":{"allow":["GET"]}}],"collection":[{"href":"https:\/\/www.cy-package.com\/es\/wp-json\/wp\/v2\/product"}],"about":[{"href":"https:\/\/www.cy-package.com\/es\/wp-json\/wp\/v2\/types\/product"}],"replies":[{"embeddable":true,"href":"https:\/\/www.cy-package.com\/es\/wp-json\/wp\/v2\/comments?post=1592"}],"version-history":[{"count":14,"href":"https:\/\/www.cy-package.com\/es\/wp-json\/wp\/v2\/product\/1592\/revisions"}],"predecessor-version":[{"id":1655,"href":"https:\/\/www.cy-package.com\/es\/wp-json\/wp\/v2\/product\/1592\/revisions\/1655"}],"wp:featuredmedia":[{"embeddable":true,"href":"https:\/\/www.cy-package.com\/es\/wp-json\/wp\/v2\/media\/1624"}],"wp:attachment":[{"href":"https:\/\/www.cy-package.com\/es\/wp-json\/wp\/v2\/media?parent=1592"}],"wp:term":[{"taxonomy":"product_brand","embeddable":true,"href":"https:\/\/www.cy-package.com\/es\/wp-json\/wp\/v2\/product_brand?post=1592"},{"taxonomy":"product_cat","embeddable":true,"href":"https:\/\/www.cy-package.com\/es\/wp-json\/wp\/v2\/product_cat?post=1592"},{"taxonomy":"product_tag","embeddable":true,"href":"https:\/\/www.cy-package.com\/es\/wp-json\/wp\/v2\/product_tag?post=1592"}],"curies":[{"name":"wp","href":"https:\/\/api.w.org\/{rel}","templated":true}]}}