{"id":1694,"date":"2025-04-25T17:42:23","date_gmt":"2025-04-25T09:42:23","guid":{"rendered":"https:\/\/www.cy-package.com\/?post_type=product&#038;p=1694"},"modified":"2025-09-16T15:58:56","modified_gmt":"2025-09-16T07:58:56","slug":"flat-pouch-for-frozen-food","status":"publish","type":"product","link":"https:\/\/www.cy-package.com\/es\/producto\/flat-pouch-for-frozen-food\/","title":{"rendered":"Custom Flat Pouch for Frozen Food Packaging Bags"},"content":{"rendered":"<div data-elementor-type=\"product-post\" data-elementor-id=\"1694\" class=\"elementor elementor-1694\" data-elementor-post-type=\"product\">\n\t\t\t\t\t\t<section class=\"elementor-section elementor-top-section elementor-element elementor-element-1d48491a elementor-section-boxed elementor-section-height-default elementor-section-height-default\" data-id=\"1d48491a\" data-element_type=\"section\">\n\t\t\t\t\t\t<div class=\"elementor-container elementor-column-gap-default\">\n\t\t\t\t\t<div class=\"elementor-column elementor-col-100 elementor-top-column elementor-element elementor-element-62bc43d4\" data-id=\"62bc43d4\" data-element_type=\"column\">\n\t\t\t<div class=\"elementor-widget-wrap elementor-element-populated\">\n\t\t\t\t\t\t<div class=\"elementor-element elementor-element-4fdf0738 elementor-widget elementor-widget-text-editor\" data-id=\"4fdf0738\" data-element_type=\"widget\" data-widget_type=\"text-editor.default\">\n\t\t\t\t<div class=\"elementor-widget-container\">\n\t\t\t\t\t\t\t\t\t<p><span style=\"color: #2b6cb0; font-size: 20px;\"><span style=\"font-family: var(--global-body-font-family);\"><b>Par\u00e1metros del producto<\/b><\/span><\/span><\/p>\n<div>\n<div>\n<div>\n<table style=\"border-collapse: collapse; width: 100%;\">\n<tbody>\n<tr>\n<td style=\"width: 19.8374%;\">Material:<\/td>\n<td style=\"width: 80.1626%;\"><span style=\"color: rgb(45, 55, 72);\">PET\/AL\/PE,PET\/EVOH\/PE,MOPP\/AL\/PE\/<\/span>Papel Kraft\/PLA\/PBAT, etc.<\/td>\n<\/tr>\n<tr>\n<td style=\"width: 19.8374%;\">Tipo de tinta:<\/td>\n<td style=\"width: 80.1626%;\">Tinta de soja ecol\u00f3gica de calidad alimentaria<\/td>\n<\/tr>\n<tr>\n<td style=\"width: 19.8374%;\">Aplicaci\u00f3n:<\/td>\n<td style=\"width: 80.1626%;\">Alimentaci\u00f3n \/ Caf\u00e9 \/ Comida para mascotas \/ T\u00e9 \/ Aperitivos \/ Frutos secos \/ Prote\u00edna de suero \/ Caramelos \/ Semillas, etc.<\/td>\n<\/tr>\n<tr>\n<td style=\"width: 19.8374%;\">Opciones de estilo:<\/td>\n<td style=\"width: 80.1626%;\">Fondo plano, Stand UP, fuelle lateral, cremallera superior, con\/sin ventana, Euro Hole, etc.<\/td>\n<\/tr>\n<tr>\n<td style=\"width: 19.8374%;\">Control de calidad:<\/td>\n<td style=\"width: 80.1626%;\">El equipo avanzado y el equipo experimentado del control de calidad comprobar\u00e1n el material, los productos semielaborados y acabados terminantemente en cada paso antes de enviar.<\/td>\n<\/tr>\n<\/tbody>\n<\/table>\n<\/div>\n<\/div>\n<\/div>\n<div>\n<p style=\"text-align: center;\">\n<\/p><\/div>\t\t\t\t\t\t\t\t<\/div>\n\t\t\t\t<\/div>\n\t\t\t\t<div class=\"elementor-element elementor-element-95a5dc6 elementor-widget elementor-widget-image\" data-id=\"95a5dc6\" data-element_type=\"widget\" data-widget_type=\"image.default\">\n\t\t\t\t<div class=\"elementor-widget-container\">\n\t\t\t\t\t\t\t\t\t\t\t\t\t\t\t<img fetchpriority=\"high\" decoding=\"async\" width=\"800\" height=\"800\" src=\"https:\/\/www.cy-package.com\/wp-content\/uploads\/2025\/04\/IMG_9248.png\" class=\"attachment-large size-large wp-image-2103\" alt=\"food packaging bags\" srcset=\"https:\/\/www.cy-package.com\/wp-content\/uploads\/2025\/04\/IMG_9248.png 800w, https:\/\/www.cy-package.com\/wp-content\/uploads\/2025\/04\/IMG_9248-300x300.png 300w, https:\/\/www.cy-package.com\/wp-content\/uploads\/2025\/04\/IMG_9248-150x150.png 150w, https:\/\/www.cy-package.com\/wp-content\/uploads\/2025\/04\/IMG_9248-768x768.png 768w, https:\/\/www.cy-package.com\/wp-content\/uploads\/2025\/04\/IMG_9248-12x12.png 12w, https:\/\/www.cy-package.com\/wp-content\/uploads\/2025\/04\/IMG_9248-600x600.png 600w, https:\/\/www.cy-package.com\/wp-content\/uploads\/2025\/04\/IMG_9248-100x100.png 100w\" sizes=\"(max-width: 800px) 100vw, 800px\" \/>\t\t\t\t\t\t\t\t\t\t\t\t\t\t\t<\/div>\n\t\t\t\t<\/div>\n\t\t\t\t<div class=\"elementor-element elementor-element-bb9e08b elementor-widget elementor-widget-heading\" data-id=\"bb9e08b\" data-element_type=\"widget\" data-widget_type=\"heading.default\">\n\t\t\t\t<div class=\"elementor-widget-container\">\n\t\t\t\t\t<h2 class=\"elementor-heading-title elementor-size-default\"><br><br>Por qu\u00e9 CY PACK<\/h2>\t\t\t\t<\/div>\n\t\t\t\t<\/div>\n\t\t\t\t<div class=\"elementor-element elementor-element-e828104 elementor-widget-divider--view-line elementor-widget elementor-widget-divider\" data-id=\"e828104\" data-element_type=\"widget\" data-widget_type=\"divider.default\">\n\t\t\t\t<div class=\"elementor-widget-container\">\n\t\t\t\t\t\t\t<div class=\"elementor-divider\">\n\t\t\t<span class=\"elementor-divider-separator\">\n\t\t\t\t\t\t<\/span>\n\t\t<\/div>\n\t\t\t\t\t\t<\/div>\n\t\t\t\t<\/div>\n\t\t\t\t<div class=\"elementor-element elementor-element-8052312 elementor-widget elementor-widget-text-editor\" data-id=\"8052312\" data-element_type=\"widget\" data-widget_type=\"text-editor.default\">\n\t\t\t\t<div class=\"elementor-widget-container\">\n\t\t\t\t\t\t\t\t\t<p>CY PACK es un fabricante de confianza que puede ayudarle a personalizar envases flexibles impresos cremallera de pie pouches.CY PACK tienen estas ventajas:<\/p><p>\u2606 Materiales de alta calidad: CY PACK utiliza materiales ecol\u00f3gicos de alta calidad para garantizar que los productos sean seguros y duraderos.<\/p><p>Personalizaci\u00f3n profesional: Proporcionar servicios de dise\u00f1o personalizados para satisfacer sus necesidades \u00fanicas.<\/p><p>\u2606 Tecnolog\u00eda avanzada: CY PACK Utilice tecnolog\u00eda de impresi\u00f3n moderna para garantizar colores brillantes y patrones claros.<\/p><p>\u2606 Excelente servicio: El equipo profesional de CY PACK proporciona la ayuda vers\u00e1til para asegurar su experiencia satisfactoria.<\/p><p>\u2606 Fabricante en origen:Reduzca sus costes operativos desde el origen.<\/p><p>\u2606 Control de calidad: Problemas de calidad, compensaci\u00f3n o rehacer.<\/p>\t\t\t\t\t\t\t\t<\/div>\n\t\t\t\t<\/div>\n\t\t\t\t\t<\/div>\n\t\t<\/div>\n\t\t\t\t\t<\/div>\n\t\t<\/section>\n\t\t\t\t<\/div>","protected":false},"excerpt":{"rendered":"<p class=\"wui-p-v-4\"><span class=\"wui-text-color-accents wui-text-weight-bold\">Marca:<\/span> <span class=\"wui-text-color-primary\">PAQUETE CY<\/span><\/p>\n<p class=\"wui-p-v-4\"><span class=\"wui-text-color-accents wui-text-weight-bold\">Origen del producto:<\/span> <span class=\"wui-text-color-primary\">China<\/span><\/p>\n<p class=\"wui-p-v-4\"><span class=\"wui-text-color-accents wui-text-weight-bold\">Plazo de entrega:<\/span> <span class=\"wui-text-color-primary\">20 d\u00edas de plazo<\/span><\/p>\n<p class=\"wui-p-v-4\"><span class=\"wui-text-color-accents wui-text-weight-bold\">Capacidad de suministro:<\/span> <span class=\"wui-text-color-primary\">1200 toneladas \/mes<\/span><\/p>\n<p>1.CY PACK can cusotm any packging bag, including food packaging bag.<\/p>\n<p>2.At the same time, various bag types can also be customized, such as 3 side seal packaging bag, midle seal bag, qual side seal bag, stand up bag and flat bottom bags.<\/p>","protected":false},"featured_media":2103,"comment_status":"open","ping_status":"closed","template":"","meta":{"_seopress_robots_primary_cat":"none","_seopress_titles_title":"Custom Flat Pouch for Frozen Food Packaging Bags","_seopress_titles_desc":"Specially custom high barrier flat pouch packaging bags for frozen foods and pre-made products to keep your products fresh and protected at all times.","_seopress_robots_index":"","_monsterinsights_skip_tracking":false,"_monsterinsights_sitenote_active":false,"_monsterinsights_sitenote_note":"","_monsterinsights_sitenote_category":0,"_kad_post_transparent":"default","_kad_post_title":"","_kad_post_layout":"default","_kad_post_sidebar_id":"","_kad_post_content_style":"default","_kad_post_vertical_padding":"default","_kad_post_feature":"","_kad_post_feature_position":"","_kad_post_header":false,"_kad_post_footer":false},"product_brand":[],"product_cat":[47],"product_tag":[],"class_list":{"0":"post-1694","1":"product","2":"type-product","3":"status-publish","4":"has-post-thumbnail","6":"product_cat-flat-pouches","8":"first","9":"instock","10":"shipping-taxable","11":"product-type-simple","12":"entry","13":"content-bg","14":"loop-entry"},"_links":{"self":[{"href":"https:\/\/www.cy-package.com\/es\/wp-json\/wp\/v2\/product\/1694","targetHints":{"allow":["GET"]}}],"collection":[{"href":"https:\/\/www.cy-package.com\/es\/wp-json\/wp\/v2\/product"}],"about":[{"href":"https:\/\/www.cy-package.com\/es\/wp-json\/wp\/v2\/types\/product"}],"replies":[{"embeddable":true,"href":"https:\/\/www.cy-package.com\/es\/wp-json\/wp\/v2\/comments?post=1694"}],"version-history":[{"count":19,"href":"https:\/\/www.cy-package.com\/es\/wp-json\/wp\/v2\/product\/1694\/revisions"}],"predecessor-version":[{"id":2119,"href":"https:\/\/www.cy-package.com\/es\/wp-json\/wp\/v2\/product\/1694\/revisions\/2119"}],"wp:featuredmedia":[{"embeddable":true,"href":"https:\/\/www.cy-package.com\/es\/wp-json\/wp\/v2\/media\/2103"}],"wp:attachment":[{"href":"https:\/\/www.cy-package.com\/es\/wp-json\/wp\/v2\/media?parent=1694"}],"wp:term":[{"taxonomy":"product_brand","embeddable":true,"href":"https:\/\/www.cy-package.com\/es\/wp-json\/wp\/v2\/product_brand?post=1694"},{"taxonomy":"product_cat","embeddable":true,"href":"https:\/\/www.cy-package.com\/es\/wp-json\/wp\/v2\/product_cat?post=1694"},{"taxonomy":"product_tag","embeddable":true,"href":"https:\/\/www.cy-package.com\/es\/wp-json\/wp\/v2\/product_tag?post=1694"}],"curies":[{"name":"wp","href":"https:\/\/api.w.org\/{rel}","templated":true}]}}