{"id":298,"date":"2024-09-05T10:28:15","date_gmt":"2024-09-05T02:28:15","guid":{"rendered":"https:\/\/www.cy-package.com\/?post_type=product&#038;p=298"},"modified":"2024-09-14T20:27:55","modified_gmt":"2024-09-14T12:27:55","slug":"pelicula-de-tapa-autosellable-repelible-para-bandejas","status":"publish","type":"product","link":"https:\/\/www.cy-package.com\/es\/producto\/pelicula-de-tapa-autosellable-repelible-para-bandejas\/","title":{"rendered":"ComforLid Film en Rollo Film de Tapa Autoadhesivo Repelable para Bandejas"},"content":{"rendered":"<p style=\"text-align: left\"><span style=\"font-size: 18px\"><strong>Acerca de la pel\u00edcula en rollo<\/strong><\/span><\/p>\n<p style=\"text-align: left\">\n<p style=\"text-align: left\">El film en rollo es uno de nuestros productos m\u00e1s populares. El film en rollo es especialmente popular en la industria alimentaria y los clientes de otras industrias tambi\u00e9n lo utilizan con frecuencia para una amplia gama de aplicaciones. En definitiva, el film en rollo ofrece una gran flexibilidad y funciona bien en una variedad de aplicaciones. CYPACK tambi\u00e9n produce rollos de sellado en fr\u00edo y ComforLid, que son la opci\u00f3n de envasado perfecta para productos sensibles al calor. Y recomendamos encarecidamente el film de tapa autosellable repelible para bandejas. El material del film de tapa es un compuesto especial de PE con PET. La magia es que el pegamento adhesivo reutilizable act\u00faa mientras se sella con calor.<\/p>\n<p style=\"text-align: left\">\n<p style=\"text-align: left\">\n<div>\n<p><span style=\"font-size: 18px\"><strong>Par\u00e1metros del producto<\/strong><\/span><\/p>\n<\/div>\n<div>\n<p>&nbsp;<\/p>\n<div class=\"nei-table\">\n<table style=\"width: 799px\" width=\"1000\">\n<tbody>\n<tr class=\"firstRow\">\n<td style=\"border-color: #dddddd\" colspan=\"1\" rowspan=\"1\" width=\"162\" height=\"20\">\n<div style=\"text-align: left\">Material Grade:<\/div>\n<\/td>\n<td style=\"border-color: #dddddd\" colspan=\"1\" rowspan=\"1\" width=\"837\" height=\"20\">\n<div>Material de calidad alimentaria<\/div>\n<\/td>\n<\/tr>\n<tr>\n<td style=\"border-color: #dddddd\" colspan=\"1\" rowspan=\"1\" width=\"162\" height=\"20\">\n<div>Material:<\/div>\n<\/td>\n<td style=\"border-color: #dddddd\" colspan=\"1\" rowspan=\"1\" width=\"837\" height=\"20\">\n<div>PET\/VMPET\/PE\/BOPP\/Papel Kraft\/AL, etc.<\/div>\n<\/td>\n<\/tr>\n<tr>\n<td style=\"border-color: #dddddd\" colspan=\"1\" rowspan=\"1\" width=\"162\" height=\"20\">\n<div>Caracter\u00edstica :<\/div>\n<\/td>\n<td style=\"border-color: #dddddd\" colspan=\"1\" rowspan=\"1\" width=\"837\" height=\"20\">\n<div>\n<p>1) Material de calidad alimentaria seguro e impresi\u00f3n perfecta.<\/p>\n<div data-spm-anchor-id=\"a2700.pc-decorate.0.i62.50563333vYoKlh\">2) Productos f\u00e1ciles de empacar, excelente resistencia a la humedad.<\/div>\n<div data-spm-anchor-id=\"a2700.pc-decorate.0.i62.50563333vYoKlh\">3) Se puede volver a pelar y se sella autom\u00e1ticamente despu\u00e9s de abrir la pel\u00edcula de tapa de la bandeja.<\/div>\n<\/div>\n<\/td>\n<\/tr>\n<tr>\n<td style=\"border-color: #dddddd\" colspan=\"1\" rowspan=\"1\" width=\"162\" height=\"20\">\n<div>Tama\u00f1o y grosor:<\/div>\n<\/td>\n<td style=\"border-color: #dddddd\" colspan=\"1\" rowspan=\"1\" width=\"837\" height=\"20\">\n<div>Personalizado seg\u00fan sus necesidades<\/div>\n<\/td>\n<\/tr>\n<tr>\n<td style=\"border-color: #dddddd\" colspan=\"1\" rowspan=\"1\" width=\"162\" height=\"20\">\n<div>Tipo de tinta:<\/div>\n<\/td>\n<td style=\"border-color: #dddddd\" colspan=\"1\" rowspan=\"1\" width=\"837\" height=\"20\">\n<div>Tinta de soja ecol\u00f3gica de calidad alimentaria<\/div>\n<\/td>\n<\/tr>\n<tr>\n<td style=\"border-color: #dddddd\" colspan=\"1\" rowspan=\"1\" width=\"162\" height=\"20\">\n<div>Env\u00edo:<\/div>\n<\/td>\n<td style=\"border-color: #dddddd\" colspan=\"1\" rowspan=\"1\" width=\"837\" height=\"20\">Por mar, por aire, por ferrocarril, Fedex, DHL, UPS, TNT, etc.<\/td>\n<\/tr>\n<tr>\n<td style=\"border-color: #dddddd\" colspan=\"1\" rowspan=\"1\" width=\"162\" height=\"20\">\n<div>Aplicaci\u00f3n:<\/div>\n<\/td>\n<td style=\"border-color: #dddddd\" colspan=\"1\" rowspan=\"1\" width=\"837\" height=\"20\">\n<div>Comida \/ Caf\u00e9 \/ Comida para mascotas \/ T\u00e9 \/ Snack \/ Nueces \/ Prote\u00edna de suero \/ Semillas \/ Preparar comida, etc.<\/div>\n<\/td>\n<\/tr>\n<tr>\n<td style=\"border-color: #dddddd\" colspan=\"1\" rowspan=\"1\" width=\"162\" height=\"20\">\n<div>Opciones de color:<\/div>\n<\/td>\n<td style=\"border-color: #dddddd\" colspan=\"1\" rowspan=\"1\" width=\"837\" height=\"20\">Se pueden elegir hasta 11 colores.<\/td>\n<\/tr>\n<tr>\n<td style=\"border-color: #dddddd\" colspan=\"1\" rowspan=\"1\" width=\"162\" height=\"20\">\n<div>Control de calidad:<\/div>\n<\/td>\n<td style=\"border-color: #dddddd\" colspan=\"1\" rowspan=\"1\" width=\"837\" height=\"20\">\n<div data-spm-anchor-id=\"a2700.details.0.i14.1410417dX9YP5T\">El equipo avanzado y el equipo experimentado del control de calidad comprobar\u00e1n el material, los productos semielaborados y acabados terminantemente en cada paso antes de enviar.<\/div>\n<\/td>\n<\/tr>\n<\/tbody>\n<\/table>\n<\/div>\n<p>&nbsp;<\/p>\n<p>&nbsp;<\/p>\n<p style=\"text-align: left\"><span style=\"font-size: 20px\"><strong>Perfil de la empresa<\/strong><\/span><\/p>\n<p style=\"text-align: left\"><span style=\"font-size: 20px\"><strong>\u00a0<\/strong><\/span><\/p>\n<p><img decoding=\"async\" style=\"float: left;width: 1517px;height: 445px\" title=\"ComforLid Film en Rollo Film de Tapa Autoadhesivo Repelable para Bandejas\" src=\"https:\/\/www.cy-package.com\/2833\/2833-202205062151199013.jpg\" alt=\"ComforLid Film en Rollo Film de Tapa Autoadhesivo Repelable para Bandejas\" width=\"1517\" \/><\/p>\n<p>&nbsp;<\/p>\n<p>&nbsp;<\/p>\n<p>&nbsp;<\/p>\n<p>&nbsp;<\/p>\n<p>&nbsp;<\/p>\n<p>&nbsp;<\/p>\n<p>&nbsp;<\/p>\n<p>&nbsp;<\/p>\n<p>&nbsp;<\/p>\n<p>&nbsp;<\/p>\n<p>&nbsp;<\/p>\n<p>&nbsp;<\/p>\n<p>&nbsp;<\/p>\n<p>&nbsp;<\/p>\n<p>&nbsp;<\/p>\n<p>&nbsp;<\/p>\n<p>&nbsp;<\/p>\n<p>&nbsp;<\/p>\n<p><span style=\"font-size: 20px\"><strong>Ventajas de la pel\u00edcula en rollo para embalaje impreso CYPACK\u00a0<\/strong><\/span><\/p>\n<p>&nbsp;<\/p>\n<p>1. Nuestra pel\u00edcula laminada impresa en rollo ofrece una opci\u00f3n de embalaje econ\u00f3mica y sencilla para diversos productos. Compatible con la mayor\u00eda de las m\u00e1quinas de formado, llenado y sellado, estas opciones de pel\u00edcula en rollo son ideales para el embalaje autom\u00e1tico.<\/p>\n<p>&nbsp;<\/p>\n<p>2. La pel\u00edcula laminada impresa personalizada se puede utilizar para formar rollos y hacer bolsas selladas. El rollo de embalaje laminado impreso es ideal para aumentar la eficiencia del producto, mantener la frescura y extender la vida \u00fatil del producto, manteniendo al mismo tiempo la est\u00e9tica del embalaje. Es simple y asequible. Adem\u00e1s, el rollo de embalaje laminado impreso es ideal para envases resellables autosellantes.<\/p>\n<p>&nbsp;<\/p>\n<p>3. Dependiendo de sus necesidades de embalaje en rollo, podemos ofrecer una variedad de opciones de personalizaci\u00f3n, que incluyen el peso, el ancho y el di\u00e1metro del rollo de embalaje laminado impreso, as\u00ed como la construcci\u00f3n de pel\u00edcula deseada. Ofrecemos rollos de embalaje laminado impresos en varias combinaciones.<\/p>\n<p style=\"text-align: center\">\n<p style=\"text-align: center\">\n<p>&nbsp;<\/p>\n<p>&nbsp;<\/p>\n<\/div>","protected":false},"excerpt":{"rendered":"<p class=\"wui-p-v-4\"><span class=\"wui-text-color-accents wui-text-weight-bold\">Marca:<\/span> <span class=\"wui-text-color-primary\">PAQUETE CY<\/span><\/p>\n<p class=\"wui-p-v-4\"><span class=\"wui-text-color-accents wui-text-weight-bold\">Origen del producto:<\/span> <span class=\"wui-text-color-primary\">China<\/span><\/p>\n<p class=\"wui-p-v-4\"><span class=\"wui-text-color-accents wui-text-weight-bold\">Plazo de entrega:<\/span> <span class=\"wui-text-color-primary\">15 d\u00edas de plazo<\/span><\/p>\n<p class=\"wui-p-v-4\">El material en rollos ofrece muchas ventajas, entre ellas<br \/>\nBajos costes: Incluso los rollos de pel\u00edcula de envasado de alta calidad son asequibles.<br \/>\nR\u00e1pida velocidad: Podemos producir en masa rollos de pel\u00edcula r\u00e1pidamente, no se preocupe por el tiempo de entrega. Una variedad de pel\u00edculas de pl\u00e1stico est\u00e1n disponibles: ofrecemos auto sellado pel\u00edcula de tapa, pel\u00edcula de impresi\u00f3n, pel\u00edcula de embalaje, pel\u00edcula de fusi\u00f3n en caliente.pel\u00edcula sellada en fr\u00edo,<\/p>","protected":false},"featured_media":355,"comment_status":"open","ping_status":"closed","template":"","meta":{"_seopress_robots_primary_cat":"none","_seopress_titles_title":"","_seopress_titles_desc":"","_seopress_robots_index":"","_monsterinsights_skip_tracking":false,"_monsterinsights_sitenote_active":false,"_monsterinsights_sitenote_note":"","_monsterinsights_sitenote_category":0,"_kad_post_transparent":"default","_kad_post_title":"","_kad_post_layout":"default","_kad_post_sidebar_id":"","_kad_post_content_style":"default","_kad_post_vertical_padding":"default","_kad_post_feature":"","_kad_post_feature_position":"","_kad_post_header":false,"_kad_post_footer":false},"product_brand":[],"product_cat":[25],"product_tag":[],"class_list":{"0":"post-298","1":"product","2":"type-product","3":"status-publish","4":"has-post-thumbnail","6":"product_cat-laminating-packaging-film","8":"first","9":"instock","10":"shipping-taxable","11":"product-type-simple","12":"entry","13":"content-bg","14":"loop-entry"},"_links":{"self":[{"href":"https:\/\/www.cy-package.com\/es\/wp-json\/wp\/v2\/product\/298","targetHints":{"allow":["GET"]}}],"collection":[{"href":"https:\/\/www.cy-package.com\/es\/wp-json\/wp\/v2\/product"}],"about":[{"href":"https:\/\/www.cy-package.com\/es\/wp-json\/wp\/v2\/types\/product"}],"replies":[{"embeddable":true,"href":"https:\/\/www.cy-package.com\/es\/wp-json\/wp\/v2\/comments?post=298"}],"version-history":[{"count":1,"href":"https:\/\/www.cy-package.com\/es\/wp-json\/wp\/v2\/product\/298\/revisions"}],"predecessor-version":[{"id":770,"href":"https:\/\/www.cy-package.com\/es\/wp-json\/wp\/v2\/product\/298\/revisions\/770"}],"wp:featuredmedia":[{"embeddable":true,"href":"https:\/\/www.cy-package.com\/es\/wp-json\/wp\/v2\/media\/355"}],"wp:attachment":[{"href":"https:\/\/www.cy-package.com\/es\/wp-json\/wp\/v2\/media?parent=298"}],"wp:term":[{"taxonomy":"product_brand","embeddable":true,"href":"https:\/\/www.cy-package.com\/es\/wp-json\/wp\/v2\/product_brand?post=298"},{"taxonomy":"product_cat","embeddable":true,"href":"https:\/\/www.cy-package.com\/es\/wp-json\/wp\/v2\/product_cat?post=298"},{"taxonomy":"product_tag","embeddable":true,"href":"https:\/\/www.cy-package.com\/es\/wp-json\/wp\/v2\/product_tag?post=298"}],"curies":[{"name":"wp","href":"https:\/\/api.w.org\/{rel}","templated":true}]}}