{"id":299,"date":"2024-09-05T10:28:15","date_gmt":"2024-09-05T02:28:15","guid":{"rendered":"https:\/\/www.cy-package.com\/?post_type=product&#038;p=299"},"modified":"2024-09-14T20:27:56","modified_gmt":"2024-09-14T12:27:56","slug":"impresion-personalizada-sellado-en-frio-envasado-rollo-de-pelicula","status":"publish","type":"product","link":"https:\/\/www.cy-package.com\/es\/producto\/impresion-personalizada-sellado-en-frio-envasado-rollo-de-pelicula\/","title":{"rendered":"Film en rollo para envasado en fr\u00edo con impresi\u00f3n personalizada"},"content":{"rendered":"<p><\/p>\n<p><span><span>El envasado en fr\u00edo se emplea para productos tan variados como:&nbsp;<\/span><\/span><\/p>\n<p><span><span>Barritas de chocolate<\/span><br \/><span>Confiter\u00eda<\/span><br \/><span>Cookies<\/span><br \/><span>Helados<\/span><br \/><span>Pasteler\u00eda<\/span><br \/><span>Barritas de cereales, entre otros.&nbsp;<\/span><\/span><\/p>\n<p><span><span><br \/><\/span><\/span><\/p>\n<p><\/p>\n<p><span><span><strong>Darrell Lea<\/strong><\/span>&nbsp;es una empresa australiana que fabrica y distribuye chocolate, regaliz y otros productos de confiter\u00eda.<\/span><\/p>\n<p><span>Eligieron a los fabricantes de envases de sellado en fr\u00edo CYPACK para personalizar el envase perfecto para sus productos de confiter\u00eda.<\/span><\/p>\n<p><strong><span><span>Proceso de producci\u00f3n<\/span><\/span><\/strong><\/p>\n<p><span style=\"text-align: center\">Utilizamos la \u00faltima m\u00e1quina de compuesto de recubrimiento de punto fijo de alta velocidad para&nbsp;<\/span><span style=\"text-align: center\">realizar la composici\u00f3n del revestimiento adhesivo en fr\u00edo en las piezas de punto fijo.<\/span><\/p>\n<p><span><img decoding=\"async\" src=\"https:\/\/www.cy-package.com\/2833\/2833-202206131906373072.jpg\" title=\"Film en rollo para envasado en fr\u00edo con impresi\u00f3n personalizada\" alt=\"Film en rollo para envasado en fr\u00edo con impresi\u00f3n personalizada\" \/><\/span><\/p>\n<p><\/p>\n<p><span><span><strong>Elija los mejores materiales para sus envases<\/strong><\/span><\/span><\/p>\n<p>El chocolate y los caramelos en barra son extremadamente vulnerables a la luz solar y tambi\u00e9n necesitan protecci\u00f3n contra el ox\u00edgeno, especialmente si hay frutos secos en su interior, por lo que los materiales compuestos deben preservar la composici\u00f3n inicial de gases y el nivel de luz en el envase.<\/p>\n<p><strong>ESQUEMA 1&nbsp;<\/strong>: El \u00f3ptimo para el envasado de dulces de chocolate en grupo. Se trata de un laminado tricapa que proteger\u00e1 el producto de la luz solar y el ox\u00edgeno.<\/p>\n<ul class=\"list-paddingleft-2\">\n<li>\n<p>PET\/BOPP transparente o mate (buenas propiedades de barrera contra la condensaci\u00f3n de agua, gran transparencia)<\/p>\n<\/li>\n<li>\n<p>PP metalizado (buena barrera contra la condensaci\u00f3n de agua y la luz solar)<\/p>\n<\/li>\n<li>\n<p>PE transparente (capa de sellado y estructural, buena barrera contra el vapor de agua)<\/p>\n<\/li>\n<p><img decoding=\"async\" src=\"https:\/\/www.cy-package.com\/2833\/2833-202206131908128378.jpg\" title=\"Film en rollo para envasado en fr\u00edo con impresi\u00f3n personalizada\" alt=\"Film en rollo para envasado en fr\u00edo con impresi\u00f3n personalizada\" \/><\/p>\n<p><strong><br \/><\/strong><\/p>\n<p><strong>ESQUEMA 2&nbsp;<\/strong>es un laminado de dos capas. La elecci\u00f3n entre un compuesto transparente o no transparente depende de si el cliente desea una pieza transparente para exponer el producto.<\/p>\n<ul class=\"list-paddingleft-2\" style=\"list-style-type: square\">\n<li>\n<p>PET\/BOPP transparente o mate (buenas propiedades de barrera contra la condensaci\u00f3n de agua, gran transparencia)<\/p>\n<\/li>\n<li>\n<p>PE transparente o blanco (capa de sellado y estructural, buena barrera contra el vapor de agua, alta transparencia)<\/p>\n<\/li>\n<\/ul>\n<p><img decoding=\"async\" src=\"https:\/\/www.cy-package.com\/2833\/2833-202206141901568504.jpg\" title=\"Film en rollo para envasado en fr\u00edo con impresi\u00f3n personalizada\" alt=\"Film en rollo para envasado en fr\u00edo con impresi\u00f3n personalizada\" \/><\/p>\n<\/ul>\n<p><\/p>\n<div>\n<p><span style=\"font-size: 18px\"><strong>Par\u00e1metros del producto<\/strong><\/span><\/p>\n<\/div>\n<div>\n<div class=\"nei-table\">\n<table width=\"1000\">\n<tbody>\n<tr class=\"firstRow\">\n<td colspan=\"1\" rowspan=\"1\" height=\"20\" width=\"162\">\n<div style=\"text-align: left\"><span>Material Grade:<\/span><\/div>\n<\/td>\n<td colspan=\"1\" rowspan=\"1\" height=\"20\" width=\"837\">\n<div>Material de calidad alimentaria<\/div>\n<\/td>\n<\/tr>\n<tr>\n<td colspan=\"1\" rowspan=\"1\" height=\"20\" width=\"162\">\n<div><span>Material:<\/span><\/div>\n<\/td>\n<td colspan=\"1\" rowspan=\"1\" height=\"20\" width=\"837\">\n<div>PET+VMPET+PE, BOPP+papel kraft+VMPET+PE, etc.<\/div>\n<\/td>\n<\/tr>\n<tr>\n<td colspan=\"1\" rowspan=\"1\" height=\"20\" width=\"162\">\n<div><span>Caracter\u00edstica :<\/span><\/div>\n<\/td>\n<td colspan=\"1\" rowspan=\"1\" height=\"20\" width=\"837\">\n<div>1).Material de grado alimentario de seguridad e impresi\u00f3n perfecta<\/p>\n<div data-spm-anchor-id=\"a2700.pc-decorate.0.i62.50563333vYoKlh\">2).Great para evitar fugas, excelente Moiseture-Proof<\/div>\n<div data-spm-anchor-id=\"a2700.pc-decorate.0.i62.50563333vYoKlh\">3).Fondo de sellado fuerte y Ziplock duradero<\/div>\n<\/div>\n<\/td>\n<\/tr>\n<tr>\n<td colspan=\"1\" rowspan=\"1\" height=\"20\" width=\"162\">\n<div><span>Tama\u00f1o y grosor:<\/span><\/div>\n<\/td>\n<td colspan=\"1\" rowspan=\"1\" height=\"20\" width=\"837\">\n<div>Personalizado seg\u00fan sus necesidades<\/div>\n<\/td>\n<\/tr>\n<tr>\n<td colspan=\"1\" rowspan=\"1\" height=\"20\" width=\"162\">\n<div><span>Tipo de tinta:<\/span><\/div>\n<\/td>\n<td colspan=\"1\" rowspan=\"1\" height=\"20\" width=\"837\">\n<div>Tinta de soja ecol\u00f3gica de calidad alimentaria<\/div>\n<\/td>\n<\/tr>\n<tr>\n<td colspan=\"1\" rowspan=\"1\" height=\"20\" width=\"162\">\n<div><span>Capacidad:<\/span><\/div>\n<\/td>\n<td colspan=\"1\" rowspan=\"1\" height=\"20\" width=\"837\">\n<div>100g, 200g, 250g, 500g, 1000g\/1kg, 2kg, 5kg,8oz-100oz, Personalizado<\/div>\n<\/td>\n<\/tr>\n<tr>\n<td colspan=\"1\" rowspan=\"1\" height=\"20\" width=\"162\">\n<div><span>Aplicaci\u00f3n:<\/span><\/div>\n<\/td>\n<td colspan=\"1\" rowspan=\"1\" height=\"20\" width=\"837\">\n<div>Alimentaci\u00f3n \/ Caf\u00e9 \/ Comida para mascotas \/ T\u00e9 \/ Aperitivos \/ Frutos secos \/ Prote\u00edna de suero \/ Semillas, etc.<\/div>\n<\/td>\n<\/tr>\n<tr>\n<td colspan=\"1\" rowspan=\"1\" height=\"20\" width=\"162\">\n<div><span>Opciones de estilo:<\/span><\/div>\n<\/td>\n<td colspan=\"1\" rowspan=\"1\" height=\"20\" width=\"837\">\n<div>Fondo plano, Stand UP, fuelle lateral, cremallera superior, con\/sin ventana, Euro Hole, etc.<\/div>\n<\/td>\n<\/tr>\n<tr>\n<td colspan=\"1\" rowspan=\"1\" height=\"20\" width=\"162\">\n<div><span>Control de calidad:<\/span><\/div>\n<\/td>\n<td colspan=\"1\" rowspan=\"1\" height=\"20\" width=\"837\">\n<div data-spm-anchor-id=\"a2700.details.0.i14.1410417dX9YP5T\">El equipo avanzado y el equipo experimentado del control de calidad comprobar\u00e1n el material, los productos semielaborados y acabados terminantemente en cada paso antes de enviar.<\/div>\n<\/td>\n<\/tr>\n<\/tbody>\n<\/table>\n<\/div>\n<p><\/p>\n<p><span>Los rollos de pel\u00edcula para envasado de alimentos suelen estar fabricados con materiales pl\u00e1sticos aptos para uso alimentario, como polietileno (PE), polipropileno (PP), tereftalato de polietileno (PET) y, a veces, incluso laminados con papel de aluminio. Estos materiales se eligen por su capacidad de protecci\u00f3n, propiedades de barrera y cumplimiento de la normativa de seguridad alimentaria.<\/span><\/p>\n<p><span><br \/><\/span><\/p>\n<p><span>Los rollos de pel\u00edcula para envasado de alimentos se fabrican cumpliendo estrictamente las normas y reglamentos de seguridad alimentaria. Esto garantiza que los materiales de envasado no transfieran sustancias nocivas a los alimentos y mantengan la integridad del producto.<\/span><\/p>\n<p><span><br \/><\/span><\/p>\n<p><span>&nbsp;El film alimentario en bobina puede sellarse de varias formas, dependiendo del equipo de envasado y de los requisitos espec\u00edficos del producto alimentario. El termosellado, el sellado adhesivo y los cierres de cremallera se utilizan habitualmente para crear envases seguros y c\u00f3modos.<\/span><\/p>\n<p style=\"text-align: center\"><\/p>\n<p><\/p>\n<\/div><\/div>\n<\/p><\/div>","protected":false},"excerpt":{"rendered":"<p class=\"wui-p-v-4\">    <span class=\"wui-text-color-accents wui-text-weight-bold\">Marca:<\/span>    <span class=\"wui-text-color-primary\">PAQUETE CY<\/span><\/p>\n<p class=\"wui-p-v-4\">    <span class=\"wui-text-color-accents wui-text-weight-bold\">Origen del producto:<\/span>    <span class=\"wui-text-color-primary\">China<\/span><\/p>\n<p class=\"wui-p-v-4\">    <span class=\"wui-text-color-accents wui-text-weight-bold\">Plazo de entrega:<\/span>    <span class=\"wui-text-color-primary\">25 d\u00edas de plazo de entrega<\/span><\/p>\n<p class=\"wui-p-v-4\">1. El film en rollo para envasado de alimentos suele ofrecer excelentes propiedades de barrera, incluida la protecci\u00f3n contra el ox\u00edgeno, la humedad y la luz. Esto ayuda a prolongar la vida \u00fatil de los productos alimentarios, manteni\u00e9ndolos frescos durante m\u00e1s tiempo y reduciendo el desperdicio de alimentos.<br \/>2.Los rollos de pel\u00edcula para envasado garantizan la seguridad e higiene de los productos alimentarios al evitar la contaminaci\u00f3n por factores externos como el polvo, las bacterias y la manipulaci\u00f3n. Tambi\u00e9n cuentan con un sistema de precinto que garantiza a los consumidores la integridad del producto.<br \/>3.Las pel\u00edculas en rollo son muy eficientes en cuanto al uso de material. Pueden adaptarse al tama\u00f1o exacto de los productos alimentarios, lo que reduce los residuos de envases.<br \/>4. Estos rollos de pel\u00edcula de envasado pueden utilizarse con m\u00e1quinas de envasado automatizadas, lo que aumenta la eficacia de la producci\u00f3n y reduce los costes de mano de obra.<\/p>","protected":false},"featured_media":359,"comment_status":"open","ping_status":"closed","template":"","meta":{"_seopress_robots_primary_cat":"","_seopress_titles_title":"","_seopress_titles_desc":"","_seopress_robots_index":"","_monsterinsights_skip_tracking":false,"_monsterinsights_sitenote_active":false,"_monsterinsights_sitenote_note":"","_monsterinsights_sitenote_category":0,"_kad_post_transparent":"","_kad_post_title":"","_kad_post_layout":"","_kad_post_sidebar_id":"","_kad_post_content_style":"","_kad_post_vertical_padding":"","_kad_post_feature":"","_kad_post_feature_position":"","_kad_post_header":false,"_kad_post_footer":false},"product_brand":[],"product_cat":[25],"product_tag":[],"class_list":{"0":"post-299","1":"product","2":"type-product","3":"status-publish","4":"has-post-thumbnail","6":"product_cat-laminating-packaging-film","8":"first","9":"instock","10":"shipping-taxable","11":"product-type-simple","12":"entry","13":"content-bg","14":"loop-entry"},"_links":{"self":[{"href":"https:\/\/www.cy-package.com\/es\/wp-json\/wp\/v2\/product\/299","targetHints":{"allow":["GET"]}}],"collection":[{"href":"https:\/\/www.cy-package.com\/es\/wp-json\/wp\/v2\/product"}],"about":[{"href":"https:\/\/www.cy-package.com\/es\/wp-json\/wp\/v2\/types\/product"}],"replies":[{"embeddable":true,"href":"https:\/\/www.cy-package.com\/es\/wp-json\/wp\/v2\/comments?post=299"}],"version-history":[{"count":0,"href":"https:\/\/www.cy-package.com\/es\/wp-json\/wp\/v2\/product\/299\/revisions"}],"wp:featuredmedia":[{"embeddable":true,"href":"https:\/\/www.cy-package.com\/es\/wp-json\/wp\/v2\/media\/359"}],"wp:attachment":[{"href":"https:\/\/www.cy-package.com\/es\/wp-json\/wp\/v2\/media?parent=299"}],"wp:term":[{"taxonomy":"product_brand","embeddable":true,"href":"https:\/\/www.cy-package.com\/es\/wp-json\/wp\/v2\/product_brand?post=299"},{"taxonomy":"product_cat","embeddable":true,"href":"https:\/\/www.cy-package.com\/es\/wp-json\/wp\/v2\/product_cat?post=299"},{"taxonomy":"product_tag","embeddable":true,"href":"https:\/\/www.cy-package.com\/es\/wp-json\/wp\/v2\/product_tag?post=299"}],"curies":[{"name":"wp","href":"https:\/\/api.w.org\/{rel}","templated":true}]}}