{"id":300,"date":"2024-09-05T10:28:15","date_gmt":"2024-09-05T02:28:15","guid":{"rendered":"https:\/\/www.cy-package.com\/?post_type=product&#038;p=300"},"modified":"2024-09-14T20:27:57","modified_gmt":"2024-09-14T12:27:57","slug":"bolsa-con-pico-de-retorta","status":"publish","type":"product","link":"https:\/\/www.cy-package.com\/es\/producto\/bolsa-con-pico-de-retorta\/","title":{"rendered":"Bolsa con pico de retorta"},"content":{"rendered":"<p><span><\/span><\/p>\n<p>&nbsp; &nbsp; &nbsp; &nbsp; Las bolsas con boquilla son para todo lo que fluye libremente, ya sean l\u00edquidos, bebidas, cremas, geles, disolventes, polvos e incluso adhesivos. Con la misma estructura central que nuestras bolsas de pie, damos un paso m\u00e1s utilizando un pol\u00edmero m\u00e1s denso y de mayor calidad para garantizar que sean a prueba de perforaciones y fugas. Todas nuestras bolsas con boquilla resisten los materiales m\u00e1s corrosivos, tanto \u00e1cidos como alcalinos. En cuanto a accesorios, tambi\u00e9n disponemos de varias opciones diferentes&nbsp;<\/p>\n<p>&nbsp; &nbsp; &nbsp; &nbsp;&nbsp;<\/p>\n<p>&nbsp; &nbsp; &nbsp; &nbsp; Para las necesidades de bolsas con boquilla de mayor capacidad, podemos suministrar boquillas con un di\u00e1metro m\u00e1s ancho y a\u00f1adir asas de transporte y vertido para un soporte adicional. Son ideales para aplicaciones industriales y de automoci\u00f3n, como detergentes, aceites de motor y lavaparabrisas. Nuestras boquillas son compatibles con todas las l\u00edneas de llenado totalmente autom\u00e1ticas. Para los productos que se llenan a mano, tenemos la flexibilidad de colocar las boquillas en el centro de las bolsas si se utiliza un embudo o en el lateral de las bolsas si el cliente necesita una abertura mayor para facilitar el envasado.<\/p>\n<p>&nbsp; &nbsp; &nbsp;&nbsp;<\/p>\n<p>&nbsp; &nbsp; &nbsp; &nbsp; En cuanto a los beneficios medioambientales, nuestras bolsas con boquilla consumen casi 60% menos de pl\u00e1stico que las botellas de pl\u00e1stico tradicionales, requieren mucha menos energ\u00eda para su producci\u00f3n y generan menos residuos en el proceso. En lo que respecta al almacenamiento y la log\u00edstica, las bolsas con boquilla tienen capacidad para casi 99,5%, a diferencia de las botellas de pl\u00e1stico, que requieren un margen de llenado de 5-15%. Desde el punto de vista log\u00edstico, las bolsas con boquilla producen muchas menos emisiones de carbono durante el transporte gracias a su tama\u00f1o compacto, que permite transportar una mayor cantidad y requiere menos camiones.  Es ideal para agua, zumos, leche, vinagres, aderezos, pinturas, barnices, jab\u00f3n l\u00edquido, jabones corporales, mascarillas, exfoliantes, sales, cremas corporales y aceites .<\/p>\n<div>\n<p><span style=\"font-size: 18px\"><strong>Par\u00e1metros del producto<\/strong><\/span><\/p>\n<\/div>\n<div>\n<div class=\"nei-table\">\n<table width=\"1000\">\n<tbody>\n<tr class=\"firstRow\">\n<td colspan=\"1\" rowspan=\"1\" height=\"20\" width=\"162\">\n<div style=\"text-align: left\"><span>Material Grade:<\/span><\/div>\n<\/td>\n<td colspan=\"1\" rowspan=\"1\" height=\"20\" width=\"837\">\n<div>Material de calidad alimentaria<\/div>\n<\/td>\n<\/tr>\n<tr>\n<td colspan=\"1\" rowspan=\"1\" height=\"20\" width=\"162\">\n<div><span>Material:<\/span><\/div>\n<\/td>\n<td colspan=\"1\" rowspan=\"1\" height=\"20\" width=\"837\">\n<div>PET+VMPET+PE, BOPP+papel kraft+VMPET+PE, etc.<\/div>\n<\/td>\n<\/tr>\n<tr>\n<td colspan=\"1\" rowspan=\"1\" height=\"20\" width=\"162\">\n<div><span>Caracter\u00edstica :<\/span><\/div>\n<\/td>\n<td colspan=\"1\" rowspan=\"1\" height=\"20\" width=\"837\">\n<div>1).Material de grado alimentario de seguridad e impresi\u00f3n perfecta<\/p>\n<div data-spm-anchor-id=\"a2700.pc-decorate.0.i62.50563333vYoKlh\">2).Great para evitar fugas, excelente Moiseture-Proof<\/div>\n<div data-spm-anchor-id=\"a2700.pc-decorate.0.i62.50563333vYoKlh\">3).Fondo de sellado fuerte y Ziplock duradero<\/div>\n<\/div>\n<\/td>\n<\/tr>\n<tr>\n<td colspan=\"1\" rowspan=\"1\" height=\"20\" width=\"162\">\n<div><span>Tama\u00f1o y grosor:<\/span><\/div>\n<\/td>\n<td colspan=\"1\" rowspan=\"1\" height=\"20\" width=\"837\">\n<div>Personalizado seg\u00fan sus necesidades<\/div>\n<\/td>\n<\/tr>\n<tr>\n<td colspan=\"1\" rowspan=\"1\" height=\"20\" width=\"162\">\n<div><span>Tipo de tinta:<\/span><\/div>\n<\/td>\n<td colspan=\"1\" rowspan=\"1\" height=\"20\" width=\"837\">\n<div>Tinta de soja ecol\u00f3gica de calidad alimentaria<\/div>\n<\/td>\n<\/tr>\n<tr>\n<td colspan=\"1\" rowspan=\"1\" height=\"20\" width=\"162\">\n<div><span>Capacidad:<\/span><\/div>\n<\/td>\n<td colspan=\"1\" rowspan=\"1\" height=\"20\" width=\"837\">\n<div>100g, 200g, 250g, 500g, 1000g\/1kg, 2kg, 5kg,8oz-100oz, Personalizado<\/div>\n<\/td>\n<\/tr>\n<tr>\n<td colspan=\"1\" rowspan=\"1\" height=\"20\" width=\"162\">\n<div><span>Aplicaci\u00f3n:<\/span><\/div>\n<\/td>\n<td colspan=\"1\" rowspan=\"1\" height=\"20\" width=\"837\">\n<div>Alimentaci\u00f3n \/ Caf\u00e9 \/ Comida para mascotas \/ T\u00e9 \/ Aperitivos \/ Frutos secos \/ Prote\u00edna de suero \/ Semillas, etc.<\/div>\n<\/td>\n<\/tr>\n<tr>\n<td colspan=\"1\" rowspan=\"1\" height=\"20\" width=\"162\">\n<div><span>Opciones de estilo:<\/span><\/div>\n<\/td>\n<td colspan=\"1\" rowspan=\"1\" height=\"20\" width=\"837\">\n<div>Fondo plano, Stand UP, fuelle lateral, cremallera superior, con\/sin ventana, Euro Hole, etc.<\/div>\n<\/td>\n<\/tr>\n<tr>\n<td colspan=\"1\" rowspan=\"1\" height=\"20\" width=\"162\">\n<div><span>Control de calidad:<\/span><\/div>\n<\/td>\n<td colspan=\"1\" rowspan=\"1\" height=\"20\" width=\"837\">\n<div data-spm-anchor-id=\"a2700.details.0.i14.1410417dX9YP5T\">El equipo avanzado y el equipo experimentado del control de calidad comprobar\u00e1n el material, los productos semielaborados y acabados terminantemente en cada paso antes de enviar.<\/div>\n<\/td>\n<\/tr>\n<\/tbody>\n<\/table>\n<\/div>\n<p><\/p>\n<p><\/p>\n<\/div><\/div>\n<\/p><\/div>","protected":false},"excerpt":{"rendered":"<p class=\"wui-p-v-4\">    <span class=\"wui-text-color-accents wui-text-weight-bold\">Marca:<\/span>    <span class=\"wui-text-color-primary\">PAQUETE CY<\/span><\/p>\n<p class=\"wui-p-v-4\">    <span class=\"wui-text-color-accents wui-text-weight-bold\">Origen del producto:<\/span>    <span class=\"wui-text-color-primary\">China<\/span><\/p>\n<p class=\"wui-p-v-4\">    <span class=\"wui-text-color-accents wui-text-weight-bold\">Plazo de entrega:<\/span>    <span class=\"wui-text-color-primary\">25 d\u00edas de plazo de entrega<\/span><\/p>\n<p class=\"wui-p-v-4\">Nuestras bolsas de envasado de l\u00edquidos son duraderas y resistentes al desgarro, ya que se fabrican utilizando varias pel\u00edculas de pl\u00e1stico, como LLDPE, BOPP, PPE, MET, PVC y PE. Tambi\u00e9n laminamos nuestras bolsas con capas metalizadas o de papel de aluminio para alargar la vida \u00fatil de los productos.<br \/>P\u00f3ngase en contacto con nosotros hoy mismo y haremos todo lo posible para satisfacer sus necesidades de envasado de salsas en cuanto a formas, tama\u00f1os y dise\u00f1os, seg\u00fan sus especificaciones.<\/p>","protected":false},"featured_media":363,"comment_status":"open","ping_status":"closed","template":"","meta":{"_seopress_robots_primary_cat":"","_seopress_titles_title":"","_seopress_titles_desc":"","_seopress_robots_index":"","_monsterinsights_skip_tracking":false,"_monsterinsights_sitenote_active":false,"_monsterinsights_sitenote_note":"","_monsterinsights_sitenote_category":0,"_kad_post_transparent":"","_kad_post_title":"","_kad_post_layout":"","_kad_post_sidebar_id":"","_kad_post_content_style":"","_kad_post_vertical_padding":"","_kad_post_feature":"","_kad_post_feature_position":"","_kad_post_header":false,"_kad_post_footer":false},"product_brand":[],"product_cat":[26],"product_tag":[],"class_list":{"0":"post-300","1":"product","2":"type-product","3":"status-publish","4":"has-post-thumbnail","6":"product_cat-spout-pouches","8":"first","9":"instock","10":"shipping-taxable","11":"product-type-simple","12":"entry","13":"content-bg","14":"loop-entry"},"_links":{"self":[{"href":"https:\/\/www.cy-package.com\/es\/wp-json\/wp\/v2\/product\/300","targetHints":{"allow":["GET"]}}],"collection":[{"href":"https:\/\/www.cy-package.com\/es\/wp-json\/wp\/v2\/product"}],"about":[{"href":"https:\/\/www.cy-package.com\/es\/wp-json\/wp\/v2\/types\/product"}],"replies":[{"embeddable":true,"href":"https:\/\/www.cy-package.com\/es\/wp-json\/wp\/v2\/comments?post=300"}],"version-history":[{"count":0,"href":"https:\/\/www.cy-package.com\/es\/wp-json\/wp\/v2\/product\/300\/revisions"}],"wp:featuredmedia":[{"embeddable":true,"href":"https:\/\/www.cy-package.com\/es\/wp-json\/wp\/v2\/media\/363"}],"wp:attachment":[{"href":"https:\/\/www.cy-package.com\/es\/wp-json\/wp\/v2\/media?parent=300"}],"wp:term":[{"taxonomy":"product_brand","embeddable":true,"href":"https:\/\/www.cy-package.com\/es\/wp-json\/wp\/v2\/product_brand?post=300"},{"taxonomy":"product_cat","embeddable":true,"href":"https:\/\/www.cy-package.com\/es\/wp-json\/wp\/v2\/product_cat?post=300"},{"taxonomy":"product_tag","embeddable":true,"href":"https:\/\/www.cy-package.com\/es\/wp-json\/wp\/v2\/product_tag?post=300"}],"curies":[{"name":"wp","href":"https:\/\/api.w.org\/{rel}","templated":true}]}}